{"id":115972,"date":"2018-07-30T15:00:51","date_gmt":"2020-09-22T15:45:28","guid":{"rendered":"http:\/\/pelletterieded.com\/shopping-femme-classique\/"},"modified":"2025-07-27T16:04:03","modified_gmt":"2025-07-27T14:04:03","slug":"shopping-donna-classic-2","status":"publish","type":"product","link":"https:\/\/pelletterieded.com\/it\/shop\/donna\/borse-a-spalla-donna\/shopping-donna-classic-2\/","title":{"rendered":"Shopping Femme Classique"},"content":{"rendered":"<p>Enti\u00e8rement r\u00e9alis\u00e9e en Italie par d\u2019habiles maroquiniers qui utilisent du cuir bovin et des tanins v\u00e9g\u00e9taux pour \u00eatre ensuite tamponn\u00e9 manuellement<\/p>\n<p>La caract\u00e9ristique de ce cuir naturel offre douceur au touch\u00e9 et un style inimitable de la maroquinerie italienne.<\/p>\n<p>La vente de l\u2019objet est g\u00e9r\u00e9e directement par l\u2019entreprise qui le produit<\/p>\n<p><strong>EXT\u00c9RIEURS :<\/strong><\/p>\n<p>&#8211; cuir grain\u00e9 \u00e0 la v\u00e9g\u00e9tale et tamponn\u00e9 manuellement<\/p>\n<p>&#8211; fabrication semi-rigide<\/p>\n<p>&#8211; Fermeture zipp\u00e9e<\/p>\n<p>&#8211; poign\u00e9e en cuir<\/p>\n<p>-poche post\u00e9rieure avec fermeture \u00e9clair<\/p>\n<p>&#8211; Poche post\u00e9rieure ferm\u00e9e par un bouton aimant\u00e9<\/p>\n<p>&#8211; accessoires en m\u00e9tal<\/p>\n<p>&#8211; pieds en m\u00e9tal<\/p>\n<p><strong>INT\u00c9RIEURS :<\/strong><\/p>\n<p>&#8211; rev\u00eatement int\u00e9rieur en tissu<\/p>\n<p>&#8211; compartiment unique<\/p>\n<p>&#8211; trois poches multiusage<\/p>\n<p>&#8211; poche porte-plume<\/p>\n<p>&#8211; poche porte-cartes en cuir<\/p>\n<p>&#8211; une poche avec fermeture zipp\u00e9e avec revers en cuir<\/p>\n<p>&#8211; deux poches porte-documents ou porte iPad\/Tablet avec boutons \u00e0 pression<\/p>\n<p>&#8211; accessoires en m\u00e9tal<\/p>\n<p><strong>ACCESSOIRES :<\/strong><\/p>\n<p>\u2013 accessoires en laiton bross\u00e9 ( sur les variations couleur marron)<\/p>\n<p>\u2013 accessoires en palladium ( sur les variations couleurs rouge et noir)<\/p>\n<p><strong>DIMENSIONS :<\/strong><\/p>\n<p>Largeur: 44cm | Hauteur: 31cm | Profondeur: 12cm |<\/p>\n<p>Luminosit\u00e9 de la poign\u00e9e: 20cm<\/p>\n<p><strong>HOUSSE DE PROTECTION<\/strong> : pochette contre la poussi\u00e8re incluse<\/p>\n<p><strong>GARANTIE<\/strong>: 24 mois<\/p>\n<p><strong>CODE INTERNE<\/strong>: 1107.<\/p>\n","protected":false},"excerpt":{"rendered":"<p><strong>Largeur:<\/strong> 44cm | <strong>Hauteur:<\/strong> 31cm | <strong>Profondeur:<\/strong> 12cm |<\/p>\n","protected":false},"featured_media":0,"comment_status":"closed","ping_status":"closed","template":"","meta":[],"product_brand":[],"product_cat":[363,339],"product_tag":[],"class_list":{"0":"post-115972","1":"product","2":"type-product","3":"status-publish","5":"product_cat-borse-a-spalla-donna","6":"product_cat-donna","8":"first","9":"instock","10":"shipping-taxable","11":"purchasable","12":"product-type-variable","13":"has-default-attributes","14":"wvs-archive-product-wrapper"},"yoast_head":"<!-- This site is optimized with the Yoast SEO plugin v27.4 - https:\/\/yoast.com\/product\/yoast-seo-wordpress\/ -->\n<title>Shopping Femme Classique - Pelletterie D&amp;D<\/title>\n<meta name=\"robots\" content=\"index, follow, max-snippet:-1, max-image-preview:large, max-video-preview:-1\" \/>\n<link rel=\"canonical\" href=\"https:\/\/pelletterieded.com\/it\/shop\/donna\/borse-a-spalla-donna\/shopping-donna-classic-2\/\" \/>\n<meta property=\"og:locale\" content=\"it_IT\" \/>\n<meta property=\"og:type\" content=\"article\" \/>\n<meta property=\"og:title\" content=\"Shopping Femme Classique - Pelletterie D&amp;D\" \/>\n<meta property=\"og:description\" content=\"Largeur: 44cm | Hauteur: 31cm | Profondeur: 12cm |\" \/>\n<meta property=\"og:url\" content=\"https:\/\/pelletterieded.com\/it\/shop\/donna\/borse-a-spalla-donna\/shopping-donna-classic-2\/\" \/>\n<meta property=\"og:site_name\" content=\"Pelletterie D&amp;D\" \/>\n<meta property=\"article:publisher\" content=\"https:\/\/www.facebook.com\/dedpelletterie\" \/>\n<meta property=\"article:modified_time\" content=\"2025-07-27T14:04:03+00:00\" \/>\n<meta name=\"twitter:card\" content=\"summary_large_image\" \/>\n<meta name=\"twitter:label1\" content=\"Tempo di lettura stimato\" \/>\n\t<meta name=\"twitter:data1\" content=\"1 minuto\" \/>\n<script type=\"application\/ld+json\" class=\"yoast-schema-graph\">{\"@context\":\"https:\\\/\\\/schema.org\",\"@graph\":[{\"@type\":\"WebPage\",\"@id\":\"https:\\\/\\\/pelletterieded.com\\\/it\\\/shop\\\/donna\\\/borse-a-spalla-donna\\\/shopping-donna-classic-2\\\/\",\"url\":\"https:\\\/\\\/pelletterieded.com\\\/it\\\/shop\\\/donna\\\/borse-a-spalla-donna\\\/shopping-donna-classic-2\\\/\",\"name\":\"Shopping Femme Classique - Pelletterie D&amp;D\",\"isPartOf\":{\"@id\":\"https:\\\/\\\/pelletterieded.com\\\/it\\\/#website\"},\"datePublished\":\"2020-09-22T15:45:28+00:00\",\"dateModified\":\"2025-07-27T14:04:03+00:00\",\"breadcrumb\":{\"@id\":\"https:\\\/\\\/pelletterieded.com\\\/it\\\/shop\\\/donna\\\/borse-a-spalla-donna\\\/shopping-donna-classic-2\\\/#breadcrumb\"},\"inLanguage\":\"it-IT\",\"potentialAction\":[{\"@type\":\"ReadAction\",\"target\":[\"https:\\\/\\\/pelletterieded.com\\\/it\\\/shop\\\/donna\\\/borse-a-spalla-donna\\\/shopping-donna-classic-2\\\/\"]}]},{\"@type\":\"BreadcrumbList\",\"@id\":\"https:\\\/\\\/pelletterieded.com\\\/it\\\/shop\\\/donna\\\/borse-a-spalla-donna\\\/shopping-donna-classic-2\\\/#breadcrumb\",\"itemListElement\":[{\"@type\":\"ListItem\",\"position\":1,\"name\":\"Pelletterie D&amp;D\",\"item\":\"https:\\\/\\\/pelletterieded.com\\\/it\\\/\"},{\"@type\":\"ListItem\",\"position\":2,\"name\":\"shop\",\"item\":\"https:\\\/\\\/pelletterieded.com\\\/it\\\/shop\\\/\"},{\"@type\":\"ListItem\",\"position\":3,\"name\":\"Donna\",\"item\":\"https:\\\/\\\/pelletterieded.com\\\/it\\\/categoria-prodotto\\\/donna\\\/\"},{\"@type\":\"ListItem\",\"position\":4,\"name\":\"Borse a spalla\",\"item\":\"https:\\\/\\\/pelletterieded.com\\\/it\\\/categoria-prodotto\\\/donna\\\/borse-a-spalla-donna\\\/\"},{\"@type\":\"ListItem\",\"position\":5,\"name\":\"Shopping Femme Classique\"}]},{\"@type\":\"WebSite\",\"@id\":\"https:\\\/\\\/pelletterieded.com\\\/it\\\/#website\",\"url\":\"https:\\\/\\\/pelletterieded.com\\\/it\\\/\",\"name\":\"Pelletterie D&D\",\"description\":\"Outlet online di moda N\u00ba1 in Italia\",\"publisher\":{\"@id\":\"https:\\\/\\\/pelletterieded.com\\\/it\\\/#organization\"},\"potentialAction\":[{\"@type\":\"SearchAction\",\"target\":{\"@type\":\"EntryPoint\",\"urlTemplate\":\"https:\\\/\\\/pelletterieded.com\\\/it\\\/?s={search_term_string}\"},\"query-input\":{\"@type\":\"PropertyValueSpecification\",\"valueRequired\":true,\"valueName\":\"search_term_string\"}}],\"inLanguage\":\"it-IT\"},{\"@type\":\"Organization\",\"@id\":\"https:\\\/\\\/pelletterieded.com\\\/it\\\/#organization\",\"name\":\"Pelletterie D&D\",\"url\":\"https:\\\/\\\/pelletterieded.com\\\/it\\\/\",\"logo\":{\"@type\":\"ImageObject\",\"inLanguage\":\"it-IT\",\"@id\":\"https:\\\/\\\/pelletterieded.com\\\/it\\\/#\\\/schema\\\/logo\\\/image\\\/\",\"url\":\"https:\\\/\\\/pelletterieded.com\\\/wp-content\\\/uploads\\\/2019\\\/07\\\/logo-pelletterie-ded-mail.webp\",\"contentUrl\":\"https:\\\/\\\/pelletterieded.com\\\/wp-content\\\/uploads\\\/2019\\\/07\\\/logo-pelletterie-ded-mail.webp\",\"width\":185,\"height\":200,\"caption\":\"Pelletterie D&D\"},\"image\":{\"@id\":\"https:\\\/\\\/pelletterieded.com\\\/it\\\/#\\\/schema\\\/logo\\\/image\\\/\"},\"sameAs\":[\"https:\\\/\\\/www.facebook.com\\\/dedpelletterie\",\"https:\\\/\\\/www.instagram.com\\\/pelletterieded\\\/\"]}]}<\/script>\n<!-- \/ Yoast SEO plugin. -->","yoast_head_json":{"title":"Shopping Femme Classique - Pelletterie D&amp;D","robots":{"index":"index","follow":"follow","max-snippet":"max-snippet:-1","max-image-preview":"max-image-preview:large","max-video-preview":"max-video-preview:-1"},"canonical":"https:\/\/pelletterieded.com\/it\/shop\/donna\/borse-a-spalla-donna\/shopping-donna-classic-2\/","og_locale":"it_IT","og_type":"article","og_title":"Shopping Femme Classique - Pelletterie D&amp;D","og_description":"Largeur: 44cm | Hauteur: 31cm | Profondeur: 12cm |","og_url":"https:\/\/pelletterieded.com\/it\/shop\/donna\/borse-a-spalla-donna\/shopping-donna-classic-2\/","og_site_name":"Pelletterie D&amp;D","article_publisher":"https:\/\/www.facebook.com\/dedpelletterie","article_modified_time":"2025-07-27T14:04:03+00:00","twitter_card":"summary_large_image","twitter_misc":{"Tempo di lettura stimato":"1 minuto"},"schema":{"@context":"https:\/\/schema.org","@graph":[{"@type":"WebPage","@id":"https:\/\/pelletterieded.com\/it\/shop\/donna\/borse-a-spalla-donna\/shopping-donna-classic-2\/","url":"https:\/\/pelletterieded.com\/it\/shop\/donna\/borse-a-spalla-donna\/shopping-donna-classic-2\/","name":"Shopping Femme Classique - Pelletterie D&amp;D","isPartOf":{"@id":"https:\/\/pelletterieded.com\/it\/#website"},"datePublished":"2020-09-22T15:45:28+00:00","dateModified":"2025-07-27T14:04:03+00:00","breadcrumb":{"@id":"https:\/\/pelletterieded.com\/it\/shop\/donna\/borse-a-spalla-donna\/shopping-donna-classic-2\/#breadcrumb"},"inLanguage":"it-IT","potentialAction":[{"@type":"ReadAction","target":["https:\/\/pelletterieded.com\/it\/shop\/donna\/borse-a-spalla-donna\/shopping-donna-classic-2\/"]}]},{"@type":"BreadcrumbList","@id":"https:\/\/pelletterieded.com\/it\/shop\/donna\/borse-a-spalla-donna\/shopping-donna-classic-2\/#breadcrumb","itemListElement":[{"@type":"ListItem","position":1,"name":"Pelletterie D&amp;D","item":"https:\/\/pelletterieded.com\/it\/"},{"@type":"ListItem","position":2,"name":"shop","item":"https:\/\/pelletterieded.com\/it\/shop\/"},{"@type":"ListItem","position":3,"name":"Donna","item":"https:\/\/pelletterieded.com\/it\/categoria-prodotto\/donna\/"},{"@type":"ListItem","position":4,"name":"Borse a spalla","item":"https:\/\/pelletterieded.com\/it\/categoria-prodotto\/donna\/borse-a-spalla-donna\/"},{"@type":"ListItem","position":5,"name":"Shopping Femme Classique"}]},{"@type":"WebSite","@id":"https:\/\/pelletterieded.com\/it\/#website","url":"https:\/\/pelletterieded.com\/it\/","name":"Pelletterie D&D","description":"Outlet online di moda N\u00ba1 in Italia","publisher":{"@id":"https:\/\/pelletterieded.com\/it\/#organization"},"potentialAction":[{"@type":"SearchAction","target":{"@type":"EntryPoint","urlTemplate":"https:\/\/pelletterieded.com\/it\/?s={search_term_string}"},"query-input":{"@type":"PropertyValueSpecification","valueRequired":true,"valueName":"search_term_string"}}],"inLanguage":"it-IT"},{"@type":"Organization","@id":"https:\/\/pelletterieded.com\/it\/#organization","name":"Pelletterie D&D","url":"https:\/\/pelletterieded.com\/it\/","logo":{"@type":"ImageObject","inLanguage":"it-IT","@id":"https:\/\/pelletterieded.com\/it\/#\/schema\/logo\/image\/","url":"https:\/\/pelletterieded.com\/wp-content\/uploads\/2019\/07\/logo-pelletterie-ded-mail.webp","contentUrl":"https:\/\/pelletterieded.com\/wp-content\/uploads\/2019\/07\/logo-pelletterie-ded-mail.webp","width":185,"height":200,"caption":"Pelletterie D&D"},"image":{"@id":"https:\/\/pelletterieded.com\/it\/#\/schema\/logo\/image\/"},"sameAs":["https:\/\/www.facebook.com\/dedpelletterie","https:\/\/www.instagram.com\/pelletterieded\/"]}]}},"_links":{"self":[{"href":"https:\/\/pelletterieded.com\/it\/wp-json\/wp\/v2\/product\/115972","targetHints":{"allow":["GET"]}}],"collection":[{"href":"https:\/\/pelletterieded.com\/it\/wp-json\/wp\/v2\/product"}],"about":[{"href":"https:\/\/pelletterieded.com\/it\/wp-json\/wp\/v2\/types\/product"}],"replies":[{"embeddable":true,"href":"https:\/\/pelletterieded.com\/it\/wp-json\/wp\/v2\/comments?post=115972"}],"wp:attachment":[{"href":"https:\/\/pelletterieded.com\/it\/wp-json\/wp\/v2\/media?parent=115972"}],"wp:term":[{"taxonomy":"product_brand","embeddable":true,"href":"https:\/\/pelletterieded.com\/it\/wp-json\/wp\/v2\/product_brand?post=115972"},{"taxonomy":"product_cat","embeddable":true,"href":"https:\/\/pelletterieded.com\/it\/wp-json\/wp\/v2\/product_cat?post=115972"},{"taxonomy":"product_tag","embeddable":true,"href":"https:\/\/pelletterieded.com\/it\/wp-json\/wp\/v2\/product_tag?post=115972"}],"curies":[{"name":"wp","href":"https:\/\/api.w.org\/{rel}","templated":true}]}}