{"id":115145,"date":"2019-11-20T10:31:40","date_gmt":"2020-09-21T15:59:54","guid":{"rendered":"http:\/\/pelletterieded.com\/postino-relax\/"},"modified":"2025-07-27T16:00:57","modified_gmt":"2025-07-27T14:00:57","slug":"postino-relax-2","status":"publish","type":"product","link":"https:\/\/pelletterieded.com\/it\/shop\/uomo\/borse-a-tracolla-uomo\/postino-relax-2\/","title":{"rendered":"Postino Relax"},"content":{"rendered":"<p style=\"background: white;margin: 0cm 0cm 15.6pt 0cm\"><span style=\"font-family: 'Arial',sans-serif;color: #4f4f4f\">Enti\u00e8rement r\u00e9alis\u00e9e en Italie par d\u2019habiles maroquiniers qui utilisent du cuir bovin et des tanins v\u00e9g\u00e9taux pour \u00eatre ensuite tamponn\u00e9 manuellement<\/span><\/p>\n<p style=\"background: white;margin: 0cm 0cm 15.6pt 0cm\"><span style=\"font-family: 'Arial',sans-serif;color: #4f4f4f\">La caract\u00e9ristique de ce cuir naturel offre douceur au touch\u00e9 et un style inimitable de la maroquinerie italienne.<\/span><\/p>\n<p style=\"background: white;margin: 0cm 0cm 15.6pt 0cm\"><span style=\"font-family: 'Arial',sans-serif;color: #4f4f4f\">La vente de l\u2019objet est g\u00e9r\u00e9e directement par l\u2019entreprise qui le produit<\/span><\/p>\n<p style=\"background: white;margin: 0cm 0cm 15.6pt 0cm\"><strong><span style=\"font-family: 'Arial',sans-serif;color: #4f4f4f\">EXT\u00c9RIEURS :<\/span><\/strong><\/p>\n<p style=\"background: white;margin: 0cm 0cm 15.6pt 0cm\"><span style=\"font-family: 'Arial',sans-serif;color: #4f4f4f\">&#8211; cuir grain\u00e9 \u00e0 la v\u00e9g\u00e9tale et tamponn\u00e9 manuellement<\/span><\/p>\n<p style=\"background: white;margin: 0cm 0cm 15.6pt 0cm\"><span style=\"font-family: 'Arial',sans-serif;color: #4f4f4f\">\u2013 Fabrication semi-souple<\/span><\/p>\n<p style=\"background: white;margin: 0cm 0cm 15.6pt 0cm\"><span style=\"font-family: 'Arial',sans-serif;color: #4f4f4f\">\u2013 Fermeture zipp\u00e9e<\/span><\/p>\n<p style=\"background: white;margin: 0cm 0cm 15.6pt 0cm\"><span style=\"font-family: 'Arial',sans-serif;color: #4f4f4f\">\u2013 poche ant\u00e9rieure avec fermeture zipp\u00e9e<\/span><\/p>\n<p style=\"background: white;margin: 0cm 0cm 15.6pt 0cm\"><span style=\"font-family: 'Arial',sans-serif;color: #4f4f4f\">\u2013 poche post\u00e9rieure avec fermeture \u00e9clair<\/span><\/p>\n<p style=\"background: white;margin: 0cm 0cm 15.6pt 0cm\"><span style=\"font-family: 'Arial',sans-serif;color: #4f4f4f\">\u2013 Bandouli\u00e8re r\u00e9glable <\/span><\/p>\n<p style=\"background: white;margin: 0cm 0cm 15.6pt 0cm\"><span style=\"font-family: 'Arial',sans-serif;color: #4f4f4f\">\u2013 accessoires en m\u00e9tal<\/span><\/p>\n<p style=\"background: white;margin: 0cm 0cm 15.6pt 0cm\"><strong><span style=\"font-family: 'Arial',sans-serif;color: #4f4f4f\">INT\u00c9RIEURS :<\/span><\/strong><\/p>\n<p style=\"background: white;margin: 0cm 0cm 15.6pt 0cm\"><span style=\"font-family: 'Arial',sans-serif;color: #4f4f4f\">\u2013 rev\u00eatement int\u00e9rieur en tissu<\/span><\/p>\n<p style=\"background: white;margin: 0cm 0cm 15.6pt 0cm\"><span style=\"font-family: 'Arial',sans-serif;color: #4f4f4f\">\u2013 poche avec fermeture zipp\u00e9e et revers en cuir<\/span><\/p>\n<p style=\"background: white;margin: 0cm 0cm 15.6pt 0cm\"><span style=\"font-family: 'Arial',sans-serif;color: #4f4f4f\">\u2013 poche ouverte multiusage<\/span><\/p>\n<p style=\"background: white;margin: 0cm 0cm 15.6pt 0cm\"><span style=\"font-family: 'Arial',sans-serif;color: #4f4f4f\">\u2013 accessoires en m\u00e9tal<\/span><\/p>\n<p style=\"background: white;margin: 0cm 0cm 15.6pt 0cm\"><strong><span style=\"font-family: 'Arial',sans-serif;color: #4f4f4f\">ACCESSOIRES :<\/span><\/strong><\/p>\n<p style=\"background: white;margin: 0cm 0cm 15.6pt 0cm\"><span style=\"font-family: 'Arial',sans-serif;color: #4f4f4f\">\u2013 accessoires en laiton bross\u00e9 ( sur les variations couleur marron)<\/span><\/p>\n<p style=\"background: white;margin: 0cm 0cm 15.6pt 0cm\"><span style=\"font-family: 'Arial',sans-serif;color: #4f4f4f\">\u2013 accessoires en palladium ( sur les variations couleurs rouge et noir)<\/span><\/p>\n<p style=\"background: white;margin: 0cm 0cm 15.6pt 0cm\"><strong><span style=\"font-family: 'Arial',sans-serif;color: #4f4f4f\">DIMENSIONS :<\/span><\/strong><\/p>\n<p style=\"background: white;margin: 0cm 0cm 15.6pt 0cm\"><span style=\"font-family: 'Arial',sans-serif;color: #4f4f4f\">Largeur: 23cm | Hauteur: 27cm | Profondeur: 8,5cm |<\/span><\/p>\n<p style=\"background: white;margin: 0cm 0cm 15.6pt 0cm\"><strong><span style=\"font-family: 'Arial',sans-serif;color: #4f4f4f\">HOUSSE DE PROTECTION<\/span><\/strong> : <span style=\"font-family: 'Arial',sans-serif;color: #4f4f4f\">pochette contre la poussi\u00e8re incluse<\/span><\/p>\n<p style=\"background: white;margin: 0cm 0cm 15.6pt 0cm\"><strong><span style=\"font-family: 'Arial',sans-serif;color: #4f4f4f\">GARANTIE<\/span><\/strong><span style=\"font-family: 'Arial',sans-serif;color: #4f4f4f\">: 24 mois.<\/span><\/p>\n<p><b>C<\/b><b style=\"font-size: 14.4px\">ODE INTERNE<\/b><b style=\"font-size: 14.4px\">: <\/b>0705.<\/p>\n","protected":false},"excerpt":{"rendered":"<p><span style=\"font-family: 'Arial',sans-serif;color: #4f4f4f\"><strong>Largeur:<\/strong> 23cm |<strong> Hauteur<\/strong>: 27cm | <strong>Profondeur<\/strong>: 8,5cm |<\/span><\/p>\n","protected":false},"featured_media":106680,"comment_status":"closed","ping_status":"closed","template":"","meta":[],"product_brand":[],"product_cat":[354,336],"product_tag":[],"class_list":{"0":"post-115145","1":"product","2":"type-product","3":"status-publish","4":"has-post-thumbnail","6":"product_cat-borse-a-tracolla-uomo","7":"product_cat-uomo","9":"first","10":"instock","11":"shipping-taxable","12":"purchasable","13":"product-type-variable","14":"has-default-attributes","15":"wvs-archive-product-wrapper"},"yoast_head":"<!-- This site is optimized with the Yoast SEO plugin v27.4 - https:\/\/yoast.com\/product\/yoast-seo-wordpress\/ -->\n<title>Postino Relax - Pelletterie D&amp;D<\/title>\n<meta name=\"robots\" content=\"index, follow, max-snippet:-1, max-image-preview:large, max-video-preview:-1\" \/>\n<link rel=\"canonical\" href=\"https:\/\/pelletterieded.com\/it\/shop\/uomo\/borse-a-tracolla-uomo\/postino-relax-2\/\" \/>\n<meta property=\"og:locale\" content=\"it_IT\" \/>\n<meta property=\"og:type\" content=\"article\" \/>\n<meta property=\"og:title\" content=\"Postino Relax - Pelletterie D&amp;D\" \/>\n<meta property=\"og:description\" content=\"Largeur: 23cm | Hauteur: 27cm | Profondeur: 8,5cm |\" \/>\n<meta property=\"og:url\" content=\"https:\/\/pelletterieded.com\/it\/shop\/uomo\/borse-a-tracolla-uomo\/postino-relax-2\/\" \/>\n<meta property=\"og:site_name\" content=\"Pelletterie D&amp;D\" \/>\n<meta property=\"article:publisher\" content=\"https:\/\/www.facebook.com\/dedpelletterie\" \/>\n<meta property=\"article:modified_time\" content=\"2025-07-27T14:00:57+00:00\" \/>\n<meta property=\"og:image\" content=\"https:\/\/pelletterieded.com\/wp-content\/uploads\/2019\/11\/Postino-Relax-marrone-jpg.webp\" \/>\n\t<meta property=\"og:image:width\" content=\"1000\" \/>\n\t<meta property=\"og:image:height\" content=\"1200\" \/>\n\t<meta property=\"og:image:type\" content=\"image\/jpeg\" \/>\n<meta name=\"twitter:card\" content=\"summary_large_image\" \/>\n<meta name=\"twitter:label1\" content=\"Tempo di lettura stimato\" \/>\n\t<meta name=\"twitter:data1\" content=\"1 minuto\" \/>\n<script type=\"application\/ld+json\" class=\"yoast-schema-graph\">{\"@context\":\"https:\\\/\\\/schema.org\",\"@graph\":[{\"@type\":\"WebPage\",\"@id\":\"https:\\\/\\\/pelletterieded.com\\\/it\\\/shop\\\/uomo\\\/borse-a-tracolla-uomo\\\/postino-relax-2\\\/\",\"url\":\"https:\\\/\\\/pelletterieded.com\\\/it\\\/shop\\\/uomo\\\/borse-a-tracolla-uomo\\\/postino-relax-2\\\/\",\"name\":\"Postino Relax - Pelletterie D&amp;D\",\"isPartOf\":{\"@id\":\"https:\\\/\\\/pelletterieded.com\\\/it\\\/#website\"},\"primaryImageOfPage\":{\"@id\":\"https:\\\/\\\/pelletterieded.com\\\/it\\\/shop\\\/uomo\\\/borse-a-tracolla-uomo\\\/postino-relax-2\\\/#primaryimage\"},\"image\":{\"@id\":\"https:\\\/\\\/pelletterieded.com\\\/it\\\/shop\\\/uomo\\\/borse-a-tracolla-uomo\\\/postino-relax-2\\\/#primaryimage\"},\"thumbnailUrl\":\"https:\\\/\\\/pelletterieded.com\\\/wp-content\\\/uploads\\\/2019\\\/11\\\/Postino-Relax-marrone-jpg.webp\",\"datePublished\":\"2020-09-21T15:59:54+00:00\",\"dateModified\":\"2025-07-27T14:00:57+00:00\",\"breadcrumb\":{\"@id\":\"https:\\\/\\\/pelletterieded.com\\\/it\\\/shop\\\/uomo\\\/borse-a-tracolla-uomo\\\/postino-relax-2\\\/#breadcrumb\"},\"inLanguage\":\"it-IT\",\"potentialAction\":[{\"@type\":\"ReadAction\",\"target\":[\"https:\\\/\\\/pelletterieded.com\\\/it\\\/shop\\\/uomo\\\/borse-a-tracolla-uomo\\\/postino-relax-2\\\/\"]}]},{\"@type\":\"ImageObject\",\"inLanguage\":\"it-IT\",\"@id\":\"https:\\\/\\\/pelletterieded.com\\\/it\\\/shop\\\/uomo\\\/borse-a-tracolla-uomo\\\/postino-relax-2\\\/#primaryimage\",\"url\":\"https:\\\/\\\/pelletterieded.com\\\/wp-content\\\/uploads\\\/2019\\\/11\\\/Postino-Relax-marrone-jpg.webp\",\"contentUrl\":\"https:\\\/\\\/pelletterieded.com\\\/wp-content\\\/uploads\\\/2019\\\/11\\\/Postino-Relax-marrone-jpg.webp\",\"width\":1000,\"height\":1200},{\"@type\":\"BreadcrumbList\",\"@id\":\"https:\\\/\\\/pelletterieded.com\\\/it\\\/shop\\\/uomo\\\/borse-a-tracolla-uomo\\\/postino-relax-2\\\/#breadcrumb\",\"itemListElement\":[{\"@type\":\"ListItem\",\"position\":1,\"name\":\"Pelletterie D&amp;D\",\"item\":\"https:\\\/\\\/pelletterieded.com\\\/it\\\/\"},{\"@type\":\"ListItem\",\"position\":2,\"name\":\"shop\",\"item\":\"https:\\\/\\\/pelletterieded.com\\\/it\\\/shop\\\/\"},{\"@type\":\"ListItem\",\"position\":3,\"name\":\"Uomo\",\"item\":\"https:\\\/\\\/pelletterieded.com\\\/it\\\/categoria-prodotto\\\/uomo\\\/\"},{\"@type\":\"ListItem\",\"position\":4,\"name\":\"Borse a tracolla\",\"item\":\"https:\\\/\\\/pelletterieded.com\\\/it\\\/categoria-prodotto\\\/uomo\\\/borse-a-tracolla-uomo\\\/\"},{\"@type\":\"ListItem\",\"position\":5,\"name\":\"Postino Relax\"}]},{\"@type\":\"WebSite\",\"@id\":\"https:\\\/\\\/pelletterieded.com\\\/it\\\/#website\",\"url\":\"https:\\\/\\\/pelletterieded.com\\\/it\\\/\",\"name\":\"Pelletterie D&D\",\"description\":\"Outlet online di moda N\u00ba1 in Italia\",\"publisher\":{\"@id\":\"https:\\\/\\\/pelletterieded.com\\\/it\\\/#organization\"},\"potentialAction\":[{\"@type\":\"SearchAction\",\"target\":{\"@type\":\"EntryPoint\",\"urlTemplate\":\"https:\\\/\\\/pelletterieded.com\\\/it\\\/?s={search_term_string}\"},\"query-input\":{\"@type\":\"PropertyValueSpecification\",\"valueRequired\":true,\"valueName\":\"search_term_string\"}}],\"inLanguage\":\"it-IT\"},{\"@type\":\"Organization\",\"@id\":\"https:\\\/\\\/pelletterieded.com\\\/it\\\/#organization\",\"name\":\"Pelletterie D&D\",\"url\":\"https:\\\/\\\/pelletterieded.com\\\/it\\\/\",\"logo\":{\"@type\":\"ImageObject\",\"inLanguage\":\"it-IT\",\"@id\":\"https:\\\/\\\/pelletterieded.com\\\/it\\\/#\\\/schema\\\/logo\\\/image\\\/\",\"url\":\"https:\\\/\\\/pelletterieded.com\\\/wp-content\\\/uploads\\\/2019\\\/07\\\/logo-pelletterie-ded-mail.webp\",\"contentUrl\":\"https:\\\/\\\/pelletterieded.com\\\/wp-content\\\/uploads\\\/2019\\\/07\\\/logo-pelletterie-ded-mail.webp\",\"width\":185,\"height\":200,\"caption\":\"Pelletterie D&D\"},\"image\":{\"@id\":\"https:\\\/\\\/pelletterieded.com\\\/it\\\/#\\\/schema\\\/logo\\\/image\\\/\"},\"sameAs\":[\"https:\\\/\\\/www.facebook.com\\\/dedpelletterie\",\"https:\\\/\\\/www.instagram.com\\\/pelletterieded\\\/\"]}]}<\/script>\n<!-- \/ Yoast SEO plugin. -->","yoast_head_json":{"title":"Postino Relax - Pelletterie D&amp;D","robots":{"index":"index","follow":"follow","max-snippet":"max-snippet:-1","max-image-preview":"max-image-preview:large","max-video-preview":"max-video-preview:-1"},"canonical":"https:\/\/pelletterieded.com\/it\/shop\/uomo\/borse-a-tracolla-uomo\/postino-relax-2\/","og_locale":"it_IT","og_type":"article","og_title":"Postino Relax - Pelletterie D&amp;D","og_description":"Largeur: 23cm | Hauteur: 27cm | Profondeur: 8,5cm |","og_url":"https:\/\/pelletterieded.com\/it\/shop\/uomo\/borse-a-tracolla-uomo\/postino-relax-2\/","og_site_name":"Pelletterie D&amp;D","article_publisher":"https:\/\/www.facebook.com\/dedpelletterie","article_modified_time":"2025-07-27T14:00:57+00:00","og_image":[{"width":1000,"height":1200,"url":"https:\/\/pelletterieded.com\/wp-content\/uploads\/2019\/11\/Postino-Relax-marrone-jpg.webp","type":"image\/jpeg"}],"twitter_card":"summary_large_image","twitter_misc":{"Tempo di lettura stimato":"1 minuto"},"schema":{"@context":"https:\/\/schema.org","@graph":[{"@type":"WebPage","@id":"https:\/\/pelletterieded.com\/it\/shop\/uomo\/borse-a-tracolla-uomo\/postino-relax-2\/","url":"https:\/\/pelletterieded.com\/it\/shop\/uomo\/borse-a-tracolla-uomo\/postino-relax-2\/","name":"Postino Relax - Pelletterie D&amp;D","isPartOf":{"@id":"https:\/\/pelletterieded.com\/it\/#website"},"primaryImageOfPage":{"@id":"https:\/\/pelletterieded.com\/it\/shop\/uomo\/borse-a-tracolla-uomo\/postino-relax-2\/#primaryimage"},"image":{"@id":"https:\/\/pelletterieded.com\/it\/shop\/uomo\/borse-a-tracolla-uomo\/postino-relax-2\/#primaryimage"},"thumbnailUrl":"https:\/\/pelletterieded.com\/wp-content\/uploads\/2019\/11\/Postino-Relax-marrone-jpg.webp","datePublished":"2020-09-21T15:59:54+00:00","dateModified":"2025-07-27T14:00:57+00:00","breadcrumb":{"@id":"https:\/\/pelletterieded.com\/it\/shop\/uomo\/borse-a-tracolla-uomo\/postino-relax-2\/#breadcrumb"},"inLanguage":"it-IT","potentialAction":[{"@type":"ReadAction","target":["https:\/\/pelletterieded.com\/it\/shop\/uomo\/borse-a-tracolla-uomo\/postino-relax-2\/"]}]},{"@type":"ImageObject","inLanguage":"it-IT","@id":"https:\/\/pelletterieded.com\/it\/shop\/uomo\/borse-a-tracolla-uomo\/postino-relax-2\/#primaryimage","url":"https:\/\/pelletterieded.com\/wp-content\/uploads\/2019\/11\/Postino-Relax-marrone-jpg.webp","contentUrl":"https:\/\/pelletterieded.com\/wp-content\/uploads\/2019\/11\/Postino-Relax-marrone-jpg.webp","width":1000,"height":1200},{"@type":"BreadcrumbList","@id":"https:\/\/pelletterieded.com\/it\/shop\/uomo\/borse-a-tracolla-uomo\/postino-relax-2\/#breadcrumb","itemListElement":[{"@type":"ListItem","position":1,"name":"Pelletterie D&amp;D","item":"https:\/\/pelletterieded.com\/it\/"},{"@type":"ListItem","position":2,"name":"shop","item":"https:\/\/pelletterieded.com\/it\/shop\/"},{"@type":"ListItem","position":3,"name":"Uomo","item":"https:\/\/pelletterieded.com\/it\/categoria-prodotto\/uomo\/"},{"@type":"ListItem","position":4,"name":"Borse a tracolla","item":"https:\/\/pelletterieded.com\/it\/categoria-prodotto\/uomo\/borse-a-tracolla-uomo\/"},{"@type":"ListItem","position":5,"name":"Postino Relax"}]},{"@type":"WebSite","@id":"https:\/\/pelletterieded.com\/it\/#website","url":"https:\/\/pelletterieded.com\/it\/","name":"Pelletterie D&D","description":"Outlet online di moda N\u00ba1 in Italia","publisher":{"@id":"https:\/\/pelletterieded.com\/it\/#organization"},"potentialAction":[{"@type":"SearchAction","target":{"@type":"EntryPoint","urlTemplate":"https:\/\/pelletterieded.com\/it\/?s={search_term_string}"},"query-input":{"@type":"PropertyValueSpecification","valueRequired":true,"valueName":"search_term_string"}}],"inLanguage":"it-IT"},{"@type":"Organization","@id":"https:\/\/pelletterieded.com\/it\/#organization","name":"Pelletterie D&D","url":"https:\/\/pelletterieded.com\/it\/","logo":{"@type":"ImageObject","inLanguage":"it-IT","@id":"https:\/\/pelletterieded.com\/it\/#\/schema\/logo\/image\/","url":"https:\/\/pelletterieded.com\/wp-content\/uploads\/2019\/07\/logo-pelletterie-ded-mail.webp","contentUrl":"https:\/\/pelletterieded.com\/wp-content\/uploads\/2019\/07\/logo-pelletterie-ded-mail.webp","width":185,"height":200,"caption":"Pelletterie D&D"},"image":{"@id":"https:\/\/pelletterieded.com\/it\/#\/schema\/logo\/image\/"},"sameAs":["https:\/\/www.facebook.com\/dedpelletterie","https:\/\/www.instagram.com\/pelletterieded\/"]}]}},"_links":{"self":[{"href":"https:\/\/pelletterieded.com\/it\/wp-json\/wp\/v2\/product\/115145","targetHints":{"allow":["GET"]}}],"collection":[{"href":"https:\/\/pelletterieded.com\/it\/wp-json\/wp\/v2\/product"}],"about":[{"href":"https:\/\/pelletterieded.com\/it\/wp-json\/wp\/v2\/types\/product"}],"replies":[{"embeddable":true,"href":"https:\/\/pelletterieded.com\/it\/wp-json\/wp\/v2\/comments?post=115145"}],"wp:featuredmedia":[{"embeddable":true,"href":"https:\/\/pelletterieded.com\/it\/wp-json\/wp\/v2\/media\/106680"}],"wp:attachment":[{"href":"https:\/\/pelletterieded.com\/it\/wp-json\/wp\/v2\/media?parent=115145"}],"wp:term":[{"taxonomy":"product_brand","embeddable":true,"href":"https:\/\/pelletterieded.com\/it\/wp-json\/wp\/v2\/product_brand?post=115145"},{"taxonomy":"product_cat","embeddable":true,"href":"https:\/\/pelletterieded.com\/it\/wp-json\/wp\/v2\/product_cat?post=115145"},{"taxonomy":"product_tag","embeddable":true,"href":"https:\/\/pelletterieded.com\/it\/wp-json\/wp\/v2\/product_tag?post=115145"}],"curies":[{"name":"wp","href":"https:\/\/api.w.org\/{rel}","templated":true}]}}