{"id":24026,"date":"2019-03-13T02:12:30","date_gmt":"2019-03-13T01:12:30","guid":{"rendered":"https:\/\/pelletterieded.lisa.simonechinaglia.net\/?page_id=24026"},"modified":"2026-01-27T11:21:06","modified_gmt":"2026-01-27T10:21:06","slug":"resi","status":"publish","type":"page","link":"https:\/\/pelletterieded.com\/it\/resi\/","title":{"rendered":"Reso Facile"},"content":{"rendered":"<p class=\"p1\"><span class=\"s1\"><strong>Pelletterie D&amp;D<\/strong> assicura il diritto di recesso dall&#8217;acquisto\u00a0<strong>entro e non oltre 14 giorni<\/strong> dalla data di consegna. Secondo l\u2019art. 52 Diritto di recesso &#8211; riferimento legislativo <em>(D.Lgs 206\/2005)<\/em>.<\/span><\/p>\n<p class=\"p2\"><span class=\"s1\">Non sono oggetto del diritto di recesso: <\/span><\/p>\n<ul>\n<li class=\"p2\"><span class=\"s1\">Prodotti personalizzati o prodotti acquistati per la vendita B2B.<\/span><\/li>\n<li class=\"p2\"><span class=\"s1\">Tutti i prodotti senza etichetta o con etichetta rimossa, utilizzati o incompleti ecc&#8230;<\/span><\/li>\n<li>Assenza di elementi integranti del prodotto (accessori, tracolla, manici, cartellini, relativa garanzia ecc.)<\/li>\n<li>Danneggiamento del prodotto per cause diverse dal trasporto.<\/li>\n<li>L&#8217;oggetto deve arrivare in sede entro e non oltre 15 giorni lavorativi, in caso di tempistiche pi\u00f9 lunghe il reso sar\u00e0 considerato nullo<\/li>\n<li class=\"p2\"><span class=\"s1\">L\u2019imballo della merce dovr\u00e0 essere effettuato con la scatola originale al fine di evitare che la merce giunga deteriorata a destinazione.<br \/>\n<\/span><span class=\"s1\">Nel caso in cui l\u2019imballo originale fosse inutilizzabile, il cliente potr\u00e0 usare una scatola equivalente per dimensioni e robustezza.<\/span><\/li>\n<li>Per la piccola pelletteria ed accessori le spese di cambio\/reso saranno a carico del cliente<\/li>\n<\/ul>\n<p class=\"p2\"><span class=\"s1\">Il cliente dovr\u00e0 effettuare la richiesta di reso dall&#8217;apposita sezione all&#8217;interno della propria <strong><a href=\"http:\/\/pelletterieded.com\/effettua-un-reso\/\">area personale<\/a><\/strong> sul sito Pelletterieded.com.\u00a0Indicando se desidera il rimborso o un cambio articolo. Allegando foto della merce ricevuta da restituire ed il numero dell&#8217;ordine<\/span><\/p>\n<p class=\"p2\"><span class=\"s1\">Se il reso \u00e8 dovuto a un difetto del prodotto (a nostra responsabilit\u00e0), forniremo un&#8217;etichetta di reso prepagata e ci occuperemo di tutte le spese. <\/span><\/p>\n<p class=\"p2\"><span class=\"s1\">Se il reso \u00e8 dovuto ad altri motivi (es. cambio idea, taglia errata scelta dal cliente, ecc.), le spese di spedizione per l&#8217;invio a noi sono a carico del cliente.<\/span><\/p>\n<p class=\"p2\"><span class=\"s1\">Qualora si utilizzasse un&#8217;etichetta diversa, il costo di spedizione del reso non sar\u00e0 oggetto di rimborso.<\/span><\/p>\n<p>In caso di resi fuori Italia tutte le spese di spedizione, tasse o altro saranno a carico del cliente. Sar\u00e0 dovere dell&#8217;acquirente informare Pelletterie D&amp;D della data, numero di tracciabilit\u00e0 e corriere scelto. In questo caso lil cliente \u00e8 responsabile della spedizione stessa<\/p>\n<p class=\"p2\"><span class=\"s1\">Per tutti gli altri casi, la restituzione \u00e8 a carico del cliente che ne \u00e8 totalmente responsabile. Pertanto si consiglia di usare un sistema di spedizione tracciabile.<\/span><\/p>\n<p class=\"p2\"><span class=\"s1\">Il reso dovr\u00e0 essere spedito al seguente indirizzo: <\/span><\/p>\n<p class=\"p2\"><strong>Pelletterie D&amp;D &#8211; <\/strong><strong>Via Petrosa n 8 &#8211; <\/strong><strong>50019 Sesto Fiorentino (FI).<\/strong><\/p>\n<p class=\"p1\"><span class=\"s1\">Non saranno accettate spedizioni di resi effettuate con modalit\u00e0 diverse rispetto a quelle sopra indicate.<br \/>\n<\/span><\/p>\n<p class=\"p1\"><span class=\"s1\">Una volta che il reso sar\u00e0 giunto a destinazione Pelletterie D&amp;D provveder\u00e0 a controllare la legittimit\u00e0 della restituzione e verificata la correttezza delle operazioni e l&#8217;integrit\u00e0 del prodotto<\/span><\/p>\n<p class=\"p1\"><span class=\"s1\">In seguito verr\u00e0 rimborsato solo\u00a0l\u2019importo dell\u2019acquisto, non le spese di spedizione (o qualsiasi tassa aggiuntiva).<\/span><\/p>\n<p class=\"p1\"><span class=\"s1\">Tali somme verranno riaccreditate tramite il sistema con cui \u00e8 stato effettuato il pagamento entro dieci giorni dalla ricezione della merce restituita.\u00a0<\/span><\/p>\n<p class=\"p1\"><span class=\"s1\">Tutti i prodotti di Pelletterie D&amp;D sono garantiti 24 mesi dalla data di consegna.<\/span><\/p>\n<p class=\"p1\"><span class=\"s1\">In caso di problemi, il cliente pu\u00f2 contattare Pelletterie D&amp;D inviando una email con descrizione fotografica del problema al seguente indirizzo: <strong>pelletterie.ded@gmail.com<\/strong><\/span><\/p>\n<p class=\"p1\"><span class=\"s1\">La presente garanzia non copre i danni dovuti a normale usura o a incidenti causati direttamente o indirettamente dal cliente<br \/>\n<\/span><\/p>\n","protected":false},"excerpt":{"rendered":"<p>Pelletterie D&amp;D assicura il diritto di recesso dall&#8217;acquisto\u00a0entro e non oltre 14 giorni dalla data di consegna. Secondo l\u2019art. 52 Diritto di recesso &#8211; riferimento legislativo (D.Lgs 206\/2005). Non sono oggetto del diritto di recesso: Prodotti personalizzati o prodotti acquistati per la vendita B2B. Tutti i prodotti senza etichetta o con etichetta rimossa, utilizzati o [&#8230;]\n","protected":false},"author":275,"featured_media":0,"parent":0,"menu_order":0,"comment_status":"closed","ping_status":"closed","template":"page-blank-title-center.php","meta":{"footnotes":""},"class_list":["post-24026","page","type-page","status-publish","hentry"],"yoast_head":"<!-- This site is optimized with the Yoast SEO plugin v27.5 - https:\/\/yoast.com\/product\/yoast-seo-wordpress\/ -->\n<title>Reso Facile - Pelletterie D&amp;D<\/title>\n<meta name=\"robots\" content=\"noindex, nofollow\" \/>\n<meta property=\"og:locale\" content=\"it_IT\" \/>\n<meta property=\"og:type\" content=\"article\" \/>\n<meta property=\"og:title\" content=\"Reso Facile - Pelletterie D&amp;D\" \/>\n<meta property=\"og:description\" content=\"Pelletterie D&amp;D assicura il diritto di recesso dall&#8217;acquisto\u00a0entro e non oltre 14 giorni dalla data di consegna. Secondo l\u2019art. 52 Diritto di recesso &#8211; riferimento legislativo (D.Lgs 206\/2005). Non sono oggetto del diritto di recesso: Prodotti personalizzati o prodotti acquistati per la vendita B2B. Tutti i prodotti senza etichetta o con etichetta rimossa, utilizzati o [...]\" \/>\n<meta property=\"og:url\" content=\"https:\/\/pelletterieded.com\/it\/resi\/\" \/>\n<meta property=\"og:site_name\" content=\"Pelletterie D&amp;D\" \/>\n<meta property=\"article:publisher\" content=\"https:\/\/www.facebook.com\/dedpelletterie\" \/>\n<meta property=\"article:modified_time\" content=\"2026-01-27T10:21:06+00:00\" \/>\n<meta name=\"twitter:card\" content=\"summary_large_image\" \/>\n<meta name=\"twitter:label1\" content=\"Tempo di lettura stimato\" \/>\n\t<meta name=\"twitter:data1\" content=\"3 minuti\" \/>\n<script type=\"application\/ld+json\" class=\"yoast-schema-graph\">{\"@context\":\"https:\\\/\\\/schema.org\",\"@graph\":[{\"@type\":\"WebPage\",\"@id\":\"https:\\\/\\\/pelletterieded.com\\\/it\\\/resi\\\/\",\"url\":\"https:\\\/\\\/pelletterieded.com\\\/it\\\/resi\\\/\",\"name\":\"Reso Facile - Pelletterie D&amp;D\",\"isPartOf\":{\"@id\":\"https:\\\/\\\/pelletterieded.com\\\/it\\\/#website\"},\"datePublished\":\"2019-03-13T01:12:30+00:00\",\"dateModified\":\"2026-01-27T10:21:06+00:00\",\"breadcrumb\":{\"@id\":\"https:\\\/\\\/pelletterieded.com\\\/it\\\/resi\\\/#breadcrumb\"},\"inLanguage\":\"it-IT\",\"potentialAction\":[{\"@type\":\"ReadAction\",\"target\":[\"https:\\\/\\\/pelletterieded.com\\\/it\\\/resi\\\/\"]}]},{\"@type\":\"BreadcrumbList\",\"@id\":\"https:\\\/\\\/pelletterieded.com\\\/it\\\/resi\\\/#breadcrumb\",\"itemListElement\":[{\"@type\":\"ListItem\",\"position\":1,\"name\":\"Pelletterie D&amp;D\",\"item\":\"https:\\\/\\\/pelletterieded.com\\\/it\\\/\"},{\"@type\":\"ListItem\",\"position\":2,\"name\":\"Reso Facile\"}]},{\"@type\":\"WebSite\",\"@id\":\"https:\\\/\\\/pelletterieded.com\\\/it\\\/#website\",\"url\":\"https:\\\/\\\/pelletterieded.com\\\/it\\\/\",\"name\":\"Pelletterie D&D\",\"description\":\"Pelletteria artigianale toscana specializzata in borse in pelle Made in Italy, borse da medico, donna, uomo e viaggio in pelle conciata al vegetale.\",\"publisher\":{\"@id\":\"https:\\\/\\\/pelletterieded.com\\\/it\\\/#organization\"},\"potentialAction\":[{\"@type\":\"SearchAction\",\"target\":{\"@type\":\"EntryPoint\",\"urlTemplate\":\"https:\\\/\\\/pelletterieded.com\\\/it\\\/?s={search_term_string}\"},\"query-input\":{\"@type\":\"PropertyValueSpecification\",\"valueRequired\":true,\"valueName\":\"search_term_string\"}}],\"inLanguage\":\"it-IT\"},{\"@type\":\"Organization\",\"@id\":\"https:\\\/\\\/pelletterieded.com\\\/it\\\/#organization\",\"name\":\"Pelletterie D&D\",\"alternateName\":\"D&D Pelletterie\",\"url\":\"https:\\\/\\\/pelletterieded.com\\\/it\\\/\",\"logo\":{\"@type\":\"ImageObject\",\"inLanguage\":\"it-IT\",\"@id\":\"https:\\\/\\\/pelletterieded.com\\\/it\\\/#\\\/schema\\\/logo\\\/image\\\/\",\"url\":\"https:\\\/\\\/pelletterieded.com\\\/wp-content\\\/uploads\\\/2019\\\/07\\\/logo-pelletterie-ded-mail.webp\",\"contentUrl\":\"https:\\\/\\\/pelletterieded.com\\\/wp-content\\\/uploads\\\/2019\\\/07\\\/logo-pelletterie-ded-mail.webp\",\"width\":185,\"height\":200,\"caption\":\"Pelletterie D&D\"},\"image\":{\"@id\":\"https:\\\/\\\/pelletterieded.com\\\/it\\\/#\\\/schema\\\/logo\\\/image\\\/\"},\"sameAs\":[\"https:\\\/\\\/www.facebook.com\\\/dedpelletterie\",\"https:\\\/\\\/www.instagram.com\\\/pelletterieded\\\/\"]}]}<\/script>\n<!-- \/ Yoast SEO plugin. -->","yoast_head_json":{"title":"Reso Facile - Pelletterie D&amp;D","robots":{"index":"noindex","follow":"nofollow"},"og_locale":"it_IT","og_type":"article","og_title":"Reso Facile - Pelletterie D&amp;D","og_description":"Pelletterie D&amp;D assicura il diritto di recesso dall&#8217;acquisto\u00a0entro e non oltre 14 giorni dalla data di consegna. Secondo l\u2019art. 52 Diritto di recesso &#8211; riferimento legislativo (D.Lgs 206\/2005). Non sono oggetto del diritto di recesso: Prodotti personalizzati o prodotti acquistati per la vendita B2B. Tutti i prodotti senza etichetta o con etichetta rimossa, utilizzati o [...]","og_url":"https:\/\/pelletterieded.com\/it\/resi\/","og_site_name":"Pelletterie D&amp;D","article_publisher":"https:\/\/www.facebook.com\/dedpelletterie","article_modified_time":"2026-01-27T10:21:06+00:00","twitter_card":"summary_large_image","twitter_misc":{"Tempo di lettura stimato":"3 minuti"},"schema":{"@context":"https:\/\/schema.org","@graph":[{"@type":"WebPage","@id":"https:\/\/pelletterieded.com\/it\/resi\/","url":"https:\/\/pelletterieded.com\/it\/resi\/","name":"Reso Facile - Pelletterie D&amp;D","isPartOf":{"@id":"https:\/\/pelletterieded.com\/it\/#website"},"datePublished":"2019-03-13T01:12:30+00:00","dateModified":"2026-01-27T10:21:06+00:00","breadcrumb":{"@id":"https:\/\/pelletterieded.com\/it\/resi\/#breadcrumb"},"inLanguage":"it-IT","potentialAction":[{"@type":"ReadAction","target":["https:\/\/pelletterieded.com\/it\/resi\/"]}]},{"@type":"BreadcrumbList","@id":"https:\/\/pelletterieded.com\/it\/resi\/#breadcrumb","itemListElement":[{"@type":"ListItem","position":1,"name":"Pelletterie D&amp;D","item":"https:\/\/pelletterieded.com\/it\/"},{"@type":"ListItem","position":2,"name":"Reso Facile"}]},{"@type":"WebSite","@id":"https:\/\/pelletterieded.com\/it\/#website","url":"https:\/\/pelletterieded.com\/it\/","name":"Pelletterie D&D","description":"Pelletteria artigianale toscana specializzata in borse in pelle Made in Italy, borse da medico, donna, uomo e viaggio in pelle conciata al vegetale.","publisher":{"@id":"https:\/\/pelletterieded.com\/it\/#organization"},"potentialAction":[{"@type":"SearchAction","target":{"@type":"EntryPoint","urlTemplate":"https:\/\/pelletterieded.com\/it\/?s={search_term_string}"},"query-input":{"@type":"PropertyValueSpecification","valueRequired":true,"valueName":"search_term_string"}}],"inLanguage":"it-IT"},{"@type":"Organization","@id":"https:\/\/pelletterieded.com\/it\/#organization","name":"Pelletterie D&D","alternateName":"D&D Pelletterie","url":"https:\/\/pelletterieded.com\/it\/","logo":{"@type":"ImageObject","inLanguage":"it-IT","@id":"https:\/\/pelletterieded.com\/it\/#\/schema\/logo\/image\/","url":"https:\/\/pelletterieded.com\/wp-content\/uploads\/2019\/07\/logo-pelletterie-ded-mail.webp","contentUrl":"https:\/\/pelletterieded.com\/wp-content\/uploads\/2019\/07\/logo-pelletterie-ded-mail.webp","width":185,"height":200,"caption":"Pelletterie D&D"},"image":{"@id":"https:\/\/pelletterieded.com\/it\/#\/schema\/logo\/image\/"},"sameAs":["https:\/\/www.facebook.com\/dedpelletterie","https:\/\/www.instagram.com\/pelletterieded\/"]}]}},"_hostinger_reach_plugin_has_subscription_block":false,"_hostinger_reach_plugin_is_elementor":false,"_links":{"self":[{"href":"https:\/\/pelletterieded.com\/it\/wp-json\/wp\/v2\/pages\/24026","targetHints":{"allow":["GET"]}}],"collection":[{"href":"https:\/\/pelletterieded.com\/it\/wp-json\/wp\/v2\/pages"}],"about":[{"href":"https:\/\/pelletterieded.com\/it\/wp-json\/wp\/v2\/types\/page"}],"author":[{"embeddable":true,"href":"https:\/\/pelletterieded.com\/it\/wp-json\/wp\/v2\/users\/275"}],"replies":[{"embeddable":true,"href":"https:\/\/pelletterieded.com\/it\/wp-json\/wp\/v2\/comments?post=24026"}],"version-history":[{"count":4,"href":"https:\/\/pelletterieded.com\/it\/wp-json\/wp\/v2\/pages\/24026\/revisions"}],"predecessor-version":[{"id":191323,"href":"https:\/\/pelletterieded.com\/it\/wp-json\/wp\/v2\/pages\/24026\/revisions\/191323"}],"wp:attachment":[{"href":"https:\/\/pelletterieded.com\/it\/wp-json\/wp\/v2\/media?parent=24026"}],"curies":[{"name":"wp","href":"https:\/\/api.w.org\/{rel}","templated":true}]}}