{"id":155506,"date":"2021-08-26T18:50:11","date_gmt":"2021-08-26T16:50:11","guid":{"rendered":"http:\/\/pelletterieded.com\/?page_id=155506"},"modified":"2021-09-01T12:42:07","modified_gmt":"2021-09-01T10:42:07","slug":"regali-e-giochi-sui-social","status":"publish","type":"page","link":"https:\/\/pelletterieded.com\/it\/regali-e-giochi-sui-social\/","title":{"rendered":"VINCI PELLETTERIE D&#038;D CON UN TAG &#8211; Regali e giochi sui social"},"content":{"rendered":"<div class=\"is-divider divider clearfix\" style=\"margin-top:2.4em;margin-bottom:2.4em;height:0px;\"><\/div>\n<h1 class=\"uppercase\" style=\"text-align: center;\">Vinci Pelletterie D&amp;D con UN tag<\/h1>\n<p style=\"text-align: center;\"><strong>Solo per te che sei un <span style=\"font-size: 140%;\">cliente speciale<\/span>, ed hai acquistato una borsa Pelletterie D&amp;D avrai l&#8217;opportunit\u00e0 di partecipare al gioco <br \/><span style=\"font-size: 140%;\">&#8220;Vinci con il tag @pelletterieded&#8221;<\/span><\/strong><\/p>\n<p style=\"text-align: center;\"><span style=\"font-size: 170%;\"><strong>Partecipare \u00e8 facile, bastano 3 semplici passaggi:<\/strong><\/span><\/p>\n<div class=\"row row-full-width\"  id=\"row-1416358168\">\n\n\t<div id=\"col-362514087\" class=\"col medium-4 small-6 large-4\"  >\n\t\t\t\t<div class=\"col-inner\"  >\n\t\t\t\n\t\t\t\n\t<div class=\"img has-hover x md-x lg-x y md-y lg-y\" id=\"image_1175825939\">\n\t\t\t\t\t\t\t\t<div class=\"img-inner image-cover dark\" style=\"padding-top:85%;\">\n\t\t\t<img fetchpriority=\"high\" decoding=\"async\" width=\"614\" height=\"586\" src=\"https:\/\/pelletterieded.com\/wp-content\/uploads\/2021\/08\/01-step-post.webp\" class=\"attachment-original size-original wvs-archive-product-image\" alt=\"\" srcset=\"https:\/\/pelletterieded.com\/wp-content\/uploads\/2021\/08\/01-step-post.webp 614w, https:\/\/pelletterieded.com\/wp-content\/uploads\/2021\/08\/01-step-post-600x573.png 600w\" sizes=\"(max-width: 614px) 100vw, 614px\" \/>\t\t\t\t\t\t\n\t\t\t\t\t<\/div>\n\t\t\t\t\t\t\t\t\n<style>\n#image_1175825939 {\n  width: 100%;\n}\n<\/style>\n\t<\/div>\n\t\n\t\t<\/div>\n\t\t\t\t\t<\/div>\n\n\t\n\n\t<div id=\"col-17274848\" class=\"col medium-4 small-6 large-4\"  >\n\t\t\t\t<div class=\"col-inner\"  >\n\t\t\t\n\t\t\t\n\t<div class=\"img has-hover x md-x lg-x y md-y lg-y\" id=\"image_629129925\">\n\t\t\t\t\t\t\t\t<div class=\"img-inner image-cover dark\" style=\"padding-top:85%;\">\n\t\t\t<img decoding=\"async\" width=\"614\" height=\"586\" src=\"https:\/\/pelletterieded.com\/wp-content\/uploads\/2021\/08\/02-step-tag.webp\" class=\"attachment-original size-original wvs-archive-product-image\" alt=\"\" srcset=\"https:\/\/pelletterieded.com\/wp-content\/uploads\/2021\/08\/02-step-tag.webp 614w, https:\/\/pelletterieded.com\/wp-content\/uploads\/2021\/08\/02-step-tag-600x573.png 600w\" sizes=\"(max-width: 614px) 100vw, 614px\" \/>\t\t\t\t\t\t\n\t\t\t\t\t<\/div>\n\t\t\t\t\t\t\t\t\n<style>\n#image_629129925 {\n  width: 100%;\n}\n<\/style>\n\t<\/div>\n\t\n\t\t<\/div>\n\t\t\t\t\t<\/div>\n\n\t\n\n\t<div id=\"col-2049757287\" class=\"col medium-4 small-6 large-4\"  >\n\t\t\t\t<div class=\"col-inner\"  >\n\t\t\t\n\t\t\t\n\t<div class=\"img has-hover x md-x lg-x y md-y lg-y\" id=\"image_2051019566\">\n\t\t\t\t\t\t\t\t<div class=\"img-inner image-cover dark\" style=\"padding-top:85%;\">\n\t\t\t<img decoding=\"async\" width=\"614\" height=\"586\" src=\"https:\/\/pelletterieded.com\/wp-content\/uploads\/2021\/08\/03-step-like.webp\" class=\"attachment-original size-original wvs-archive-product-image\" alt=\"\" srcset=\"https:\/\/pelletterieded.com\/wp-content\/uploads\/2021\/08\/03-step-like.webp 614w, https:\/\/pelletterieded.com\/wp-content\/uploads\/2021\/08\/03-step-like-600x573.png 600w\" sizes=\"(max-width: 614px) 100vw, 614px\" \/>\t\t\t\t\t\t\n\t\t\t\t\t<\/div>\n\t\t\t\t\t\t\t\t\n<style>\n#image_2051019566 {\n  width: 100%;\n}\n<\/style>\n\t<\/div>\n\t\n\t\t<\/div>\n\t\t\t\t\t<\/div>\n\n\t\n\n<style>\n#row-1416358168 > .col > .col-inner {\n  background-color: #9e4a3f;\n  border-radius: 13px;\n}\n<\/style>\n<\/div>\n<div class=\"is-divider divider clearfix\" style=\"margin-top:2.1em;margin-bottom:2.1em;height:0px;\"><\/div>\n<div class=\"slider-wrapper relative\" id=\"slider-312893124\" >\n    <div class=\"slider slider-nav-circle slider-nav-normal slider-nav-light slider-style-normal\"\n        data-flickity-options='{\n            \"cellAlign\": \"center\",\n            \"imagesLoaded\": true,\n            \"lazyLoad\": 1,\n            \"freeScroll\": false,\n            \"wrapAround\": true,\n            \"autoPlay\": 6000,\n            \"pauseAutoPlayOnHover\" : true,\n            \"prevNextButtons\": true,\n            \"contain\" : true,\n            \"adaptiveHeight\" : true,\n            \"dragThreshold\" : 10,\n            \"percentPosition\": true,\n            \"pageDots\": true,\n            \"rightToLeft\": false,\n            \"draggable\": true,\n            \"selectedAttraction\": 0.1,\n            \"parallax\" : 0,\n            \"friction\": 0.6        }'\n        >\n        \n\n  <div class=\"banner has-hover\" id=\"banner-2141369475\">\n          <div class=\"banner-inner fill\">\n        <div class=\"banner-bg fill\" >\n                                                \n                    <\/div>\n\t\t\n        <div class=\"banner-layers container\">\n            <div class=\"fill banner-link\"><\/div>            \n   <div id=\"text-box-131899607\" class=\"text-box banner-layer x50 md-x50 lg-x50 y50 md-y50 lg-y50 res-text\">\n                                <div class=\"text-box-content text dark\">\n              \n              <div class=\"text-inner text-center\">\n                  \n              <\/div>\n           <\/div>\n                            \n<style>\n#text-box-131899607 {\n  width: 60%;\n}\n#text-box-131899607 .text-box-content {\n  font-size: 100%;\n}\n@media (min-width:550px) {\n  #text-box-131899607 {\n    width: 60%;\n  }\n}\n<\/style>\n    <\/div>\n \n        <\/div>\n      <\/div>\n\n            \n<style>\n#banner-2141369475 {\n  padding-top: 33%;\n}\n<\/style>\n  <\/div>\n\n\n\n  <div class=\"banner has-hover\" id=\"banner-1666561817\">\n          <div class=\"banner-inner fill\">\n        <div class=\"banner-bg fill\" >\n                                                \n                    <\/div>\n\t\t\n        <div class=\"banner-layers container\">\n            <div class=\"fill banner-link\"><\/div>            \n   <div id=\"text-box-1110241623\" class=\"text-box banner-layer x50 md-x50 lg-x50 y50 md-y50 lg-y50 res-text\">\n                                <div class=\"text-box-content text dark\">\n              \n              <div class=\"text-inner text-center\">\n                  \n              <\/div>\n           <\/div>\n                            \n<style>\n#text-box-1110241623 {\n  width: 60%;\n}\n#text-box-1110241623 .text-box-content {\n  font-size: 100%;\n}\n@media (min-width:550px) {\n  #text-box-1110241623 {\n    width: 60%;\n  }\n}\n<\/style>\n    <\/div>\n \n        <\/div>\n      <\/div>\n\n            \n<style>\n#banner-1666561817 {\n  padding-top: 33%;\n}\n<\/style>\n  <\/div>\n\n\n     <\/div>\n\n     <div class=\"loading-spin dark large centered\"><\/div>\n\n\t\n<style>\n#slider-312893124 .flickity-slider > * {\n  max-width: 100%!important;\n}\n<\/style>\n<\/div>\n\n\n<div class=\"is-divider divider clearfix\" style=\"margin-top:1.6em;margin-bottom:1.6em;max-width:100%;\"><\/div>\n<div class=\"row\"  id=\"row-1938069423\">\n\n\t<div id=\"col-592892459\" class=\"col small-12 large-12\"  >\n\t\t\t\t<div class=\"col-inner\"  >\n\t\t\t\n\t\t\t\n<h2 style=\"text-align: center; font-family: Open Sans;\"><span style=\"font-size: 150%;\">I primi 3 Post <\/span>pubblicati su Facebook o Instagram con il tag <span style=\"padding: 4px; background-color: #9e4a3f; color: #ffffff;\"><strong>@pelletterieded<\/strong> <\/span>\u00a0che hanno ottenuto il <span style=\"font-size: 150%;\">maggior numero di interazioni<\/span><\/h2>\n<h2 style=\"text-align: center; font-family: Open Sans;\">come Mi piace, Cuoricini, Abbracci e Wow ricever\u00e0 dei <strong>REGALI STRAORDINARI!!!*<\/strong><\/h2>\n<div>\u00a0<\/div>\n<p style=\"text-align: center;\">\u00a0<\/p>\n\t\t<\/div>\n\t\t\t\t\t<\/div>\n\n\t\n<\/div>\n<div class=\"row\"  id=\"row-1521841179\">\n\n\t<div id=\"col-1050195959\" class=\"col medium-4 small-12 large-4\"  >\n\t\t\t\t<div class=\"col-inner\"  >\n\t\t\t\n\t\t\t\n\t<div class=\"img has-hover x md-x lg-x y md-y lg-y\" id=\"image_717178718\">\n\t\t\t\t\t\t\t\t<div class=\"img-inner dark\" >\n\t\t\t<img loading=\"lazy\" decoding=\"async\" width=\"600\" height=\"600\" src=\"https:\/\/pelletterieded.com\/wp-content\/uploads\/2021\/08\/01-premio.webp\" class=\"attachment-large size-large wvs-archive-product-image\" alt=\"\" srcset=\"https:\/\/pelletterieded.com\/wp-content\/uploads\/2021\/08\/01-premio.webp 600w, https:\/\/pelletterieded.com\/wp-content\/uploads\/2021\/08\/01-premio-100x100.jpg 100w, https:\/\/pelletterieded.com\/wp-content\/uploads\/2021\/08\/01-premio-300x300.jpg 300w\" sizes=\"(max-width: 600px) 100vw, 600px\" \/>\t\t\t\t\t\t\n\t\t\t\t\t<\/div>\n\t\t\t\t\t\t\t\t\n<style>\n#image_717178718 {\n  width: 100%;\n}\n<\/style>\n\t<\/div>\n\t\n<div class=\"text-center\"><div class=\"is-divider divider clearfix\" style=\"max-width:100%;height:1px;background-color:rgb(234, 234, 234);\"><\/div><\/div>\n<h3 style=\"text-align: center; font-family: Open Sans;\"><strong>1\u00b0 PREMIO <br \/>\u00a01 borsa a scelta della categorie Trolley, Viaggio o Borsa medico\u00a0<br \/><\/strong><\/h3>\n<p style=\"text-align: center;\">\u00a0per importo massimo di <em><span style=\"font-size: 180%;\">\u20ac560<\/span><\/em>*<\/p>\n\t\t<\/div>\n\t\t\t\t\t<\/div>\n\n\t\n\n\t<div id=\"col-1795930197\" class=\"col medium-4 small-12 large-4\"  >\n\t\t\t\t<div class=\"col-inner\"  >\n\t\t\t\n\t\t\t\n\t<div class=\"img has-hover x md-x lg-x y md-y lg-y\" id=\"image_1038301325\">\n\t\t\t\t\t\t\t\t<div class=\"img-inner dark\" >\n\t\t\t<img loading=\"lazy\" decoding=\"async\" width=\"600\" height=\"600\" src=\"https:\/\/pelletterieded.com\/wp-content\/uploads\/2021\/08\/02-premio.webp\" class=\"attachment-large size-large wvs-archive-product-image\" alt=\"\" srcset=\"https:\/\/pelletterieded.com\/wp-content\/uploads\/2021\/08\/02-premio.webp 600w, https:\/\/pelletterieded.com\/wp-content\/uploads\/2021\/08\/02-premio-100x100.jpg 100w, https:\/\/pelletterieded.com\/wp-content\/uploads\/2021\/08\/02-premio-300x300.jpg 300w\" sizes=\"(max-width: 600px) 100vw, 600px\" \/>\t\t\t\t\t\t\n\t\t\t\t\t<\/div>\n\t\t\t\t\t\t\t\t\n<style>\n#image_1038301325 {\n  width: 100%;\n}\n<\/style>\n\t<\/div>\n\t\n<div class=\"text-center\"><div class=\"is-divider divider clearfix\" style=\"max-width:100%;height:1px;background-color:rgb(234, 234, 234);\"><\/div><\/div>\n<h3 style=\"text-align: center; font-family: Open Sans;\"><strong>2\u00b0 PREMIO <br \/>1 borsa a scelta della categoria <br \/>Donna, Viaggio e Business\u00a0<br \/><\/strong><\/h3>\n<p style=\"text-align: center;\">per un importo massimo di <em><span style=\"font-size: 180%;\">\u20ac300<\/span><\/em>*<\/p>\n\t\t<\/div>\n\t\t\t\t\t<\/div>\n\n\t\n\n\t<div id=\"col-352053246\" class=\"col medium-4 small-12 large-4\"  >\n\t\t\t\t<div class=\"col-inner\"  >\n\t\t\t\n\t\t\t\n\t<div class=\"img has-hover x md-x lg-x y md-y lg-y\" id=\"image_834386852\">\n\t\t\t\t\t\t\t\t<div class=\"img-inner dark\" >\n\t\t\t<img loading=\"lazy\" decoding=\"async\" width=\"600\" height=\"600\" src=\"https:\/\/pelletterieded.com\/wp-content\/uploads\/2021\/08\/03-premio.webp\" class=\"attachment-large size-large wvs-archive-product-image\" alt=\"\" srcset=\"https:\/\/pelletterieded.com\/wp-content\/uploads\/2021\/08\/03-premio.webp 600w, https:\/\/pelletterieded.com\/wp-content\/uploads\/2021\/08\/03-premio-100x100.jpg 100w, https:\/\/pelletterieded.com\/wp-content\/uploads\/2021\/08\/03-premio-300x300.jpg 300w\" sizes=\"(max-width: 600px) 100vw, 600px\" \/>\t\t\t\t\t\t\n\t\t\t\t\t<\/div>\n\t\t\t\t\t\t\t\t\n<style>\n#image_834386852 {\n  width: 100%;\n}\n<\/style>\n\t<\/div>\n\t\n<div class=\"text-center\"><div class=\"is-divider divider clearfix\" style=\"max-width:100%;height:1px;background-color:rgb(234, 234, 234);\"><\/div><\/div>\n<h3 style=\"text-align: center; font-family: Open Sans;\"><strong>3\u00b0 PREMIO <br \/>1 borsa a scelta della categoria Uomo, porta documenti e marsupi <br \/><\/strong><\/h3>\n<p style=\"text-align: center;\">per un importo massimo di <em><span style=\"font-size: 180%;\">\u20ac200<\/span><\/em>*<\/p>\n\t\t<\/div>\n\t\t\t\t\t<\/div>\n\n\t\n<\/div>\n<div class=\"is-divider divider clearfix\" style=\"margin-top:1.6em;margin-bottom:1.6em;max-width:100%;\"><\/div>\n<div class=\"row row-full-width\"  id=\"row-734349247\">\n\n\t<div id=\"col-382736460\" class=\"col small-12 large-12 col-divided\"  >\n\t\t\t\t<div class=\"col-inner\"  >\n\t\t\t\n\t\t\t\n<p><span style=\"font-size: 75%; line-height: 60%;\">*<strong>REGOLAMENTO E MAGGIORI INFORMAZIONI<\/strong> Promozione valida fino al 17 ottobre 2021. Il conteggio e la pubblicazione del vincitore sar\u00e0 fatto la settimana successiva cio\u00e8 dal 17\/10\/2021 al 23\/10\/2021. Saranno controllati tutti i post e conteggiati tutte le interazioni. cio\u00e8 solo i Mi Piace, Cuore, abbracci; wow, per Facebook ed i cuori su Instagram, Non verranno sommate le interazioni dello stesso profilo se pubblicato sia su Facebook che su Instagram, ma verr\u00e0 considerato il post con il numero maggiore di interazioni fra i due social. Non saranno considerati come interazioni i commenti, perch\u00e9 non univoci e tutte le interazioni avvenute dopo il 17\/10\/2021.<br \/>l 3 post con maggiori interazioni oltre ad essere pubblicamente dichiarati sulle nostre pagine social verranno premiati con un buono coupon che sar\u00e0 inviato per mail del valore rispettivo di: \u20ac560 per il primo premio; \u20ac300 per il secondo ed \u20ac200 per il terzo. Il codice coupon sar\u00e0 valido solo per l&#8217;acquisto di 1 articolo e nella categorie indicate; quindi NON sar\u00e0 possibile utilizzarlo per acquistare pi\u00f9 borse o pi\u00f9 articoli presenti nei nostri cataloghi e NON sar\u00e0 valido per la Linea Moda ed il Lavato. Il coupon consegnato ai tre vincitori pu\u00f2 essere utilizzato solo 1 volta, quindi anche se non viene utilizzato tutto l&#8217;importo non sar\u00e0 possibile Ri-utilizzarlo ne scalere l&#8217;importo speso per un secondo utilizzo<\/span><\/p>\n\t\t<\/div>\n\t\t\t\t\n<style>\n#col-382736460 > .col-inner {\n  max-width: 100%;\n}\n<\/style>\n\t<\/div>\n\n\t\n<\/div>\n","protected":false},"excerpt":{"rendered":"<p>Vinci Pelletterie D&amp;D con UN tag Solo per te che sei un cliente speciale, ed hai acquistato una borsa Pelletterie D&amp;D avrai l&#8217;opportunit\u00e0 di partecipare al gioco &#8220;Vinci con il tag @pelletterieded&#8221; Partecipare \u00e8 facile, bastano 3 semplici passaggi:<\/p>\n","protected":false},"author":275,"featured_media":0,"parent":0,"menu_order":0,"comment_status":"closed","ping_status":"closed","template":"page-blank.php","meta":{"footnotes":""},"class_list":["post-155506","page","type-page","status-publish","hentry"],"yoast_head":"<!-- This site is optimized with the Yoast SEO plugin v27.4 - https:\/\/yoast.com\/product\/yoast-seo-wordpress\/ -->\n<title>VINCI PELLETTERIE D&amp;D CON UN TAG - Regali e giochi sui social - Pelletterie D&amp;D<\/title>\n<meta name=\"robots\" content=\"index, follow, max-snippet:-1, max-image-preview:large, max-video-preview:-1\" \/>\n<link rel=\"canonical\" href=\"https:\/\/pelletterieded.com\/it\/regali-e-giochi-sui-social\/\" \/>\n<meta property=\"og:locale\" content=\"it_IT\" \/>\n<meta property=\"og:type\" content=\"article\" \/>\n<meta property=\"og:title\" content=\"VINCI PELLETTERIE D&amp;D CON UN TAG - Regali e giochi sui social - Pelletterie D&amp;D\" \/>\n<meta property=\"og:description\" content=\"Vinci Pelletterie D&amp;D con UN tag Solo per te che sei un cliente speciale, ed hai acquistato una borsa Pelletterie D&amp;D avrai l&#8217;opportunit\u00e0 di partecipare al gioco &#8220;Vinci con il tag @pelletterieded&#8221; Partecipare \u00e8 facile, bastano 3 semplici passaggi:\" \/>\n<meta property=\"og:url\" content=\"https:\/\/pelletterieded.com\/it\/regali-e-giochi-sui-social\/\" \/>\n<meta property=\"og:site_name\" content=\"Pelletterie D&amp;D\" \/>\n<meta property=\"article:publisher\" content=\"https:\/\/www.facebook.com\/dedpelletterie\" \/>\n<meta property=\"article:modified_time\" content=\"2021-09-01T10:42:07+00:00\" \/>\n<meta name=\"twitter:card\" content=\"summary_large_image\" \/>\n<meta name=\"twitter:label1\" content=\"Tempo di lettura stimato\" \/>\n\t<meta name=\"twitter:data1\" content=\"3 minuti\" \/>\n<script type=\"application\/ld+json\" class=\"yoast-schema-graph\">{\"@context\":\"https:\\\/\\\/schema.org\",\"@graph\":[{\"@type\":\"WebPage\",\"@id\":\"https:\\\/\\\/pelletterieded.com\\\/it\\\/regali-e-giochi-sui-social\\\/\",\"url\":\"https:\\\/\\\/pelletterieded.com\\\/it\\\/regali-e-giochi-sui-social\\\/\",\"name\":\"VINCI PELLETTERIE D&D CON UN TAG - Regali e giochi sui social - Pelletterie D&amp;D\",\"isPartOf\":{\"@id\":\"https:\\\/\\\/pelletterieded.com\\\/it\\\/#website\"},\"datePublished\":\"2021-08-26T16:50:11+00:00\",\"dateModified\":\"2021-09-01T10:42:07+00:00\",\"breadcrumb\":{\"@id\":\"https:\\\/\\\/pelletterieded.com\\\/it\\\/regali-e-giochi-sui-social\\\/#breadcrumb\"},\"inLanguage\":\"it-IT\",\"potentialAction\":[{\"@type\":\"ReadAction\",\"target\":[\"https:\\\/\\\/pelletterieded.com\\\/it\\\/regali-e-giochi-sui-social\\\/\"]}]},{\"@type\":\"BreadcrumbList\",\"@id\":\"https:\\\/\\\/pelletterieded.com\\\/it\\\/regali-e-giochi-sui-social\\\/#breadcrumb\",\"itemListElement\":[{\"@type\":\"ListItem\",\"position\":1,\"name\":\"Pelletterie D&amp;D\",\"item\":\"https:\\\/\\\/pelletterieded.com\\\/it\\\/\"},{\"@type\":\"ListItem\",\"position\":2,\"name\":\"VINCI PELLETTERIE D&#038;D CON UN TAG &#8211; Regali e giochi sui social\"}]},{\"@type\":\"WebSite\",\"@id\":\"https:\\\/\\\/pelletterieded.com\\\/it\\\/#website\",\"url\":\"https:\\\/\\\/pelletterieded.com\\\/it\\\/\",\"name\":\"Pelletterie D&D\",\"description\":\"Outlet online di moda N\u00ba1 in Italia\",\"publisher\":{\"@id\":\"https:\\\/\\\/pelletterieded.com\\\/it\\\/#organization\"},\"potentialAction\":[{\"@type\":\"SearchAction\",\"target\":{\"@type\":\"EntryPoint\",\"urlTemplate\":\"https:\\\/\\\/pelletterieded.com\\\/it\\\/?s={search_term_string}\"},\"query-input\":{\"@type\":\"PropertyValueSpecification\",\"valueRequired\":true,\"valueName\":\"search_term_string\"}}],\"inLanguage\":\"it-IT\"},{\"@type\":\"Organization\",\"@id\":\"https:\\\/\\\/pelletterieded.com\\\/it\\\/#organization\",\"name\":\"Pelletterie D&D\",\"url\":\"https:\\\/\\\/pelletterieded.com\\\/it\\\/\",\"logo\":{\"@type\":\"ImageObject\",\"inLanguage\":\"it-IT\",\"@id\":\"https:\\\/\\\/pelletterieded.com\\\/it\\\/#\\\/schema\\\/logo\\\/image\\\/\",\"url\":\"https:\\\/\\\/pelletterieded.com\\\/wp-content\\\/uploads\\\/2019\\\/07\\\/logo-pelletterie-ded-mail.webp\",\"contentUrl\":\"https:\\\/\\\/pelletterieded.com\\\/wp-content\\\/uploads\\\/2019\\\/07\\\/logo-pelletterie-ded-mail.webp\",\"width\":185,\"height\":200,\"caption\":\"Pelletterie D&D\"},\"image\":{\"@id\":\"https:\\\/\\\/pelletterieded.com\\\/it\\\/#\\\/schema\\\/logo\\\/image\\\/\"},\"sameAs\":[\"https:\\\/\\\/www.facebook.com\\\/dedpelletterie\",\"https:\\\/\\\/www.instagram.com\\\/pelletterieded\\\/\"]}]}<\/script>\n<!-- \/ Yoast SEO plugin. -->","yoast_head_json":{"title":"VINCI PELLETTERIE D&D CON UN TAG - Regali e giochi sui social - Pelletterie D&amp;D","robots":{"index":"index","follow":"follow","max-snippet":"max-snippet:-1","max-image-preview":"max-image-preview:large","max-video-preview":"max-video-preview:-1"},"canonical":"https:\/\/pelletterieded.com\/it\/regali-e-giochi-sui-social\/","og_locale":"it_IT","og_type":"article","og_title":"VINCI PELLETTERIE D&D CON UN TAG - Regali e giochi sui social - Pelletterie D&amp;D","og_description":"Vinci Pelletterie D&amp;D con UN tag Solo per te che sei un cliente speciale, ed hai acquistato una borsa Pelletterie D&amp;D avrai l&#8217;opportunit\u00e0 di partecipare al gioco &#8220;Vinci con il tag @pelletterieded&#8221; Partecipare \u00e8 facile, bastano 3 semplici passaggi:","og_url":"https:\/\/pelletterieded.com\/it\/regali-e-giochi-sui-social\/","og_site_name":"Pelletterie D&amp;D","article_publisher":"https:\/\/www.facebook.com\/dedpelletterie","article_modified_time":"2021-09-01T10:42:07+00:00","twitter_card":"summary_large_image","twitter_misc":{"Tempo di lettura stimato":"3 minuti"},"schema":{"@context":"https:\/\/schema.org","@graph":[{"@type":"WebPage","@id":"https:\/\/pelletterieded.com\/it\/regali-e-giochi-sui-social\/","url":"https:\/\/pelletterieded.com\/it\/regali-e-giochi-sui-social\/","name":"VINCI PELLETTERIE D&D CON UN TAG - Regali e giochi sui social - Pelletterie D&amp;D","isPartOf":{"@id":"https:\/\/pelletterieded.com\/it\/#website"},"datePublished":"2021-08-26T16:50:11+00:00","dateModified":"2021-09-01T10:42:07+00:00","breadcrumb":{"@id":"https:\/\/pelletterieded.com\/it\/regali-e-giochi-sui-social\/#breadcrumb"},"inLanguage":"it-IT","potentialAction":[{"@type":"ReadAction","target":["https:\/\/pelletterieded.com\/it\/regali-e-giochi-sui-social\/"]}]},{"@type":"BreadcrumbList","@id":"https:\/\/pelletterieded.com\/it\/regali-e-giochi-sui-social\/#breadcrumb","itemListElement":[{"@type":"ListItem","position":1,"name":"Pelletterie D&amp;D","item":"https:\/\/pelletterieded.com\/it\/"},{"@type":"ListItem","position":2,"name":"VINCI PELLETTERIE D&#038;D CON UN TAG &#8211; Regali e giochi sui social"}]},{"@type":"WebSite","@id":"https:\/\/pelletterieded.com\/it\/#website","url":"https:\/\/pelletterieded.com\/it\/","name":"Pelletterie D&D","description":"Outlet online di moda N\u00ba1 in Italia","publisher":{"@id":"https:\/\/pelletterieded.com\/it\/#organization"},"potentialAction":[{"@type":"SearchAction","target":{"@type":"EntryPoint","urlTemplate":"https:\/\/pelletterieded.com\/it\/?s={search_term_string}"},"query-input":{"@type":"PropertyValueSpecification","valueRequired":true,"valueName":"search_term_string"}}],"inLanguage":"it-IT"},{"@type":"Organization","@id":"https:\/\/pelletterieded.com\/it\/#organization","name":"Pelletterie D&D","url":"https:\/\/pelletterieded.com\/it\/","logo":{"@type":"ImageObject","inLanguage":"it-IT","@id":"https:\/\/pelletterieded.com\/it\/#\/schema\/logo\/image\/","url":"https:\/\/pelletterieded.com\/wp-content\/uploads\/2019\/07\/logo-pelletterie-ded-mail.webp","contentUrl":"https:\/\/pelletterieded.com\/wp-content\/uploads\/2019\/07\/logo-pelletterie-ded-mail.webp","width":185,"height":200,"caption":"Pelletterie D&D"},"image":{"@id":"https:\/\/pelletterieded.com\/it\/#\/schema\/logo\/image\/"},"sameAs":["https:\/\/www.facebook.com\/dedpelletterie","https:\/\/www.instagram.com\/pelletterieded\/"]}]}},"_hostinger_reach_plugin_has_subscription_block":false,"_hostinger_reach_plugin_is_elementor":false,"_links":{"self":[{"href":"https:\/\/pelletterieded.com\/it\/wp-json\/wp\/v2\/pages\/155506","targetHints":{"allow":["GET"]}}],"collection":[{"href":"https:\/\/pelletterieded.com\/it\/wp-json\/wp\/v2\/pages"}],"about":[{"href":"https:\/\/pelletterieded.com\/it\/wp-json\/wp\/v2\/types\/page"}],"author":[{"embeddable":true,"href":"https:\/\/pelletterieded.com\/it\/wp-json\/wp\/v2\/users\/275"}],"replies":[{"embeddable":true,"href":"https:\/\/pelletterieded.com\/it\/wp-json\/wp\/v2\/comments?post=155506"}],"version-history":[{"count":33,"href":"https:\/\/pelletterieded.com\/it\/wp-json\/wp\/v2\/pages\/155506\/revisions"}],"predecessor-version":[{"id":155654,"href":"https:\/\/pelletterieded.com\/it\/wp-json\/wp\/v2\/pages\/155506\/revisions\/155654"}],"wp:attachment":[{"href":"https:\/\/pelletterieded.com\/it\/wp-json\/wp\/v2\/media?parent=155506"}],"curies":[{"name":"wp","href":"https:\/\/api.w.org\/{rel}","templated":true}]}}