{"id":108470,"date":"2020-07-31T10:42:33","date_gmt":"2020-07-31T08:42:33","guid":{"rendered":"http:\/\/pelletterieded.com\/home-page\/"},"modified":"2020-07-31T10:42:33","modified_gmt":"2020-07-31T08:42:33","slug":"home-page","status":"publish","type":"page","link":"https:\/\/pelletterieded.com\/it\/home-page\/","title":{"rendered":"Home Page"},"content":{"rendered":"","protected":false},"excerpt":{"rendered":"","protected":false},"author":275,"featured_media":0,"parent":0,"menu_order":1,"comment_status":"closed","ping_status":"closed","template":"page-blank.php","meta":{"footnotes":""},"class_list":["post-108470","page","type-page","status-publish","hentry"],"yoast_head":"<!-- This site is optimized with the Yoast SEO plugin v27.4 - https:\/\/yoast.com\/product\/yoast-seo-wordpress\/ -->\n<title>Pelletterie D&amp;D - Produzione e Vendita di Borse in Cuoio Fiorentino<\/title>\n<meta name=\"description\" content=\"Desde 1998, somos l\u00edderes en Italia en la producci\u00f3n y venta de aut\u00e9nticos bolsos de cuero florentino Made in Italy. 15% di sconto sul primo acquisto!\" \/>\n<meta name=\"robots\" content=\"index, follow, max-snippet:-1, max-image-preview:large, max-video-preview:-1\" \/>\n<link rel=\"canonical\" href=\"https:\/\/pelletterieded.com\/it\/home-page\/\" \/>\n<meta property=\"og:locale\" content=\"it_IT\" \/>\n<meta property=\"og:type\" content=\"article\" \/>\n<meta property=\"og:title\" content=\"Pelletterie D&amp;D - Produzione e Vendita di Borse in Cuoio Fiorentino\" \/>\n<meta property=\"og:description\" content=\"Desde 1998, somos l\u00edderes en Italia en la producci\u00f3n y venta de aut\u00e9nticos bolsos de cuero florentino Made in Italy. 15% di sconto sul primo acquisto!\" \/>\n<meta property=\"og:url\" content=\"https:\/\/pelletterieded.com\/it\/home-page\/\" \/>\n<meta property=\"og:site_name\" content=\"Pelletterie D&amp;D\" \/>\n<meta property=\"article:publisher\" content=\"https:\/\/www.facebook.com\/dedpelletterie\" \/>\n<meta name=\"twitter:card\" content=\"summary_large_image\" \/>\n<script type=\"application\/ld+json\" class=\"yoast-schema-graph\">{\"@context\":\"https:\\\/\\\/schema.org\",\"@graph\":[{\"@type\":\"WebPage\",\"@id\":\"https:\\\/\\\/pelletterieded.com\\\/it\\\/home-page\\\/\",\"url\":\"https:\\\/\\\/pelletterieded.com\\\/it\\\/home-page\\\/\",\"name\":\"Pelletterie D&D - Produzione e Vendita di Borse in Cuoio Fiorentino\",\"isPartOf\":{\"@id\":\"https:\\\/\\\/pelletterieded.com\\\/it\\\/#website\"},\"datePublished\":\"2020-07-31T08:42:33+00:00\",\"description\":\"Desde 1998, somos l\u00edderes en Italia en la producci\u00f3n y venta de aut\u00e9nticos bolsos de cuero florentino Made in Italy. 15% di sconto sul primo acquisto!\",\"breadcrumb\":{\"@id\":\"https:\\\/\\\/pelletterieded.com\\\/it\\\/home-page\\\/#breadcrumb\"},\"inLanguage\":\"it-IT\",\"potentialAction\":[{\"@type\":\"ReadAction\",\"target\":[\"https:\\\/\\\/pelletterieded.com\\\/it\\\/home-page\\\/\"]}]},{\"@type\":\"BreadcrumbList\",\"@id\":\"https:\\\/\\\/pelletterieded.com\\\/it\\\/home-page\\\/#breadcrumb\",\"itemListElement\":[{\"@type\":\"ListItem\",\"position\":1,\"name\":\"Pelletterie D&amp;D\",\"item\":\"https:\\\/\\\/pelletterieded.com\\\/it\\\/\"},{\"@type\":\"ListItem\",\"position\":2,\"name\":\"Home Page\"}]},{\"@type\":\"WebSite\",\"@id\":\"https:\\\/\\\/pelletterieded.com\\\/it\\\/#website\",\"url\":\"https:\\\/\\\/pelletterieded.com\\\/it\\\/\",\"name\":\"Pelletterie D&D\",\"description\":\"Outlet online di moda N\u00ba1 in Italia\",\"publisher\":{\"@id\":\"https:\\\/\\\/pelletterieded.com\\\/it\\\/#organization\"},\"potentialAction\":[{\"@type\":\"SearchAction\",\"target\":{\"@type\":\"EntryPoint\",\"urlTemplate\":\"https:\\\/\\\/pelletterieded.com\\\/it\\\/?s={search_term_string}\"},\"query-input\":{\"@type\":\"PropertyValueSpecification\",\"valueRequired\":true,\"valueName\":\"search_term_string\"}}],\"inLanguage\":\"it-IT\"},{\"@type\":\"Organization\",\"@id\":\"https:\\\/\\\/pelletterieded.com\\\/it\\\/#organization\",\"name\":\"Pelletterie D&D\",\"url\":\"https:\\\/\\\/pelletterieded.com\\\/it\\\/\",\"logo\":{\"@type\":\"ImageObject\",\"inLanguage\":\"it-IT\",\"@id\":\"https:\\\/\\\/pelletterieded.com\\\/it\\\/#\\\/schema\\\/logo\\\/image\\\/\",\"url\":\"https:\\\/\\\/pelletterieded.com\\\/wp-content\\\/uploads\\\/2019\\\/07\\\/logo-pelletterie-ded-mail.webp\",\"contentUrl\":\"https:\\\/\\\/pelletterieded.com\\\/wp-content\\\/uploads\\\/2019\\\/07\\\/logo-pelletterie-ded-mail.webp\",\"width\":185,\"height\":200,\"caption\":\"Pelletterie D&D\"},\"image\":{\"@id\":\"https:\\\/\\\/pelletterieded.com\\\/it\\\/#\\\/schema\\\/logo\\\/image\\\/\"},\"sameAs\":[\"https:\\\/\\\/www.facebook.com\\\/dedpelletterie\",\"https:\\\/\\\/www.instagram.com\\\/pelletterieded\\\/\"]}]}<\/script>\n<!-- \/ Yoast SEO plugin. -->","yoast_head_json":{"title":"Pelletterie D&D - Produzione e Vendita di Borse in Cuoio Fiorentino","description":"Desde 1998, somos l\u00edderes en Italia en la producci\u00f3n y venta de aut\u00e9nticos bolsos de cuero florentino Made in Italy. 15% di sconto sul primo acquisto!","robots":{"index":"index","follow":"follow","max-snippet":"max-snippet:-1","max-image-preview":"max-image-preview:large","max-video-preview":"max-video-preview:-1"},"canonical":"https:\/\/pelletterieded.com\/it\/home-page\/","og_locale":"it_IT","og_type":"article","og_title":"Pelletterie D&D - Produzione e Vendita di Borse in Cuoio Fiorentino","og_description":"Desde 1998, somos l\u00edderes en Italia en la producci\u00f3n y venta de aut\u00e9nticos bolsos de cuero florentino Made in Italy. 15% di sconto sul primo acquisto!","og_url":"https:\/\/pelletterieded.com\/it\/home-page\/","og_site_name":"Pelletterie D&amp;D","article_publisher":"https:\/\/www.facebook.com\/dedpelletterie","twitter_card":"summary_large_image","schema":{"@context":"https:\/\/schema.org","@graph":[{"@type":"WebPage","@id":"https:\/\/pelletterieded.com\/it\/home-page\/","url":"https:\/\/pelletterieded.com\/it\/home-page\/","name":"Pelletterie D&D - Produzione e Vendita di Borse in Cuoio Fiorentino","isPartOf":{"@id":"https:\/\/pelletterieded.com\/it\/#website"},"datePublished":"2020-07-31T08:42:33+00:00","description":"Desde 1998, somos l\u00edderes en Italia en la producci\u00f3n y venta de aut\u00e9nticos bolsos de cuero florentino Made in Italy. 15% di sconto sul primo acquisto!","breadcrumb":{"@id":"https:\/\/pelletterieded.com\/it\/home-page\/#breadcrumb"},"inLanguage":"it-IT","potentialAction":[{"@type":"ReadAction","target":["https:\/\/pelletterieded.com\/it\/home-page\/"]}]},{"@type":"BreadcrumbList","@id":"https:\/\/pelletterieded.com\/it\/home-page\/#breadcrumb","itemListElement":[{"@type":"ListItem","position":1,"name":"Pelletterie D&amp;D","item":"https:\/\/pelletterieded.com\/it\/"},{"@type":"ListItem","position":2,"name":"Home Page"}]},{"@type":"WebSite","@id":"https:\/\/pelletterieded.com\/it\/#website","url":"https:\/\/pelletterieded.com\/it\/","name":"Pelletterie D&D","description":"Outlet online di moda N\u00ba1 in Italia","publisher":{"@id":"https:\/\/pelletterieded.com\/it\/#organization"},"potentialAction":[{"@type":"SearchAction","target":{"@type":"EntryPoint","urlTemplate":"https:\/\/pelletterieded.com\/it\/?s={search_term_string}"},"query-input":{"@type":"PropertyValueSpecification","valueRequired":true,"valueName":"search_term_string"}}],"inLanguage":"it-IT"},{"@type":"Organization","@id":"https:\/\/pelletterieded.com\/it\/#organization","name":"Pelletterie D&D","url":"https:\/\/pelletterieded.com\/it\/","logo":{"@type":"ImageObject","inLanguage":"it-IT","@id":"https:\/\/pelletterieded.com\/it\/#\/schema\/logo\/image\/","url":"https:\/\/pelletterieded.com\/wp-content\/uploads\/2019\/07\/logo-pelletterie-ded-mail.webp","contentUrl":"https:\/\/pelletterieded.com\/wp-content\/uploads\/2019\/07\/logo-pelletterie-ded-mail.webp","width":185,"height":200,"caption":"Pelletterie D&D"},"image":{"@id":"https:\/\/pelletterieded.com\/it\/#\/schema\/logo\/image\/"},"sameAs":["https:\/\/www.facebook.com\/dedpelletterie","https:\/\/www.instagram.com\/pelletterieded\/"]}]}},"_hostinger_reach_plugin_has_subscription_block":false,"_hostinger_reach_plugin_is_elementor":false,"_links":{"self":[{"href":"https:\/\/pelletterieded.com\/it\/wp-json\/wp\/v2\/pages\/108470","targetHints":{"allow":["GET"]}}],"collection":[{"href":"https:\/\/pelletterieded.com\/it\/wp-json\/wp\/v2\/pages"}],"about":[{"href":"https:\/\/pelletterieded.com\/it\/wp-json\/wp\/v2\/types\/page"}],"author":[{"embeddable":true,"href":"https:\/\/pelletterieded.com\/it\/wp-json\/wp\/v2\/users\/275"}],"replies":[{"embeddable":true,"href":"https:\/\/pelletterieded.com\/it\/wp-json\/wp\/v2\/comments?post=108470"}],"version-history":[{"count":0,"href":"https:\/\/pelletterieded.com\/it\/wp-json\/wp\/v2\/pages\/108470\/revisions"}],"wp:attachment":[{"href":"https:\/\/pelletterieded.com\/it\/wp-json\/wp\/v2\/media?parent=108470"}],"curies":[{"name":"wp","href":"https:\/\/api.w.org\/{rel}","templated":true}]}}