{"id":140696,"date":"2021-04-28T19:57:13","date_gmt":"2021-04-28T17:57:13","guid":{"rendered":"http:\/\/pelletterieded.com\/service-de-collecte-et-de-livraison-pour-le-renouvellement-de-sacs\/"},"modified":"2021-04-29T16:05:17","modified_gmt":"2021-04-29T14:05:17","slug":"service-de-collecte-et-de-livraison-pour-le-renouvellement-de-sacs","status":"publish","type":"product","link":"https:\/\/pelletterieded.com\/fr\/shop\/borse-da-medico\/service-de-collecte-et-de-livraison-pour-le-renouvellement-de-sacs\/","title":{"rendered":"SERVICE DE COLLECTE ET DE LIVRAISON POUR LE RENOUVELLEMENT DE SACS"},"content":{"rendered":"<p>Seulement jusqu&rsquo;au 31 mai 2021, vous pouvez acheter le service d&rsquo;enl\u00e8vement et de livraison de votre ancien sac Pelletterie D&amp;D pour seulement 12 \u20ac. Nous vous enverrons un coursier pour r\u00e9cup\u00e9rer le sac, nous organiserons le service de renouvellement et nous le retournerons \u00e0 votre domicile !!<\/p>\n<h3>\nRESTAURER VOTRE SAC EN 4 \u00c9TAPES SEULEMENT:<\/h3>\n<p><strong>1. ACHETEZ LE SERVICE DE COLLECTION POUR SEULEMENT 12 \u20ac.<\/strong><\/p>\n<p><strong>2. EMBALLEZ VOTRE ANCIEN SAC Pelletterie D&amp;D.<\/strong><\/p>\n<p><strong>3. NOUS VOUS ENVOYERONS UN COURRIER POUR LE RECUEILLIR.<\/strong><\/p>\n<p><strong>4. ET NOUS VOUS LE RENVOYERONS COMME NEUF SANS FRAIS SUPPL\u00c9MENTAIRES.<\/strong><\/p>\n","protected":false},"excerpt":{"rendered":"<p>Seulement jusqu&rsquo;au 31 mai 2021, vous pouvez acheter le service d&rsquo;enl\u00e8vement et de livraison de votre ancien sac Pelletterie D&amp;D pour seulement 12 \u20ac. Nous vous enverrons un coursier pour r\u00e9cup\u00e9rer le sac, nous organiserons le service de renouvellement et nous le retournerons \u00e0 votre domicile !! RESTAURER VOTRE SAC EN 4 \u00c9TAPES SEULEMENT: 1. [&#8230;]\n","protected":false},"featured_media":140620,"comment_status":"closed","ping_status":"closed","template":"","meta":[],"product_brand":[],"product_cat":[333],"product_tag":[],"class_list":{"0":"post-140696","1":"product","2":"type-product","3":"status-publish","4":"has-post-thumbnail","6":"product_cat-borse-da-medico","8":"first","9":"outofstock","10":"shipping-taxable","11":"purchasable","12":"product-type-simple"},"yoast_head":"<!-- This site is optimized with the Yoast SEO plugin v27.5 - https:\/\/yoast.com\/product\/yoast-seo-wordpress\/ -->\n<title>SERVICE DE COLLECTE ET DE LIVRAISON POUR LE RENOUVELLEMENT DE SACS - Pelletterie D&amp;D<\/title>\n<meta name=\"robots\" content=\"index, follow, max-snippet:-1, max-image-preview:large, max-video-preview:-1\" \/>\n<link rel=\"canonical\" href=\"https:\/\/pelletterieded.com\/fr\/shop\/borse-da-medico\/service-de-collecte-et-de-livraison-pour-le-renouvellement-de-sacs\/\" \/>\n<meta property=\"og:locale\" content=\"fr_FR\" \/>\n<meta property=\"og:type\" content=\"article\" \/>\n<meta property=\"og:title\" content=\"SERVICE DE COLLECTE ET DE LIVRAISON POUR LE RENOUVELLEMENT DE SACS - Pelletterie D&amp;D\" \/>\n<meta property=\"og:description\" content=\"Seulement jusqu&rsquo;au 31 mai 2021, vous pouvez acheter le service d&rsquo;enl\u00e8vement et de livraison de votre ancien sac Pelletterie D&amp;D pour seulement 12 \u20ac. Nous vous enverrons un coursier pour r\u00e9cup\u00e9rer le sac, nous organiserons le service de renouvellement et nous le retournerons \u00e0 votre domicile !! RESTAURER VOTRE SAC EN 4 \u00c9TAPES SEULEMENT: 1. [...]\" \/>\n<meta property=\"og:url\" content=\"https:\/\/pelletterieded.com\/fr\/shop\/borse-da-medico\/service-de-collecte-et-de-livraison-pour-le-renouvellement-de-sacs\/\" \/>\n<meta property=\"og:site_name\" content=\"Pelletterie D&amp;D\" \/>\n<meta property=\"article:publisher\" content=\"https:\/\/www.facebook.com\/dedpelletterie\" \/>\n<meta property=\"article:modified_time\" content=\"2021-04-29T14:05:17+00:00\" \/>\n<meta property=\"og:image\" content=\"https:\/\/pelletterieded.com\/wp-content\/uploads\/2021\/04\/riparazione-borse-pelle-jpg.webp\" \/>\n\t<meta property=\"og:image:width\" content=\"1200\" \/>\n\t<meta property=\"og:image:height\" content=\"800\" \/>\n\t<meta property=\"og:image:type\" content=\"image\/jpeg\" \/>\n<meta name=\"twitter:card\" content=\"summary_large_image\" \/>\n<script type=\"application\/ld+json\" class=\"yoast-schema-graph\">{\"@context\":\"https:\\\/\\\/schema.org\",\"@graph\":[{\"@type\":\"WebPage\",\"@id\":\"https:\\\/\\\/pelletterieded.com\\\/fr\\\/shop\\\/borse-da-medico\\\/service-de-collecte-et-de-livraison-pour-le-renouvellement-de-sacs\\\/\",\"url\":\"https:\\\/\\\/pelletterieded.com\\\/fr\\\/shop\\\/borse-da-medico\\\/service-de-collecte-et-de-livraison-pour-le-renouvellement-de-sacs\\\/\",\"name\":\"SERVICE DE COLLECTE ET DE LIVRAISON POUR LE RENOUVELLEMENT DE SACS - Pelletterie D&amp;D\",\"isPartOf\":{\"@id\":\"https:\\\/\\\/pelletterieded.com\\\/fr\\\/#website\"},\"primaryImageOfPage\":{\"@id\":\"https:\\\/\\\/pelletterieded.com\\\/fr\\\/shop\\\/borse-da-medico\\\/service-de-collecte-et-de-livraison-pour-le-renouvellement-de-sacs\\\/#primaryimage\"},\"image\":{\"@id\":\"https:\\\/\\\/pelletterieded.com\\\/fr\\\/shop\\\/borse-da-medico\\\/service-de-collecte-et-de-livraison-pour-le-renouvellement-de-sacs\\\/#primaryimage\"},\"thumbnailUrl\":\"https:\\\/\\\/pelletterieded.com\\\/wp-content\\\/uploads\\\/2021\\\/04\\\/riparazione-borse-pelle-jpg.webp\",\"datePublished\":\"2021-04-28T17:57:13+00:00\",\"dateModified\":\"2021-04-29T14:05:17+00:00\",\"breadcrumb\":{\"@id\":\"https:\\\/\\\/pelletterieded.com\\\/fr\\\/shop\\\/borse-da-medico\\\/service-de-collecte-et-de-livraison-pour-le-renouvellement-de-sacs\\\/#breadcrumb\"},\"inLanguage\":\"fr-FR\",\"potentialAction\":[{\"@type\":\"ReadAction\",\"target\":[\"https:\\\/\\\/pelletterieded.com\\\/fr\\\/shop\\\/borse-da-medico\\\/service-de-collecte-et-de-livraison-pour-le-renouvellement-de-sacs\\\/\"]}]},{\"@type\":\"ImageObject\",\"inLanguage\":\"fr-FR\",\"@id\":\"https:\\\/\\\/pelletterieded.com\\\/fr\\\/shop\\\/borse-da-medico\\\/service-de-collecte-et-de-livraison-pour-le-renouvellement-de-sacs\\\/#primaryimage\",\"url\":\"https:\\\/\\\/pelletterieded.com\\\/wp-content\\\/uploads\\\/2021\\\/04\\\/riparazione-borse-pelle-jpg.webp\",\"contentUrl\":\"https:\\\/\\\/pelletterieded.com\\\/wp-content\\\/uploads\\\/2021\\\/04\\\/riparazione-borse-pelle-jpg.webp\",\"width\":1200,\"height\":800},{\"@type\":\"BreadcrumbList\",\"@id\":\"https:\\\/\\\/pelletterieded.com\\\/fr\\\/shop\\\/borse-da-medico\\\/service-de-collecte-et-de-livraison-pour-le-renouvellement-de-sacs\\\/#breadcrumb\",\"itemListElement\":[{\"@type\":\"ListItem\",\"position\":1,\"name\":\"Pelletterie D&amp;D\",\"item\":\"https:\\\/\\\/pelletterieded.com\\\/fr\\\/\"},{\"@type\":\"ListItem\",\"position\":2,\"name\":\"shop\",\"item\":\"https:\\\/\\\/pelletterieded.com\\\/fr\\\/shop\\\/\"},{\"@type\":\"ListItem\",\"position\":3,\"name\":\"Trousse de m\u00e9decin\",\"item\":\"https:\\\/\\\/pelletterieded.com\\\/fr\\\/categoria-prodotto\\\/borse-da-medico-fr\\\/\"},{\"@type\":\"ListItem\",\"position\":4,\"name\":\"SERVICE DE COLLECTE ET DE LIVRAISON POUR LE RENOUVELLEMENT DE SACS\"}]},{\"@type\":\"WebSite\",\"@id\":\"https:\\\/\\\/pelletterieded.com\\\/fr\\\/#website\",\"url\":\"https:\\\/\\\/pelletterieded.com\\\/fr\\\/\",\"name\":\"Pelletterie D&D\",\"description\":\"Pelletteria artigianale toscana specializzata in borse in pelle Made in Italy, borse da medico, donna, uomo e viaggio in pelle conciata al vegetale.\",\"publisher\":{\"@id\":\"https:\\\/\\\/pelletterieded.com\\\/fr\\\/#organization\"},\"potentialAction\":[{\"@type\":\"SearchAction\",\"target\":{\"@type\":\"EntryPoint\",\"urlTemplate\":\"https:\\\/\\\/pelletterieded.com\\\/fr\\\/?s={search_term_string}\"},\"query-input\":{\"@type\":\"PropertyValueSpecification\",\"valueRequired\":true,\"valueName\":\"search_term_string\"}}],\"inLanguage\":\"fr-FR\"},{\"@type\":\"Organization\",\"@id\":\"https:\\\/\\\/pelletterieded.com\\\/fr\\\/#organization\",\"name\":\"Pelletterie D&D\",\"alternateName\":\"D&D Pelletterie\",\"url\":\"https:\\\/\\\/pelletterieded.com\\\/fr\\\/\",\"logo\":{\"@type\":\"ImageObject\",\"inLanguage\":\"fr-FR\",\"@id\":\"https:\\\/\\\/pelletterieded.com\\\/fr\\\/#\\\/schema\\\/logo\\\/image\\\/\",\"url\":\"https:\\\/\\\/pelletterieded.com\\\/wp-content\\\/uploads\\\/2019\\\/07\\\/logo-pelletterie-ded-mail.webp\",\"contentUrl\":\"https:\\\/\\\/pelletterieded.com\\\/wp-content\\\/uploads\\\/2019\\\/07\\\/logo-pelletterie-ded-mail.webp\",\"width\":185,\"height\":200,\"caption\":\"Pelletterie D&D\"},\"image\":{\"@id\":\"https:\\\/\\\/pelletterieded.com\\\/fr\\\/#\\\/schema\\\/logo\\\/image\\\/\"},\"sameAs\":[\"https:\\\/\\\/www.facebook.com\\\/dedpelletterie\",\"https:\\\/\\\/www.instagram.com\\\/pelletterieded\\\/\"]}]}<\/script>\n<!-- \/ Yoast SEO plugin. -->","yoast_head_json":{"title":"SERVICE DE COLLECTE ET DE LIVRAISON POUR LE RENOUVELLEMENT DE SACS - Pelletterie D&amp;D","robots":{"index":"index","follow":"follow","max-snippet":"max-snippet:-1","max-image-preview":"max-image-preview:large","max-video-preview":"max-video-preview:-1"},"canonical":"https:\/\/pelletterieded.com\/fr\/shop\/borse-da-medico\/service-de-collecte-et-de-livraison-pour-le-renouvellement-de-sacs\/","og_locale":"fr_FR","og_type":"article","og_title":"SERVICE DE COLLECTE ET DE LIVRAISON POUR LE RENOUVELLEMENT DE SACS - Pelletterie D&amp;D","og_description":"Seulement jusqu&rsquo;au 31 mai 2021, vous pouvez acheter le service d&rsquo;enl\u00e8vement et de livraison de votre ancien sac Pelletterie D&amp;D pour seulement 12 \u20ac. Nous vous enverrons un coursier pour r\u00e9cup\u00e9rer le sac, nous organiserons le service de renouvellement et nous le retournerons \u00e0 votre domicile !! RESTAURER VOTRE SAC EN 4 \u00c9TAPES SEULEMENT: 1. [...]","og_url":"https:\/\/pelletterieded.com\/fr\/shop\/borse-da-medico\/service-de-collecte-et-de-livraison-pour-le-renouvellement-de-sacs\/","og_site_name":"Pelletterie D&amp;D","article_publisher":"https:\/\/www.facebook.com\/dedpelletterie","article_modified_time":"2021-04-29T14:05:17+00:00","og_image":[{"width":1200,"height":800,"url":"https:\/\/pelletterieded.com\/wp-content\/uploads\/2021\/04\/riparazione-borse-pelle-jpg.webp","type":"image\/jpeg"}],"twitter_card":"summary_large_image","schema":{"@context":"https:\/\/schema.org","@graph":[{"@type":"WebPage","@id":"https:\/\/pelletterieded.com\/fr\/shop\/borse-da-medico\/service-de-collecte-et-de-livraison-pour-le-renouvellement-de-sacs\/","url":"https:\/\/pelletterieded.com\/fr\/shop\/borse-da-medico\/service-de-collecte-et-de-livraison-pour-le-renouvellement-de-sacs\/","name":"SERVICE DE COLLECTE ET DE LIVRAISON POUR LE RENOUVELLEMENT DE SACS - Pelletterie D&amp;D","isPartOf":{"@id":"https:\/\/pelletterieded.com\/fr\/#website"},"primaryImageOfPage":{"@id":"https:\/\/pelletterieded.com\/fr\/shop\/borse-da-medico\/service-de-collecte-et-de-livraison-pour-le-renouvellement-de-sacs\/#primaryimage"},"image":{"@id":"https:\/\/pelletterieded.com\/fr\/shop\/borse-da-medico\/service-de-collecte-et-de-livraison-pour-le-renouvellement-de-sacs\/#primaryimage"},"thumbnailUrl":"https:\/\/pelletterieded.com\/wp-content\/uploads\/2021\/04\/riparazione-borse-pelle-jpg.webp","datePublished":"2021-04-28T17:57:13+00:00","dateModified":"2021-04-29T14:05:17+00:00","breadcrumb":{"@id":"https:\/\/pelletterieded.com\/fr\/shop\/borse-da-medico\/service-de-collecte-et-de-livraison-pour-le-renouvellement-de-sacs\/#breadcrumb"},"inLanguage":"fr-FR","potentialAction":[{"@type":"ReadAction","target":["https:\/\/pelletterieded.com\/fr\/shop\/borse-da-medico\/service-de-collecte-et-de-livraison-pour-le-renouvellement-de-sacs\/"]}]},{"@type":"ImageObject","inLanguage":"fr-FR","@id":"https:\/\/pelletterieded.com\/fr\/shop\/borse-da-medico\/service-de-collecte-et-de-livraison-pour-le-renouvellement-de-sacs\/#primaryimage","url":"https:\/\/pelletterieded.com\/wp-content\/uploads\/2021\/04\/riparazione-borse-pelle-jpg.webp","contentUrl":"https:\/\/pelletterieded.com\/wp-content\/uploads\/2021\/04\/riparazione-borse-pelle-jpg.webp","width":1200,"height":800},{"@type":"BreadcrumbList","@id":"https:\/\/pelletterieded.com\/fr\/shop\/borse-da-medico\/service-de-collecte-et-de-livraison-pour-le-renouvellement-de-sacs\/#breadcrumb","itemListElement":[{"@type":"ListItem","position":1,"name":"Pelletterie D&amp;D","item":"https:\/\/pelletterieded.com\/fr\/"},{"@type":"ListItem","position":2,"name":"shop","item":"https:\/\/pelletterieded.com\/fr\/shop\/"},{"@type":"ListItem","position":3,"name":"Trousse de m\u00e9decin","item":"https:\/\/pelletterieded.com\/fr\/categoria-prodotto\/borse-da-medico-fr\/"},{"@type":"ListItem","position":4,"name":"SERVICE DE COLLECTE ET DE LIVRAISON POUR LE RENOUVELLEMENT DE SACS"}]},{"@type":"WebSite","@id":"https:\/\/pelletterieded.com\/fr\/#website","url":"https:\/\/pelletterieded.com\/fr\/","name":"Pelletterie D&D","description":"Pelletteria artigianale toscana specializzata in borse in pelle Made in Italy, borse da medico, donna, uomo e viaggio in pelle conciata al vegetale.","publisher":{"@id":"https:\/\/pelletterieded.com\/fr\/#organization"},"potentialAction":[{"@type":"SearchAction","target":{"@type":"EntryPoint","urlTemplate":"https:\/\/pelletterieded.com\/fr\/?s={search_term_string}"},"query-input":{"@type":"PropertyValueSpecification","valueRequired":true,"valueName":"search_term_string"}}],"inLanguage":"fr-FR"},{"@type":"Organization","@id":"https:\/\/pelletterieded.com\/fr\/#organization","name":"Pelletterie D&D","alternateName":"D&D Pelletterie","url":"https:\/\/pelletterieded.com\/fr\/","logo":{"@type":"ImageObject","inLanguage":"fr-FR","@id":"https:\/\/pelletterieded.com\/fr\/#\/schema\/logo\/image\/","url":"https:\/\/pelletterieded.com\/wp-content\/uploads\/2019\/07\/logo-pelletterie-ded-mail.webp","contentUrl":"https:\/\/pelletterieded.com\/wp-content\/uploads\/2019\/07\/logo-pelletterie-ded-mail.webp","width":185,"height":200,"caption":"Pelletterie D&D"},"image":{"@id":"https:\/\/pelletterieded.com\/fr\/#\/schema\/logo\/image\/"},"sameAs":["https:\/\/www.facebook.com\/dedpelletterie","https:\/\/www.instagram.com\/pelletterieded\/"]}]}},"_links":{"self":[{"href":"https:\/\/pelletterieded.com\/fr\/wp-json\/wp\/v2\/product\/140696","targetHints":{"allow":["GET"]}}],"collection":[{"href":"https:\/\/pelletterieded.com\/fr\/wp-json\/wp\/v2\/product"}],"about":[{"href":"https:\/\/pelletterieded.com\/fr\/wp-json\/wp\/v2\/types\/product"}],"replies":[{"embeddable":true,"href":"https:\/\/pelletterieded.com\/fr\/wp-json\/wp\/v2\/comments?post=140696"}],"wp:featuredmedia":[{"embeddable":true,"href":"https:\/\/pelletterieded.com\/fr\/wp-json\/wp\/v2\/media\/140620"}],"wp:attachment":[{"href":"https:\/\/pelletterieded.com\/fr\/wp-json\/wp\/v2\/media?parent=140696"}],"wp:term":[{"taxonomy":"product_brand","embeddable":true,"href":"https:\/\/pelletterieded.com\/fr\/wp-json\/wp\/v2\/product_brand?post=140696"},{"taxonomy":"product_cat","embeddable":true,"href":"https:\/\/pelletterieded.com\/fr\/wp-json\/wp\/v2\/product_cat?post=140696"},{"taxonomy":"product_tag","embeddable":true,"href":"https:\/\/pelletterieded.com\/fr\/wp-json\/wp\/v2\/product_tag?post=140696"}],"curies":[{"name":"wp","href":"https:\/\/api.w.org\/{rel}","templated":true}]}}