{"id":130798,"date":"2021-02-16T15:44:23","date_gmt":"2021-02-16T14:44:34","guid":{"rendered":"http:\/\/pelletterieded.com\/?post_type=product&#038;p=130798"},"modified":"2025-07-27T16:00:56","modified_gmt":"2025-07-27T14:00:56","slug":"portefeuille-classique","status":"publish","type":"product","link":"https:\/\/pelletterieded.com\/fr\/shop\/portefeuilles-ded\/portefeuille-classique\/","title":{"rendered":"Portefeuille classique"},"content":{"rendered":"<p>Enti\u00e8rement r\u00e9alis\u00e9e en Italie par d\u2019habiles maroquiniers qui utilisent du cuir bovin et des tanins v\u00e9g\u00e9taux pour \u00eatre ensuite tamponn\u00e9 manuellement<\/p>\n<p>La caract\u00e9ristique de ce cuir naturel offre douceur au touch\u00e9 et un style inimitable de la maroquinerie italienne.<\/p>\n<p>La vente de l\u2019objet est g\u00e9r\u00e9e directement par l\u2019entreprise qui le produit<\/p>\n<p><strong>EXT\u00c9RIEURS :<\/strong><\/p>\n<p>\u2013 cuir grain\u00e9 \u00e0 la v\u00e9g\u00e9tale et tamponn\u00e9 manuellement<\/p>\n<p>\u2013 fabrication semi-souple<\/p>\n<p>\u2013\u00a0finitions ext\u00e9rieures ton sur ton<\/p>\n<p>\u2013 travail rebord\u00e9<\/p>\n<p><strong>INT\u00c9RIEURS:<\/strong><\/p>\n<p>\u2013 rev\u00eatement int\u00e9rieur en tissu ton sur ton<\/p>\n<p>\u2013 deux poches pour les billets<\/p>\n<p>\u2013 dix (huit verticaux deux lat\u00e9raux) poches pour cartes \/ documents<\/p>\n<p><strong>DIMENSIONS:<\/strong><\/p>\n<p>Largeur: 11cm | Hauteur: 9,5cm | Profondeur: 1,5cm<\/p>\n<p><strong>HOUSSE DE PROTECTION:<\/strong> Bo\u00eete<\/p>\n<p><strong>GARANTIE:<\/strong> 24 mois<\/p>\n<p><strong>CODE INTERNE:<\/strong> 102<\/p>\n","protected":false},"excerpt":{"rendered":"<p><strong>Largeur<\/strong>: 11cm | <strong>Hauteur<\/strong>: 9,5cm | <strong>Profondeur<\/strong>: 1,5cm<\/p>\n","protected":false},"featured_media":187652,"comment_status":"closed","ping_status":"closed","template":"","meta":[],"product_brand":[],"product_cat":[1116],"product_tag":[],"class_list":{"0":"post-130798","1":"product","2":"type-product","3":"status-publish","4":"has-post-thumbnail","6":"product_cat-portefeuilles-ded","8":"first","9":"instock","10":"shipping-taxable","11":"purchasable","12":"product-type-variable","13":"has-default-attributes","14":"wvs-archive-product-wrapper"},"yoast_head":"<!-- This site is optimized with the Yoast SEO plugin v27.4 - https:\/\/yoast.com\/product\/yoast-seo-wordpress\/ -->\n<title>Portefeuille classique - Pelletterie D&amp;D<\/title>\n<meta name=\"robots\" content=\"index, follow, max-snippet:-1, max-image-preview:large, max-video-preview:-1\" \/>\n<link rel=\"canonical\" href=\"https:\/\/pelletterieded.com\/fr\/shop\/portefeuilles-ded\/portefeuille-classique\/\" \/>\n<meta property=\"og:locale\" content=\"fr_FR\" \/>\n<meta property=\"og:type\" content=\"article\" \/>\n<meta property=\"og:title\" content=\"Portefeuille classique - Pelletterie D&amp;D\" \/>\n<meta property=\"og:description\" content=\"Largeur: 11cm | Hauteur: 9,5cm | Profondeur: 1,5cm\" \/>\n<meta property=\"og:url\" content=\"https:\/\/pelletterieded.com\/fr\/shop\/portefeuilles-ded\/portefeuille-classique\/\" \/>\n<meta property=\"og:site_name\" content=\"Pelletterie D&amp;D\" \/>\n<meta property=\"article:publisher\" content=\"https:\/\/www.facebook.com\/dedpelletterie\" \/>\n<meta property=\"article:modified_time\" content=\"2025-07-27T14:00:56+00:00\" \/>\n<meta property=\"og:image\" content=\"https:\/\/pelletterieded.com\/wp-content\/uploads\/2021\/02\/101-Miele-Photoroom-png.webp\" \/>\n\t<meta property=\"og:image:width\" content=\"1280\" \/>\n\t<meta property=\"og:image:height\" content=\"853\" \/>\n\t<meta property=\"og:image:type\" content=\"image\/png\" \/>\n<meta name=\"twitter:card\" content=\"summary_large_image\" \/>\n<meta name=\"twitter:label1\" content=\"Dur\u00e9e de lecture estim\u00e9e\" \/>\n\t<meta name=\"twitter:data1\" content=\"1 minute\" \/>\n<script type=\"application\/ld+json\" class=\"yoast-schema-graph\">{\"@context\":\"https:\\\/\\\/schema.org\",\"@graph\":[{\"@type\":\"WebPage\",\"@id\":\"https:\\\/\\\/pelletterieded.com\\\/fr\\\/shop\\\/portefeuilles-ded\\\/portefeuille-classique\\\/\",\"url\":\"https:\\\/\\\/pelletterieded.com\\\/fr\\\/shop\\\/portefeuilles-ded\\\/portefeuille-classique\\\/\",\"name\":\"Portefeuille classique - Pelletterie D&amp;D\",\"isPartOf\":{\"@id\":\"https:\\\/\\\/pelletterieded.com\\\/fr\\\/#website\"},\"primaryImageOfPage\":{\"@id\":\"https:\\\/\\\/pelletterieded.com\\\/fr\\\/shop\\\/portefeuilles-ded\\\/portefeuille-classique\\\/#primaryimage\"},\"image\":{\"@id\":\"https:\\\/\\\/pelletterieded.com\\\/fr\\\/shop\\\/portefeuilles-ded\\\/portefeuille-classique\\\/#primaryimage\"},\"thumbnailUrl\":\"https:\\\/\\\/pelletterieded.com\\\/wp-content\\\/uploads\\\/2021\\\/02\\\/101-Miele-Photoroom-png.webp\",\"datePublished\":\"2021-02-16T14:44:34+00:00\",\"dateModified\":\"2025-07-27T14:00:56+00:00\",\"breadcrumb\":{\"@id\":\"https:\\\/\\\/pelletterieded.com\\\/fr\\\/shop\\\/portefeuilles-ded\\\/portefeuille-classique\\\/#breadcrumb\"},\"inLanguage\":\"fr-FR\",\"potentialAction\":[{\"@type\":\"ReadAction\",\"target\":[\"https:\\\/\\\/pelletterieded.com\\\/fr\\\/shop\\\/portefeuilles-ded\\\/portefeuille-classique\\\/\"]}]},{\"@type\":\"ImageObject\",\"inLanguage\":\"fr-FR\",\"@id\":\"https:\\\/\\\/pelletterieded.com\\\/fr\\\/shop\\\/portefeuilles-ded\\\/portefeuille-classique\\\/#primaryimage\",\"url\":\"https:\\\/\\\/pelletterieded.com\\\/wp-content\\\/uploads\\\/2021\\\/02\\\/101-Miele-Photoroom-png.webp\",\"contentUrl\":\"https:\\\/\\\/pelletterieded.com\\\/wp-content\\\/uploads\\\/2021\\\/02\\\/101-Miele-Photoroom-png.webp\",\"width\":1280,\"height\":853},{\"@type\":\"BreadcrumbList\",\"@id\":\"https:\\\/\\\/pelletterieded.com\\\/fr\\\/shop\\\/portefeuilles-ded\\\/portefeuille-classique\\\/#breadcrumb\",\"itemListElement\":[{\"@type\":\"ListItem\",\"position\":1,\"name\":\"Pelletterie D&amp;D\",\"item\":\"https:\\\/\\\/pelletterieded.com\\\/fr\\\/\"},{\"@type\":\"ListItem\",\"position\":2,\"name\":\"shop\",\"item\":\"https:\\\/\\\/pelletterieded.com\\\/fr\\\/shop\\\/\"},{\"@type\":\"ListItem\",\"position\":3,\"name\":\"Portefeuilles D&amp;D\",\"item\":\"https:\\\/\\\/pelletterieded.com\\\/fr\\\/categoria-prodotto\\\/portefeuilles-ded\\\/\"},{\"@type\":\"ListItem\",\"position\":4,\"name\":\"Portefeuille classique\"}]},{\"@type\":\"WebSite\",\"@id\":\"https:\\\/\\\/pelletterieded.com\\\/fr\\\/#website\",\"url\":\"https:\\\/\\\/pelletterieded.com\\\/fr\\\/\",\"name\":\"Pelletterie D&D\",\"description\":\"Outlet online di moda N\u00ba1 in Italia\",\"publisher\":{\"@id\":\"https:\\\/\\\/pelletterieded.com\\\/fr\\\/#organization\"},\"potentialAction\":[{\"@type\":\"SearchAction\",\"target\":{\"@type\":\"EntryPoint\",\"urlTemplate\":\"https:\\\/\\\/pelletterieded.com\\\/fr\\\/?s={search_term_string}\"},\"query-input\":{\"@type\":\"PropertyValueSpecification\",\"valueRequired\":true,\"valueName\":\"search_term_string\"}}],\"inLanguage\":\"fr-FR\"},{\"@type\":\"Organization\",\"@id\":\"https:\\\/\\\/pelletterieded.com\\\/fr\\\/#organization\",\"name\":\"Pelletterie D&D\",\"url\":\"https:\\\/\\\/pelletterieded.com\\\/fr\\\/\",\"logo\":{\"@type\":\"ImageObject\",\"inLanguage\":\"fr-FR\",\"@id\":\"https:\\\/\\\/pelletterieded.com\\\/fr\\\/#\\\/schema\\\/logo\\\/image\\\/\",\"url\":\"https:\\\/\\\/pelletterieded.com\\\/wp-content\\\/uploads\\\/2019\\\/07\\\/logo-pelletterie-ded-mail.webp\",\"contentUrl\":\"https:\\\/\\\/pelletterieded.com\\\/wp-content\\\/uploads\\\/2019\\\/07\\\/logo-pelletterie-ded-mail.webp\",\"width\":185,\"height\":200,\"caption\":\"Pelletterie D&D\"},\"image\":{\"@id\":\"https:\\\/\\\/pelletterieded.com\\\/fr\\\/#\\\/schema\\\/logo\\\/image\\\/\"},\"sameAs\":[\"https:\\\/\\\/www.facebook.com\\\/dedpelletterie\",\"https:\\\/\\\/www.instagram.com\\\/pelletterieded\\\/\"]}]}<\/script>\n<!-- \/ Yoast SEO plugin. -->","yoast_head_json":{"title":"Portefeuille classique - Pelletterie D&amp;D","robots":{"index":"index","follow":"follow","max-snippet":"max-snippet:-1","max-image-preview":"max-image-preview:large","max-video-preview":"max-video-preview:-1"},"canonical":"https:\/\/pelletterieded.com\/fr\/shop\/portefeuilles-ded\/portefeuille-classique\/","og_locale":"fr_FR","og_type":"article","og_title":"Portefeuille classique - Pelletterie D&amp;D","og_description":"Largeur: 11cm | Hauteur: 9,5cm | Profondeur: 1,5cm","og_url":"https:\/\/pelletterieded.com\/fr\/shop\/portefeuilles-ded\/portefeuille-classique\/","og_site_name":"Pelletterie D&amp;D","article_publisher":"https:\/\/www.facebook.com\/dedpelletterie","article_modified_time":"2025-07-27T14:00:56+00:00","og_image":[{"width":1280,"height":853,"url":"https:\/\/pelletterieded.com\/wp-content\/uploads\/2021\/02\/101-Miele-Photoroom-png.webp","type":"image\/png"}],"twitter_card":"summary_large_image","twitter_misc":{"Dur\u00e9e de lecture estim\u00e9e":"1 minute"},"schema":{"@context":"https:\/\/schema.org","@graph":[{"@type":"WebPage","@id":"https:\/\/pelletterieded.com\/fr\/shop\/portefeuilles-ded\/portefeuille-classique\/","url":"https:\/\/pelletterieded.com\/fr\/shop\/portefeuilles-ded\/portefeuille-classique\/","name":"Portefeuille classique - Pelletterie D&amp;D","isPartOf":{"@id":"https:\/\/pelletterieded.com\/fr\/#website"},"primaryImageOfPage":{"@id":"https:\/\/pelletterieded.com\/fr\/shop\/portefeuilles-ded\/portefeuille-classique\/#primaryimage"},"image":{"@id":"https:\/\/pelletterieded.com\/fr\/shop\/portefeuilles-ded\/portefeuille-classique\/#primaryimage"},"thumbnailUrl":"https:\/\/pelletterieded.com\/wp-content\/uploads\/2021\/02\/101-Miele-Photoroom-png.webp","datePublished":"2021-02-16T14:44:34+00:00","dateModified":"2025-07-27T14:00:56+00:00","breadcrumb":{"@id":"https:\/\/pelletterieded.com\/fr\/shop\/portefeuilles-ded\/portefeuille-classique\/#breadcrumb"},"inLanguage":"fr-FR","potentialAction":[{"@type":"ReadAction","target":["https:\/\/pelletterieded.com\/fr\/shop\/portefeuilles-ded\/portefeuille-classique\/"]}]},{"@type":"ImageObject","inLanguage":"fr-FR","@id":"https:\/\/pelletterieded.com\/fr\/shop\/portefeuilles-ded\/portefeuille-classique\/#primaryimage","url":"https:\/\/pelletterieded.com\/wp-content\/uploads\/2021\/02\/101-Miele-Photoroom-png.webp","contentUrl":"https:\/\/pelletterieded.com\/wp-content\/uploads\/2021\/02\/101-Miele-Photoroom-png.webp","width":1280,"height":853},{"@type":"BreadcrumbList","@id":"https:\/\/pelletterieded.com\/fr\/shop\/portefeuilles-ded\/portefeuille-classique\/#breadcrumb","itemListElement":[{"@type":"ListItem","position":1,"name":"Pelletterie D&amp;D","item":"https:\/\/pelletterieded.com\/fr\/"},{"@type":"ListItem","position":2,"name":"shop","item":"https:\/\/pelletterieded.com\/fr\/shop\/"},{"@type":"ListItem","position":3,"name":"Portefeuilles D&amp;D","item":"https:\/\/pelletterieded.com\/fr\/categoria-prodotto\/portefeuilles-ded\/"},{"@type":"ListItem","position":4,"name":"Portefeuille classique"}]},{"@type":"WebSite","@id":"https:\/\/pelletterieded.com\/fr\/#website","url":"https:\/\/pelletterieded.com\/fr\/","name":"Pelletterie D&D","description":"Outlet online di moda N\u00ba1 in Italia","publisher":{"@id":"https:\/\/pelletterieded.com\/fr\/#organization"},"potentialAction":[{"@type":"SearchAction","target":{"@type":"EntryPoint","urlTemplate":"https:\/\/pelletterieded.com\/fr\/?s={search_term_string}"},"query-input":{"@type":"PropertyValueSpecification","valueRequired":true,"valueName":"search_term_string"}}],"inLanguage":"fr-FR"},{"@type":"Organization","@id":"https:\/\/pelletterieded.com\/fr\/#organization","name":"Pelletterie D&D","url":"https:\/\/pelletterieded.com\/fr\/","logo":{"@type":"ImageObject","inLanguage":"fr-FR","@id":"https:\/\/pelletterieded.com\/fr\/#\/schema\/logo\/image\/","url":"https:\/\/pelletterieded.com\/wp-content\/uploads\/2019\/07\/logo-pelletterie-ded-mail.webp","contentUrl":"https:\/\/pelletterieded.com\/wp-content\/uploads\/2019\/07\/logo-pelletterie-ded-mail.webp","width":185,"height":200,"caption":"Pelletterie D&D"},"image":{"@id":"https:\/\/pelletterieded.com\/fr\/#\/schema\/logo\/image\/"},"sameAs":["https:\/\/www.facebook.com\/dedpelletterie","https:\/\/www.instagram.com\/pelletterieded\/"]}]}},"_links":{"self":[{"href":"https:\/\/pelletterieded.com\/fr\/wp-json\/wp\/v2\/product\/130798","targetHints":{"allow":["GET"]}}],"collection":[{"href":"https:\/\/pelletterieded.com\/fr\/wp-json\/wp\/v2\/product"}],"about":[{"href":"https:\/\/pelletterieded.com\/fr\/wp-json\/wp\/v2\/types\/product"}],"replies":[{"embeddable":true,"href":"https:\/\/pelletterieded.com\/fr\/wp-json\/wp\/v2\/comments?post=130798"}],"wp:featuredmedia":[{"embeddable":true,"href":"https:\/\/pelletterieded.com\/fr\/wp-json\/wp\/v2\/media\/187652"}],"wp:attachment":[{"href":"https:\/\/pelletterieded.com\/fr\/wp-json\/wp\/v2\/media?parent=130798"}],"wp:term":[{"taxonomy":"product_brand","embeddable":true,"href":"https:\/\/pelletterieded.com\/fr\/wp-json\/wp\/v2\/product_brand?post=130798"},{"taxonomy":"product_cat","embeddable":true,"href":"https:\/\/pelletterieded.com\/fr\/wp-json\/wp\/v2\/product_cat?post=130798"},{"taxonomy":"product_tag","embeddable":true,"href":"https:\/\/pelletterieded.com\/fr\/wp-json\/wp\/v2\/product_tag?post=130798"}],"curies":[{"name":"wp","href":"https:\/\/api.w.org\/{rel}","templated":true}]}}