{"id":117135,"date":"2018-07-23T13:40:19","date_gmt":"2020-09-25T13:16:56","guid":{"rendered":"http:\/\/pelletterieded.com\/valise-trolley-football\/"},"modified":"2025-07-27T16:04:15","modified_gmt":"2025-07-27T14:04:15","slug":"valigia-trolley-football","status":"publish","type":"product","link":"https:\/\/pelletterieded.com\/fr\/shop\/borse-da-viaggio-fr\/trolley-fr\/valigia-trolley-football\/","title":{"rendered":"Valise Trolley Football"},"content":{"rendered":"<p>Enti\u00e8rement r\u00e9alis\u00e9e en Italie par d\u2019habiles maroquiniers qui utilisent du cuir bovin et des tanins v\u00e9g\u00e9taux pour \u00eatre ensuite tamponn\u00e9 manuellement<\/p>\n<p>La caract\u00e9ristique de ce cuir naturel offre douceur au touch\u00e9 et un style inimitable de la maroquinerie italienne.<\/p>\n<p>La vente de l\u2019objet est g\u00e9r\u00e9e directement par l\u2019entreprise qui le produit<\/p>\n<p><strong>EXT\u00c9RIEURS :<\/strong><\/p>\n<p>&#8211; cuir grain\u00e9 \u00e0 la v\u00e9g\u00e9tale et tamponn\u00e9 manuellement<\/p>\n<p>\u2013 fabrication semi-souple<\/p>\n<p>\u2013 fermeture zipp\u00e9e avec fermeture \u00e0 glissi\u00e8re rigide en m\u00e9tal et double tire-fermeture \u00e9clair<\/p>\n<p>\u2013 poign\u00e9e en cuir<\/p>\n<p>\u2013 bandouli\u00e8re en cuir r\u00e9glable et amovible et avec prot\u00e8ge-\u00e9paule<\/p>\n<p>&#8211; poign\u00e9e en cuir amovible<\/p>\n<p>\u2013 compartiment porte-chaussures avec double tire-fermeture \u00e9clair<\/p>\n<p>\u2013 accessoires en m\u00e9tal<\/p>\n<p>&#8211; pieds et deux roulettes<\/p>\n<p><strong>INT\u00c9RIEURS :<\/strong><\/p>\n<p>\u2013 rev\u00eatement int\u00e9rieur en tissu<\/p>\n<p>&#8211; compartiment unique<\/p>\n<p>&#8211; poche porte-objets<\/p>\n<p>\u2013 une poche avec fermeture zipp\u00e9e avec revers en cuir<\/p>\n<p>\u2013 accessoires en m\u00e9tal<\/p>\n<p><strong>ACCESSOIRES :<\/strong><\/p>\n<p>\u2013 accessoires en laiton bross\u00e9 ( sur les variations couleur marron)<\/p>\n<p>\u2013 accessoires en palladium ( sur les variations couleurs rouge et noir)<\/p>\n<p><strong>DIMENSIONS :<\/strong><\/p>\n<p>Largeur: 53cm | Hauteur: 36cm | Profondeur: 28cm |<\/p>\n<p><strong>HOUSSE DE PROTECTION<\/strong> : pochette contre la poussi\u00e8re incluse<\/p>\n<p><strong>GARANTIE<\/strong>: 24 mois<\/p>\n<p><strong>CODE INTERNE: <\/strong>0303.<\/p>\n","protected":false},"excerpt":{"rendered":"<p><strong>Largeur:<\/strong> 53cm | <strong>Hauteur:<\/strong> 36cm | <strong>Profondeur:<\/strong> 28cm |<\/p>\n","protected":false},"featured_media":175359,"comment_status":"closed","ping_status":"closed","template":"","meta":[],"product_brand":[],"product_cat":[526,538],"product_tag":[],"class_list":{"0":"post-117135","1":"product","2":"type-product","3":"status-publish","4":"has-post-thumbnail","6":"product_cat-borse-da-viaggio-fr","7":"product_cat-trolley-fr","9":"first","10":"outofstock","11":"shipping-taxable","12":"purchasable","13":"product-type-variable","14":"has-default-attributes","15":"wvs-archive-product-wrapper"},"yoast_head":"<!-- This site is optimized with the Yoast SEO plugin v27.4 - https:\/\/yoast.com\/product\/yoast-seo-wordpress\/ -->\n<title>Valise Trolley Football - Pelletterie D&amp;D<\/title>\n<meta name=\"robots\" content=\"index, follow, max-snippet:-1, max-image-preview:large, max-video-preview:-1\" \/>\n<link rel=\"canonical\" href=\"https:\/\/pelletterieded.com\/fr\/shop\/borse-da-viaggio-fr\/trolley-fr\/valigia-trolley-football\/\" \/>\n<meta property=\"og:locale\" content=\"fr_FR\" \/>\n<meta property=\"og:type\" content=\"article\" \/>\n<meta property=\"og:title\" content=\"Valise Trolley Football - Pelletterie D&amp;D\" \/>\n<meta property=\"og:description\" content=\"Largeur: 53cm | Hauteur: 36cm | Profondeur: 28cm |\" \/>\n<meta property=\"og:url\" content=\"https:\/\/pelletterieded.com\/fr\/shop\/borse-da-viaggio-fr\/trolley-fr\/valigia-trolley-football\/\" \/>\n<meta property=\"og:site_name\" content=\"Pelletterie D&amp;D\" \/>\n<meta property=\"article:publisher\" content=\"https:\/\/www.facebook.com\/dedpelletterie\" \/>\n<meta property=\"article:modified_time\" content=\"2025-07-27T14:04:15+00:00\" \/>\n<meta property=\"og:image\" content=\"https:\/\/pelletterieded.com\/wp-content\/uploads\/2019\/09\/MG_2217-scaled-jpg.webp\" \/>\n\t<meta property=\"og:image:width\" content=\"2560\" \/>\n\t<meta property=\"og:image:height\" content=\"1707\" \/>\n\t<meta property=\"og:image:type\" content=\"image\/jpeg\" \/>\n<meta name=\"twitter:card\" content=\"summary_large_image\" \/>\n<meta name=\"twitter:label1\" content=\"Dur\u00e9e de lecture estim\u00e9e\" \/>\n\t<meta name=\"twitter:data1\" content=\"1 minute\" \/>\n<script type=\"application\/ld+json\" class=\"yoast-schema-graph\">{\"@context\":\"https:\\\/\\\/schema.org\",\"@graph\":[{\"@type\":\"WebPage\",\"@id\":\"https:\\\/\\\/pelletterieded.com\\\/fr\\\/shop\\\/borse-da-viaggio-fr\\\/trolley-fr\\\/valigia-trolley-football\\\/\",\"url\":\"https:\\\/\\\/pelletterieded.com\\\/fr\\\/shop\\\/borse-da-viaggio-fr\\\/trolley-fr\\\/valigia-trolley-football\\\/\",\"name\":\"Valise Trolley Football - Pelletterie D&amp;D\",\"isPartOf\":{\"@id\":\"https:\\\/\\\/pelletterieded.com\\\/fr\\\/#website\"},\"primaryImageOfPage\":{\"@id\":\"https:\\\/\\\/pelletterieded.com\\\/fr\\\/shop\\\/borse-da-viaggio-fr\\\/trolley-fr\\\/valigia-trolley-football\\\/#primaryimage\"},\"image\":{\"@id\":\"https:\\\/\\\/pelletterieded.com\\\/fr\\\/shop\\\/borse-da-viaggio-fr\\\/trolley-fr\\\/valigia-trolley-football\\\/#primaryimage\"},\"thumbnailUrl\":\"https:\\\/\\\/pelletterieded.com\\\/wp-content\\\/uploads\\\/2019\\\/09\\\/MG_2217-scaled-jpg.webp\",\"datePublished\":\"2020-09-25T13:16:56+00:00\",\"dateModified\":\"2025-07-27T14:04:15+00:00\",\"breadcrumb\":{\"@id\":\"https:\\\/\\\/pelletterieded.com\\\/fr\\\/shop\\\/borse-da-viaggio-fr\\\/trolley-fr\\\/valigia-trolley-football\\\/#breadcrumb\"},\"inLanguage\":\"fr-FR\",\"potentialAction\":[{\"@type\":\"ReadAction\",\"target\":[\"https:\\\/\\\/pelletterieded.com\\\/fr\\\/shop\\\/borse-da-viaggio-fr\\\/trolley-fr\\\/valigia-trolley-football\\\/\"]}]},{\"@type\":\"ImageObject\",\"inLanguage\":\"fr-FR\",\"@id\":\"https:\\\/\\\/pelletterieded.com\\\/fr\\\/shop\\\/borse-da-viaggio-fr\\\/trolley-fr\\\/valigia-trolley-football\\\/#primaryimage\",\"url\":\"https:\\\/\\\/pelletterieded.com\\\/wp-content\\\/uploads\\\/2019\\\/09\\\/MG_2217-scaled-jpg.webp\",\"contentUrl\":\"https:\\\/\\\/pelletterieded.com\\\/wp-content\\\/uploads\\\/2019\\\/09\\\/MG_2217-scaled-jpg.webp\",\"width\":2560,\"height\":1707},{\"@type\":\"BreadcrumbList\",\"@id\":\"https:\\\/\\\/pelletterieded.com\\\/fr\\\/shop\\\/borse-da-viaggio-fr\\\/trolley-fr\\\/valigia-trolley-football\\\/#breadcrumb\",\"itemListElement\":[{\"@type\":\"ListItem\",\"position\":1,\"name\":\"Pelletterie D&amp;D\",\"item\":\"https:\\\/\\\/pelletterieded.com\\\/fr\\\/\"},{\"@type\":\"ListItem\",\"position\":2,\"name\":\"shop\",\"item\":\"https:\\\/\\\/pelletterieded.com\\\/fr\\\/shop\\\/\"},{\"@type\":\"ListItem\",\"position\":3,\"name\":\"Sacs de voyage\",\"item\":\"https:\\\/\\\/pelletterieded.com\\\/fr\\\/categoria-prodotto\\\/borse-da-viaggio-fr\\\/\"},{\"@type\":\"ListItem\",\"position\":4,\"name\":\"Trolley\",\"item\":\"https:\\\/\\\/pelletterieded.com\\\/fr\\\/categoria-prodotto\\\/borse-da-viaggio-fr\\\/trolley-fr\\\/\"},{\"@type\":\"ListItem\",\"position\":5,\"name\":\"Valise Trolley Football\"}]},{\"@type\":\"WebSite\",\"@id\":\"https:\\\/\\\/pelletterieded.com\\\/fr\\\/#website\",\"url\":\"https:\\\/\\\/pelletterieded.com\\\/fr\\\/\",\"name\":\"Pelletterie D&D\",\"description\":\"Outlet online di moda N\u00ba1 in Italia\",\"publisher\":{\"@id\":\"https:\\\/\\\/pelletterieded.com\\\/fr\\\/#organization\"},\"potentialAction\":[{\"@type\":\"SearchAction\",\"target\":{\"@type\":\"EntryPoint\",\"urlTemplate\":\"https:\\\/\\\/pelletterieded.com\\\/fr\\\/?s={search_term_string}\"},\"query-input\":{\"@type\":\"PropertyValueSpecification\",\"valueRequired\":true,\"valueName\":\"search_term_string\"}}],\"inLanguage\":\"fr-FR\"},{\"@type\":\"Organization\",\"@id\":\"https:\\\/\\\/pelletterieded.com\\\/fr\\\/#organization\",\"name\":\"Pelletterie D&D\",\"url\":\"https:\\\/\\\/pelletterieded.com\\\/fr\\\/\",\"logo\":{\"@type\":\"ImageObject\",\"inLanguage\":\"fr-FR\",\"@id\":\"https:\\\/\\\/pelletterieded.com\\\/fr\\\/#\\\/schema\\\/logo\\\/image\\\/\",\"url\":\"https:\\\/\\\/pelletterieded.com\\\/wp-content\\\/uploads\\\/2019\\\/07\\\/logo-pelletterie-ded-mail.webp\",\"contentUrl\":\"https:\\\/\\\/pelletterieded.com\\\/wp-content\\\/uploads\\\/2019\\\/07\\\/logo-pelletterie-ded-mail.webp\",\"width\":185,\"height\":200,\"caption\":\"Pelletterie D&D\"},\"image\":{\"@id\":\"https:\\\/\\\/pelletterieded.com\\\/fr\\\/#\\\/schema\\\/logo\\\/image\\\/\"},\"sameAs\":[\"https:\\\/\\\/www.facebook.com\\\/dedpelletterie\",\"https:\\\/\\\/www.instagram.com\\\/pelletterieded\\\/\"]}]}<\/script>\n<!-- \/ Yoast SEO plugin. -->","yoast_head_json":{"title":"Valise Trolley Football - Pelletterie D&amp;D","robots":{"index":"index","follow":"follow","max-snippet":"max-snippet:-1","max-image-preview":"max-image-preview:large","max-video-preview":"max-video-preview:-1"},"canonical":"https:\/\/pelletterieded.com\/fr\/shop\/borse-da-viaggio-fr\/trolley-fr\/valigia-trolley-football\/","og_locale":"fr_FR","og_type":"article","og_title":"Valise Trolley Football - Pelletterie D&amp;D","og_description":"Largeur: 53cm | Hauteur: 36cm | Profondeur: 28cm |","og_url":"https:\/\/pelletterieded.com\/fr\/shop\/borse-da-viaggio-fr\/trolley-fr\/valigia-trolley-football\/","og_site_name":"Pelletterie D&amp;D","article_publisher":"https:\/\/www.facebook.com\/dedpelletterie","article_modified_time":"2025-07-27T14:04:15+00:00","og_image":[{"width":2560,"height":1707,"url":"https:\/\/pelletterieded.com\/wp-content\/uploads\/2019\/09\/MG_2217-scaled-jpg.webp","type":"image\/jpeg"}],"twitter_card":"summary_large_image","twitter_misc":{"Dur\u00e9e de lecture estim\u00e9e":"1 minute"},"schema":{"@context":"https:\/\/schema.org","@graph":[{"@type":"WebPage","@id":"https:\/\/pelletterieded.com\/fr\/shop\/borse-da-viaggio-fr\/trolley-fr\/valigia-trolley-football\/","url":"https:\/\/pelletterieded.com\/fr\/shop\/borse-da-viaggio-fr\/trolley-fr\/valigia-trolley-football\/","name":"Valise Trolley Football - Pelletterie D&amp;D","isPartOf":{"@id":"https:\/\/pelletterieded.com\/fr\/#website"},"primaryImageOfPage":{"@id":"https:\/\/pelletterieded.com\/fr\/shop\/borse-da-viaggio-fr\/trolley-fr\/valigia-trolley-football\/#primaryimage"},"image":{"@id":"https:\/\/pelletterieded.com\/fr\/shop\/borse-da-viaggio-fr\/trolley-fr\/valigia-trolley-football\/#primaryimage"},"thumbnailUrl":"https:\/\/pelletterieded.com\/wp-content\/uploads\/2019\/09\/MG_2217-scaled-jpg.webp","datePublished":"2020-09-25T13:16:56+00:00","dateModified":"2025-07-27T14:04:15+00:00","breadcrumb":{"@id":"https:\/\/pelletterieded.com\/fr\/shop\/borse-da-viaggio-fr\/trolley-fr\/valigia-trolley-football\/#breadcrumb"},"inLanguage":"fr-FR","potentialAction":[{"@type":"ReadAction","target":["https:\/\/pelletterieded.com\/fr\/shop\/borse-da-viaggio-fr\/trolley-fr\/valigia-trolley-football\/"]}]},{"@type":"ImageObject","inLanguage":"fr-FR","@id":"https:\/\/pelletterieded.com\/fr\/shop\/borse-da-viaggio-fr\/trolley-fr\/valigia-trolley-football\/#primaryimage","url":"https:\/\/pelletterieded.com\/wp-content\/uploads\/2019\/09\/MG_2217-scaled-jpg.webp","contentUrl":"https:\/\/pelletterieded.com\/wp-content\/uploads\/2019\/09\/MG_2217-scaled-jpg.webp","width":2560,"height":1707},{"@type":"BreadcrumbList","@id":"https:\/\/pelletterieded.com\/fr\/shop\/borse-da-viaggio-fr\/trolley-fr\/valigia-trolley-football\/#breadcrumb","itemListElement":[{"@type":"ListItem","position":1,"name":"Pelletterie D&amp;D","item":"https:\/\/pelletterieded.com\/fr\/"},{"@type":"ListItem","position":2,"name":"shop","item":"https:\/\/pelletterieded.com\/fr\/shop\/"},{"@type":"ListItem","position":3,"name":"Sacs de voyage","item":"https:\/\/pelletterieded.com\/fr\/categoria-prodotto\/borse-da-viaggio-fr\/"},{"@type":"ListItem","position":4,"name":"Trolley","item":"https:\/\/pelletterieded.com\/fr\/categoria-prodotto\/borse-da-viaggio-fr\/trolley-fr\/"},{"@type":"ListItem","position":5,"name":"Valise Trolley Football"}]},{"@type":"WebSite","@id":"https:\/\/pelletterieded.com\/fr\/#website","url":"https:\/\/pelletterieded.com\/fr\/","name":"Pelletterie D&D","description":"Outlet online di moda N\u00ba1 in Italia","publisher":{"@id":"https:\/\/pelletterieded.com\/fr\/#organization"},"potentialAction":[{"@type":"SearchAction","target":{"@type":"EntryPoint","urlTemplate":"https:\/\/pelletterieded.com\/fr\/?s={search_term_string}"},"query-input":{"@type":"PropertyValueSpecification","valueRequired":true,"valueName":"search_term_string"}}],"inLanguage":"fr-FR"},{"@type":"Organization","@id":"https:\/\/pelletterieded.com\/fr\/#organization","name":"Pelletterie D&D","url":"https:\/\/pelletterieded.com\/fr\/","logo":{"@type":"ImageObject","inLanguage":"fr-FR","@id":"https:\/\/pelletterieded.com\/fr\/#\/schema\/logo\/image\/","url":"https:\/\/pelletterieded.com\/wp-content\/uploads\/2019\/07\/logo-pelletterie-ded-mail.webp","contentUrl":"https:\/\/pelletterieded.com\/wp-content\/uploads\/2019\/07\/logo-pelletterie-ded-mail.webp","width":185,"height":200,"caption":"Pelletterie D&D"},"image":{"@id":"https:\/\/pelletterieded.com\/fr\/#\/schema\/logo\/image\/"},"sameAs":["https:\/\/www.facebook.com\/dedpelletterie","https:\/\/www.instagram.com\/pelletterieded\/"]}]}},"_links":{"self":[{"href":"https:\/\/pelletterieded.com\/fr\/wp-json\/wp\/v2\/product\/117135","targetHints":{"allow":["GET"]}}],"collection":[{"href":"https:\/\/pelletterieded.com\/fr\/wp-json\/wp\/v2\/product"}],"about":[{"href":"https:\/\/pelletterieded.com\/fr\/wp-json\/wp\/v2\/types\/product"}],"replies":[{"embeddable":true,"href":"https:\/\/pelletterieded.com\/fr\/wp-json\/wp\/v2\/comments?post=117135"}],"wp:featuredmedia":[{"embeddable":true,"href":"https:\/\/pelletterieded.com\/fr\/wp-json\/wp\/v2\/media\/175359"}],"wp:attachment":[{"href":"https:\/\/pelletterieded.com\/fr\/wp-json\/wp\/v2\/media?parent=117135"}],"wp:term":[{"taxonomy":"product_brand","embeddable":true,"href":"https:\/\/pelletterieded.com\/fr\/wp-json\/wp\/v2\/product_brand?post=117135"},{"taxonomy":"product_cat","embeddable":true,"href":"https:\/\/pelletterieded.com\/fr\/wp-json\/wp\/v2\/product_cat?post=117135"},{"taxonomy":"product_tag","embeddable":true,"href":"https:\/\/pelletterieded.com\/fr\/wp-json\/wp\/v2\/product_tag?post=117135"}],"curies":[{"name":"wp","href":"https:\/\/api.w.org\/{rel}","templated":true}]}}