{"id":116031,"date":"2018-07-30T14:19:40","date_gmt":"2018-07-30T12:19:40","guid":{"rendered":"http:\/\/pelletterieded.com\/porte-vetements\/"},"modified":"2025-07-27T16:00:48","modified_gmt":"2025-07-27T14:00:48","slug":"porta-abiti","status":"publish","type":"product","link":"https:\/\/pelletterieded.com\/fr\/shop\/borse-da-viaggio-fr\/porta-abiti\/","title":{"rendered":"Porte v\u00eatements"},"content":{"rendered":"<p>Enti\u00e8rement r\u00e9alis\u00e9e en Italie par d\u2019habiles maroquiniers qui utilisent du cuir bovin et des tanins v\u00e9g\u00e9taux pour \u00eatre ensuite tamponn\u00e9 manuellement<\/p>\n<p>La caract\u00e9ristique de ce cuir naturel offre douceur au touch\u00e9 et un style inimitable de la maroquinerie italienne.<\/p>\n<p>La vente de l\u2019objet est g\u00e9r\u00e9e directement par l\u2019entreprise qui le produit<\/p>\n<p><strong>EXT\u00c9RIEURS :<\/strong><\/p>\n<p>&#8211; cuir grain\u00e9 \u00e0 la v\u00e9g\u00e9tale et tamponn\u00e9 manuellement<\/p>\n<p>&#8211; fabrication semi-souple<\/p>\n<p>&#8211; fermeture lat\u00e9rale avec fermeture zipp\u00e9e<\/p>\n<p>&#8211; ermeture sup\u00e9rieure avec trois boutons pression<\/p>\n<p>&#8211; Bandouli\u00e8re amovible et r\u00e9glable<\/p>\n<p>&#8211; accessoires en m\u00e9tal<\/p>\n<p>&#8211; deux poches avec fermeture zipp\u00e9e, dont la plus grande avec double tire-fermeture \u00e9clair<\/p>\n<p>&#8211; Une poche post\u00e9rieure avec fermeture zipp\u00e9e<\/p>\n<p><strong>INT\u00c9RIEURS :<\/strong><\/p>\n<p>&#8211; rev\u00eatement int\u00e9rieur en tissu<\/p>\n<p>&#8211; doublure de v\u00eatement en tissu avec fermeture \u00e0 glissi\u00e8re<\/p>\n<p>&#8211; trois anneaux m\u00e9talliques pour les cintres<\/p>\n<p>&#8211; deux cintres amovibles<\/p>\n<p>&#8211; bouton lat\u00e9ral (un de chaque c\u00f4t\u00e9) pour fixer la partie int\u00e9rieure en cuir du sac \u00e0 v\u00eatements<\/p>\n<p>&#8211; poche int\u00e9rieure avec fermeture zipp\u00e9e \u00e0 l&rsquo;int\u00e9rieur en cuir<\/p>\n<p>&#8211; accessoires en m\u00e9tal<\/p>\n<p><strong>ACCESSOIRES :<\/strong><\/p>\n<p>\u2013 accessoires en laiton bross\u00e9 ( sur les variations couleur marron)<\/p>\n<p>\u2013 accessoires en palladium ( sur les variations couleurs rouge et noir)<\/p>\n<p>Largeur: 55cm | Hauteur: 54cm | Profondeur: 3cm |<\/p>\n<p><strong>HOUSSE DE PROTECTION<\/strong> : pochette contre la poussi\u00e8re incluse<\/p>\n<p><strong>GARANTIE<\/strong>: 24 mois<\/p>\n<p><strong>CODE INTERNE<\/strong>: 0950.<\/p>\n","protected":false},"excerpt":{"rendered":"<p>Porte v\u00eatements<\/p>\n<p><strong>Largeur:<\/strong> 55cm | <strong>Hauteur:<\/strong> 54cm | <strong>Profondeur:<\/strong> 3cm |<\/p>\n","protected":false},"featured_media":125524,"comment_status":"closed","ping_status":"closed","template":"","meta":[],"product_brand":[],"product_cat":[526],"product_tag":[],"class_list":{"0":"post-116031","1":"product","2":"type-product","3":"status-publish","4":"has-post-thumbnail","6":"product_cat-borse-da-viaggio-fr","8":"first","9":"instock","10":"shipping-taxable","11":"purchasable","12":"product-type-variable","13":"has-default-attributes","14":"wvs-archive-product-wrapper"},"yoast_head":"<!-- This site is optimized with the Yoast SEO plugin v27.4 - https:\/\/yoast.com\/product\/yoast-seo-wordpress\/ -->\n<title>Porte v\u00eatements - Pelletterie D&amp;D<\/title>\n<meta name=\"robots\" content=\"index, follow, max-snippet:-1, max-image-preview:large, max-video-preview:-1\" \/>\n<link rel=\"canonical\" href=\"https:\/\/pelletterieded.com\/fr\/shop\/borse-da-viaggio-fr\/porta-abiti\/\" \/>\n<meta property=\"og:locale\" content=\"fr_FR\" \/>\n<meta property=\"og:type\" content=\"article\" \/>\n<meta property=\"og:title\" content=\"Porte v\u00eatements - Pelletterie D&amp;D\" \/>\n<meta property=\"og:description\" content=\"Porte v\u00eatements Largeur: 55cm | Hauteur: 54cm | Profondeur: 3cm |\" \/>\n<meta property=\"og:url\" content=\"https:\/\/pelletterieded.com\/fr\/shop\/borse-da-viaggio-fr\/porta-abiti\/\" \/>\n<meta property=\"og:site_name\" content=\"Pelletterie D&amp;D\" \/>\n<meta property=\"article:publisher\" content=\"https:\/\/www.facebook.com\/dedpelletterie\" \/>\n<meta property=\"article:modified_time\" content=\"2025-07-27T14:00:48+00:00\" \/>\n<meta property=\"og:image\" content=\"https:\/\/pelletterieded.com\/wp-content\/uploads\/2018\/07\/0950-marrone-scaled-jpg.webp\" \/>\n\t<meta property=\"og:image:width\" content=\"1725\" \/>\n\t<meta property=\"og:image:height\" content=\"2560\" \/>\n\t<meta property=\"og:image:type\" content=\"image\/jpeg\" \/>\n<meta name=\"twitter:card\" content=\"summary_large_image\" \/>\n<meta name=\"twitter:label1\" content=\"Dur\u00e9e de lecture estim\u00e9e\" \/>\n\t<meta name=\"twitter:data1\" content=\"1 minute\" \/>\n<script type=\"application\/ld+json\" class=\"yoast-schema-graph\">{\"@context\":\"https:\\\/\\\/schema.org\",\"@graph\":[{\"@type\":\"WebPage\",\"@id\":\"https:\\\/\\\/pelletterieded.com\\\/fr\\\/shop\\\/borse-da-viaggio-fr\\\/porta-abiti\\\/\",\"url\":\"https:\\\/\\\/pelletterieded.com\\\/fr\\\/shop\\\/borse-da-viaggio-fr\\\/porta-abiti\\\/\",\"name\":\"Porte v\u00eatements - Pelletterie D&amp;D\",\"isPartOf\":{\"@id\":\"https:\\\/\\\/pelletterieded.com\\\/fr\\\/#website\"},\"primaryImageOfPage\":{\"@id\":\"https:\\\/\\\/pelletterieded.com\\\/fr\\\/shop\\\/borse-da-viaggio-fr\\\/porta-abiti\\\/#primaryimage\"},\"image\":{\"@id\":\"https:\\\/\\\/pelletterieded.com\\\/fr\\\/shop\\\/borse-da-viaggio-fr\\\/porta-abiti\\\/#primaryimage\"},\"thumbnailUrl\":\"https:\\\/\\\/pelletterieded.com\\\/wp-content\\\/uploads\\\/2018\\\/07\\\/0950-marrone-scaled-jpg.webp\",\"datePublished\":\"2018-07-30T12:19:40+00:00\",\"dateModified\":\"2025-07-27T14:00:48+00:00\",\"breadcrumb\":{\"@id\":\"https:\\\/\\\/pelletterieded.com\\\/fr\\\/shop\\\/borse-da-viaggio-fr\\\/porta-abiti\\\/#breadcrumb\"},\"inLanguage\":\"fr-FR\",\"potentialAction\":[{\"@type\":\"ReadAction\",\"target\":[\"https:\\\/\\\/pelletterieded.com\\\/fr\\\/shop\\\/borse-da-viaggio-fr\\\/porta-abiti\\\/\"]}]},{\"@type\":\"ImageObject\",\"inLanguage\":\"fr-FR\",\"@id\":\"https:\\\/\\\/pelletterieded.com\\\/fr\\\/shop\\\/borse-da-viaggio-fr\\\/porta-abiti\\\/#primaryimage\",\"url\":\"https:\\\/\\\/pelletterieded.com\\\/wp-content\\\/uploads\\\/2018\\\/07\\\/0950-marrone-scaled-jpg.webp\",\"contentUrl\":\"https:\\\/\\\/pelletterieded.com\\\/wp-content\\\/uploads\\\/2018\\\/07\\\/0950-marrone-scaled-jpg.webp\",\"width\":1725,\"height\":2560},{\"@type\":\"BreadcrumbList\",\"@id\":\"https:\\\/\\\/pelletterieded.com\\\/fr\\\/shop\\\/borse-da-viaggio-fr\\\/porta-abiti\\\/#breadcrumb\",\"itemListElement\":[{\"@type\":\"ListItem\",\"position\":1,\"name\":\"Pelletterie D&amp;D\",\"item\":\"https:\\\/\\\/pelletterieded.com\\\/fr\\\/\"},{\"@type\":\"ListItem\",\"position\":2,\"name\":\"shop\",\"item\":\"https:\\\/\\\/pelletterieded.com\\\/fr\\\/shop\\\/\"},{\"@type\":\"ListItem\",\"position\":3,\"name\":\"Sacs de voyage\",\"item\":\"https:\\\/\\\/pelletterieded.com\\\/fr\\\/categoria-prodotto\\\/borse-da-viaggio-fr\\\/\"},{\"@type\":\"ListItem\",\"position\":4,\"name\":\"Porte v\u00eatements\"}]},{\"@type\":\"WebSite\",\"@id\":\"https:\\\/\\\/pelletterieded.com\\\/fr\\\/#website\",\"url\":\"https:\\\/\\\/pelletterieded.com\\\/fr\\\/\",\"name\":\"Pelletterie D&D\",\"description\":\"Outlet online di moda N\u00ba1 in Italia\",\"publisher\":{\"@id\":\"https:\\\/\\\/pelletterieded.com\\\/fr\\\/#organization\"},\"potentialAction\":[{\"@type\":\"SearchAction\",\"target\":{\"@type\":\"EntryPoint\",\"urlTemplate\":\"https:\\\/\\\/pelletterieded.com\\\/fr\\\/?s={search_term_string}\"},\"query-input\":{\"@type\":\"PropertyValueSpecification\",\"valueRequired\":true,\"valueName\":\"search_term_string\"}}],\"inLanguage\":\"fr-FR\"},{\"@type\":\"Organization\",\"@id\":\"https:\\\/\\\/pelletterieded.com\\\/fr\\\/#organization\",\"name\":\"Pelletterie D&D\",\"url\":\"https:\\\/\\\/pelletterieded.com\\\/fr\\\/\",\"logo\":{\"@type\":\"ImageObject\",\"inLanguage\":\"fr-FR\",\"@id\":\"https:\\\/\\\/pelletterieded.com\\\/fr\\\/#\\\/schema\\\/logo\\\/image\\\/\",\"url\":\"https:\\\/\\\/pelletterieded.com\\\/wp-content\\\/uploads\\\/2019\\\/07\\\/logo-pelletterie-ded-mail.webp\",\"contentUrl\":\"https:\\\/\\\/pelletterieded.com\\\/wp-content\\\/uploads\\\/2019\\\/07\\\/logo-pelletterie-ded-mail.webp\",\"width\":185,\"height\":200,\"caption\":\"Pelletterie D&D\"},\"image\":{\"@id\":\"https:\\\/\\\/pelletterieded.com\\\/fr\\\/#\\\/schema\\\/logo\\\/image\\\/\"},\"sameAs\":[\"https:\\\/\\\/www.facebook.com\\\/dedpelletterie\",\"https:\\\/\\\/www.instagram.com\\\/pelletterieded\\\/\"]}]}<\/script>\n<!-- \/ Yoast SEO plugin. -->","yoast_head_json":{"title":"Porte v\u00eatements - Pelletterie D&amp;D","robots":{"index":"index","follow":"follow","max-snippet":"max-snippet:-1","max-image-preview":"max-image-preview:large","max-video-preview":"max-video-preview:-1"},"canonical":"https:\/\/pelletterieded.com\/fr\/shop\/borse-da-viaggio-fr\/porta-abiti\/","og_locale":"fr_FR","og_type":"article","og_title":"Porte v\u00eatements - Pelletterie D&amp;D","og_description":"Porte v\u00eatements Largeur: 55cm | Hauteur: 54cm | Profondeur: 3cm |","og_url":"https:\/\/pelletterieded.com\/fr\/shop\/borse-da-viaggio-fr\/porta-abiti\/","og_site_name":"Pelletterie D&amp;D","article_publisher":"https:\/\/www.facebook.com\/dedpelletterie","article_modified_time":"2025-07-27T14:00:48+00:00","og_image":[{"width":1725,"height":2560,"url":"https:\/\/pelletterieded.com\/wp-content\/uploads\/2018\/07\/0950-marrone-scaled-jpg.webp","type":"image\/jpeg"}],"twitter_card":"summary_large_image","twitter_misc":{"Dur\u00e9e de lecture estim\u00e9e":"1 minute"},"schema":{"@context":"https:\/\/schema.org","@graph":[{"@type":"WebPage","@id":"https:\/\/pelletterieded.com\/fr\/shop\/borse-da-viaggio-fr\/porta-abiti\/","url":"https:\/\/pelletterieded.com\/fr\/shop\/borse-da-viaggio-fr\/porta-abiti\/","name":"Porte v\u00eatements - Pelletterie D&amp;D","isPartOf":{"@id":"https:\/\/pelletterieded.com\/fr\/#website"},"primaryImageOfPage":{"@id":"https:\/\/pelletterieded.com\/fr\/shop\/borse-da-viaggio-fr\/porta-abiti\/#primaryimage"},"image":{"@id":"https:\/\/pelletterieded.com\/fr\/shop\/borse-da-viaggio-fr\/porta-abiti\/#primaryimage"},"thumbnailUrl":"https:\/\/pelletterieded.com\/wp-content\/uploads\/2018\/07\/0950-marrone-scaled-jpg.webp","datePublished":"2018-07-30T12:19:40+00:00","dateModified":"2025-07-27T14:00:48+00:00","breadcrumb":{"@id":"https:\/\/pelletterieded.com\/fr\/shop\/borse-da-viaggio-fr\/porta-abiti\/#breadcrumb"},"inLanguage":"fr-FR","potentialAction":[{"@type":"ReadAction","target":["https:\/\/pelletterieded.com\/fr\/shop\/borse-da-viaggio-fr\/porta-abiti\/"]}]},{"@type":"ImageObject","inLanguage":"fr-FR","@id":"https:\/\/pelletterieded.com\/fr\/shop\/borse-da-viaggio-fr\/porta-abiti\/#primaryimage","url":"https:\/\/pelletterieded.com\/wp-content\/uploads\/2018\/07\/0950-marrone-scaled-jpg.webp","contentUrl":"https:\/\/pelletterieded.com\/wp-content\/uploads\/2018\/07\/0950-marrone-scaled-jpg.webp","width":1725,"height":2560},{"@type":"BreadcrumbList","@id":"https:\/\/pelletterieded.com\/fr\/shop\/borse-da-viaggio-fr\/porta-abiti\/#breadcrumb","itemListElement":[{"@type":"ListItem","position":1,"name":"Pelletterie D&amp;D","item":"https:\/\/pelletterieded.com\/fr\/"},{"@type":"ListItem","position":2,"name":"shop","item":"https:\/\/pelletterieded.com\/fr\/shop\/"},{"@type":"ListItem","position":3,"name":"Sacs de voyage","item":"https:\/\/pelletterieded.com\/fr\/categoria-prodotto\/borse-da-viaggio-fr\/"},{"@type":"ListItem","position":4,"name":"Porte v\u00eatements"}]},{"@type":"WebSite","@id":"https:\/\/pelletterieded.com\/fr\/#website","url":"https:\/\/pelletterieded.com\/fr\/","name":"Pelletterie D&D","description":"Outlet online di moda N\u00ba1 in Italia","publisher":{"@id":"https:\/\/pelletterieded.com\/fr\/#organization"},"potentialAction":[{"@type":"SearchAction","target":{"@type":"EntryPoint","urlTemplate":"https:\/\/pelletterieded.com\/fr\/?s={search_term_string}"},"query-input":{"@type":"PropertyValueSpecification","valueRequired":true,"valueName":"search_term_string"}}],"inLanguage":"fr-FR"},{"@type":"Organization","@id":"https:\/\/pelletterieded.com\/fr\/#organization","name":"Pelletterie D&D","url":"https:\/\/pelletterieded.com\/fr\/","logo":{"@type":"ImageObject","inLanguage":"fr-FR","@id":"https:\/\/pelletterieded.com\/fr\/#\/schema\/logo\/image\/","url":"https:\/\/pelletterieded.com\/wp-content\/uploads\/2019\/07\/logo-pelletterie-ded-mail.webp","contentUrl":"https:\/\/pelletterieded.com\/wp-content\/uploads\/2019\/07\/logo-pelletterie-ded-mail.webp","width":185,"height":200,"caption":"Pelletterie D&D"},"image":{"@id":"https:\/\/pelletterieded.com\/fr\/#\/schema\/logo\/image\/"},"sameAs":["https:\/\/www.facebook.com\/dedpelletterie","https:\/\/www.instagram.com\/pelletterieded\/"]}]}},"_links":{"self":[{"href":"https:\/\/pelletterieded.com\/fr\/wp-json\/wp\/v2\/product\/116031","targetHints":{"allow":["GET"]}}],"collection":[{"href":"https:\/\/pelletterieded.com\/fr\/wp-json\/wp\/v2\/product"}],"about":[{"href":"https:\/\/pelletterieded.com\/fr\/wp-json\/wp\/v2\/types\/product"}],"replies":[{"embeddable":true,"href":"https:\/\/pelletterieded.com\/fr\/wp-json\/wp\/v2\/comments?post=116031"}],"wp:featuredmedia":[{"embeddable":true,"href":"https:\/\/pelletterieded.com\/fr\/wp-json\/wp\/v2\/media\/125524"}],"wp:attachment":[{"href":"https:\/\/pelletterieded.com\/fr\/wp-json\/wp\/v2\/media?parent=116031"}],"wp:term":[{"taxonomy":"product_brand","embeddable":true,"href":"https:\/\/pelletterieded.com\/fr\/wp-json\/wp\/v2\/product_brand?post=116031"},{"taxonomy":"product_cat","embeddable":true,"href":"https:\/\/pelletterieded.com\/fr\/wp-json\/wp\/v2\/product_cat?post=116031"},{"taxonomy":"product_tag","embeddable":true,"href":"https:\/\/pelletterieded.com\/fr\/wp-json\/wp\/v2\/product_tag?post=116031"}],"curies":[{"name":"wp","href":"https:\/\/api.w.org\/{rel}","templated":true}]}}