{"id":114996,"date":"2019-11-20T12:01:36","date_gmt":"2020-09-21T15:31:55","guid":{"rendered":"http:\/\/pelletterieded.com\/trousse-voyage\/"},"modified":"2025-07-27T16:04:14","modified_gmt":"2025-07-27T14:04:14","slug":"borsa-voyage","status":"publish","type":"product","link":"https:\/\/pelletterieded.com\/fr\/shop\/donna-fr\/borsa-a-tracolla-fr\/borsa-voyage\/","title":{"rendered":"Trousse Voyage"},"content":{"rendered":"<p style=\"background: white;margin: 0cm 0cm 15.6pt 0cm\"><span style=\"font-family: 'Arial',sans-serif;color: #4f4f4f\">Enti\u00e8rement r\u00e9alis\u00e9e en Italie par d\u2019habiles maroquiniers qui utilisent du cuir bovin et des tanins v\u00e9g\u00e9taux pour \u00eatre ensuite tamponn\u00e9 manuellement<\/span><\/p>\n<p style=\"background: white;margin: 0cm 0cm 15.6pt 0cm\"><span style=\"font-family: 'Arial',sans-serif;color: #4f4f4f\">La caract\u00e9ristique de ce cuir naturel offre douceur au touch\u00e9 et un style inimitable de la maroquinerie italienne.<\/span><\/p>\n<p style=\"background: white;margin: 0cm 0cm 15.6pt 0cm\"><span style=\"font-family: 'Arial',sans-serif;color: #4f4f4f\">La vente de l\u2019objet est g\u00e9r\u00e9e directement par l\u2019entreprise qui le produit<\/span><\/p>\n<p style=\"background: white;margin: 0cm 0cm 15.6pt 0cm\"><strong><span style=\"font-family: 'Arial',sans-serif;color: #4f4f4f\">EXT\u00c9RIEURS :<\/span><\/strong><\/p>\n<p style=\"background: white;margin: 0cm 0cm 15.6pt 0cm\"><span style=\"font-family: 'Arial',sans-serif;color: #4f4f4f\">&#8211; cuir grain\u00e9 \u00e0 la v\u00e9g\u00e9tale et tamponn\u00e9 manuellement<\/span><\/p>\n<p style=\"background: white;margin: 0cm 0cm 15.6pt 0cm\"><span style=\"font-family: 'Arial',sans-serif;color: #4f4f4f\">\u2013 fabrication semi-souple<\/span><\/p>\n<p style=\"background: white;margin: 0cm 0cm 15.6pt 0cm\"><span style=\"font-family: 'Arial',sans-serif;color: #4f4f4f\">\u2013 chiusura con pattina e bottone magnetico<\/span><\/p>\n<p style=\"background: white;margin: 0cm 0cm 15.6pt 0cm\"><span style=\"font-family: 'Arial',sans-serif;color: #4f4f4f\">\u2013 Bandouli\u00e8re en cuir r\u00e9glable<\/span><\/p>\n<p style=\"background: white;margin: 0cm 0cm 15.6pt 0cm\"><span style=\"font-family: 'Arial',sans-serif;color: #4f4f4f\">\u2013 accessoires en m\u00e9tal<\/span><\/p>\n<p style=\"background: white;margin: 0cm 0cm 15.6pt 0cm\"><strong><span style=\"font-family: 'Arial',sans-serif;color: #4f4f4f\">INT\u00c9RIEURS :<\/span><\/strong><\/p>\n<p style=\"background: white;margin: 0cm 0cm 15.6pt 0cm\"><span style=\"font-family: 'Arial',sans-serif;color: #4f4f4f\">\u2013 rev\u00eatement int\u00e9rieur en tissu<\/span><\/p>\n<p style=\"background: white;margin: 0cm 0cm 15.6pt 0cm\"><span style=\"font-family: 'Arial',sans-serif;color: #4f4f4f\">\u2013 deux compartiments<\/span><\/p>\n<p style=\"background: white;margin: 0cm 0cm 15.6pt 0cm\"><span style=\"font-family: 'Arial',sans-serif;color: #4f4f4f\">\u2013 cloison avec fermeture zipp\u00e9e<\/span><\/p>\n<p style=\"background: white;margin: 0cm 0cm 15.6pt 0cm\"><span style=\"font-family: 'Arial',sans-serif;color: #4f4f4f\">\u2013 Une poche avec fermeture zipp\u00e9e<\/span><\/p>\n<p style=\"background: white;margin: 0cm 0cm 15.6pt 0cm\"><span style=\"font-family: 'Arial',sans-serif;color: #4f4f4f\">\u2013 une poche porte-cartes<\/span><\/p>\n<p style=\"background: white;margin: 0cm 0cm 15.6pt 0cm\"><span style=\"font-family: 'Arial',sans-serif;color: #4f4f4f\">\u2013 accessoires en m\u00e9tal<\/span><\/p>\n<p style=\"background: white;margin: 0cm 0cm 15.6pt 0cm\"><strong><span style=\"font-family: 'Arial',sans-serif;color: #4f4f4f\">ACCESSOIRES :<\/span><\/strong><\/p>\n<p style=\"background: white;margin: 0cm 0cm 15.6pt 0cm\"><span style=\"font-family: 'Arial',sans-serif;color: #4f4f4f\">\u2013 accessoires en laiton bross\u00e9 ( sur les variations couleur marron)<\/span><\/p>\n<p style=\"background: white;margin: 0cm 0cm 15.6pt 0cm\"><span style=\"font-family: 'Arial',sans-serif;color: #4f4f4f\">\u2013 accessoires en palladium ( sur les variations couleurs rouge et noir)<\/span><\/p>\n<p style=\"background: white;margin: 0cm 0cm 15.6pt 0cm\"><strong><span style=\"font-family: 'Arial',sans-serif;color: #4f4f4f\">DIMENSIONS :<\/span><\/strong><\/p>\n<p style=\"background: white;margin: 0cm 0cm 15.6pt 0cm\"><span style=\"font-family: 'Arial',sans-serif;color: #4f4f4f\">Largeur: 20cm | Hauteur: 16cm | Profondeur: 10cm | Poids: 0,5kg<\/span><\/p>\n<p>Longueur de la bandouli\u00e8re: 120cm<\/p>\n<p style=\"background: white;margin: 0cm 0cm 15.6pt 0cm\"><strong><span style=\"font-family: 'Arial',sans-serif;color: #4f4f4f\">HOUSSE DE PROTECTION<\/span><\/strong> : <span style=\"font-family: 'Arial',sans-serif;color: #4f4f4f\">pochette contre la poussi\u00e8re incluse<\/span><\/p>\n<p style=\"background: white;margin: 0cm 0cm 15.6pt 0cm\"><strong><span style=\"font-family: 'Arial',sans-serif;color: #4f4f4f\">GARANTIE<\/span><\/strong><span style=\"font-family: 'Arial',sans-serif;color: #4f4f4f\">: 24 mois.<\/span><\/p>\n<p><b>C<\/b><b style=\"font-size: 14.4px\">ODE INTERNE<\/b><b style=\"font-size: 14.4px\">: <\/b>1118.<\/p>\n","protected":false},"excerpt":{"rendered":"<p><span style=\"font-family: 'Arial',sans-serif;color: #4f4f4f\"><strong>Largeur<\/strong>: 20cm | <strong>Hauteur<\/strong>: 16cm | <strong>Profondeur:<\/strong> 10cm | <strong>Poids<\/strong>: 0,5kg<\/span><\/p>\n","protected":false},"featured_media":175703,"comment_status":"closed","ping_status":"closed","template":"","meta":[],"product_brand":[],"product_cat":[1320,902,557,561],"product_tag":[],"class_list":{"0":"post-114996","1":"product","2":"type-product","3":"status-publish","4":"has-post-thumbnail","6":"product_cat-20-de-reduction","7":"product_cat-deux-tons","8":"product_cat-donna-fr","9":"product_cat-borsa-a-tracolla-fr","11":"first","12":"instock","13":"shipping-taxable","14":"purchasable","15":"product-type-variable","16":"has-default-attributes","17":"wvs-archive-product-wrapper"},"yoast_head":"<!-- This site is optimized with the Yoast SEO plugin v27.5 - https:\/\/yoast.com\/product\/yoast-seo-wordpress\/ -->\n<title>Trousse Voyage - Pelletterie D&amp;D<\/title>\n<meta name=\"robots\" content=\"index, follow, max-snippet:-1, max-image-preview:large, max-video-preview:-1\" \/>\n<link rel=\"canonical\" href=\"https:\/\/pelletterieded.com\/fr\/shop\/donna-fr\/borsa-a-tracolla-fr\/borsa-voyage\/\" \/>\n<meta property=\"og:locale\" content=\"fr_FR\" \/>\n<meta property=\"og:type\" content=\"article\" \/>\n<meta property=\"og:title\" content=\"Trousse Voyage - Pelletterie D&amp;D\" \/>\n<meta property=\"og:description\" content=\"Largeur: 20cm | Hauteur: 16cm | Profondeur: 10cm | Poids: 0,5kg\" \/>\n<meta property=\"og:url\" content=\"https:\/\/pelletterieded.com\/fr\/shop\/donna-fr\/borsa-a-tracolla-fr\/borsa-voyage\/\" \/>\n<meta property=\"og:site_name\" content=\"Pelletterie D&amp;D\" \/>\n<meta property=\"article:publisher\" content=\"https:\/\/www.facebook.com\/dedpelletterie\" \/>\n<meta property=\"article:modified_time\" content=\"2025-07-27T14:04:14+00:00\" \/>\n<meta property=\"og:image\" content=\"https:\/\/pelletterieded.com\/wp-content\/uploads\/2019\/11\/Borsa-Voyage-miele-1-jpg.webp\" \/>\n\t<meta property=\"og:image:width\" content=\"1000\" \/>\n\t<meta property=\"og:image:height\" content=\"1200\" \/>\n\t<meta property=\"og:image:type\" content=\"image\/jpeg\" \/>\n<meta name=\"twitter:card\" content=\"summary_large_image\" \/>\n<meta name=\"twitter:label1\" content=\"Dur\u00e9e de lecture estim\u00e9e\" \/>\n\t<meta name=\"twitter:data1\" content=\"1 minute\" \/>\n<script type=\"application\/ld+json\" class=\"yoast-schema-graph\">{\"@context\":\"https:\\\/\\\/schema.org\",\"@graph\":[{\"@type\":\"WebPage\",\"@id\":\"https:\\\/\\\/pelletterieded.com\\\/fr\\\/shop\\\/donna-fr\\\/borsa-a-tracolla-fr\\\/borsa-voyage\\\/\",\"url\":\"https:\\\/\\\/pelletterieded.com\\\/fr\\\/shop\\\/donna-fr\\\/borsa-a-tracolla-fr\\\/borsa-voyage\\\/\",\"name\":\"Trousse Voyage - Pelletterie D&amp;D\",\"isPartOf\":{\"@id\":\"https:\\\/\\\/pelletterieded.com\\\/fr\\\/#website\"},\"primaryImageOfPage\":{\"@id\":\"https:\\\/\\\/pelletterieded.com\\\/fr\\\/shop\\\/donna-fr\\\/borsa-a-tracolla-fr\\\/borsa-voyage\\\/#primaryimage\"},\"image\":{\"@id\":\"https:\\\/\\\/pelletterieded.com\\\/fr\\\/shop\\\/donna-fr\\\/borsa-a-tracolla-fr\\\/borsa-voyage\\\/#primaryimage\"},\"thumbnailUrl\":\"https:\\\/\\\/pelletterieded.com\\\/wp-content\\\/uploads\\\/2019\\\/11\\\/Borsa-Voyage-miele-1-jpg.webp\",\"datePublished\":\"2020-09-21T15:31:55+00:00\",\"dateModified\":\"2025-07-27T14:04:14+00:00\",\"breadcrumb\":{\"@id\":\"https:\\\/\\\/pelletterieded.com\\\/fr\\\/shop\\\/donna-fr\\\/borsa-a-tracolla-fr\\\/borsa-voyage\\\/#breadcrumb\"},\"inLanguage\":\"fr-FR\",\"potentialAction\":[{\"@type\":\"ReadAction\",\"target\":[\"https:\\\/\\\/pelletterieded.com\\\/fr\\\/shop\\\/donna-fr\\\/borsa-a-tracolla-fr\\\/borsa-voyage\\\/\"]}]},{\"@type\":\"ImageObject\",\"inLanguage\":\"fr-FR\",\"@id\":\"https:\\\/\\\/pelletterieded.com\\\/fr\\\/shop\\\/donna-fr\\\/borsa-a-tracolla-fr\\\/borsa-voyage\\\/#primaryimage\",\"url\":\"https:\\\/\\\/pelletterieded.com\\\/wp-content\\\/uploads\\\/2019\\\/11\\\/Borsa-Voyage-miele-1-jpg.webp\",\"contentUrl\":\"https:\\\/\\\/pelletterieded.com\\\/wp-content\\\/uploads\\\/2019\\\/11\\\/Borsa-Voyage-miele-1-jpg.webp\",\"width\":1000,\"height\":1200},{\"@type\":\"BreadcrumbList\",\"@id\":\"https:\\\/\\\/pelletterieded.com\\\/fr\\\/shop\\\/donna-fr\\\/borsa-a-tracolla-fr\\\/borsa-voyage\\\/#breadcrumb\",\"itemListElement\":[{\"@type\":\"ListItem\",\"position\":1,\"name\":\"Pelletterie D&amp;D\",\"item\":\"https:\\\/\\\/pelletterieded.com\\\/fr\\\/\"},{\"@type\":\"ListItem\",\"position\":2,\"name\":\"shop\",\"item\":\"https:\\\/\\\/pelletterieded.com\\\/fr\\\/shop\\\/\"},{\"@type\":\"ListItem\",\"position\":3,\"name\":\"Femme\",\"item\":\"https:\\\/\\\/pelletterieded.com\\\/fr\\\/categoria-prodotto\\\/donna-fr\\\/\"},{\"@type\":\"ListItem\",\"position\":4,\"name\":\"Trousse Voyage\"}]},{\"@type\":\"WebSite\",\"@id\":\"https:\\\/\\\/pelletterieded.com\\\/fr\\\/#website\",\"url\":\"https:\\\/\\\/pelletterieded.com\\\/fr\\\/\",\"name\":\"Pelletterie D&D\",\"description\":\"Pelletteria artigianale toscana specializzata in borse in pelle Made in Italy, borse da medico, donna, uomo e viaggio in pelle conciata al vegetale.\",\"publisher\":{\"@id\":\"https:\\\/\\\/pelletterieded.com\\\/fr\\\/#organization\"},\"potentialAction\":[{\"@type\":\"SearchAction\",\"target\":{\"@type\":\"EntryPoint\",\"urlTemplate\":\"https:\\\/\\\/pelletterieded.com\\\/fr\\\/?s={search_term_string}\"},\"query-input\":{\"@type\":\"PropertyValueSpecification\",\"valueRequired\":true,\"valueName\":\"search_term_string\"}}],\"inLanguage\":\"fr-FR\"},{\"@type\":\"Organization\",\"@id\":\"https:\\\/\\\/pelletterieded.com\\\/fr\\\/#organization\",\"name\":\"Pelletterie D&D\",\"alternateName\":\"D&D Pelletterie\",\"url\":\"https:\\\/\\\/pelletterieded.com\\\/fr\\\/\",\"logo\":{\"@type\":\"ImageObject\",\"inLanguage\":\"fr-FR\",\"@id\":\"https:\\\/\\\/pelletterieded.com\\\/fr\\\/#\\\/schema\\\/logo\\\/image\\\/\",\"url\":\"https:\\\/\\\/pelletterieded.com\\\/wp-content\\\/uploads\\\/2019\\\/07\\\/logo-pelletterie-ded-mail.webp\",\"contentUrl\":\"https:\\\/\\\/pelletterieded.com\\\/wp-content\\\/uploads\\\/2019\\\/07\\\/logo-pelletterie-ded-mail.webp\",\"width\":185,\"height\":200,\"caption\":\"Pelletterie D&D\"},\"image\":{\"@id\":\"https:\\\/\\\/pelletterieded.com\\\/fr\\\/#\\\/schema\\\/logo\\\/image\\\/\"},\"sameAs\":[\"https:\\\/\\\/www.facebook.com\\\/dedpelletterie\",\"https:\\\/\\\/www.instagram.com\\\/pelletterieded\\\/\"]}]}<\/script>\n<!-- \/ Yoast SEO plugin. -->","yoast_head_json":{"title":"Trousse Voyage - Pelletterie D&amp;D","robots":{"index":"index","follow":"follow","max-snippet":"max-snippet:-1","max-image-preview":"max-image-preview:large","max-video-preview":"max-video-preview:-1"},"canonical":"https:\/\/pelletterieded.com\/fr\/shop\/donna-fr\/borsa-a-tracolla-fr\/borsa-voyage\/","og_locale":"fr_FR","og_type":"article","og_title":"Trousse Voyage - Pelletterie D&amp;D","og_description":"Largeur: 20cm | Hauteur: 16cm | Profondeur: 10cm | Poids: 0,5kg","og_url":"https:\/\/pelletterieded.com\/fr\/shop\/donna-fr\/borsa-a-tracolla-fr\/borsa-voyage\/","og_site_name":"Pelletterie D&amp;D","article_publisher":"https:\/\/www.facebook.com\/dedpelletterie","article_modified_time":"2025-07-27T14:04:14+00:00","og_image":[{"width":1000,"height":1200,"url":"https:\/\/pelletterieded.com\/wp-content\/uploads\/2019\/11\/Borsa-Voyage-miele-1-jpg.webp","type":"image\/jpeg"}],"twitter_card":"summary_large_image","twitter_misc":{"Dur\u00e9e de lecture estim\u00e9e":"1 minute"},"schema":{"@context":"https:\/\/schema.org","@graph":[{"@type":"WebPage","@id":"https:\/\/pelletterieded.com\/fr\/shop\/donna-fr\/borsa-a-tracolla-fr\/borsa-voyage\/","url":"https:\/\/pelletterieded.com\/fr\/shop\/donna-fr\/borsa-a-tracolla-fr\/borsa-voyage\/","name":"Trousse Voyage - Pelletterie D&amp;D","isPartOf":{"@id":"https:\/\/pelletterieded.com\/fr\/#website"},"primaryImageOfPage":{"@id":"https:\/\/pelletterieded.com\/fr\/shop\/donna-fr\/borsa-a-tracolla-fr\/borsa-voyage\/#primaryimage"},"image":{"@id":"https:\/\/pelletterieded.com\/fr\/shop\/donna-fr\/borsa-a-tracolla-fr\/borsa-voyage\/#primaryimage"},"thumbnailUrl":"https:\/\/pelletterieded.com\/wp-content\/uploads\/2019\/11\/Borsa-Voyage-miele-1-jpg.webp","datePublished":"2020-09-21T15:31:55+00:00","dateModified":"2025-07-27T14:04:14+00:00","breadcrumb":{"@id":"https:\/\/pelletterieded.com\/fr\/shop\/donna-fr\/borsa-a-tracolla-fr\/borsa-voyage\/#breadcrumb"},"inLanguage":"fr-FR","potentialAction":[{"@type":"ReadAction","target":["https:\/\/pelletterieded.com\/fr\/shop\/donna-fr\/borsa-a-tracolla-fr\/borsa-voyage\/"]}]},{"@type":"ImageObject","inLanguage":"fr-FR","@id":"https:\/\/pelletterieded.com\/fr\/shop\/donna-fr\/borsa-a-tracolla-fr\/borsa-voyage\/#primaryimage","url":"https:\/\/pelletterieded.com\/wp-content\/uploads\/2019\/11\/Borsa-Voyage-miele-1-jpg.webp","contentUrl":"https:\/\/pelletterieded.com\/wp-content\/uploads\/2019\/11\/Borsa-Voyage-miele-1-jpg.webp","width":1000,"height":1200},{"@type":"BreadcrumbList","@id":"https:\/\/pelletterieded.com\/fr\/shop\/donna-fr\/borsa-a-tracolla-fr\/borsa-voyage\/#breadcrumb","itemListElement":[{"@type":"ListItem","position":1,"name":"Pelletterie D&amp;D","item":"https:\/\/pelletterieded.com\/fr\/"},{"@type":"ListItem","position":2,"name":"shop","item":"https:\/\/pelletterieded.com\/fr\/shop\/"},{"@type":"ListItem","position":3,"name":"Femme","item":"https:\/\/pelletterieded.com\/fr\/categoria-prodotto\/donna-fr\/"},{"@type":"ListItem","position":4,"name":"Trousse Voyage"}]},{"@type":"WebSite","@id":"https:\/\/pelletterieded.com\/fr\/#website","url":"https:\/\/pelletterieded.com\/fr\/","name":"Pelletterie D&D","description":"Pelletteria artigianale toscana specializzata in borse in pelle Made in Italy, borse da medico, donna, uomo e viaggio in pelle conciata al vegetale.","publisher":{"@id":"https:\/\/pelletterieded.com\/fr\/#organization"},"potentialAction":[{"@type":"SearchAction","target":{"@type":"EntryPoint","urlTemplate":"https:\/\/pelletterieded.com\/fr\/?s={search_term_string}"},"query-input":{"@type":"PropertyValueSpecification","valueRequired":true,"valueName":"search_term_string"}}],"inLanguage":"fr-FR"},{"@type":"Organization","@id":"https:\/\/pelletterieded.com\/fr\/#organization","name":"Pelletterie D&D","alternateName":"D&D Pelletterie","url":"https:\/\/pelletterieded.com\/fr\/","logo":{"@type":"ImageObject","inLanguage":"fr-FR","@id":"https:\/\/pelletterieded.com\/fr\/#\/schema\/logo\/image\/","url":"https:\/\/pelletterieded.com\/wp-content\/uploads\/2019\/07\/logo-pelletterie-ded-mail.webp","contentUrl":"https:\/\/pelletterieded.com\/wp-content\/uploads\/2019\/07\/logo-pelletterie-ded-mail.webp","width":185,"height":200,"caption":"Pelletterie D&D"},"image":{"@id":"https:\/\/pelletterieded.com\/fr\/#\/schema\/logo\/image\/"},"sameAs":["https:\/\/www.facebook.com\/dedpelletterie","https:\/\/www.instagram.com\/pelletterieded\/"]}]}},"_links":{"self":[{"href":"https:\/\/pelletterieded.com\/fr\/wp-json\/wp\/v2\/product\/114996","targetHints":{"allow":["GET"]}}],"collection":[{"href":"https:\/\/pelletterieded.com\/fr\/wp-json\/wp\/v2\/product"}],"about":[{"href":"https:\/\/pelletterieded.com\/fr\/wp-json\/wp\/v2\/types\/product"}],"replies":[{"embeddable":true,"href":"https:\/\/pelletterieded.com\/fr\/wp-json\/wp\/v2\/comments?post=114996"}],"wp:featuredmedia":[{"embeddable":true,"href":"https:\/\/pelletterieded.com\/fr\/wp-json\/wp\/v2\/media\/175703"}],"wp:attachment":[{"href":"https:\/\/pelletterieded.com\/fr\/wp-json\/wp\/v2\/media?parent=114996"}],"wp:term":[{"taxonomy":"product_brand","embeddable":true,"href":"https:\/\/pelletterieded.com\/fr\/wp-json\/wp\/v2\/product_brand?post=114996"},{"taxonomy":"product_cat","embeddable":true,"href":"https:\/\/pelletterieded.com\/fr\/wp-json\/wp\/v2\/product_cat?post=114996"},{"taxonomy":"product_tag","embeddable":true,"href":"https:\/\/pelletterieded.com\/fr\/wp-json\/wp\/v2\/product_tag?post=114996"}],"curies":[{"name":"wp","href":"https:\/\/api.w.org\/{rel}","templated":true}]}}