{"id":114939,"date":"2019-11-20T16:38:06","date_gmt":"2019-11-20T15:38:06","guid":{"rendered":"http:\/\/pelletterieded.com\/trousse-cremona\/"},"modified":"2025-07-27T16:04:05","modified_gmt":"2025-07-27T14:04:05","slug":"borsa-cremona","status":"publish","type":"product","link":"https:\/\/pelletterieded.com\/fr\/shop\/borse-da-medico\/borsa-cremona\/","title":{"rendered":"Trousse Cremona"},"content":{"rendered":"<p style=\"background: white;margin: 0cm 0cm 15.6pt 0cm\"><span style=\"font-family: 'Arial',sans-serif;color: #4f4f4f\">Enti\u00e8rement r\u00e9alis\u00e9e en Italie par d\u2019habiles maroquiniers qui utilisent du cuir bovin et des tanins v\u00e9g\u00e9taux pour \u00eatre ensuite tamponn\u00e9 manuellement<\/span><\/p>\n<p style=\"background: white;margin: 0cm 0cm 15.6pt 0cm\"><span style=\"font-family: 'Arial',sans-serif;color: #4f4f4f\">La caract\u00e9ristique de ce cuir naturel offre douceur au touch\u00e9 et un style inimitable de la maroquinerie italienne.<\/span><\/p>\n<p style=\"background: white;margin: 0cm 0cm 15.6pt 0cm\"><span style=\"font-family: 'Arial',sans-serif;color: #4f4f4f\">La vente de l\u2019objet est g\u00e9r\u00e9e directement par l\u2019entreprise qui le produit<\/span><\/p>\n<p style=\"background: white;margin: 0cm 0cm 15.6pt 0cm\"><strong><span style=\"font-family: 'Arial',sans-serif;color: #4f4f4f\">EXT\u00c9RIEURS :<\/span><\/strong><\/p>\n<p style=\"background: white;margin: 0cm 0cm 15.6pt 0cm\"><span style=\"font-family: 'Arial',sans-serif;color: #4f4f4f\">&#8211; cuir grain\u00e9 \u00e0 la v\u00e9g\u00e9tale et tamponn\u00e9 manuellement<\/span><\/p>\n<p style=\"background: white;margin: 0cm 0cm 15.6pt 0cm\"><span style=\"font-family: 'Arial',sans-serif;color: #4f4f4f\">\u2013 fabrication rigide<\/span><\/p>\n<p style=\"background: white;margin: 0cm 0cm 15.6pt 0cm\"><span style=\"font-family: 'Arial',sans-serif;color: #4f4f4f\">\u2013 Fermeture zipp\u00e9e<\/span><\/p>\n<p style=\"background: white;margin: 0cm 0cm 15.6pt 0cm\"><span style=\"font-family: 'Arial',sans-serif;color: #4f4f4f\">\u2013 poign\u00e9es amovible en cuir<\/span><\/p>\n<p style=\"background: white;margin: 0cm 0cm 15.6pt 0cm\"><span style=\"font-family: 'Arial',sans-serif;color: #4f4f4f\">\u2013 une poche ant\u00e9rieure<\/span><\/p>\n<p style=\"background: white;margin: 0cm 0cm 15.6pt 0cm\"><span style=\"font-family: 'Arial',sans-serif;color: #4f4f4f\">\u2013 accessoires en m\u00e9tal<\/span><\/p>\n<p style=\"background: white;margin: 0cm 0cm 15.6pt 0cm\"><strong><span style=\"font-family: 'Arial',sans-serif;color: #4f4f4f\">INT\u00c9RIEURS :<\/span><\/strong><\/p>\n<p style=\"background: white;margin: 0cm 0cm 15.6pt 0cm\"><span style=\"font-family: 'Arial',sans-serif;color: #4f4f4f\">\u2013 rev\u00eatement int\u00e9rieur en tissu<\/span><\/p>\n<p style=\"background: white;margin: 0cm 0cm 15.6pt 0cm\"><span style=\"font-family: 'Arial',sans-serif;color: #4f4f4f\">\u2013 deux compartiments<\/span><\/p>\n<p style=\"background: white;margin: 0cm 0cm 15.6pt 0cm\"><span style=\"font-family: 'Arial',sans-serif;color: #4f4f4f\">\u2013 cloison avec fermeture zipp\u00e9e<\/span><\/p>\n<p style=\"background: white;margin: 0cm 0cm 15.6pt 0cm\"><span style=\"font-family: 'Arial',sans-serif;color: #4f4f4f\">\u2013 poche porte-plume, t\u00e9l\u00e9phone et papier en cuir<\/span><\/p>\n<p style=\"background: white;margin: 0cm 0cm 15.6pt 0cm\"><span style=\"font-family: 'Arial',sans-serif;color: #4f4f4f\">\u2013 Une poche avec fermeture zipp\u00e9e<\/span><\/p>\n<p style=\"background: white;margin: 0cm 0cm 15.6pt 0cm\"><span style=\"font-family: 'Arial',sans-serif;color: #4f4f4f\">\u2013 accessoires en m\u00e9tal<\/span><\/p>\n<p style=\"background: white;margin: 0cm 0cm 15.6pt 0cm\"><strong><span style=\"font-family: 'Arial',sans-serif;color: #4f4f4f\">ACCESSOIRES :<\/span><\/strong><\/p>\n<p style=\"background: white;margin: 0cm 0cm 15.6pt 0cm\"><span style=\"font-family: 'Arial',sans-serif;color: #4f4f4f\">\u2013 accessoires en laiton bross\u00e9 ( sur les variations couleur marron)<\/span><\/p>\n<p style=\"background: white;margin: 0cm 0cm 15.6pt 0cm\"><span style=\"font-family: 'Arial',sans-serif;color: #4f4f4f\">\u2013 accessoires en palladium ( sur les variations couleurs rouge et noir)<\/span><\/p>\n<p style=\"background: white;margin: 0cm 0cm 15.6pt 0cm\"><strong><span style=\"font-family: 'Arial',sans-serif;color: #4f4f4f\">DIMENSIONS :<\/span><\/strong><\/p>\n<p style=\"background: white;margin: 0cm 0cm 15.6pt 0cm\"><span style=\"font-family: 'Arial',sans-serif;color: #4f4f4f\">Largeur: 35cm | Hauteur: 27cm | Profondeur: 8cm | Poids: 1kg<\/span><\/p>\n<p>Luminosit\u00e9 de la poign\u00e9e: 32cm<\/p>\n<p style=\"background: white;margin: 0cm 0cm 15.6pt 0cm\"><strong><span style=\"font-family: 'Arial',sans-serif;color: #4f4f4f\">HOUSSE DE PROTECTION<\/span><\/strong> : <span style=\"font-family: 'Arial',sans-serif;color: #4f4f4f\">pochette contre la poussi\u00e8re incluse<\/span><\/p>\n<p style=\"background: white;margin: 0cm 0cm 15.6pt 0cm\"><strong><span style=\"font-family: 'Arial',sans-serif;color: #4f4f4f\">GARANTIE<\/span><\/strong><span style=\"font-family: 'Arial',sans-serif;color: #4f4f4f\">: 24 mois.<\/span><\/p>\n<p><b>C<\/b><b style=\"font-size: 14.4px\">ODE INTERNE<\/b><b style=\"font-size: 14.4px\">: <\/b>1121.<\/p>\n","protected":false},"excerpt":{"rendered":"<p><span style=\"font-family: 'Arial',sans-serif;color: #4f4f4f\"><strong>Largeur<\/strong>: 35cm | <strong>Hateur<\/strong>: 27cm | <strong>Profondeur<\/strong>: 8cm | <strong>Poids<\/strong>: 1kg<\/span><\/p>\n","protected":false},"featured_media":107420,"comment_status":"closed","ping_status":"closed","template":"","meta":[],"product_brand":[],"product_cat":[333],"product_tag":[],"class_list":{"0":"post-114939","1":"product","2":"type-product","3":"status-publish","4":"has-post-thumbnail","6":"product_cat-borse-da-medico","8":"first","9":"instock","10":"shipping-taxable","11":"purchasable","12":"product-type-variable","13":"has-default-attributes","14":"wvs-archive-product-wrapper"},"yoast_head":"<!-- This site is optimized with the Yoast SEO plugin v27.4 - https:\/\/yoast.com\/product\/yoast-seo-wordpress\/ -->\n<title>Trousse Cremona - Pelletterie D&amp;D<\/title>\n<meta name=\"robots\" content=\"index, follow, max-snippet:-1, max-image-preview:large, max-video-preview:-1\" \/>\n<link rel=\"canonical\" href=\"https:\/\/pelletterieded.com\/fr\/shop\/borse-da-medico\/borsa-cremona\/\" \/>\n<meta property=\"og:locale\" content=\"fr_FR\" \/>\n<meta property=\"og:type\" content=\"article\" \/>\n<meta property=\"og:title\" content=\"Trousse Cremona - Pelletterie D&amp;D\" \/>\n<meta property=\"og:description\" content=\"Largeur: 35cm | Hateur: 27cm | Profondeur: 8cm | Poids: 1kg\" \/>\n<meta property=\"og:url\" content=\"https:\/\/pelletterieded.com\/fr\/shop\/borse-da-medico\/borsa-cremona\/\" \/>\n<meta property=\"og:site_name\" content=\"Pelletterie D&amp;D\" \/>\n<meta property=\"article:publisher\" content=\"https:\/\/www.facebook.com\/dedpelletterie\" \/>\n<meta property=\"article:modified_time\" content=\"2025-07-27T14:04:05+00:00\" \/>\n<meta property=\"og:image\" content=\"https:\/\/pelletterieded.com\/wp-content\/uploads\/2019\/11\/Borsa-Cremona-miele-jpg.avif\" \/>\n\t<meta property=\"og:image:width\" content=\"1000\" \/>\n\t<meta property=\"og:image:height\" content=\"1200\" \/>\n\t<meta property=\"og:image:type\" content=\"image\/jpeg\" \/>\n<meta name=\"twitter:card\" content=\"summary_large_image\" \/>\n<meta name=\"twitter:label1\" content=\"Dur\u00e9e de lecture estim\u00e9e\" \/>\n\t<meta name=\"twitter:data1\" content=\"1 minute\" \/>\n<script type=\"application\/ld+json\" class=\"yoast-schema-graph\">{\"@context\":\"https:\\\/\\\/schema.org\",\"@graph\":[{\"@type\":\"WebPage\",\"@id\":\"https:\\\/\\\/pelletterieded.com\\\/fr\\\/shop\\\/borse-da-medico\\\/borsa-cremona\\\/\",\"url\":\"https:\\\/\\\/pelletterieded.com\\\/fr\\\/shop\\\/borse-da-medico\\\/borsa-cremona\\\/\",\"name\":\"Trousse Cremona - Pelletterie D&amp;D\",\"isPartOf\":{\"@id\":\"https:\\\/\\\/pelletterieded.com\\\/fr\\\/#website\"},\"primaryImageOfPage\":{\"@id\":\"https:\\\/\\\/pelletterieded.com\\\/fr\\\/shop\\\/borse-da-medico\\\/borsa-cremona\\\/#primaryimage\"},\"image\":{\"@id\":\"https:\\\/\\\/pelletterieded.com\\\/fr\\\/shop\\\/borse-da-medico\\\/borsa-cremona\\\/#primaryimage\"},\"thumbnailUrl\":\"https:\\\/\\\/pelletterieded.com\\\/wp-content\\\/uploads\\\/2019\\\/11\\\/Borsa-Cremona-miele-jpg.avif\",\"datePublished\":\"2019-11-20T15:38:06+00:00\",\"dateModified\":\"2025-07-27T14:04:05+00:00\",\"breadcrumb\":{\"@id\":\"https:\\\/\\\/pelletterieded.com\\\/fr\\\/shop\\\/borse-da-medico\\\/borsa-cremona\\\/#breadcrumb\"},\"inLanguage\":\"fr-FR\",\"potentialAction\":[{\"@type\":\"ReadAction\",\"target\":[\"https:\\\/\\\/pelletterieded.com\\\/fr\\\/shop\\\/borse-da-medico\\\/borsa-cremona\\\/\"]}]},{\"@type\":\"ImageObject\",\"inLanguage\":\"fr-FR\",\"@id\":\"https:\\\/\\\/pelletterieded.com\\\/fr\\\/shop\\\/borse-da-medico\\\/borsa-cremona\\\/#primaryimage\",\"url\":\"https:\\\/\\\/pelletterieded.com\\\/wp-content\\\/uploads\\\/2019\\\/11\\\/Borsa-Cremona-miele-jpg.avif\",\"contentUrl\":\"https:\\\/\\\/pelletterieded.com\\\/wp-content\\\/uploads\\\/2019\\\/11\\\/Borsa-Cremona-miele-jpg.avif\",\"width\":1000,\"height\":1200},{\"@type\":\"BreadcrumbList\",\"@id\":\"https:\\\/\\\/pelletterieded.com\\\/fr\\\/shop\\\/borse-da-medico\\\/borsa-cremona\\\/#breadcrumb\",\"itemListElement\":[{\"@type\":\"ListItem\",\"position\":1,\"name\":\"Pelletterie D&amp;D\",\"item\":\"https:\\\/\\\/pelletterieded.com\\\/fr\\\/\"},{\"@type\":\"ListItem\",\"position\":2,\"name\":\"shop\",\"item\":\"https:\\\/\\\/pelletterieded.com\\\/fr\\\/shop\\\/\"},{\"@type\":\"ListItem\",\"position\":3,\"name\":\"Femme\",\"item\":\"https:\\\/\\\/pelletterieded.com\\\/fr\\\/categoria-prodotto\\\/donna-fr\\\/\"},{\"@type\":\"ListItem\",\"position\":4,\"name\":\"Trousse Cremona\"}]},{\"@type\":\"WebSite\",\"@id\":\"https:\\\/\\\/pelletterieded.com\\\/fr\\\/#website\",\"url\":\"https:\\\/\\\/pelletterieded.com\\\/fr\\\/\",\"name\":\"Pelletterie D&D\",\"description\":\"Outlet online di moda N\u00ba1 in Italia\",\"publisher\":{\"@id\":\"https:\\\/\\\/pelletterieded.com\\\/fr\\\/#organization\"},\"potentialAction\":[{\"@type\":\"SearchAction\",\"target\":{\"@type\":\"EntryPoint\",\"urlTemplate\":\"https:\\\/\\\/pelletterieded.com\\\/fr\\\/?s={search_term_string}\"},\"query-input\":{\"@type\":\"PropertyValueSpecification\",\"valueRequired\":true,\"valueName\":\"search_term_string\"}}],\"inLanguage\":\"fr-FR\"},{\"@type\":\"Organization\",\"@id\":\"https:\\\/\\\/pelletterieded.com\\\/fr\\\/#organization\",\"name\":\"Pelletterie D&D\",\"url\":\"https:\\\/\\\/pelletterieded.com\\\/fr\\\/\",\"logo\":{\"@type\":\"ImageObject\",\"inLanguage\":\"fr-FR\",\"@id\":\"https:\\\/\\\/pelletterieded.com\\\/fr\\\/#\\\/schema\\\/logo\\\/image\\\/\",\"url\":\"https:\\\/\\\/pelletterieded.com\\\/wp-content\\\/uploads\\\/2019\\\/07\\\/logo-pelletterie-ded-mail.webp\",\"contentUrl\":\"https:\\\/\\\/pelletterieded.com\\\/wp-content\\\/uploads\\\/2019\\\/07\\\/logo-pelletterie-ded-mail.webp\",\"width\":185,\"height\":200,\"caption\":\"Pelletterie D&D\"},\"image\":{\"@id\":\"https:\\\/\\\/pelletterieded.com\\\/fr\\\/#\\\/schema\\\/logo\\\/image\\\/\"},\"sameAs\":[\"https:\\\/\\\/www.facebook.com\\\/dedpelletterie\",\"https:\\\/\\\/www.instagram.com\\\/pelletterieded\\\/\"]}]}<\/script>\n<!-- \/ Yoast SEO plugin. -->","yoast_head_json":{"title":"Trousse Cremona - Pelletterie D&amp;D","robots":{"index":"index","follow":"follow","max-snippet":"max-snippet:-1","max-image-preview":"max-image-preview:large","max-video-preview":"max-video-preview:-1"},"canonical":"https:\/\/pelletterieded.com\/fr\/shop\/borse-da-medico\/borsa-cremona\/","og_locale":"fr_FR","og_type":"article","og_title":"Trousse Cremona - Pelletterie D&amp;D","og_description":"Largeur: 35cm | Hateur: 27cm | Profondeur: 8cm | Poids: 1kg","og_url":"https:\/\/pelletterieded.com\/fr\/shop\/borse-da-medico\/borsa-cremona\/","og_site_name":"Pelletterie D&amp;D","article_publisher":"https:\/\/www.facebook.com\/dedpelletterie","article_modified_time":"2025-07-27T14:04:05+00:00","og_image":[{"width":1000,"height":1200,"url":"https:\/\/pelletterieded.com\/wp-content\/uploads\/2019\/11\/Borsa-Cremona-miele-jpg.avif","type":"image\/jpeg"}],"twitter_card":"summary_large_image","twitter_misc":{"Dur\u00e9e de lecture estim\u00e9e":"1 minute"},"schema":{"@context":"https:\/\/schema.org","@graph":[{"@type":"WebPage","@id":"https:\/\/pelletterieded.com\/fr\/shop\/borse-da-medico\/borsa-cremona\/","url":"https:\/\/pelletterieded.com\/fr\/shop\/borse-da-medico\/borsa-cremona\/","name":"Trousse Cremona - Pelletterie D&amp;D","isPartOf":{"@id":"https:\/\/pelletterieded.com\/fr\/#website"},"primaryImageOfPage":{"@id":"https:\/\/pelletterieded.com\/fr\/shop\/borse-da-medico\/borsa-cremona\/#primaryimage"},"image":{"@id":"https:\/\/pelletterieded.com\/fr\/shop\/borse-da-medico\/borsa-cremona\/#primaryimage"},"thumbnailUrl":"https:\/\/pelletterieded.com\/wp-content\/uploads\/2019\/11\/Borsa-Cremona-miele-jpg.avif","datePublished":"2019-11-20T15:38:06+00:00","dateModified":"2025-07-27T14:04:05+00:00","breadcrumb":{"@id":"https:\/\/pelletterieded.com\/fr\/shop\/borse-da-medico\/borsa-cremona\/#breadcrumb"},"inLanguage":"fr-FR","potentialAction":[{"@type":"ReadAction","target":["https:\/\/pelletterieded.com\/fr\/shop\/borse-da-medico\/borsa-cremona\/"]}]},{"@type":"ImageObject","inLanguage":"fr-FR","@id":"https:\/\/pelletterieded.com\/fr\/shop\/borse-da-medico\/borsa-cremona\/#primaryimage","url":"https:\/\/pelletterieded.com\/wp-content\/uploads\/2019\/11\/Borsa-Cremona-miele-jpg.avif","contentUrl":"https:\/\/pelletterieded.com\/wp-content\/uploads\/2019\/11\/Borsa-Cremona-miele-jpg.avif","width":1000,"height":1200},{"@type":"BreadcrumbList","@id":"https:\/\/pelletterieded.com\/fr\/shop\/borse-da-medico\/borsa-cremona\/#breadcrumb","itemListElement":[{"@type":"ListItem","position":1,"name":"Pelletterie D&amp;D","item":"https:\/\/pelletterieded.com\/fr\/"},{"@type":"ListItem","position":2,"name":"shop","item":"https:\/\/pelletterieded.com\/fr\/shop\/"},{"@type":"ListItem","position":3,"name":"Femme","item":"https:\/\/pelletterieded.com\/fr\/categoria-prodotto\/donna-fr\/"},{"@type":"ListItem","position":4,"name":"Trousse Cremona"}]},{"@type":"WebSite","@id":"https:\/\/pelletterieded.com\/fr\/#website","url":"https:\/\/pelletterieded.com\/fr\/","name":"Pelletterie D&D","description":"Outlet online di moda N\u00ba1 in Italia","publisher":{"@id":"https:\/\/pelletterieded.com\/fr\/#organization"},"potentialAction":[{"@type":"SearchAction","target":{"@type":"EntryPoint","urlTemplate":"https:\/\/pelletterieded.com\/fr\/?s={search_term_string}"},"query-input":{"@type":"PropertyValueSpecification","valueRequired":true,"valueName":"search_term_string"}}],"inLanguage":"fr-FR"},{"@type":"Organization","@id":"https:\/\/pelletterieded.com\/fr\/#organization","name":"Pelletterie D&D","url":"https:\/\/pelletterieded.com\/fr\/","logo":{"@type":"ImageObject","inLanguage":"fr-FR","@id":"https:\/\/pelletterieded.com\/fr\/#\/schema\/logo\/image\/","url":"https:\/\/pelletterieded.com\/wp-content\/uploads\/2019\/07\/logo-pelletterie-ded-mail.webp","contentUrl":"https:\/\/pelletterieded.com\/wp-content\/uploads\/2019\/07\/logo-pelletterie-ded-mail.webp","width":185,"height":200,"caption":"Pelletterie D&D"},"image":{"@id":"https:\/\/pelletterieded.com\/fr\/#\/schema\/logo\/image\/"},"sameAs":["https:\/\/www.facebook.com\/dedpelletterie","https:\/\/www.instagram.com\/pelletterieded\/"]}]}},"_links":{"self":[{"href":"https:\/\/pelletterieded.com\/fr\/wp-json\/wp\/v2\/product\/114939","targetHints":{"allow":["GET"]}}],"collection":[{"href":"https:\/\/pelletterieded.com\/fr\/wp-json\/wp\/v2\/product"}],"about":[{"href":"https:\/\/pelletterieded.com\/fr\/wp-json\/wp\/v2\/types\/product"}],"replies":[{"embeddable":true,"href":"https:\/\/pelletterieded.com\/fr\/wp-json\/wp\/v2\/comments?post=114939"}],"wp:featuredmedia":[{"embeddable":true,"href":"https:\/\/pelletterieded.com\/fr\/wp-json\/wp\/v2\/media\/107420"}],"wp:attachment":[{"href":"https:\/\/pelletterieded.com\/fr\/wp-json\/wp\/v2\/media?parent=114939"}],"wp:term":[{"taxonomy":"product_brand","embeddable":true,"href":"https:\/\/pelletterieded.com\/fr\/wp-json\/wp\/v2\/product_brand?post=114939"},{"taxonomy":"product_cat","embeddable":true,"href":"https:\/\/pelletterieded.com\/fr\/wp-json\/wp\/v2\/product_cat?post=114939"},{"taxonomy":"product_tag","embeddable":true,"href":"https:\/\/pelletterieded.com\/fr\/wp-json\/wp\/v2\/product_tag?post=114939"}],"curies":[{"name":"wp","href":"https:\/\/api.w.org\/{rel}","templated":true}]}}