{"id":114892,"date":"2019-11-21T11:15:17","date_gmt":"2020-09-21T14:48:33","guid":{"rendered":"http:\/\/pelletterieded.com\/sac-a-dos-roma\/"},"modified":"2025-07-27T16:02:31","modified_gmt":"2025-07-27T14:02:31","slug":"zainetto-roma-2","status":"publish","type":"product","link":"https:\/\/pelletterieded.com\/fr\/shop\/borse-da-viaggio-fr\/sac-a-dos\/zainetto-roma-2\/","title":{"rendered":"Sac \u00e0 dos Roma"},"content":{"rendered":"<p style=\"background: white;margin: 0cm 0cm 15.6pt 0cm\"><span style=\"font-family: 'Arial',sans-serif;color: #4f4f4f\">Enti\u00e8rement r\u00e9alis\u00e9e en Italie par d\u2019habiles maroquiniers qui utilisent du cuir bovin et des tanins v\u00e9g\u00e9taux pour \u00eatre ensuite tamponn\u00e9 manuellement<\/span><\/p>\n<p style=\"background: white;margin: 0cm 0cm 15.6pt 0cm\"><span style=\"font-family: 'Arial',sans-serif;color: #4f4f4f\">La caract\u00e9ristique de ce cuir naturel offre douceur au touch\u00e9 et un style inimitable de la maroquinerie italienne.<\/span><\/p>\n<p style=\"background: white;margin: 0cm 0cm 15.6pt 0cm\"><span style=\"font-family: 'Arial',sans-serif;color: #4f4f4f\">La vente de l\u2019objet est g\u00e9r\u00e9e directement par l\u2019entreprise qui le produit<\/span><\/p>\n<p style=\"background: white;margin: 0cm 0cm 15.6pt 0cm\"><strong><span style=\"font-family: 'Arial',sans-serif;color: #4f4f4f\">EXT\u00c9RIEURS :<\/span><\/strong><\/p>\n<p style=\"background: white;margin: 0cm 0cm 15.6pt 0cm\"><span style=\"font-family: 'Arial',sans-serif;color: #4f4f4f\">&#8211; cuir grain\u00e9 \u00e0 la v\u00e9g\u00e9tale et tamponn\u00e9 manuellement<\/span><\/p>\n<p style=\"background: white;margin: 0cm 0cm 15.6pt 0cm\"><span style=\"font-family: 'Arial',sans-serif;color: #4f4f4f\">\u2013 fabrication semi-rigide<\/span><\/p>\n<p style=\"background: white;margin: 0cm 0cm 15.6pt 0cm\"><span style=\"font-family: 'Arial',sans-serif;color: #4f4f4f\">\u2013 poign\u00e9e en cuir<\/span><\/p>\n<p style=\"background: white;margin: 0cm 0cm 15.6pt 0cm\"><span style=\"font-family: 'Arial',sans-serif;color: #4f4f4f\">\u2013 fermeture zipp\u00e9e avec double tire-fermeture \u00e9clair et bouton aimant\u00e9<\/span><\/p>\n<p style=\"background: white;margin: 0cm 0cm 15.6pt 0cm\"><span style=\"font-family: 'Arial',sans-serif;color: #4f4f4f\">\u2013 poche ant\u00e9rieure avec fermeture zipp\u00e9e <\/span><\/p>\n<p style=\"background: white;margin: 0cm 0cm 15.6pt 0cm\"><span style=\"font-family: 'Arial',sans-serif;color: #4f4f4f\">\u2013 poche post\u00e9rieure avec fermeture \u00e9clair<\/span><\/p>\n<p style=\"background: white;margin: 0cm 0cm 15.6pt 0cm\"><span style=\"font-family: 'Arial',sans-serif;color: #4f4f4f\">\u2013 bretelles r\u00e9glables en cuir<\/span><\/p>\n<p style=\"background: white;margin: 0cm 0cm 15.6pt 0cm\"><span style=\"font-family: 'Arial',sans-serif;color: #4f4f4f\">\u2013 accessoires en m\u00e9tal<\/span><\/p>\n<p style=\"background: white;margin: 0cm 0cm 15.6pt 0cm\"><strong><span style=\"font-family: 'Arial',sans-serif;color: #4f4f4f\">INT\u00c9RIEURS :<\/span><\/strong><\/p>\n<p style=\"background: white;margin: 0cm 0cm 15.6pt 0cm\"><span style=\"font-family: 'Arial',sans-serif;color: #4f4f4f\">\u2013 rev\u00eatement int\u00e9rieur en tissu<\/span><\/p>\n<p style=\"background: white;margin: 0cm 0cm 15.6pt 0cm\"><span style=\"font-family: 'Arial',sans-serif;color: #4f4f4f\">\u2013 deux compartiments<\/span><\/p>\n<p style=\"background: white;margin: 0cm 0cm 15.6pt 0cm\"><span style=\"font-family: 'Arial',sans-serif;color: #4f4f4f\">\u2013 cloison avec fermeture zipp\u00e9e<\/span><\/p>\n<p style=\"background: white;margin: 0cm 0cm 15.6pt 0cm\"><span style=\"font-family: 'Arial',sans-serif;color: #4f4f4f\">\u2013 poche avec fermeture zipp\u00e9e et revers en cuir<\/span><\/p>\n<p style=\"background: white;margin: 0cm 0cm 15.6pt 0cm\"><span style=\"font-family: 'Arial',sans-serif;color: #4f4f4f\">\u2013 deux poches adjacentes porte-objets et porte-cartes en cuir<\/span><\/p>\n<p style=\"background: white;margin: 0cm 0cm 15.6pt 0cm\"><span style=\"font-family: 'Arial',sans-serif;color: #4f4f4f\">\u2013 accessoires en m\u00e9tal<\/span><\/p>\n<p style=\"background: white;margin: 0cm 0cm 15.6pt 0cm\"><strong><span style=\"font-family: 'Arial',sans-serif;color: #4f4f4f\">ACCESSOIRES :<\/span><\/strong><\/p>\n<p style=\"background: white;margin: 0cm 0cm 15.6pt 0cm\"><span style=\"font-family: 'Arial',sans-serif;color: #4f4f4f\">\u2013 accessoires en laiton bross\u00e9 ( sur les variations couleur marron)<\/span><\/p>\n<p style=\"background: white;margin: 0cm 0cm 15.6pt 0cm\"><span style=\"font-family: 'Arial',sans-serif;color: #4f4f4f\">\u2013 accessoires en palladium ( sur les variations couleurs rouge et noir)<\/span><\/p>\n<p style=\"background: white;margin: 0cm 0cm 15.6pt 0cm\"><strong><span style=\"font-family: 'Arial',sans-serif;color: #4f4f4f\">DIMENSIONS :<\/span><\/strong><\/p>\n<p style=\"background: white;margin: 0cm 0cm 15.6pt 0cm\"><span style=\"font-family: 'Arial',sans-serif;color: #4f4f4f\">Largeur: 28cm | Hauteur: 36cm | Profondeur: 10cm | Poids: 0,9kg<\/span><\/p>\n<p>Luminosit\u00e9 de la poign\u00e9e: 85 cm<\/p>\n<p style=\"background: white;margin: 0cm 0cm 15.6pt 0cm\"><strong><span style=\"font-family: 'Arial',sans-serif;color: #4f4f4f\">HOUSSE DE PROTECTION<\/span><\/strong> : <span style=\"font-family: 'Arial',sans-serif;color: #4f4f4f\">pochette contre la poussi\u00e8re incluse<\/span><\/p>\n<p style=\"background: white;margin: 0cm 0cm 15.6pt 0cm\"><strong><span style=\"font-family: 'Arial',sans-serif;color: #4f4f4f\">GARANTIE<\/span><\/strong><span style=\"font-family: 'Arial',sans-serif;color: #4f4f4f\">: 24 mois.<\/span><\/p>\n<p><b>C<\/b><b style=\"font-size: 14.4px\">ODE INTERNE<\/b><b style=\"font-size: 14.4px\">: <\/b>0622.<\/p>\n","protected":false},"excerpt":{"rendered":"<p><span style=\"font-family: 'Arial',sans-serif;color: #4f4f4f\"><strong>Largeur<\/strong>: 28cm | <strong>Hauteur<\/strong>: 36cm | <strong>Profondeur<\/strong>: 10cm | <strong>Poids<\/strong>: 0,9kg<\/span><\/p>\n","protected":false},"featured_media":116438,"comment_status":"closed","ping_status":"closed","template":"","meta":[],"product_brand":[],"product_cat":[902,541,526],"product_tag":[],"class_list":{"0":"post-114892","1":"product","2":"type-product","3":"status-publish","4":"has-post-thumbnail","6":"product_cat-deux-tons","7":"product_cat-sac-a-dos","8":"product_cat-borse-da-viaggio-fr","10":"first","11":"instock","12":"shipping-taxable","13":"purchasable","14":"product-type-variable","15":"has-default-attributes","16":"wvs-archive-product-wrapper"},"yoast_head":"<!-- This site is optimized with the Yoast SEO plugin v27.4 - https:\/\/yoast.com\/product\/yoast-seo-wordpress\/ -->\n<title>Sac \u00e0 dos Roma - Pelletterie D&amp;D<\/title>\n<meta name=\"robots\" content=\"index, follow, max-snippet:-1, max-image-preview:large, max-video-preview:-1\" \/>\n<link rel=\"canonical\" href=\"https:\/\/pelletterieded.com\/fr\/shop\/borse-da-viaggio-fr\/sac-a-dos\/zainetto-roma-2\/\" \/>\n<meta property=\"og:locale\" content=\"fr_FR\" \/>\n<meta property=\"og:type\" content=\"article\" \/>\n<meta property=\"og:title\" content=\"Sac \u00e0 dos Roma - Pelletterie D&amp;D\" \/>\n<meta property=\"og:description\" content=\"Largeur: 28cm | Hauteur: 36cm | Profondeur: 10cm | Poids: 0,9kg\" \/>\n<meta property=\"og:url\" content=\"https:\/\/pelletterieded.com\/fr\/shop\/borse-da-viaggio-fr\/sac-a-dos\/zainetto-roma-2\/\" \/>\n<meta property=\"og:site_name\" content=\"Pelletterie D&amp;D\" \/>\n<meta property=\"article:publisher\" content=\"https:\/\/www.facebook.com\/dedpelletterie\" \/>\n<meta property=\"article:modified_time\" content=\"2025-07-27T14:02:31+00:00\" \/>\n<meta property=\"og:image\" content=\"https:\/\/pelletterieded.com\/wp-content\/uploads\/2019\/11\/0622M-jpg.avif\" \/>\n\t<meta property=\"og:image:width\" content=\"1000\" \/>\n\t<meta property=\"og:image:height\" content=\"1052\" \/>\n\t<meta property=\"og:image:type\" content=\"image\/jpeg\" \/>\n<meta name=\"twitter:card\" content=\"summary_large_image\" \/>\n<meta name=\"twitter:label1\" content=\"Dur\u00e9e de lecture estim\u00e9e\" \/>\n\t<meta name=\"twitter:data1\" content=\"1 minute\" \/>\n<script type=\"application\/ld+json\" class=\"yoast-schema-graph\">{\"@context\":\"https:\\\/\\\/schema.org\",\"@graph\":[{\"@type\":\"WebPage\",\"@id\":\"https:\\\/\\\/pelletterieded.com\\\/fr\\\/shop\\\/borse-da-viaggio-fr\\\/sac-a-dos\\\/zainetto-roma-2\\\/\",\"url\":\"https:\\\/\\\/pelletterieded.com\\\/fr\\\/shop\\\/borse-da-viaggio-fr\\\/sac-a-dos\\\/zainetto-roma-2\\\/\",\"name\":\"Sac \u00e0 dos Roma - Pelletterie D&amp;D\",\"isPartOf\":{\"@id\":\"https:\\\/\\\/pelletterieded.com\\\/fr\\\/#website\"},\"primaryImageOfPage\":{\"@id\":\"https:\\\/\\\/pelletterieded.com\\\/fr\\\/shop\\\/borse-da-viaggio-fr\\\/sac-a-dos\\\/zainetto-roma-2\\\/#primaryimage\"},\"image\":{\"@id\":\"https:\\\/\\\/pelletterieded.com\\\/fr\\\/shop\\\/borse-da-viaggio-fr\\\/sac-a-dos\\\/zainetto-roma-2\\\/#primaryimage\"},\"thumbnailUrl\":\"https:\\\/\\\/pelletterieded.com\\\/wp-content\\\/uploads\\\/2019\\\/11\\\/0622M-jpg.avif\",\"datePublished\":\"2020-09-21T14:48:33+00:00\",\"dateModified\":\"2025-07-27T14:02:31+00:00\",\"breadcrumb\":{\"@id\":\"https:\\\/\\\/pelletterieded.com\\\/fr\\\/shop\\\/borse-da-viaggio-fr\\\/sac-a-dos\\\/zainetto-roma-2\\\/#breadcrumb\"},\"inLanguage\":\"fr-FR\",\"potentialAction\":[{\"@type\":\"ReadAction\",\"target\":[\"https:\\\/\\\/pelletterieded.com\\\/fr\\\/shop\\\/borse-da-viaggio-fr\\\/sac-a-dos\\\/zainetto-roma-2\\\/\"]}]},{\"@type\":\"ImageObject\",\"inLanguage\":\"fr-FR\",\"@id\":\"https:\\\/\\\/pelletterieded.com\\\/fr\\\/shop\\\/borse-da-viaggio-fr\\\/sac-a-dos\\\/zainetto-roma-2\\\/#primaryimage\",\"url\":\"https:\\\/\\\/pelletterieded.com\\\/wp-content\\\/uploads\\\/2019\\\/11\\\/0622M-jpg.avif\",\"contentUrl\":\"https:\\\/\\\/pelletterieded.com\\\/wp-content\\\/uploads\\\/2019\\\/11\\\/0622M-jpg.avif\",\"width\":1000,\"height\":1052},{\"@type\":\"BreadcrumbList\",\"@id\":\"https:\\\/\\\/pelletterieded.com\\\/fr\\\/shop\\\/borse-da-viaggio-fr\\\/sac-a-dos\\\/zainetto-roma-2\\\/#breadcrumb\",\"itemListElement\":[{\"@type\":\"ListItem\",\"position\":1,\"name\":\"Pelletterie D&amp;D\",\"item\":\"https:\\\/\\\/pelletterieded.com\\\/fr\\\/\"},{\"@type\":\"ListItem\",\"position\":2,\"name\":\"shop\",\"item\":\"https:\\\/\\\/pelletterieded.com\\\/fr\\\/shop\\\/\"},{\"@type\":\"ListItem\",\"position\":3,\"name\":\"Sacs de voyage\",\"item\":\"https:\\\/\\\/pelletterieded.com\\\/fr\\\/categoria-prodotto\\\/borse-da-viaggio-fr\\\/\"},{\"@type\":\"ListItem\",\"position\":4,\"name\":\"Sac \u00e0 dos Roma\"}]},{\"@type\":\"WebSite\",\"@id\":\"https:\\\/\\\/pelletterieded.com\\\/fr\\\/#website\",\"url\":\"https:\\\/\\\/pelletterieded.com\\\/fr\\\/\",\"name\":\"Pelletterie D&D\",\"description\":\"Outlet online di moda N\u00ba1 in Italia\",\"publisher\":{\"@id\":\"https:\\\/\\\/pelletterieded.com\\\/fr\\\/#organization\"},\"potentialAction\":[{\"@type\":\"SearchAction\",\"target\":{\"@type\":\"EntryPoint\",\"urlTemplate\":\"https:\\\/\\\/pelletterieded.com\\\/fr\\\/?s={search_term_string}\"},\"query-input\":{\"@type\":\"PropertyValueSpecification\",\"valueRequired\":true,\"valueName\":\"search_term_string\"}}],\"inLanguage\":\"fr-FR\"},{\"@type\":\"Organization\",\"@id\":\"https:\\\/\\\/pelletterieded.com\\\/fr\\\/#organization\",\"name\":\"Pelletterie D&D\",\"url\":\"https:\\\/\\\/pelletterieded.com\\\/fr\\\/\",\"logo\":{\"@type\":\"ImageObject\",\"inLanguage\":\"fr-FR\",\"@id\":\"https:\\\/\\\/pelletterieded.com\\\/fr\\\/#\\\/schema\\\/logo\\\/image\\\/\",\"url\":\"https:\\\/\\\/pelletterieded.com\\\/wp-content\\\/uploads\\\/2019\\\/07\\\/logo-pelletterie-ded-mail.webp\",\"contentUrl\":\"https:\\\/\\\/pelletterieded.com\\\/wp-content\\\/uploads\\\/2019\\\/07\\\/logo-pelletterie-ded-mail.webp\",\"width\":185,\"height\":200,\"caption\":\"Pelletterie D&D\"},\"image\":{\"@id\":\"https:\\\/\\\/pelletterieded.com\\\/fr\\\/#\\\/schema\\\/logo\\\/image\\\/\"},\"sameAs\":[\"https:\\\/\\\/www.facebook.com\\\/dedpelletterie\",\"https:\\\/\\\/www.instagram.com\\\/pelletterieded\\\/\"]}]}<\/script>\n<!-- \/ Yoast SEO plugin. -->","yoast_head_json":{"title":"Sac \u00e0 dos Roma - Pelletterie D&amp;D","robots":{"index":"index","follow":"follow","max-snippet":"max-snippet:-1","max-image-preview":"max-image-preview:large","max-video-preview":"max-video-preview:-1"},"canonical":"https:\/\/pelletterieded.com\/fr\/shop\/borse-da-viaggio-fr\/sac-a-dos\/zainetto-roma-2\/","og_locale":"fr_FR","og_type":"article","og_title":"Sac \u00e0 dos Roma - Pelletterie D&amp;D","og_description":"Largeur: 28cm | Hauteur: 36cm | Profondeur: 10cm | Poids: 0,9kg","og_url":"https:\/\/pelletterieded.com\/fr\/shop\/borse-da-viaggio-fr\/sac-a-dos\/zainetto-roma-2\/","og_site_name":"Pelletterie D&amp;D","article_publisher":"https:\/\/www.facebook.com\/dedpelletterie","article_modified_time":"2025-07-27T14:02:31+00:00","og_image":[{"width":1000,"height":1052,"url":"https:\/\/pelletterieded.com\/wp-content\/uploads\/2019\/11\/0622M-jpg.avif","type":"image\/jpeg"}],"twitter_card":"summary_large_image","twitter_misc":{"Dur\u00e9e de lecture estim\u00e9e":"1 minute"},"schema":{"@context":"https:\/\/schema.org","@graph":[{"@type":"WebPage","@id":"https:\/\/pelletterieded.com\/fr\/shop\/borse-da-viaggio-fr\/sac-a-dos\/zainetto-roma-2\/","url":"https:\/\/pelletterieded.com\/fr\/shop\/borse-da-viaggio-fr\/sac-a-dos\/zainetto-roma-2\/","name":"Sac \u00e0 dos Roma - Pelletterie D&amp;D","isPartOf":{"@id":"https:\/\/pelletterieded.com\/fr\/#website"},"primaryImageOfPage":{"@id":"https:\/\/pelletterieded.com\/fr\/shop\/borse-da-viaggio-fr\/sac-a-dos\/zainetto-roma-2\/#primaryimage"},"image":{"@id":"https:\/\/pelletterieded.com\/fr\/shop\/borse-da-viaggio-fr\/sac-a-dos\/zainetto-roma-2\/#primaryimage"},"thumbnailUrl":"https:\/\/pelletterieded.com\/wp-content\/uploads\/2019\/11\/0622M-jpg.avif","datePublished":"2020-09-21T14:48:33+00:00","dateModified":"2025-07-27T14:02:31+00:00","breadcrumb":{"@id":"https:\/\/pelletterieded.com\/fr\/shop\/borse-da-viaggio-fr\/sac-a-dos\/zainetto-roma-2\/#breadcrumb"},"inLanguage":"fr-FR","potentialAction":[{"@type":"ReadAction","target":["https:\/\/pelletterieded.com\/fr\/shop\/borse-da-viaggio-fr\/sac-a-dos\/zainetto-roma-2\/"]}]},{"@type":"ImageObject","inLanguage":"fr-FR","@id":"https:\/\/pelletterieded.com\/fr\/shop\/borse-da-viaggio-fr\/sac-a-dos\/zainetto-roma-2\/#primaryimage","url":"https:\/\/pelletterieded.com\/wp-content\/uploads\/2019\/11\/0622M-jpg.avif","contentUrl":"https:\/\/pelletterieded.com\/wp-content\/uploads\/2019\/11\/0622M-jpg.avif","width":1000,"height":1052},{"@type":"BreadcrumbList","@id":"https:\/\/pelletterieded.com\/fr\/shop\/borse-da-viaggio-fr\/sac-a-dos\/zainetto-roma-2\/#breadcrumb","itemListElement":[{"@type":"ListItem","position":1,"name":"Pelletterie D&amp;D","item":"https:\/\/pelletterieded.com\/fr\/"},{"@type":"ListItem","position":2,"name":"shop","item":"https:\/\/pelletterieded.com\/fr\/shop\/"},{"@type":"ListItem","position":3,"name":"Sacs de voyage","item":"https:\/\/pelletterieded.com\/fr\/categoria-prodotto\/borse-da-viaggio-fr\/"},{"@type":"ListItem","position":4,"name":"Sac \u00e0 dos Roma"}]},{"@type":"WebSite","@id":"https:\/\/pelletterieded.com\/fr\/#website","url":"https:\/\/pelletterieded.com\/fr\/","name":"Pelletterie D&D","description":"Outlet online di moda N\u00ba1 in Italia","publisher":{"@id":"https:\/\/pelletterieded.com\/fr\/#organization"},"potentialAction":[{"@type":"SearchAction","target":{"@type":"EntryPoint","urlTemplate":"https:\/\/pelletterieded.com\/fr\/?s={search_term_string}"},"query-input":{"@type":"PropertyValueSpecification","valueRequired":true,"valueName":"search_term_string"}}],"inLanguage":"fr-FR"},{"@type":"Organization","@id":"https:\/\/pelletterieded.com\/fr\/#organization","name":"Pelletterie D&D","url":"https:\/\/pelletterieded.com\/fr\/","logo":{"@type":"ImageObject","inLanguage":"fr-FR","@id":"https:\/\/pelletterieded.com\/fr\/#\/schema\/logo\/image\/","url":"https:\/\/pelletterieded.com\/wp-content\/uploads\/2019\/07\/logo-pelletterie-ded-mail.webp","contentUrl":"https:\/\/pelletterieded.com\/wp-content\/uploads\/2019\/07\/logo-pelletterie-ded-mail.webp","width":185,"height":200,"caption":"Pelletterie D&D"},"image":{"@id":"https:\/\/pelletterieded.com\/fr\/#\/schema\/logo\/image\/"},"sameAs":["https:\/\/www.facebook.com\/dedpelletterie","https:\/\/www.instagram.com\/pelletterieded\/"]}]}},"_links":{"self":[{"href":"https:\/\/pelletterieded.com\/fr\/wp-json\/wp\/v2\/product\/114892","targetHints":{"allow":["GET"]}}],"collection":[{"href":"https:\/\/pelletterieded.com\/fr\/wp-json\/wp\/v2\/product"}],"about":[{"href":"https:\/\/pelletterieded.com\/fr\/wp-json\/wp\/v2\/types\/product"}],"replies":[{"embeddable":true,"href":"https:\/\/pelletterieded.com\/fr\/wp-json\/wp\/v2\/comments?post=114892"}],"wp:featuredmedia":[{"embeddable":true,"href":"https:\/\/pelletterieded.com\/fr\/wp-json\/wp\/v2\/media\/116438"}],"wp:attachment":[{"href":"https:\/\/pelletterieded.com\/fr\/wp-json\/wp\/v2\/media?parent=114892"}],"wp:term":[{"taxonomy":"product_brand","embeddable":true,"href":"https:\/\/pelletterieded.com\/fr\/wp-json\/wp\/v2\/product_brand?post=114892"},{"taxonomy":"product_cat","embeddable":true,"href":"https:\/\/pelletterieded.com\/fr\/wp-json\/wp\/v2\/product_cat?post=114892"},{"taxonomy":"product_tag","embeddable":true,"href":"https:\/\/pelletterieded.com\/fr\/wp-json\/wp\/v2\/product_tag?post=114892"}],"curies":[{"name":"wp","href":"https:\/\/api.w.org\/{rel}","templated":true}]}}