{"id":112642,"date":"2020-09-14T13:59:56","date_gmt":"2020-09-16T16:39:38","guid":{"rendered":"http:\/\/pelletterieded.com\/sac-a-dos-palermo\/"},"modified":"2025-07-27T16:02:31","modified_gmt":"2025-07-27T14:02:31","slug":"zaino-palermo","status":"publish","type":"product","link":"https:\/\/pelletterieded.com\/fr\/shop\/borse-da-viaggio-fr\/sac-a-dos\/zaino-palermo\/","title":{"rendered":"Sac \u00e0 dos Palermo"},"content":{"rendered":"<p>Enti\u00e8rement r\u00e9alis\u00e9s en Italie par d\u2019habiles maroquiniers \u00e0 travers l\u2019utilisation de cuir lav\u00e9 avec teinture.<\/p>\n<p>La caract\u00e9ristique de ce cuir naturel offre douceur au touch\u00e9 et un style inimitable de la maroquinerie d\u2019\u00e9poque.<\/p>\n<p>La vente de l\u2019objet est g\u00e9r\u00e9e directement par l\u2019entreprise qui le produit<\/p>\n<p><strong>EXT\u00c9RIEURS :<\/strong><\/p>\n<p>&#8211; cuir grain\u00e9 \u00e0 la v\u00e9g\u00e9tale et tamponn\u00e9 manuellement<\/p>\n<p>\u2013 fabrication semi-rigide<\/p>\n<p>\u2013 fermeture ( post\u00e9rieure) zipp\u00e9e avec double tire-fermeture \u00e9clair<\/p>\n<p>\u2013 une poche ant\u00e9rieure avec fermeture zipp\u00e9e sur trois c\u00f4t\u00e9s du sac et double tire-fermeture \u00e9clair<\/p>\n<p>\u2013 une poche ant\u00e9rieure avec fermeture zipp\u00e9e<\/p>\n<p>\u2013 deux poches lat\u00e9rales (une de chaque c\u00f4t\u00e9) avec fermeture zipp\u00e9e<\/p>\n<p>\u2013 poign\u00e9e en cuir<\/p>\n<p>\u2013 bretelles r\u00e9glables en cuir<\/p>\n<p>\u2013 accessoires en m\u00e9tal<\/p>\n<p><strong>INT\u00c9RIEURS :<\/strong><\/p>\n<p>\u2013 rev\u00eatement int\u00e9rieur en tissu<\/p>\n<p>\u2013 compartiment unique<\/p>\n<p>\u2013 une poche avec fermeture zipp\u00e9e avec revers en cuir<\/p>\n<p>\u2013 accessoires en m\u00e9tal<\/p>\n<p><strong>DIMENSIONS :<\/strong><\/p>\n<p>Largeur : 28 cm | Hauteur 34 cm | Profondeur 16 cm<\/p>\n<p><strong>HOUSSE DE PROTECTION<\/strong> : pochette contre la poussi\u00e8re incluse<\/p>\n<p><strong>GARANTIE<\/strong>: 24 mois<\/p>\n<p><b>C<\/b><b>ODE INTERNE<\/b> <b>:<\/b>0627<\/p>\n","protected":false},"excerpt":{"rendered":"<p><strong>Largeur<\/strong>: 28cm | <strong>Hauteur<\/strong>: 34cm | <strong>Profondeur<\/strong>: 16cm |<\/p>\n","protected":false},"featured_media":177458,"comment_status":"closed","ping_status":"closed","template":"","meta":[],"product_brand":[],"product_cat":[1320,902,541,526],"product_tag":[],"class_list":{"0":"post-112642","1":"product","2":"type-product","3":"status-publish","4":"has-post-thumbnail","6":"product_cat-20-de-reduction","7":"product_cat-deux-tons","8":"product_cat-sac-a-dos","9":"product_cat-borse-da-viaggio-fr","11":"first","12":"instock","13":"shipping-taxable","14":"purchasable","15":"product-type-variable","16":"wvs-archive-product-wrapper"},"yoast_head":"<!-- This site is optimized with the Yoast SEO plugin v27.4 - https:\/\/yoast.com\/product\/yoast-seo-wordpress\/ -->\n<title>Sac \u00e0 dos Palermo - Pelletterie D&amp;D<\/title>\n<meta name=\"robots\" content=\"index, follow, max-snippet:-1, max-image-preview:large, max-video-preview:-1\" \/>\n<link rel=\"canonical\" href=\"https:\/\/pelletterieded.com\/fr\/shop\/borse-da-viaggio-fr\/sac-a-dos\/zaino-palermo\/\" \/>\n<meta property=\"og:locale\" content=\"fr_FR\" \/>\n<meta property=\"og:type\" content=\"article\" \/>\n<meta property=\"og:title\" content=\"Sac \u00e0 dos Palermo - Pelletterie D&amp;D\" \/>\n<meta property=\"og:description\" content=\"Largeur: 28cm | Hauteur: 34cm | Profondeur: 16cm |\" \/>\n<meta property=\"og:url\" content=\"https:\/\/pelletterieded.com\/fr\/shop\/borse-da-viaggio-fr\/sac-a-dos\/zaino-palermo\/\" \/>\n<meta property=\"og:site_name\" content=\"Pelletterie D&amp;D\" \/>\n<meta property=\"article:publisher\" content=\"https:\/\/www.facebook.com\/dedpelletterie\" \/>\n<meta property=\"article:modified_time\" content=\"2025-07-27T14:02:31+00:00\" \/>\n<meta property=\"og:image\" content=\"https:\/\/pelletterieded.com\/wp-content\/uploads\/2020\/09\/0627-marrone-jpg.webp\" \/>\n\t<meta property=\"og:image:width\" content=\"1392\" \/>\n\t<meta property=\"og:image:height\" content=\"1372\" \/>\n\t<meta property=\"og:image:type\" content=\"image\/jpeg\" \/>\n<meta name=\"twitter:card\" content=\"summary_large_image\" \/>\n<meta name=\"twitter:label1\" content=\"Dur\u00e9e de lecture estim\u00e9e\" \/>\n\t<meta name=\"twitter:data1\" content=\"1 minute\" \/>\n<script type=\"application\/ld+json\" class=\"yoast-schema-graph\">{\"@context\":\"https:\\\/\\\/schema.org\",\"@graph\":[{\"@type\":\"WebPage\",\"@id\":\"https:\\\/\\\/pelletterieded.com\\\/fr\\\/shop\\\/borse-da-viaggio-fr\\\/sac-a-dos\\\/zaino-palermo\\\/\",\"url\":\"https:\\\/\\\/pelletterieded.com\\\/fr\\\/shop\\\/borse-da-viaggio-fr\\\/sac-a-dos\\\/zaino-palermo\\\/\",\"name\":\"Sac \u00e0 dos Palermo - Pelletterie D&amp;D\",\"isPartOf\":{\"@id\":\"https:\\\/\\\/pelletterieded.com\\\/fr\\\/#website\"},\"primaryImageOfPage\":{\"@id\":\"https:\\\/\\\/pelletterieded.com\\\/fr\\\/shop\\\/borse-da-viaggio-fr\\\/sac-a-dos\\\/zaino-palermo\\\/#primaryimage\"},\"image\":{\"@id\":\"https:\\\/\\\/pelletterieded.com\\\/fr\\\/shop\\\/borse-da-viaggio-fr\\\/sac-a-dos\\\/zaino-palermo\\\/#primaryimage\"},\"thumbnailUrl\":\"https:\\\/\\\/pelletterieded.com\\\/wp-content\\\/uploads\\\/2020\\\/09\\\/0627-marrone-jpg.webp\",\"datePublished\":\"2020-09-16T16:39:38+00:00\",\"dateModified\":\"2025-07-27T14:02:31+00:00\",\"breadcrumb\":{\"@id\":\"https:\\\/\\\/pelletterieded.com\\\/fr\\\/shop\\\/borse-da-viaggio-fr\\\/sac-a-dos\\\/zaino-palermo\\\/#breadcrumb\"},\"inLanguage\":\"fr-FR\",\"potentialAction\":[{\"@type\":\"ReadAction\",\"target\":[\"https:\\\/\\\/pelletterieded.com\\\/fr\\\/shop\\\/borse-da-viaggio-fr\\\/sac-a-dos\\\/zaino-palermo\\\/\"]}]},{\"@type\":\"ImageObject\",\"inLanguage\":\"fr-FR\",\"@id\":\"https:\\\/\\\/pelletterieded.com\\\/fr\\\/shop\\\/borse-da-viaggio-fr\\\/sac-a-dos\\\/zaino-palermo\\\/#primaryimage\",\"url\":\"https:\\\/\\\/pelletterieded.com\\\/wp-content\\\/uploads\\\/2020\\\/09\\\/0627-marrone-jpg.webp\",\"contentUrl\":\"https:\\\/\\\/pelletterieded.com\\\/wp-content\\\/uploads\\\/2020\\\/09\\\/0627-marrone-jpg.webp\",\"width\":1392,\"height\":1372},{\"@type\":\"BreadcrumbList\",\"@id\":\"https:\\\/\\\/pelletterieded.com\\\/fr\\\/shop\\\/borse-da-viaggio-fr\\\/sac-a-dos\\\/zaino-palermo\\\/#breadcrumb\",\"itemListElement\":[{\"@type\":\"ListItem\",\"position\":1,\"name\":\"Pelletterie D&amp;D\",\"item\":\"https:\\\/\\\/pelletterieded.com\\\/fr\\\/\"},{\"@type\":\"ListItem\",\"position\":2,\"name\":\"shop\",\"item\":\"https:\\\/\\\/pelletterieded.com\\\/fr\\\/shop\\\/\"},{\"@type\":\"ListItem\",\"position\":3,\"name\":\"Sacs de voyage\",\"item\":\"https:\\\/\\\/pelletterieded.com\\\/fr\\\/categoria-prodotto\\\/borse-da-viaggio-fr\\\/\"},{\"@type\":\"ListItem\",\"position\":4,\"name\":\"Sac \u00e0 dos Palermo\"}]},{\"@type\":\"WebSite\",\"@id\":\"https:\\\/\\\/pelletterieded.com\\\/fr\\\/#website\",\"url\":\"https:\\\/\\\/pelletterieded.com\\\/fr\\\/\",\"name\":\"Pelletterie D&D\",\"description\":\"Outlet online di moda N\u00ba1 in Italia\",\"publisher\":{\"@id\":\"https:\\\/\\\/pelletterieded.com\\\/fr\\\/#organization\"},\"potentialAction\":[{\"@type\":\"SearchAction\",\"target\":{\"@type\":\"EntryPoint\",\"urlTemplate\":\"https:\\\/\\\/pelletterieded.com\\\/fr\\\/?s={search_term_string}\"},\"query-input\":{\"@type\":\"PropertyValueSpecification\",\"valueRequired\":true,\"valueName\":\"search_term_string\"}}],\"inLanguage\":\"fr-FR\"},{\"@type\":\"Organization\",\"@id\":\"https:\\\/\\\/pelletterieded.com\\\/fr\\\/#organization\",\"name\":\"Pelletterie D&D\",\"url\":\"https:\\\/\\\/pelletterieded.com\\\/fr\\\/\",\"logo\":{\"@type\":\"ImageObject\",\"inLanguage\":\"fr-FR\",\"@id\":\"https:\\\/\\\/pelletterieded.com\\\/fr\\\/#\\\/schema\\\/logo\\\/image\\\/\",\"url\":\"https:\\\/\\\/pelletterieded.com\\\/wp-content\\\/uploads\\\/2019\\\/07\\\/logo-pelletterie-ded-mail.webp\",\"contentUrl\":\"https:\\\/\\\/pelletterieded.com\\\/wp-content\\\/uploads\\\/2019\\\/07\\\/logo-pelletterie-ded-mail.webp\",\"width\":185,\"height\":200,\"caption\":\"Pelletterie D&D\"},\"image\":{\"@id\":\"https:\\\/\\\/pelletterieded.com\\\/fr\\\/#\\\/schema\\\/logo\\\/image\\\/\"},\"sameAs\":[\"https:\\\/\\\/www.facebook.com\\\/dedpelletterie\",\"https:\\\/\\\/www.instagram.com\\\/pelletterieded\\\/\"]}]}<\/script>\n<!-- \/ Yoast SEO plugin. -->","yoast_head_json":{"title":"Sac \u00e0 dos Palermo - Pelletterie D&amp;D","robots":{"index":"index","follow":"follow","max-snippet":"max-snippet:-1","max-image-preview":"max-image-preview:large","max-video-preview":"max-video-preview:-1"},"canonical":"https:\/\/pelletterieded.com\/fr\/shop\/borse-da-viaggio-fr\/sac-a-dos\/zaino-palermo\/","og_locale":"fr_FR","og_type":"article","og_title":"Sac \u00e0 dos Palermo - Pelletterie D&amp;D","og_description":"Largeur: 28cm | Hauteur: 34cm | Profondeur: 16cm |","og_url":"https:\/\/pelletterieded.com\/fr\/shop\/borse-da-viaggio-fr\/sac-a-dos\/zaino-palermo\/","og_site_name":"Pelletterie D&amp;D","article_publisher":"https:\/\/www.facebook.com\/dedpelletterie","article_modified_time":"2025-07-27T14:02:31+00:00","og_image":[{"width":1392,"height":1372,"url":"https:\/\/pelletterieded.com\/wp-content\/uploads\/2020\/09\/0627-marrone-jpg.webp","type":"image\/jpeg"}],"twitter_card":"summary_large_image","twitter_misc":{"Dur\u00e9e de lecture estim\u00e9e":"1 minute"},"schema":{"@context":"https:\/\/schema.org","@graph":[{"@type":"WebPage","@id":"https:\/\/pelletterieded.com\/fr\/shop\/borse-da-viaggio-fr\/sac-a-dos\/zaino-palermo\/","url":"https:\/\/pelletterieded.com\/fr\/shop\/borse-da-viaggio-fr\/sac-a-dos\/zaino-palermo\/","name":"Sac \u00e0 dos Palermo - Pelletterie D&amp;D","isPartOf":{"@id":"https:\/\/pelletterieded.com\/fr\/#website"},"primaryImageOfPage":{"@id":"https:\/\/pelletterieded.com\/fr\/shop\/borse-da-viaggio-fr\/sac-a-dos\/zaino-palermo\/#primaryimage"},"image":{"@id":"https:\/\/pelletterieded.com\/fr\/shop\/borse-da-viaggio-fr\/sac-a-dos\/zaino-palermo\/#primaryimage"},"thumbnailUrl":"https:\/\/pelletterieded.com\/wp-content\/uploads\/2020\/09\/0627-marrone-jpg.webp","datePublished":"2020-09-16T16:39:38+00:00","dateModified":"2025-07-27T14:02:31+00:00","breadcrumb":{"@id":"https:\/\/pelletterieded.com\/fr\/shop\/borse-da-viaggio-fr\/sac-a-dos\/zaino-palermo\/#breadcrumb"},"inLanguage":"fr-FR","potentialAction":[{"@type":"ReadAction","target":["https:\/\/pelletterieded.com\/fr\/shop\/borse-da-viaggio-fr\/sac-a-dos\/zaino-palermo\/"]}]},{"@type":"ImageObject","inLanguage":"fr-FR","@id":"https:\/\/pelletterieded.com\/fr\/shop\/borse-da-viaggio-fr\/sac-a-dos\/zaino-palermo\/#primaryimage","url":"https:\/\/pelletterieded.com\/wp-content\/uploads\/2020\/09\/0627-marrone-jpg.webp","contentUrl":"https:\/\/pelletterieded.com\/wp-content\/uploads\/2020\/09\/0627-marrone-jpg.webp","width":1392,"height":1372},{"@type":"BreadcrumbList","@id":"https:\/\/pelletterieded.com\/fr\/shop\/borse-da-viaggio-fr\/sac-a-dos\/zaino-palermo\/#breadcrumb","itemListElement":[{"@type":"ListItem","position":1,"name":"Pelletterie D&amp;D","item":"https:\/\/pelletterieded.com\/fr\/"},{"@type":"ListItem","position":2,"name":"shop","item":"https:\/\/pelletterieded.com\/fr\/shop\/"},{"@type":"ListItem","position":3,"name":"Sacs de voyage","item":"https:\/\/pelletterieded.com\/fr\/categoria-prodotto\/borse-da-viaggio-fr\/"},{"@type":"ListItem","position":4,"name":"Sac \u00e0 dos Palermo"}]},{"@type":"WebSite","@id":"https:\/\/pelletterieded.com\/fr\/#website","url":"https:\/\/pelletterieded.com\/fr\/","name":"Pelletterie D&D","description":"Outlet online di moda N\u00ba1 in Italia","publisher":{"@id":"https:\/\/pelletterieded.com\/fr\/#organization"},"potentialAction":[{"@type":"SearchAction","target":{"@type":"EntryPoint","urlTemplate":"https:\/\/pelletterieded.com\/fr\/?s={search_term_string}"},"query-input":{"@type":"PropertyValueSpecification","valueRequired":true,"valueName":"search_term_string"}}],"inLanguage":"fr-FR"},{"@type":"Organization","@id":"https:\/\/pelletterieded.com\/fr\/#organization","name":"Pelletterie D&D","url":"https:\/\/pelletterieded.com\/fr\/","logo":{"@type":"ImageObject","inLanguage":"fr-FR","@id":"https:\/\/pelletterieded.com\/fr\/#\/schema\/logo\/image\/","url":"https:\/\/pelletterieded.com\/wp-content\/uploads\/2019\/07\/logo-pelletterie-ded-mail.webp","contentUrl":"https:\/\/pelletterieded.com\/wp-content\/uploads\/2019\/07\/logo-pelletterie-ded-mail.webp","width":185,"height":200,"caption":"Pelletterie D&D"},"image":{"@id":"https:\/\/pelletterieded.com\/fr\/#\/schema\/logo\/image\/"},"sameAs":["https:\/\/www.facebook.com\/dedpelletterie","https:\/\/www.instagram.com\/pelletterieded\/"]}]}},"_links":{"self":[{"href":"https:\/\/pelletterieded.com\/fr\/wp-json\/wp\/v2\/product\/112642","targetHints":{"allow":["GET"]}}],"collection":[{"href":"https:\/\/pelletterieded.com\/fr\/wp-json\/wp\/v2\/product"}],"about":[{"href":"https:\/\/pelletterieded.com\/fr\/wp-json\/wp\/v2\/types\/product"}],"replies":[{"embeddable":true,"href":"https:\/\/pelletterieded.com\/fr\/wp-json\/wp\/v2\/comments?post=112642"}],"wp:featuredmedia":[{"embeddable":true,"href":"https:\/\/pelletterieded.com\/fr\/wp-json\/wp\/v2\/media\/177458"}],"wp:attachment":[{"href":"https:\/\/pelletterieded.com\/fr\/wp-json\/wp\/v2\/media?parent=112642"}],"wp:term":[{"taxonomy":"product_brand","embeddable":true,"href":"https:\/\/pelletterieded.com\/fr\/wp-json\/wp\/v2\/product_brand?post=112642"},{"taxonomy":"product_cat","embeddable":true,"href":"https:\/\/pelletterieded.com\/fr\/wp-json\/wp\/v2\/product_cat?post=112642"},{"taxonomy":"product_tag","embeddable":true,"href":"https:\/\/pelletterieded.com\/fr\/wp-json\/wp\/v2\/product_tag?post=112642"}],"curies":[{"name":"wp","href":"https:\/\/api.w.org\/{rel}","templated":true}]}}