{"id":67523,"date":"2020-07-24T17:21:30","date_gmt":"2020-07-24T15:21:30","guid":{"rendered":"http:\/\/pelletterieded.com\/termes-et-conditions\/"},"modified":"2025-01-02T18:10:26","modified_gmt":"2025-01-02T17:10:26","slug":"termes-et-conditions","status":"publish","type":"page","link":"https:\/\/pelletterieded.com\/fr\/termes-et-conditions\/","title":{"rendered":"Termes et conditions"},"content":{"rendered":"<div class=\"row\"  id=\"row-1538622277\">\n\n\t<div id=\"col-1926783504\" class=\"col small-12 large-12\"  >\n\t\t\t\t<div class=\"col-inner\"  >\n\t\t\t\n\t\t\t\n<h2>PRESENTATION<\/h2>\n<p>Les pr\u00e9sentes conditions de vente concernent la vente de produits sur ce site https:\/\/pelletterieded.com\/.<\/p>\n<p>Les produits commercialis\u00e9s sur le site sont propos\u00e9s et vendus par Pelletterie D&amp;D srl (num\u00e9ro de TVA 06541790488), une soci\u00e9t\u00e9 inscrite au registre du commerce de Florence (num\u00e9ro REA FI-636653), dont le si\u00e8ge social est \u00e0 Sesto Fiorentino (FI), via Renato Brusch 138.<\/p>\n<p>Il est possible de demander des informations, d&rsquo;envoyer des communications, de demander de l&rsquo;aide ou de d\u00e9poser des plaintes en contactant Pelletterie D&amp;D des mani\u00e8res suivantes\u00a0:<\/p>\n<ul>\n<li>par t\u00e9l\u00e9phone, au 055-4491006, du lundi au vendredi aux horaires suivants\u00a0: 9h00 &#8211; 17h00<\/li>\n<li>WhatsApp au (+39\u00a0)320-6629449<\/li>\n<li>Par e-mail, \u00e0 info@pelletterieded.com<\/li>\n<\/ul>\n<p>La vente et\/ou la distribution de produits achet\u00e9s sur\u00a0<strong>https:\/\/pelletterieded.com<\/strong> est interdite.<br \/>\nTous les produits sont fabriqu\u00e9s avec des cuirs achet\u00e9s aupr\u00e8s de tanneries membres du Consortium des cuirs \u00e0 tannage v\u00e9g\u00e9tal (Toscane-Italie)\u00a0; pour chaque article il y a une garantie qui certifie sa qualit\u00e9.<\/p>\n<h2>COMMANDES<\/h2>\n<p>Les commandes peuvent \u00eatre transmises par voie \u00e9lectronique, sous r\u00e9serve d&rsquo;une inscription gratuite sur le site.<br \/>\nLors de la commande, veuillez\u00a0v\u00e9rifier\u00a0l&rsquo;exactitude des donn\u00e9es et de l&rsquo;adresse de livraison. En cas d&rsquo;erreurs, veuillez nous en informer rapidement \u00e0 <strong>info@pelletterieded.com<\/strong> ou <strong>pelletterie.ded@gmail.com<\/strong>.<\/p>\n<h2>PERSONNALISATION<\/h2>\n<p>Il est possible de personnaliser le produit choisi au moyen d&rsquo;une gravure \u00ab\u00a0\u00e0 chaud\u00a0\u00bb directement sur le cuir. Le service est gratuit mais doit \u00eatre demand\u00e9 au moment de la commande en remplissant le champ appropri\u00e9. Il est possible de graver des initiales, un nom, un surnom, une date, etc. car nous sommes \u00e9quip\u00e9s de lettres et de chiffres cursifs majuscules et minuscules. Il est conseill\u00e9 de toujours laisser un num\u00e9ro de t\u00e9l\u00e9phone afin que vous puissiez \u00eatre contact\u00e9 par le personnel si n\u00e9cessaire pour \u00e9valuer et convenir d&rsquo;un changement en fonction de l&rsquo;objet choisi. La personnalisation s&rsquo;effectue en diff\u00e9rents points de l&rsquo;objet selon les caract\u00e9ristiques du mod\u00e8le.<br \/>\nN.B. Sauf accord ult\u00e9rieur par t\u00e9l\u00e9phone ou par e-mail, le personnel effectuera la personnalisation fid\u00e8lement \u00e0 ce qui est indiqu\u00e9 par le client dans le champ appropri\u00e9.<br \/>\nNOUS RAPPELONS \u00c9GALEMENT QUE : un sac personnalis\u00e9 ne peut \u00eatre ni \u00e9chang\u00e9 ni retourn\u00e9.<br \/>\nPour plus d&rsquo;informations, reportez-vous \u00e0 la page du site sp\u00e9cifiquement d\u00e9di\u00e9e \u00e0 la personnalisation.<\/p>\n<h2>TARIFS<\/h2>\n<p>Les prix indiqu\u00e9s sont exprim\u00e9s en EURO et s&rsquo;entendent TTC pour les Etats membres de l&rsquo;Union Europ\u00e9enne. La livraison est GRATUITE dans toute l&rsquo;Italie pour les commandes sup\u00e9rieures \u00e0 80 \u20ac. Pour les autres pays une participation est demand\u00e9e pour les frais de port.<br \/>\nPour les commandes directes dans les pays non membres de l&rsquo;UE, des droits et taxes locaux peuvent \u00eatre exig\u00e9s au moment de la livraison.<\/p>\n<h2>PAIEMENT<\/h2>\n<p>Le paiement peut \u00eatre effectu\u00e9 en choisissant l&rsquo;une des m\u00e9thodes suivantes :<\/p>\n<ul>\n<li>Carte de cr\u00e9dit (bande)<\/li>\n<li>Paypal<\/li>\n<li>Paiement \u00e0 la livraison (avec un suppl\u00e9ment de 5\u00a0\u20ac)<\/li>\n<li>Virement bancaire (coordonn\u00e9es iban <strong>IT05P0103038104000001151571<\/strong>)<\/li>\n<\/ul>\n<h2>FACTURATION<\/h2>\n<p>Une fois la commande compl\u00e9t\u00e9e, le client peut demander l&rsquo;\u00e9mission d&rsquo;une facture \u00e9lectronique en remplissant le formulaire appropri\u00e9 dans l&rsquo;espace personnel du site. Toutes les donn\u00e9es requises doivent \u00eatre saisies correctement. Le client recevra la facture sur son portail ou dans son e-mail certifi\u00e9 apr\u00e8s l&rsquo;avoir envoy\u00e9e \u00e0 l&rsquo;Agence du Revenu. La facture ne peut \u00eatre demand\u00e9e qu&rsquo;au moment de la commande. Les demandes faites apr\u00e8s le jour de la commande ne seront pas accept\u00e9es.<\/p>\n<h2>EXP\u00c9DITION ET LIVRAISON<\/h2>\n<p>La livraison est GRATUITE dans toute l&rsquo;Italie pour les commandes sup\u00e9rieures \u00e0 80 \u20ac.<br \/>\nDans les conditions de disponibilit\u00e9 des articles, si les commandes parviennent \u00e0 l&rsquo;entreprise avant 12h00, elles sont trait\u00e9es dans l&rsquo;apr\u00e8s-midi du m\u00eame jour. En cas de paiement par virement bancaire, la commande sera trait\u00e9e d\u00e8s que les fonds auront \u00e9t\u00e9 cr\u00e9dit\u00e9s (cela prend environ 3 jours ouvrables) ; dans le cas o\u00f9 le client souhaite acc\u00e9l\u00e9rer l&rsquo;exp\u00e9dition, il est n\u00e9cessaire d&rsquo;envoyer une copie du re\u00e7u du virement bancaire \u00e0 notre adresse e-mail (info@pelletterieded.com), en pr\u00e9cisant le nom de l&rsquo;acheteur et le num\u00e9ro de commande.<br \/>\nLes d\u00e9lais de livraison d\u00e9pendent exclusivement des d\u00e9lais d\u00e9clar\u00e9s par le transporteur. En Italie g\u00e9n\u00e9ralement, pour les localit\u00e9s du centre-nord et du centre-sud, la livraison a lieu dans les 24 heures suivant le paiement, pour les localit\u00e9s ou les \u00eeles plus \u00e9loign\u00e9es, les d\u00e9lais de livraison s&rsquo;\u00e9tendent de 48 heures \u00e0 un maximum de 3 jours ouvrables. Dans le cas des autres pays, les d\u00e9lais s&rsquo;\u00e9tendent au-del\u00e0 de 3 jours ouvr\u00e9s.<\/p>\n<h2>RETOURS ET REMBOURSEMENTS<\/h2>\n<p class=\"p1\"><span class=\"s1\"><strong>Pelletterie D&amp;D<\/strong> garantit le droit de r\u00e9tractation de l&rsquo;achat\u00a0<strong>dans et au plus tard 14 jours<\/strong> \u00e0 compter de la date de livraison. Selon l&rsquo;art. 52 Droit de r\u00e9tractation &#8211; r\u00e9f\u00e9rence l\u00e9gislative <em>(d\u00e9cret l\u00e9gislatif 206\/2005)<\/em>.<\/span><\/p>\n<p class=\"p2\"><span class=\"s1\">Ne sont pas soumis au droit de r\u00e9tractation\u00a0: <\/span><\/p>\n<ul>\n<li class=\"p2\"><span class=\"s1\">Produits personnalis\u00e9s ou produits achet\u00e9s pour la vente B2B.<\/span><\/li>\n<li class=\"p2\"><span class=\"s1\">Tous les produits sans \u00e9tiquette ou avec une \u00e9tiquette enlev\u00e9e, utilis\u00e9e ou incompl\u00e8te etc&#8230;<\/span><\/li>\n<li>Absence d&rsquo;\u00e9l\u00e9ments faisant partie int\u00e9grante du produit (accessoires, bandouli\u00e8re, poign\u00e9es, \u00e9tiquettes, garantie relative, etc.)<\/li>\n<li>Endommagement du produit pour des raisons autres que le transport.<\/li>\n<li>L&rsquo;objet doit arriver au si\u00e8ge au plus tard 15 jours ouvrables, en cas de d\u00e9lais plus longs, le retour sera consid\u00e9r\u00e9 comme nul<\/li>\n<li class=\"p2\"><span class=\"s1\">L&#8217;emballage de la marchandise doit \u00eatre effectu\u00e9 avec la bo\u00eete d&rsquo;origine afin d&rsquo;\u00e9viter que la marchandise n&rsquo;atteigne sa destination endommag\u00e9e.<br \/>\n<\/span><span class=\"s1\">Si l&#8217;emballage d&rsquo;origine est inutilisable, le client peut utiliser une bo\u00eete \u00e9quivalente en termes de taille et de r\u00e9sistance.<\/span><\/li>\n<\/ul>\n<p class=\"p2\"><span class=\"s1\">Le client doit faire la demande de retour \u00e0 partir de la section appropri\u00e9e au sein de son <strong><a href=\"http:\/\/pelletterieded.com\/effettua -a-return \/\">espace personnel<\/a><\/strong> sur le site Pelletterieded.com. Indiquez si vous souhaitez un remboursement ou un \u00e9change d&rsquo;article. Joindre des photos des marchandises re\u00e7ues \u00e0 retourner et le num\u00e9ro de commande<\/span><\/p>\n<p class=\"p2\"><span class=\"s1\"><strong>Pelletterie D&amp;D<\/strong> fournira l&rsquo;\u00e9tiquette, exclusivement pour les envois vers l&rsquo;Italie. Une seule \u00e9tiquette est fournie pour chaque commande.<br \/>\n<\/span><span class=\"s1\">Si une \u00e9tiquette diff\u00e9rente est utilis\u00e9e, les frais de retour ne seront pas rembours\u00e9s.<\/span><\/p>\n<p>En cas de retour en dehors de l&rsquo;Italie, tous les frais d&rsquo;exp\u00e9dition, taxes ou autres frais seront \u00e0 la charge du client. Il appartiendra \u00e0 l&rsquo;acheteur d&rsquo;informer Pelletterie D&amp;D de la date, du num\u00e9ro de suivi et du transporteur choisi. Dans ce cas, le client est responsable de l&rsquo;envoi lui-m\u00eame<\/p>\n<p class=\"p2\"><span class=\"s1\">Pour tous les autres cas, le retour est \u00e0 la charge du client qui en assume l&rsquo;enti\u00e8re responsabilit\u00e9. Par cons\u00e9quent, il est recommand\u00e9 d&rsquo;utiliser un syst\u00e8me d&rsquo;exp\u00e9dition tra\u00e7able.<\/span><\/p>\n<p class=\"p2\"><span class=\"s1\">Le retour doit \u00eatre envoy\u00e9 \u00e0 l&rsquo;adresse suivante\u00a0: <\/span><\/p>\n<p class=\"p2\"><strong>Maroquinerie D&amp;D &#8211; <\/strong><strong>Via Petrosa n 8 &#8211; <\/strong><strong>50019 Sesto Fiorentino (FI).<\/strong><\/p>\n<p class=\"p1\"><span class=\"s1\">Les envois de retour effectu\u00e9s par des moyens autres que ceux indiqu\u00e9s ci-dessus ne seront pas accept\u00e9s.<br \/>\n<\/span><\/p>\n<p class=\"p1\"><span class=\"s1\">Une fois le retour arriv\u00e9 \u00e0 destination, Pelletterie D&amp;D v\u00e9rifiera la l\u00e9gitimit\u00e9 du retour et v\u00e9rifiera l&rsquo;exactitude des op\u00e9rations et l&rsquo;int\u00e9grit\u00e9 du produit&lt;\/ \u00e9tendue&gt;<\/span><\/p>\n<p class=\"p1\"><span class=\"s1\">Ensuite, seul\u00a0le montant de l&rsquo;achat sera rembours\u00e9, pas les frais d&rsquo;exp\u00e9dition (ou tout frais suppl\u00e9mentaire).<\/span><\/p>\n<p class=\"p1\"><span class=\"s1\">Ces sommes seront recr\u00e9dit\u00e9es via le syst\u00e8me avec lequel le paiement a \u00e9t\u00e9 effectu\u00e9 dans les dix jours suivant la r\u00e9ception des marchandises retourn\u00e9es. <\/span><\/p>\n<p class=\"p1\"><span class=\"s1\">Tous les produits Pelletterie D&amp;D sont garantis 48 mois \u00e0 compter de la date de livraison.<\/span><\/p>\n<p class=\"p1\"><span class=\"s1\">En cas de probl\u00e8me, le client peut contacter Pelletterie D&amp;D en envoyant un email avec une description photographique du probl\u00e8me \u00e0 l&rsquo;adresse suivante : <strong>info@ pelletterieded.com<\/strong><\/span><\/p>\n<p class=\"p1\"><span class=\"s1\">Cette garantie ne couvre pas les dommages dus \u00e0 l&rsquo;usure normale ou aux accidents caus\u00e9s directement ou indirectement par le client<br \/>\n<\/span><\/p>\n<h2>GARANTIE ET \u200b\u200bCONFORMIT\u00c9<\/h2>\n<p>Chaque produit peut varier l\u00e9g\u00e8rement en couleur ou en texture, en raison de la particularit\u00e9 du processus de tannage et des produits naturels utilis\u00e9s. D&amp;D ne consid\u00e8re pas cela comme un d\u00e9faut, mais plut\u00f4t comme un signe d&rsquo;unicit\u00e9. Pour garantir l&rsquo;authenticit\u00e9 des produits, D&amp;D fournit un certificat de garantie.<br \/>\nCela garantit que notre cuir a \u00e9t\u00e9 tann\u00e9 exclusivement avec des tanins naturels d&rsquo;origine v\u00e9g\u00e9tale et ne contient pas de substances interdites par la loi. Les extraits de tanin sont les ingr\u00e9dients fondamentaux du processus de tannage lent et donnent la meilleure qualit\u00e9.<\/p>\n<p><strong>Chaque article est fabriqu\u00e9 avec soin et soumis \u00e0 des contr\u00f4les de qualit\u00e9 pr\u00e9cis<\/strong>. Les petites veines, les rides et les rayures imperceptibles qui peuvent \u00eatre pr\u00e9sentes sur le cuir t\u00e9moignent de son caract\u00e8re naturel, rendant chaque cuir unique en son genre.<\/p>\n<p>Bien que les produits D&amp;D soient fabriqu\u00e9s dans le respect des normes de qualit\u00e9 gr\u00e2ce \u00e0 la meilleure qualit\u00e9 de fabrication et de mat\u00e9riaux, ils ne sont pas indestructibles.<\/p>\n<p>La garantie s&rsquo;applique uniquement aux achats effectu\u00e9s directement sur le site Pelletterieded.com<\/p>\n<p>Pour les produits achet\u00e9s ailleurs, veuillez contacter le point de vente o\u00f9 l&rsquo;achat a \u00e9t\u00e9 effectu\u00e9 avec le re\u00e7u pour obtenir de l&rsquo;aide.<\/p>\n<p>Les sacs D&amp;D sont prot\u00e9g\u00e9s par une garantie limit\u00e9e de quatre ans \u00e0 compter de la date d&rsquo;achat d&rsquo;origine (preuve d&rsquo;achat requise).<\/p>\n<p>La garantie ne couvre pas les dommages r\u00e9sultant d&rsquo;accidents, d&rsquo;une mauvaise utilisation du sac ou de toute modification, service ou r\u00e9paration effectu\u00e9e par une personne autre que D&amp;D<\/p>\n<p>La garantie ne couvre pas non plus les dommages caus\u00e9s par une mauvaise manipulation, les accidents caus\u00e9s directement ou indirectement par le client, l&rsquo;abrasion, l&rsquo;eau, les solvants, l&rsquo;usure et les dommages caus\u00e9s par les transporteurs. Elle ne couvre pas non plus les dommages accessoires tels que la casse ou la perte du contenu d&rsquo;un sac, la perte d&rsquo;usage ou de temps, ou d&rsquo;autres d\u00e9penses similaires.<\/p>\n<p>Les frais d&rsquo;exp\u00e9dition du produit D&amp;D \u00e0 r\u00e9parer seront \u00e0 la charge du client, la r\u00e9paration et l&rsquo;exp\u00e9dition ult\u00e9rieure seront \u00e0 la charge de D&amp;D.<\/p>\n<p>Les d\u00e9lais de r\u00e9paration peuvent varier selon la nature de l&rsquo;intervention.<\/p>\n<p>Pour plus d&rsquo;informations, envoyez un e-mail \u00e0\u00a0<a href=\"mailto:info@pelletterieded.com\">info@pelletterieded.com<\/a>\t\t<\/div>\n\t\t\t\t\t<\/div>\n\n\t\n\n<style>\n#row-1538622277 > .col > .col-inner {\n  padding: 20px 0px 0px 0px;\n}\n<\/style>\n<\/div>\n","protected":false},"excerpt":{"rendered":"","protected":false},"author":275,"featured_media":0,"parent":0,"menu_order":0,"comment_status":"closed","ping_status":"closed","template":"","meta":{"footnotes":""},"class_list":["post-67523","page","type-page","status-publish","hentry"],"yoast_head":"<!-- This site is optimized with the Yoast SEO plugin v27.4 - https:\/\/yoast.com\/product\/yoast-seo-wordpress\/ -->\n<title>Termes et conditions - Pelletterie D&amp;D<\/title>\n<meta name=\"robots\" content=\"noindex, nofollow\" \/>\n<meta property=\"og:locale\" content=\"fr_FR\" \/>\n<meta property=\"og:type\" content=\"article\" \/>\n<meta property=\"og:title\" content=\"Termes et conditions - Pelletterie D&amp;D\" \/>\n<meta property=\"og:url\" content=\"https:\/\/pelletterieded.com\/fr\/termes-et-conditions\/\" \/>\n<meta property=\"og:site_name\" content=\"Pelletterie D&amp;D\" \/>\n<meta property=\"article:publisher\" content=\"https:\/\/www.facebook.com\/dedpelletterie\" \/>\n<meta property=\"article:modified_time\" content=\"2025-01-02T17:10:26+00:00\" \/>\n<meta name=\"twitter:card\" content=\"summary_large_image\" \/>\n<meta name=\"twitter:label1\" content=\"Dur\u00e9e de lecture estim\u00e9e\" \/>\n\t<meta name=\"twitter:data1\" content=\"9 minutes\" \/>\n<script type=\"application\/ld+json\" class=\"yoast-schema-graph\">{\"@context\":\"https:\\\/\\\/schema.org\",\"@graph\":[{\"@type\":\"WebPage\",\"@id\":\"https:\\\/\\\/pelletterieded.com\\\/fr\\\/termes-et-conditions\\\/\",\"url\":\"https:\\\/\\\/pelletterieded.com\\\/fr\\\/termes-et-conditions\\\/\",\"name\":\"Termes et conditions - Pelletterie D&amp;D\",\"isPartOf\":{\"@id\":\"https:\\\/\\\/pelletterieded.com\\\/fr\\\/#website\"},\"datePublished\":\"2020-07-24T15:21:30+00:00\",\"dateModified\":\"2025-01-02T17:10:26+00:00\",\"breadcrumb\":{\"@id\":\"https:\\\/\\\/pelletterieded.com\\\/fr\\\/termes-et-conditions\\\/#breadcrumb\"},\"inLanguage\":\"fr-FR\",\"potentialAction\":[{\"@type\":\"ReadAction\",\"target\":[\"https:\\\/\\\/pelletterieded.com\\\/fr\\\/termes-et-conditions\\\/\"]}]},{\"@type\":\"BreadcrumbList\",\"@id\":\"https:\\\/\\\/pelletterieded.com\\\/fr\\\/termes-et-conditions\\\/#breadcrumb\",\"itemListElement\":[{\"@type\":\"ListItem\",\"position\":1,\"name\":\"Pelletterie D&amp;D\",\"item\":\"https:\\\/\\\/pelletterieded.com\\\/fr\\\/\"},{\"@type\":\"ListItem\",\"position\":2,\"name\":\"Termes et conditions\"}]},{\"@type\":\"WebSite\",\"@id\":\"https:\\\/\\\/pelletterieded.com\\\/fr\\\/#website\",\"url\":\"https:\\\/\\\/pelletterieded.com\\\/fr\\\/\",\"name\":\"Pelletterie D&D\",\"description\":\"Outlet online di moda N\u00ba1 in Italia\",\"publisher\":{\"@id\":\"https:\\\/\\\/pelletterieded.com\\\/fr\\\/#organization\"},\"potentialAction\":[{\"@type\":\"SearchAction\",\"target\":{\"@type\":\"EntryPoint\",\"urlTemplate\":\"https:\\\/\\\/pelletterieded.com\\\/fr\\\/?s={search_term_string}\"},\"query-input\":{\"@type\":\"PropertyValueSpecification\",\"valueRequired\":true,\"valueName\":\"search_term_string\"}}],\"inLanguage\":\"fr-FR\"},{\"@type\":\"Organization\",\"@id\":\"https:\\\/\\\/pelletterieded.com\\\/fr\\\/#organization\",\"name\":\"Pelletterie D&D\",\"url\":\"https:\\\/\\\/pelletterieded.com\\\/fr\\\/\",\"logo\":{\"@type\":\"ImageObject\",\"inLanguage\":\"fr-FR\",\"@id\":\"https:\\\/\\\/pelletterieded.com\\\/fr\\\/#\\\/schema\\\/logo\\\/image\\\/\",\"url\":\"https:\\\/\\\/pelletterieded.com\\\/wp-content\\\/uploads\\\/2019\\\/07\\\/logo-pelletterie-ded-mail.webp\",\"contentUrl\":\"https:\\\/\\\/pelletterieded.com\\\/wp-content\\\/uploads\\\/2019\\\/07\\\/logo-pelletterie-ded-mail.webp\",\"width\":185,\"height\":200,\"caption\":\"Pelletterie D&D\"},\"image\":{\"@id\":\"https:\\\/\\\/pelletterieded.com\\\/fr\\\/#\\\/schema\\\/logo\\\/image\\\/\"},\"sameAs\":[\"https:\\\/\\\/www.facebook.com\\\/dedpelletterie\",\"https:\\\/\\\/www.instagram.com\\\/pelletterieded\\\/\"]}]}<\/script>\n<!-- \/ Yoast SEO plugin. -->","yoast_head_json":{"title":"Termes et conditions - Pelletterie D&amp;D","robots":{"index":"noindex","follow":"nofollow"},"og_locale":"fr_FR","og_type":"article","og_title":"Termes et conditions - Pelletterie D&amp;D","og_url":"https:\/\/pelletterieded.com\/fr\/termes-et-conditions\/","og_site_name":"Pelletterie D&amp;D","article_publisher":"https:\/\/www.facebook.com\/dedpelletterie","article_modified_time":"2025-01-02T17:10:26+00:00","twitter_card":"summary_large_image","twitter_misc":{"Dur\u00e9e de lecture estim\u00e9e":"9 minutes"},"schema":{"@context":"https:\/\/schema.org","@graph":[{"@type":"WebPage","@id":"https:\/\/pelletterieded.com\/fr\/termes-et-conditions\/","url":"https:\/\/pelletterieded.com\/fr\/termes-et-conditions\/","name":"Termes et conditions - Pelletterie D&amp;D","isPartOf":{"@id":"https:\/\/pelletterieded.com\/fr\/#website"},"datePublished":"2020-07-24T15:21:30+00:00","dateModified":"2025-01-02T17:10:26+00:00","breadcrumb":{"@id":"https:\/\/pelletterieded.com\/fr\/termes-et-conditions\/#breadcrumb"},"inLanguage":"fr-FR","potentialAction":[{"@type":"ReadAction","target":["https:\/\/pelletterieded.com\/fr\/termes-et-conditions\/"]}]},{"@type":"BreadcrumbList","@id":"https:\/\/pelletterieded.com\/fr\/termes-et-conditions\/#breadcrumb","itemListElement":[{"@type":"ListItem","position":1,"name":"Pelletterie D&amp;D","item":"https:\/\/pelletterieded.com\/fr\/"},{"@type":"ListItem","position":2,"name":"Termes et conditions"}]},{"@type":"WebSite","@id":"https:\/\/pelletterieded.com\/fr\/#website","url":"https:\/\/pelletterieded.com\/fr\/","name":"Pelletterie D&D","description":"Outlet online di moda N\u00ba1 in Italia","publisher":{"@id":"https:\/\/pelletterieded.com\/fr\/#organization"},"potentialAction":[{"@type":"SearchAction","target":{"@type":"EntryPoint","urlTemplate":"https:\/\/pelletterieded.com\/fr\/?s={search_term_string}"},"query-input":{"@type":"PropertyValueSpecification","valueRequired":true,"valueName":"search_term_string"}}],"inLanguage":"fr-FR"},{"@type":"Organization","@id":"https:\/\/pelletterieded.com\/fr\/#organization","name":"Pelletterie D&D","url":"https:\/\/pelletterieded.com\/fr\/","logo":{"@type":"ImageObject","inLanguage":"fr-FR","@id":"https:\/\/pelletterieded.com\/fr\/#\/schema\/logo\/image\/","url":"https:\/\/pelletterieded.com\/wp-content\/uploads\/2019\/07\/logo-pelletterie-ded-mail.webp","contentUrl":"https:\/\/pelletterieded.com\/wp-content\/uploads\/2019\/07\/logo-pelletterie-ded-mail.webp","width":185,"height":200,"caption":"Pelletterie D&D"},"image":{"@id":"https:\/\/pelletterieded.com\/fr\/#\/schema\/logo\/image\/"},"sameAs":["https:\/\/www.facebook.com\/dedpelletterie","https:\/\/www.instagram.com\/pelletterieded\/"]}]}},"_hostinger_reach_plugin_has_subscription_block":false,"_hostinger_reach_plugin_is_elementor":false,"_links":{"self":[{"href":"https:\/\/pelletterieded.com\/fr\/wp-json\/wp\/v2\/pages\/67523","targetHints":{"allow":["GET"]}}],"collection":[{"href":"https:\/\/pelletterieded.com\/fr\/wp-json\/wp\/v2\/pages"}],"about":[{"href":"https:\/\/pelletterieded.com\/fr\/wp-json\/wp\/v2\/types\/page"}],"author":[{"embeddable":true,"href":"https:\/\/pelletterieded.com\/fr\/wp-json\/wp\/v2\/users\/275"}],"replies":[{"embeddable":true,"href":"https:\/\/pelletterieded.com\/fr\/wp-json\/wp\/v2\/comments?post=67523"}],"version-history":[{"count":0,"href":"https:\/\/pelletterieded.com\/fr\/wp-json\/wp\/v2\/pages\/67523\/revisions"}],"wp:attachment":[{"href":"https:\/\/pelletterieded.com\/fr\/wp-json\/wp\/v2\/media?parent=67523"}],"curies":[{"name":"wp","href":"https:\/\/api.w.org\/{rel}","templated":true}]}}