{"id":67516,"date":"2020-07-24T16:57:34","date_gmt":"2020-07-24T14:57:34","guid":{"rendered":"http:\/\/pelletterieded.com\/delais-denvois\/"},"modified":"2025-01-02T17:00:53","modified_gmt":"2025-01-02T16:00:53","slug":"delais-denvois","status":"publish","type":"page","link":"https:\/\/pelletterieded.com\/fr\/delais-denvois\/","title":{"rendered":"D\u00e9lais d\u2019envois"},"content":{"rendered":"<div class=\"row\"  id=\"row-70625772\">\n\n\t<div id=\"col-1158893657\" class=\"col small-12 large-12\"  >\n\t\t\t\t<div class=\"col-inner\"  >\n\t\t\t\n\t\t\t\n<div class=\"message-box relative dark\" style=\"padding-top:15px;padding-bottom:15px;\"><div class=\"message-box-bg-image bg-fill fill\" ><\/div><div class=\"message-box-bg-overlay bg-fill fill\" ><\/div><div class=\"container relative\"><div class=\"inner last-reset\">\n<div class=\"row align-middle align-center\"  id=\"row-616744052\">\n\n\t<div id=\"col-1004984433\" class=\"col small-12 large-12\"  >\n\t\t\t\t<div class=\"col-inner text-center\"  >\n\t\t\t\n\t\t\t\n\t<div id=\"text-855217777\" class=\"text\">\n\t\t\n<div><\/div>\n<div>\n<div><strong>Livraison GRATUITE en Italie pour les commandes \u00e0 partir de 80\u00a0\u20ac. <\/strong><\/div>\n<div>Pendant les vacances de No\u00ebl nous ne pouvons garantir une livraison en 24\/48 heures. Nous vous remercions de votre compr\u00e9hension, nous nous effor\u00e7ons de vous livrer vos achats le plus rapidement possible !<\/div>\n<div><\/div>\n<\/div>\n\t\t\n<style>\n#text-855217777 {\n  text-align: center;\n}\n<\/style>\n\t<\/div>\n\t\n\t\t<\/div>\n\t\t\t\t\t<\/div>\n\n\t\n<\/div>\n<\/div><\/div><\/div>\n\t\t<\/div>\n\t\t\t\t\n<style>\n#col-1158893657 > .col-inner {\n  margin: 20px 0px 0px 0px;\n}\n<\/style>\n\t<\/div>\n\n\t\n\n\t<div id=\"col-1590806833\" class=\"col small-12 large-12\"  >\n\t\t\t\t<div class=\"col-inner\"  >\n\t\t\t\n\t\t\t\n<div>Pelletterie D&amp;D traitera la commande dans les 24 \u00e0 48 heures ouvrables suivant sa r\u00e9ception.<\/div>\n<div>Dans les conditions de disponibilit\u00e9 des articles, si les commandes parviennent \u00e0 la soci\u00e9t\u00e9 avant 12h00 elles sont trait\u00e9es l&rsquo;apr\u00e8s-midi du m\u00eame jour, sinon la commande sera trait\u00e9e le jour ouvrable suivant.<\/div>\n<div><\/div>\n<div>En cas de paiement par virement bancaire, la commande sera trait\u00e9e d\u00e8s que les fonds seront cr\u00e9dit\u00e9s (cela prend environ 3 jours ouvr\u00e9s) ; dans le cas o\u00f9 le client souhaite acc\u00e9l\u00e9rer l&rsquo;exp\u00e9dition, il est n\u00e9cessaire d&rsquo;envoyer une copie du re\u00e7u de virement bancaire \u00e0 notre adresse email (info@pelletterieded.com), en pr\u00e9cisant le nom de l&rsquo;acheteur et le num\u00e9ro de commande.<\/div>\n<div><\/div>\n<div>Exp\u00e9ditions vers l\u2019Italie :<\/div>\n<div><\/div>\n<div>Pelletterie D&amp;D s&rsquo;engage \u00e0 ce que la commande soit livr\u00e9e dans un d\u00e9lai de 2 \u00e0 3 jours ouvr\u00e9s \u00e0 compter de la confirmation de commande.<\/div>\n<div>La livraison est gratuite pour les commandes sup\u00e9rieures \u00e0 80 \u20ac. Le coursier mettra environ 24h\/48 heures ouvrables pour livrer le colis, au coffre, une journ\u00e9e suppl\u00e9mentaire dans les \u00eeles.<\/div>\n<div><\/div>\n<div>Exp\u00e9ditions vers l\u2019Europe :<\/div>\n<div><\/div>\n<div>Les envois vers l&rsquo;Europe co\u00fbteront entre 12,00 \u20ac et 35,00 \u20ac selon le pays de destination et le type d&rsquo;envoi (standard ou express).<\/div>\n<div>Dans ce cas, le transporteur mettra environ 3\/5 jours ouvrables pour livrer votre colis en exp\u00e9dition standard, environ 2 jours ouvrables en exp\u00e9dition express.<\/div>\n<div><\/div>\n<div>Exp\u00e9ditions hors Europe :<\/div>\n<div><\/div>\n<div>Les exp\u00e9ditions hors Europe co\u00fbteront 40,00 \u20ac pour les \u00c9tats-Unis et les pays non europ\u00e9ens.<\/div>\n<div>Dans ce cas, le transporteur mettra environ 5\/10 jours ouvrables pour livrer votre colis.<\/div>\n<div><\/div>\n<div>NOTE INCONTOURNABLE : les \u00e9ventuels frais de droits ou taxes douani\u00e8res sont \u00e0 la charge enti\u00e8re du client m\u00eame en cas de retour.<\/div>\n<div><\/div>\n<div>Dans le cas o\u00f9 le client refuserait de r\u00e9cup\u00e9rer la commande, les \u00e9ventuels frais de retour<\/div>\n<div>sera d\u00e9duit du remboursement.<\/div>\n<div>Nous vous rappelons \u00e9galement que selon notre politique de Retours et Remboursements, le<\/div>\n<div>les remboursements pour les sacs personnalis\u00e9s ne seront pas effectu\u00e9s<\/div>\n<div><\/div>\n<div>Pelletterie D&amp;D tient \u00e0 rappeler \u00e0 ses clients que les d\u00e9lais de livraison peuvent \u00eatre retard\u00e9s pendant les jours f\u00e9ri\u00e9s et que les coursiers n&rsquo;effectueront pas de livraisons les jours f\u00e9ri\u00e9s et les week-ends.<\/div>\n\t\t<\/div>\n\t\t\t\t\t<\/div>\n\n\t\n<\/div>\n","protected":false},"excerpt":{"rendered":"","protected":false},"author":275,"featured_media":0,"parent":0,"menu_order":0,"comment_status":"closed","ping_status":"closed","template":"page-blank-title-center.php","meta":{"footnotes":""},"class_list":["post-67516","page","type-page","status-publish","hentry"],"yoast_head":"<!-- This site is optimized with the Yoast SEO plugin v27.4 - https:\/\/yoast.com\/product\/yoast-seo-wordpress\/ -->\n<title>D\u00e9lais d\u2019envois - Pelletterie D&amp;D<\/title>\n<meta name=\"robots\" content=\"noindex, nofollow\" \/>\n<meta property=\"og:locale\" content=\"fr_FR\" \/>\n<meta property=\"og:type\" content=\"article\" \/>\n<meta property=\"og:title\" content=\"D\u00e9lais d\u2019envois - Pelletterie D&amp;D\" \/>\n<meta property=\"og:url\" content=\"https:\/\/pelletterieded.com\/fr\/delais-denvois\/\" \/>\n<meta property=\"og:site_name\" content=\"Pelletterie D&amp;D\" \/>\n<meta property=\"article:publisher\" content=\"https:\/\/www.facebook.com\/dedpelletterie\" \/>\n<meta property=\"article:modified_time\" content=\"2025-01-02T16:00:53+00:00\" \/>\n<meta name=\"twitter:card\" content=\"summary_large_image\" \/>\n<meta name=\"twitter:label1\" content=\"Dur\u00e9e de lecture estim\u00e9e\" \/>\n\t<meta name=\"twitter:data1\" content=\"2 minutes\" \/>\n<script type=\"application\/ld+json\" class=\"yoast-schema-graph\">{\"@context\":\"https:\\\/\\\/schema.org\",\"@graph\":[{\"@type\":\"WebPage\",\"@id\":\"https:\\\/\\\/pelletterieded.com\\\/fr\\\/delais-denvois\\\/\",\"url\":\"https:\\\/\\\/pelletterieded.com\\\/fr\\\/delais-denvois\\\/\",\"name\":\"D\u00e9lais d\u2019envois - Pelletterie D&amp;D\",\"isPartOf\":{\"@id\":\"https:\\\/\\\/pelletterieded.com\\\/fr\\\/#website\"},\"datePublished\":\"2020-07-24T14:57:34+00:00\",\"dateModified\":\"2025-01-02T16:00:53+00:00\",\"breadcrumb\":{\"@id\":\"https:\\\/\\\/pelletterieded.com\\\/fr\\\/delais-denvois\\\/#breadcrumb\"},\"inLanguage\":\"fr-FR\",\"potentialAction\":[{\"@type\":\"ReadAction\",\"target\":[\"https:\\\/\\\/pelletterieded.com\\\/fr\\\/delais-denvois\\\/\"]}]},{\"@type\":\"BreadcrumbList\",\"@id\":\"https:\\\/\\\/pelletterieded.com\\\/fr\\\/delais-denvois\\\/#breadcrumb\",\"itemListElement\":[{\"@type\":\"ListItem\",\"position\":1,\"name\":\"Pelletterie D&amp;D\",\"item\":\"https:\\\/\\\/pelletterieded.com\\\/fr\\\/\"},{\"@type\":\"ListItem\",\"position\":2,\"name\":\"D\u00e9lais d\u2019envois\"}]},{\"@type\":\"WebSite\",\"@id\":\"https:\\\/\\\/pelletterieded.com\\\/fr\\\/#website\",\"url\":\"https:\\\/\\\/pelletterieded.com\\\/fr\\\/\",\"name\":\"Pelletterie D&D\",\"description\":\"Outlet online di moda N\u00ba1 in Italia\",\"publisher\":{\"@id\":\"https:\\\/\\\/pelletterieded.com\\\/fr\\\/#organization\"},\"potentialAction\":[{\"@type\":\"SearchAction\",\"target\":{\"@type\":\"EntryPoint\",\"urlTemplate\":\"https:\\\/\\\/pelletterieded.com\\\/fr\\\/?s={search_term_string}\"},\"query-input\":{\"@type\":\"PropertyValueSpecification\",\"valueRequired\":true,\"valueName\":\"search_term_string\"}}],\"inLanguage\":\"fr-FR\"},{\"@type\":\"Organization\",\"@id\":\"https:\\\/\\\/pelletterieded.com\\\/fr\\\/#organization\",\"name\":\"Pelletterie D&D\",\"url\":\"https:\\\/\\\/pelletterieded.com\\\/fr\\\/\",\"logo\":{\"@type\":\"ImageObject\",\"inLanguage\":\"fr-FR\",\"@id\":\"https:\\\/\\\/pelletterieded.com\\\/fr\\\/#\\\/schema\\\/logo\\\/image\\\/\",\"url\":\"https:\\\/\\\/pelletterieded.com\\\/wp-content\\\/uploads\\\/2019\\\/07\\\/logo-pelletterie-ded-mail.webp\",\"contentUrl\":\"https:\\\/\\\/pelletterieded.com\\\/wp-content\\\/uploads\\\/2019\\\/07\\\/logo-pelletterie-ded-mail.webp\",\"width\":185,\"height\":200,\"caption\":\"Pelletterie D&D\"},\"image\":{\"@id\":\"https:\\\/\\\/pelletterieded.com\\\/fr\\\/#\\\/schema\\\/logo\\\/image\\\/\"},\"sameAs\":[\"https:\\\/\\\/www.facebook.com\\\/dedpelletterie\",\"https:\\\/\\\/www.instagram.com\\\/pelletterieded\\\/\"]}]}<\/script>\n<!-- \/ Yoast SEO plugin. -->","yoast_head_json":{"title":"D\u00e9lais d\u2019envois - Pelletterie D&amp;D","robots":{"index":"noindex","follow":"nofollow"},"og_locale":"fr_FR","og_type":"article","og_title":"D\u00e9lais d\u2019envois - Pelletterie D&amp;D","og_url":"https:\/\/pelletterieded.com\/fr\/delais-denvois\/","og_site_name":"Pelletterie D&amp;D","article_publisher":"https:\/\/www.facebook.com\/dedpelletterie","article_modified_time":"2025-01-02T16:00:53+00:00","twitter_card":"summary_large_image","twitter_misc":{"Dur\u00e9e de lecture estim\u00e9e":"2 minutes"},"schema":{"@context":"https:\/\/schema.org","@graph":[{"@type":"WebPage","@id":"https:\/\/pelletterieded.com\/fr\/delais-denvois\/","url":"https:\/\/pelletterieded.com\/fr\/delais-denvois\/","name":"D\u00e9lais d\u2019envois - Pelletterie D&amp;D","isPartOf":{"@id":"https:\/\/pelletterieded.com\/fr\/#website"},"datePublished":"2020-07-24T14:57:34+00:00","dateModified":"2025-01-02T16:00:53+00:00","breadcrumb":{"@id":"https:\/\/pelletterieded.com\/fr\/delais-denvois\/#breadcrumb"},"inLanguage":"fr-FR","potentialAction":[{"@type":"ReadAction","target":["https:\/\/pelletterieded.com\/fr\/delais-denvois\/"]}]},{"@type":"BreadcrumbList","@id":"https:\/\/pelletterieded.com\/fr\/delais-denvois\/#breadcrumb","itemListElement":[{"@type":"ListItem","position":1,"name":"Pelletterie D&amp;D","item":"https:\/\/pelletterieded.com\/fr\/"},{"@type":"ListItem","position":2,"name":"D\u00e9lais d\u2019envois"}]},{"@type":"WebSite","@id":"https:\/\/pelletterieded.com\/fr\/#website","url":"https:\/\/pelletterieded.com\/fr\/","name":"Pelletterie D&D","description":"Outlet online di moda N\u00ba1 in Italia","publisher":{"@id":"https:\/\/pelletterieded.com\/fr\/#organization"},"potentialAction":[{"@type":"SearchAction","target":{"@type":"EntryPoint","urlTemplate":"https:\/\/pelletterieded.com\/fr\/?s={search_term_string}"},"query-input":{"@type":"PropertyValueSpecification","valueRequired":true,"valueName":"search_term_string"}}],"inLanguage":"fr-FR"},{"@type":"Organization","@id":"https:\/\/pelletterieded.com\/fr\/#organization","name":"Pelletterie D&D","url":"https:\/\/pelletterieded.com\/fr\/","logo":{"@type":"ImageObject","inLanguage":"fr-FR","@id":"https:\/\/pelletterieded.com\/fr\/#\/schema\/logo\/image\/","url":"https:\/\/pelletterieded.com\/wp-content\/uploads\/2019\/07\/logo-pelletterie-ded-mail.webp","contentUrl":"https:\/\/pelletterieded.com\/wp-content\/uploads\/2019\/07\/logo-pelletterie-ded-mail.webp","width":185,"height":200,"caption":"Pelletterie D&D"},"image":{"@id":"https:\/\/pelletterieded.com\/fr\/#\/schema\/logo\/image\/"},"sameAs":["https:\/\/www.facebook.com\/dedpelletterie","https:\/\/www.instagram.com\/pelletterieded\/"]}]}},"_hostinger_reach_plugin_has_subscription_block":false,"_hostinger_reach_plugin_is_elementor":false,"_links":{"self":[{"href":"https:\/\/pelletterieded.com\/fr\/wp-json\/wp\/v2\/pages\/67516","targetHints":{"allow":["GET"]}}],"collection":[{"href":"https:\/\/pelletterieded.com\/fr\/wp-json\/wp\/v2\/pages"}],"about":[{"href":"https:\/\/pelletterieded.com\/fr\/wp-json\/wp\/v2\/types\/page"}],"author":[{"embeddable":true,"href":"https:\/\/pelletterieded.com\/fr\/wp-json\/wp\/v2\/users\/275"}],"replies":[{"embeddable":true,"href":"https:\/\/pelletterieded.com\/fr\/wp-json\/wp\/v2\/comments?post=67516"}],"version-history":[{"count":0,"href":"https:\/\/pelletterieded.com\/fr\/wp-json\/wp\/v2\/pages\/67516\/revisions"}],"wp:attachment":[{"href":"https:\/\/pelletterieded.com\/fr\/wp-json\/wp\/v2\/media?parent=67516"}],"curies":[{"name":"wp","href":"https:\/\/api.w.org\/{rel}","templated":true}]}}