{"id":67509,"date":"2020-07-24T16:55:03","date_gmt":"2020-07-24T14:55:03","guid":{"rendered":"http:\/\/pelletterieded.com\/retour-facile\/"},"modified":"2023-01-03T15:16:49","modified_gmt":"2023-01-03T14:16:49","slug":"retour-facile","status":"publish","type":"page","link":"https:\/\/pelletterieded.com\/fr\/retour-facile\/","title":{"rendered":"RETOUR FACILE"},"content":{"rendered":"<p class=\"p1\"><span class=\"s1\"><strong>Pelletterie D&amp;D<\/strong> assure le droit de r\u00e9tractation de l&rsquo;achat\u00a0<strong>dans et au plus tard 14 jours<\/strong> \u00e0 compter de la date de livraison. Selon l&rsquo;art. 52 Droit de r\u00e9tractation &#8211; r\u00e9f\u00e9rence l\u00e9gislative <em>(d\u00e9cret l\u00e9gislatif 206\/2005)<\/em>.<\/span><\/p>\n<p class=\"p2\"><span class=\"s1\">Ne sont pas soumis au droit de r\u00e9tractation\u00a0: <\/span><\/p>\n<ul>\n<li class=\"p2\"><span class=\"s1\">Produits personnalis\u00e9s ou produits achet\u00e9s pour la vente B2B.<\/span><\/li>\n<li class=\"p2\"><span class=\"s1\">Tous les produits sans \u00e9tiquette ou avec une \u00e9tiquette enlev\u00e9e, utilis\u00e9e ou incompl\u00e8te etc&#8230;<\/span><\/li>\n<li>Absence d&rsquo;\u00e9l\u00e9ments faisant partie int\u00e9grante du produit (accessoires, bandouli\u00e8re, poign\u00e9es, \u00e9tiquettes, garantie relative, etc.)<\/li>\n<li>Endommagement du produit pour des raisons autres que le transport. <\/li>\n<li>L&rsquo;objet doit arriver au si\u00e8ge au plus tard 15 jours ouvrables, en cas de d\u00e9lais plus longs, le retour sera consid\u00e9r\u00e9 comme nul<\/li>\n<li class=\"p2\"><span class=\"s1\">L&#8217;emballage de la marchandise doit \u00eatre effectu\u00e9 avec la bo\u00eete d&rsquo;origine afin d&rsquo;\u00e9viter que la marchandise n&rsquo;atteigne sa destination endommag\u00e9e.<br \/><\/span>< span class=\"s1\">Si l&#8217;emballage d&rsquo;origine est inutilisable, le client peut utiliser une bo\u00eete \u00e9quivalente en termes de taille et de r\u00e9sistance.<\/span><\/li>\n<\/ul>\n<p class=\"p2\"><span class=\"s1\">Le client doit faire la demande de retour \u00e0 partir de la section appropri\u00e9e au sein de son <strong><a href=\"http:\/\/pelletterieded.com\/effettua -a-return \/\">espace personnel<\/a><\/strong> sur le site Pelletterieded.com. Indiquez si vous souhaitez un remboursement ou un \u00e9change d&rsquo;article. Joindre des photos des marchandises re\u00e7ues \u00e0 retourner et le num\u00e9ro de commande<\/span><\/p>\n<p class=\"p2\"><span class=\"s1\"><strong>Pelletterie D&amp;D<\/strong> fournira l&rsquo;\u00e9tiquette, exclusivement pour les envois vers l&rsquo;Italie. Une seule \u00e9tiquette est fournie pour chaque commande. <br \/><\/span><span class=\"s1\">Si une \u00e9tiquette diff\u00e9rente est utilis\u00e9e, les frais de retour ne seront pas rembours\u00e9s.<\/span><\/p>\n<p>En cas de retour en dehors de l&rsquo;Italie, tous les frais d&rsquo;exp\u00e9dition, taxes ou autres frais seront \u00e0 la charge du client. Il appartiendra \u00e0 l&rsquo;acheteur d&rsquo;informer Pelletterie D&amp;D de la date, du num\u00e9ro de suivi et du transporteur choisi. Dans ce cas, le client est responsable de l&rsquo;envoi lui-m\u00eame<\/p>\n<p class=\"p2\"><span class=\"s1\">Pour tous les autres cas, le retour est \u00e0 la charge du client qui en assume l&rsquo;enti\u00e8re responsabilit\u00e9. Par cons\u00e9quent, il est recommand\u00e9 d&rsquo;utiliser un syst\u00e8me d&rsquo;exp\u00e9dition tra\u00e7able.<\/span><\/p>\n<p class=\"p2\"><span class=\"s1\">Le retour doit \u00eatre envoy\u00e9 \u00e0 l&rsquo;adresse suivante\u00a0: <\/span><\/p>\n<p class=\"p2\"><strong>Maroquinerie D&amp;D &#8211; <\/strong><strong>Via Petrosa n 8 &#8211; <\/strong><strong>50019 Sesto Fiorentino (FI).<\/strong><\/p >\n<p class=\"p1\"><span class=\"s1\">Les envois de retour effectu\u00e9s par des moyens autres que ceux indiqu\u00e9s ci-dessus ne seront pas accept\u00e9s.<br \/><\/span><\/p>\n<p class=\"p1\"><span class=\"s1\">Une fois le retour arriv\u00e9 \u00e0 destination, Pelletterie D&amp;D v\u00e9rifiera la l\u00e9gitimit\u00e9 du retour et v\u00e9rifiera l&rsquo;exactitude des op\u00e9rations et l&rsquo;int\u00e9grit\u00e9 du produit<\/ \u00e9tendue><\/p>\n<p class=\"p1\"><span class=\"s1\">Ensuite, seul\u00a0le montant de l&rsquo;achat sera rembours\u00e9, pas les frais d&rsquo;exp\u00e9dition (ou tout frais suppl\u00e9mentaire).<\/span><\/p>\n<p class=\"p1\"><span class=\"s1\">Ces sommes seront recr\u00e9dit\u00e9es via le syst\u00e8me avec lequel le paiement a \u00e9t\u00e9 effectu\u00e9 dans les dix jours suivant la r\u00e9ception des marchandises retourn\u00e9es. <\/span><\/p>\n<p class=\"p1\"><span class=\"s1\">Tous les produits Pelletterie D&amp;D sont garantis 48 mois \u00e0 compter de la date de livraison.<\/span><\/p>\n<p class=\"p1\"><span class=\"s1\">En cas de probl\u00e8me, le client peut contacter Pelletterie D&amp;D en envoyant un email avec une description photographique du probl\u00e8me \u00e0 l&rsquo;adresse suivante : <strong>info@ pelletterieded.com< \/strong><\/span><\/p>\n<p class=\"p1\"><span class=\"s1\">Cette garantie ne couvre pas les dommages dus \u00e0 l&rsquo;usure normale ou aux accidents caus\u00e9s directement ou indirectement par le client<br \/><\/span><\/p>\n","protected":false},"excerpt":{"rendered":"<p>Pelletterie D&amp;D assure le droit de r\u00e9tractation de l&rsquo;achat\u00a0dans et au plus tard 14 jours \u00e0 compter de la date de livraison. Selon l&rsquo;art. 52 Droit de r\u00e9tractation &#8211; r\u00e9f\u00e9rence l\u00e9gislative (d\u00e9cret l\u00e9gislatif 206\/2005). Ne sont pas soumis au droit de r\u00e9tractation\u00a0: Produits personnalis\u00e9s ou produits achet\u00e9s pour la vente B2B. Tous les produits sans [&#8230;]\n","protected":false},"author":275,"featured_media":0,"parent":0,"menu_order":0,"comment_status":"closed","ping_status":"closed","template":"page-blank-title-center.php","meta":{"footnotes":""},"class_list":["post-67509","page","type-page","status-publish","hentry"],"yoast_head":"<!-- This site is optimized with the Yoast SEO plugin v27.4 - https:\/\/yoast.com\/product\/yoast-seo-wordpress\/ -->\n<title>RETOUR FACILE - Pelletterie D&amp;D<\/title>\n<meta name=\"robots\" content=\"noindex, nofollow\" \/>\n<meta property=\"og:locale\" content=\"fr_FR\" \/>\n<meta property=\"og:type\" content=\"article\" \/>\n<meta property=\"og:title\" content=\"RETOUR FACILE - Pelletterie D&amp;D\" \/>\n<meta property=\"og:description\" content=\"Pelletterie D&amp;D assure le droit de r\u00e9tractation de l&rsquo;achat\u00a0dans et au plus tard 14 jours \u00e0 compter de la date de livraison. Selon l&rsquo;art. 52 Droit de r\u00e9tractation &#8211; r\u00e9f\u00e9rence l\u00e9gislative (d\u00e9cret l\u00e9gislatif 206\/2005). Ne sont pas soumis au droit de r\u00e9tractation\u00a0: Produits personnalis\u00e9s ou produits achet\u00e9s pour la vente B2B. Tous les produits sans [...]\" \/>\n<meta property=\"og:url\" content=\"https:\/\/pelletterieded.com\/fr\/retour-facile\/\" \/>\n<meta property=\"og:site_name\" content=\"Pelletterie D&amp;D\" \/>\n<meta property=\"article:publisher\" content=\"https:\/\/www.facebook.com\/dedpelletterie\" \/>\n<meta property=\"article:modified_time\" content=\"2023-01-03T14:16:49+00:00\" \/>\n<meta name=\"twitter:card\" content=\"summary_large_image\" \/>\n<meta name=\"twitter:label1\" content=\"Dur\u00e9e de lecture estim\u00e9e\" \/>\n\t<meta name=\"twitter:data1\" content=\"3 minutes\" \/>\n<script type=\"application\/ld+json\" class=\"yoast-schema-graph\">{\"@context\":\"https:\\\/\\\/schema.org\",\"@graph\":[{\"@type\":\"WebPage\",\"@id\":\"https:\\\/\\\/pelletterieded.com\\\/fr\\\/retour-facile\\\/\",\"url\":\"https:\\\/\\\/pelletterieded.com\\\/fr\\\/retour-facile\\\/\",\"name\":\"RETOUR FACILE - Pelletterie D&amp;D\",\"isPartOf\":{\"@id\":\"https:\\\/\\\/pelletterieded.com\\\/fr\\\/#website\"},\"datePublished\":\"2020-07-24T14:55:03+00:00\",\"dateModified\":\"2023-01-03T14:16:49+00:00\",\"breadcrumb\":{\"@id\":\"https:\\\/\\\/pelletterieded.com\\\/fr\\\/retour-facile\\\/#breadcrumb\"},\"inLanguage\":\"fr-FR\",\"potentialAction\":[{\"@type\":\"ReadAction\",\"target\":[\"https:\\\/\\\/pelletterieded.com\\\/fr\\\/retour-facile\\\/\"]}]},{\"@type\":\"BreadcrumbList\",\"@id\":\"https:\\\/\\\/pelletterieded.com\\\/fr\\\/retour-facile\\\/#breadcrumb\",\"itemListElement\":[{\"@type\":\"ListItem\",\"position\":1,\"name\":\"Pelletterie D&amp;D\",\"item\":\"https:\\\/\\\/pelletterieded.com\\\/fr\\\/\"},{\"@type\":\"ListItem\",\"position\":2,\"name\":\"RETOUR FACILE\"}]},{\"@type\":\"WebSite\",\"@id\":\"https:\\\/\\\/pelletterieded.com\\\/fr\\\/#website\",\"url\":\"https:\\\/\\\/pelletterieded.com\\\/fr\\\/\",\"name\":\"Pelletterie D&D\",\"description\":\"Outlet online di moda N\u00ba1 in Italia\",\"publisher\":{\"@id\":\"https:\\\/\\\/pelletterieded.com\\\/fr\\\/#organization\"},\"potentialAction\":[{\"@type\":\"SearchAction\",\"target\":{\"@type\":\"EntryPoint\",\"urlTemplate\":\"https:\\\/\\\/pelletterieded.com\\\/fr\\\/?s={search_term_string}\"},\"query-input\":{\"@type\":\"PropertyValueSpecification\",\"valueRequired\":true,\"valueName\":\"search_term_string\"}}],\"inLanguage\":\"fr-FR\"},{\"@type\":\"Organization\",\"@id\":\"https:\\\/\\\/pelletterieded.com\\\/fr\\\/#organization\",\"name\":\"Pelletterie D&D\",\"url\":\"https:\\\/\\\/pelletterieded.com\\\/fr\\\/\",\"logo\":{\"@type\":\"ImageObject\",\"inLanguage\":\"fr-FR\",\"@id\":\"https:\\\/\\\/pelletterieded.com\\\/fr\\\/#\\\/schema\\\/logo\\\/image\\\/\",\"url\":\"https:\\\/\\\/pelletterieded.com\\\/wp-content\\\/uploads\\\/2019\\\/07\\\/logo-pelletterie-ded-mail.webp\",\"contentUrl\":\"https:\\\/\\\/pelletterieded.com\\\/wp-content\\\/uploads\\\/2019\\\/07\\\/logo-pelletterie-ded-mail.webp\",\"width\":185,\"height\":200,\"caption\":\"Pelletterie D&D\"},\"image\":{\"@id\":\"https:\\\/\\\/pelletterieded.com\\\/fr\\\/#\\\/schema\\\/logo\\\/image\\\/\"},\"sameAs\":[\"https:\\\/\\\/www.facebook.com\\\/dedpelletterie\",\"https:\\\/\\\/www.instagram.com\\\/pelletterieded\\\/\"]}]}<\/script>\n<!-- \/ Yoast SEO plugin. -->","yoast_head_json":{"title":"RETOUR FACILE - Pelletterie D&amp;D","robots":{"index":"noindex","follow":"nofollow"},"og_locale":"fr_FR","og_type":"article","og_title":"RETOUR FACILE - Pelletterie D&amp;D","og_description":"Pelletterie D&amp;D assure le droit de r\u00e9tractation de l&rsquo;achat\u00a0dans et au plus tard 14 jours \u00e0 compter de la date de livraison. Selon l&rsquo;art. 52 Droit de r\u00e9tractation &#8211; r\u00e9f\u00e9rence l\u00e9gislative (d\u00e9cret l\u00e9gislatif 206\/2005). Ne sont pas soumis au droit de r\u00e9tractation\u00a0: Produits personnalis\u00e9s ou produits achet\u00e9s pour la vente B2B. Tous les produits sans [...]","og_url":"https:\/\/pelletterieded.com\/fr\/retour-facile\/","og_site_name":"Pelletterie D&amp;D","article_publisher":"https:\/\/www.facebook.com\/dedpelletterie","article_modified_time":"2023-01-03T14:16:49+00:00","twitter_card":"summary_large_image","twitter_misc":{"Dur\u00e9e de lecture estim\u00e9e":"3 minutes"},"schema":{"@context":"https:\/\/schema.org","@graph":[{"@type":"WebPage","@id":"https:\/\/pelletterieded.com\/fr\/retour-facile\/","url":"https:\/\/pelletterieded.com\/fr\/retour-facile\/","name":"RETOUR FACILE - Pelletterie D&amp;D","isPartOf":{"@id":"https:\/\/pelletterieded.com\/fr\/#website"},"datePublished":"2020-07-24T14:55:03+00:00","dateModified":"2023-01-03T14:16:49+00:00","breadcrumb":{"@id":"https:\/\/pelletterieded.com\/fr\/retour-facile\/#breadcrumb"},"inLanguage":"fr-FR","potentialAction":[{"@type":"ReadAction","target":["https:\/\/pelletterieded.com\/fr\/retour-facile\/"]}]},{"@type":"BreadcrumbList","@id":"https:\/\/pelletterieded.com\/fr\/retour-facile\/#breadcrumb","itemListElement":[{"@type":"ListItem","position":1,"name":"Pelletterie D&amp;D","item":"https:\/\/pelletterieded.com\/fr\/"},{"@type":"ListItem","position":2,"name":"RETOUR FACILE"}]},{"@type":"WebSite","@id":"https:\/\/pelletterieded.com\/fr\/#website","url":"https:\/\/pelletterieded.com\/fr\/","name":"Pelletterie D&D","description":"Outlet online di moda N\u00ba1 in Italia","publisher":{"@id":"https:\/\/pelletterieded.com\/fr\/#organization"},"potentialAction":[{"@type":"SearchAction","target":{"@type":"EntryPoint","urlTemplate":"https:\/\/pelletterieded.com\/fr\/?s={search_term_string}"},"query-input":{"@type":"PropertyValueSpecification","valueRequired":true,"valueName":"search_term_string"}}],"inLanguage":"fr-FR"},{"@type":"Organization","@id":"https:\/\/pelletterieded.com\/fr\/#organization","name":"Pelletterie D&D","url":"https:\/\/pelletterieded.com\/fr\/","logo":{"@type":"ImageObject","inLanguage":"fr-FR","@id":"https:\/\/pelletterieded.com\/fr\/#\/schema\/logo\/image\/","url":"https:\/\/pelletterieded.com\/wp-content\/uploads\/2019\/07\/logo-pelletterie-ded-mail.webp","contentUrl":"https:\/\/pelletterieded.com\/wp-content\/uploads\/2019\/07\/logo-pelletterie-ded-mail.webp","width":185,"height":200,"caption":"Pelletterie D&D"},"image":{"@id":"https:\/\/pelletterieded.com\/fr\/#\/schema\/logo\/image\/"},"sameAs":["https:\/\/www.facebook.com\/dedpelletterie","https:\/\/www.instagram.com\/pelletterieded\/"]}]}},"_hostinger_reach_plugin_has_subscription_block":false,"_hostinger_reach_plugin_is_elementor":false,"_links":{"self":[{"href":"https:\/\/pelletterieded.com\/fr\/wp-json\/wp\/v2\/pages\/67509","targetHints":{"allow":["GET"]}}],"collection":[{"href":"https:\/\/pelletterieded.com\/fr\/wp-json\/wp\/v2\/pages"}],"about":[{"href":"https:\/\/pelletterieded.com\/fr\/wp-json\/wp\/v2\/types\/page"}],"author":[{"embeddable":true,"href":"https:\/\/pelletterieded.com\/fr\/wp-json\/wp\/v2\/users\/275"}],"replies":[{"embeddable":true,"href":"https:\/\/pelletterieded.com\/fr\/wp-json\/wp\/v2\/comments?post=67509"}],"version-history":[{"count":1,"href":"https:\/\/pelletterieded.com\/fr\/wp-json\/wp\/v2\/pages\/67509\/revisions"}],"predecessor-version":[{"id":179754,"href":"https:\/\/pelletterieded.com\/fr\/wp-json\/wp\/v2\/pages\/67509\/revisions\/179754"}],"wp:attachment":[{"href":"https:\/\/pelletterieded.com\/fr\/wp-json\/wp\/v2\/media?parent=67509"}],"curies":[{"name":"wp","href":"https:\/\/api.w.org\/{rel}","templated":true}]}}