{"id":67482,"date":"2020-07-24T16:21:47","date_gmt":"2020-07-24T14:21:47","guid":{"rendered":"http:\/\/pelletterieded.com\/methodes-de-paiement\/"},"modified":"2020-07-24T16:21:48","modified_gmt":"2020-07-24T14:21:48","slug":"methodes-de-paiement","status":"publish","type":"page","link":"https:\/\/pelletterieded.com\/fr\/methodes-de-paiement\/","title":{"rendered":"M\u00e9thodes de paiement"},"content":{"rendered":"<p>Les achats effectu\u00e9s sur le site de Pelletterie D&amp;D peuvent \u00eatre r\u00e9gl\u00e9s par carte de cr\u00e9dit, Paypal, contre remboursement, virement bancaire.<\/p>\n<p>Chaque achat est effectu\u00e9 en toute s\u00e9curit\u00e9 gr\u00e2ce \u00e0 l\u2019utilisation des syst\u00e8mes technologiques les plus avanc\u00e9s dans le secteur de l\u2019e-commerce et avec les syst\u00e8mes de codification (SSL) afin de prot\u00e9ger vos donn\u00e9es personnelles et les informations de votre carte de cr\u00e9dit d\u2019acc\u00e8s non-autoris\u00e9s.<\/p>\n<p>Les donn\u00e9es des cartes de cr\u00e9dit viennent enfin envoy\u00e9es, lors de la commande \u00e0 PayPal et sont prot\u00e9g\u00e9es contre l\u2019acc\u00e8s non-autoris\u00e9, par le transfert crypt\u00e9 des donn\u00e9es SSL (\u00ab Secure Socket Layer \u00bb). De telles donn\u00e9es ne sont accessibles aux tiers.<\/p>\n<p>Une fois la commande termin\u00e9e, vous recevrez un mail de confirmation contenant votre Num\u00e9ro de Commande et un r\u00e9capitulatif des d\u00e9tails de votre achat Rappelez-vous que vous pouvez contr\u00f4ler l\u2019\u00e9tat d\u2019avancement de votre commande dans la section appropri\u00e9e de votre profil personnel.<\/p>\n","protected":false},"excerpt":{"rendered":"<p>Les achats effectu\u00e9s sur le site de Pelletterie D&amp;D peuvent \u00eatre r\u00e9gl\u00e9s par carte de cr\u00e9dit, Paypal, contre remboursement, virement bancaire. Chaque achat est effectu\u00e9 en toute s\u00e9curit\u00e9 gr\u00e2ce \u00e0 l\u2019utilisation des syst\u00e8mes technologiques les plus avanc\u00e9s dans le secteur de l\u2019e-commerce et avec les syst\u00e8mes de codification (SSL) afin de prot\u00e9ger vos donn\u00e9es personnelles [&#8230;]\n","protected":false},"author":275,"featured_media":0,"parent":0,"menu_order":0,"comment_status":"closed","ping_status":"closed","template":"page-blank-title-center.php","meta":{"footnotes":""},"class_list":["post-67482","page","type-page","status-publish","hentry"],"yoast_head":"<!-- This site is optimized with the Yoast SEO plugin v27.4 - https:\/\/yoast.com\/product\/yoast-seo-wordpress\/ -->\n<title>M\u00e9thodes de paiement - Pelletterie D&amp;D<\/title>\n<meta name=\"robots\" content=\"noindex, nofollow\" \/>\n<meta property=\"og:locale\" content=\"fr_FR\" \/>\n<meta property=\"og:type\" content=\"article\" \/>\n<meta property=\"og:title\" content=\"M\u00e9thodes de paiement - Pelletterie D&amp;D\" \/>\n<meta property=\"og:description\" content=\"Les achats effectu\u00e9s sur le site de Pelletterie D&amp;D peuvent \u00eatre r\u00e9gl\u00e9s par carte de cr\u00e9dit, Paypal, contre remboursement, virement bancaire. Chaque achat est effectu\u00e9 en toute s\u00e9curit\u00e9 gr\u00e2ce \u00e0 l\u2019utilisation des syst\u00e8mes technologiques les plus avanc\u00e9s dans le secteur de l\u2019e-commerce et avec les syst\u00e8mes de codification (SSL) afin de prot\u00e9ger vos donn\u00e9es personnelles [...]\" \/>\n<meta property=\"og:url\" content=\"https:\/\/pelletterieded.com\/fr\/methodes-de-paiement\/\" \/>\n<meta property=\"og:site_name\" content=\"Pelletterie D&amp;D\" \/>\n<meta property=\"article:publisher\" content=\"https:\/\/www.facebook.com\/dedpelletterie\" \/>\n<meta property=\"article:modified_time\" content=\"2020-07-24T14:21:48+00:00\" \/>\n<meta name=\"twitter:card\" content=\"summary_large_image\" \/>\n<meta name=\"twitter:label1\" content=\"Dur\u00e9e de lecture estim\u00e9e\" \/>\n\t<meta name=\"twitter:data1\" content=\"1 minute\" \/>\n<script type=\"application\/ld+json\" class=\"yoast-schema-graph\">{\"@context\":\"https:\\\/\\\/schema.org\",\"@graph\":[{\"@type\":\"WebPage\",\"@id\":\"https:\\\/\\\/pelletterieded.com\\\/fr\\\/methodes-de-paiement\\\/\",\"url\":\"https:\\\/\\\/pelletterieded.com\\\/fr\\\/methodes-de-paiement\\\/\",\"name\":\"M\u00e9thodes de paiement - Pelletterie D&amp;D\",\"isPartOf\":{\"@id\":\"https:\\\/\\\/pelletterieded.com\\\/fr\\\/#website\"},\"datePublished\":\"2020-07-24T14:21:47+00:00\",\"dateModified\":\"2020-07-24T14:21:48+00:00\",\"breadcrumb\":{\"@id\":\"https:\\\/\\\/pelletterieded.com\\\/fr\\\/methodes-de-paiement\\\/#breadcrumb\"},\"inLanguage\":\"fr-FR\",\"potentialAction\":[{\"@type\":\"ReadAction\",\"target\":[\"https:\\\/\\\/pelletterieded.com\\\/fr\\\/methodes-de-paiement\\\/\"]}]},{\"@type\":\"BreadcrumbList\",\"@id\":\"https:\\\/\\\/pelletterieded.com\\\/fr\\\/methodes-de-paiement\\\/#breadcrumb\",\"itemListElement\":[{\"@type\":\"ListItem\",\"position\":1,\"name\":\"Pelletterie D&amp;D\",\"item\":\"https:\\\/\\\/pelletterieded.com\\\/fr\\\/\"},{\"@type\":\"ListItem\",\"position\":2,\"name\":\"M\u00e9thodes de paiement\"}]},{\"@type\":\"WebSite\",\"@id\":\"https:\\\/\\\/pelletterieded.com\\\/fr\\\/#website\",\"url\":\"https:\\\/\\\/pelletterieded.com\\\/fr\\\/\",\"name\":\"Pelletterie D&D\",\"description\":\"Outlet online di moda N\u00ba1 in Italia\",\"publisher\":{\"@id\":\"https:\\\/\\\/pelletterieded.com\\\/fr\\\/#organization\"},\"potentialAction\":[{\"@type\":\"SearchAction\",\"target\":{\"@type\":\"EntryPoint\",\"urlTemplate\":\"https:\\\/\\\/pelletterieded.com\\\/fr\\\/?s={search_term_string}\"},\"query-input\":{\"@type\":\"PropertyValueSpecification\",\"valueRequired\":true,\"valueName\":\"search_term_string\"}}],\"inLanguage\":\"fr-FR\"},{\"@type\":\"Organization\",\"@id\":\"https:\\\/\\\/pelletterieded.com\\\/fr\\\/#organization\",\"name\":\"Pelletterie D&D\",\"url\":\"https:\\\/\\\/pelletterieded.com\\\/fr\\\/\",\"logo\":{\"@type\":\"ImageObject\",\"inLanguage\":\"fr-FR\",\"@id\":\"https:\\\/\\\/pelletterieded.com\\\/fr\\\/#\\\/schema\\\/logo\\\/image\\\/\",\"url\":\"https:\\\/\\\/pelletterieded.com\\\/wp-content\\\/uploads\\\/2019\\\/07\\\/logo-pelletterie-ded-mail.webp\",\"contentUrl\":\"https:\\\/\\\/pelletterieded.com\\\/wp-content\\\/uploads\\\/2019\\\/07\\\/logo-pelletterie-ded-mail.webp\",\"width\":185,\"height\":200,\"caption\":\"Pelletterie D&D\"},\"image\":{\"@id\":\"https:\\\/\\\/pelletterieded.com\\\/fr\\\/#\\\/schema\\\/logo\\\/image\\\/\"},\"sameAs\":[\"https:\\\/\\\/www.facebook.com\\\/dedpelletterie\",\"https:\\\/\\\/www.instagram.com\\\/pelletterieded\\\/\"]}]}<\/script>\n<!-- \/ Yoast SEO plugin. -->","yoast_head_json":{"title":"M\u00e9thodes de paiement - Pelletterie D&amp;D","robots":{"index":"noindex","follow":"nofollow"},"og_locale":"fr_FR","og_type":"article","og_title":"M\u00e9thodes de paiement - Pelletterie D&amp;D","og_description":"Les achats effectu\u00e9s sur le site de Pelletterie D&amp;D peuvent \u00eatre r\u00e9gl\u00e9s par carte de cr\u00e9dit, Paypal, contre remboursement, virement bancaire. Chaque achat est effectu\u00e9 en toute s\u00e9curit\u00e9 gr\u00e2ce \u00e0 l\u2019utilisation des syst\u00e8mes technologiques les plus avanc\u00e9s dans le secteur de l\u2019e-commerce et avec les syst\u00e8mes de codification (SSL) afin de prot\u00e9ger vos donn\u00e9es personnelles [...]","og_url":"https:\/\/pelletterieded.com\/fr\/methodes-de-paiement\/","og_site_name":"Pelletterie D&amp;D","article_publisher":"https:\/\/www.facebook.com\/dedpelletterie","article_modified_time":"2020-07-24T14:21:48+00:00","twitter_card":"summary_large_image","twitter_misc":{"Dur\u00e9e de lecture estim\u00e9e":"1 minute"},"schema":{"@context":"https:\/\/schema.org","@graph":[{"@type":"WebPage","@id":"https:\/\/pelletterieded.com\/fr\/methodes-de-paiement\/","url":"https:\/\/pelletterieded.com\/fr\/methodes-de-paiement\/","name":"M\u00e9thodes de paiement - Pelletterie D&amp;D","isPartOf":{"@id":"https:\/\/pelletterieded.com\/fr\/#website"},"datePublished":"2020-07-24T14:21:47+00:00","dateModified":"2020-07-24T14:21:48+00:00","breadcrumb":{"@id":"https:\/\/pelletterieded.com\/fr\/methodes-de-paiement\/#breadcrumb"},"inLanguage":"fr-FR","potentialAction":[{"@type":"ReadAction","target":["https:\/\/pelletterieded.com\/fr\/methodes-de-paiement\/"]}]},{"@type":"BreadcrumbList","@id":"https:\/\/pelletterieded.com\/fr\/methodes-de-paiement\/#breadcrumb","itemListElement":[{"@type":"ListItem","position":1,"name":"Pelletterie D&amp;D","item":"https:\/\/pelletterieded.com\/fr\/"},{"@type":"ListItem","position":2,"name":"M\u00e9thodes de paiement"}]},{"@type":"WebSite","@id":"https:\/\/pelletterieded.com\/fr\/#website","url":"https:\/\/pelletterieded.com\/fr\/","name":"Pelletterie D&D","description":"Outlet online di moda N\u00ba1 in Italia","publisher":{"@id":"https:\/\/pelletterieded.com\/fr\/#organization"},"potentialAction":[{"@type":"SearchAction","target":{"@type":"EntryPoint","urlTemplate":"https:\/\/pelletterieded.com\/fr\/?s={search_term_string}"},"query-input":{"@type":"PropertyValueSpecification","valueRequired":true,"valueName":"search_term_string"}}],"inLanguage":"fr-FR"},{"@type":"Organization","@id":"https:\/\/pelletterieded.com\/fr\/#organization","name":"Pelletterie D&D","url":"https:\/\/pelletterieded.com\/fr\/","logo":{"@type":"ImageObject","inLanguage":"fr-FR","@id":"https:\/\/pelletterieded.com\/fr\/#\/schema\/logo\/image\/","url":"https:\/\/pelletterieded.com\/wp-content\/uploads\/2019\/07\/logo-pelletterie-ded-mail.webp","contentUrl":"https:\/\/pelletterieded.com\/wp-content\/uploads\/2019\/07\/logo-pelletterie-ded-mail.webp","width":185,"height":200,"caption":"Pelletterie D&D"},"image":{"@id":"https:\/\/pelletterieded.com\/fr\/#\/schema\/logo\/image\/"},"sameAs":["https:\/\/www.facebook.com\/dedpelletterie","https:\/\/www.instagram.com\/pelletterieded\/"]}]}},"_hostinger_reach_plugin_has_subscription_block":false,"_hostinger_reach_plugin_is_elementor":false,"_links":{"self":[{"href":"https:\/\/pelletterieded.com\/fr\/wp-json\/wp\/v2\/pages\/67482","targetHints":{"allow":["GET"]}}],"collection":[{"href":"https:\/\/pelletterieded.com\/fr\/wp-json\/wp\/v2\/pages"}],"about":[{"href":"https:\/\/pelletterieded.com\/fr\/wp-json\/wp\/v2\/types\/page"}],"author":[{"embeddable":true,"href":"https:\/\/pelletterieded.com\/fr\/wp-json\/wp\/v2\/users\/275"}],"replies":[{"embeddable":true,"href":"https:\/\/pelletterieded.com\/fr\/wp-json\/wp\/v2\/comments?post=67482"}],"version-history":[{"count":0,"href":"https:\/\/pelletterieded.com\/fr\/wp-json\/wp\/v2\/pages\/67482\/revisions"}],"wp:attachment":[{"href":"https:\/\/pelletterieded.com\/fr\/wp-json\/wp\/v2\/media?parent=67482"}],"curies":[{"name":"wp","href":"https:\/\/api.w.org\/{rel}","templated":true}]}}