{"id":67470,"date":"2020-07-24T16:10:13","date_gmt":"2020-07-24T14:10:13","guid":{"rendered":"http:\/\/pelletterieded.com\/qui-sommes-nous\/"},"modified":"2020-07-24T16:10:16","modified_gmt":"2020-07-24T14:10:16","slug":"qui-sommes-nous","status":"publish","type":"page","link":"https:\/\/pelletterieded.com\/fr\/qui-sommes-nous\/","title":{"rendered":"QUI SOMMES-NOUS"},"content":{"rendered":"<div class=\"row row-collapse row-full-width\"  id=\"row-1970733324\">\n\n\t<div id=\"col-1579073787\" class=\"col medium-6 small-12 large-6\"  >\n\t\t\t\t<div class=\"col-inner text-left\"  >\n\t\t\t\n\t\t\t\n\t<div id=\"gap-180937472\" class=\"gap-element clearfix\" style=\"display:block; height:auto;\">\n\t\t\n<style>\n#gap-180937472 {\n  padding-top: 70px;\n}\n<\/style>\n\t<\/div>\n\t\n<h1><span style=\"font-size: 120%\">Notre histoire<\/span><\/h1>\n<div class=\"is-divider divider clearfix\" style=\"max-width:292px;\"><\/div>\n\t<div id=\"gap-132134835\" class=\"gap-element clearfix\" style=\"display:block; height:auto;\">\n\t\t\n<style>\n#gap-132134835 {\n  padding-top: 15px;\n}\n<\/style>\n\t<\/div>\n\t\n<p><strong>Pelletterie D&amp;D<\/strong> est n\u00e9e dans les ann\u00e9es 90 comme petite r\u00e9alit\u00e9 artisanale pour devenir par la suite une Entreprise o\u00f9 <em>la tradition<\/em>, <em>la r\u00e9alit\u00e9<\/em>, <em>la manualit\u00e9<\/em> et <em>la technologie<\/em> vivent dans un <strong>\u00e9quilibre heureux et parfait<\/strong>. La reprise intelligente des proc\u00e9d\u00e9s de travail antiques du cuir comme la tannerie v\u00e9g\u00e9tale et le tamponnage manuel des peaux sont devenus nos points forts ainsi que la caract\u00e9ristique sp\u00e9cifique des produits D&amp;D. <\/p>\n<p>La cr\u00e9ation de style mais toujours verte et la modernisation de vieux maroquiniers toscans ont contribu\u00e9 \u00e0 l\u2019affirmation des produits D&amp;D et de la personnalit\u00e9 de l\u2019Entreprise <strong>en Italie et dans le monde.<\/strong><\/p>\n\t<div id=\"gap-1617273326\" class=\"gap-element clearfix\" style=\"display:block; height:auto;\">\n\t\t\n<style>\n#gap-1617273326 {\n  padding-top: 20px;\n}\n<\/style>\n\t<\/div>\n\t\n<div class=\"row\"  id=\"row-449373803\">\n\n\t<div id=\"col-1680332790\" class=\"col small-12 large-12\"  >\n\t\t\t\t<div class=\"col-inner\"  >\n\t\t\t\n\t\t\t\n\n\t\t<div class=\"icon-box featured-box icon-box-top text-left\"  >\n\t\t\t\t<div class=\"icon-box-text last-reset\">\n\t\t\t\t\t\t\t\t\t\n<h5>MISSIONS<\/h5>\n<p><span style=\"font-size: 85%\">L\u2019Entreprise<strong>D&amp;D<\/strong> a <em>\u00e0 c\u0153ur<\/em> l\u2019enti\u00e8re satisfaction du client en ce qui concerne la qualit\u00e9 du produit, la recherche continue des mat\u00e9riaux <strong>Fabriqu\u00e9 en Italie<\/strong>. Des tests rigoureux sur les mati\u00e8res premi\u00e8res que D&amp;D effectue aupr\u00e8s de ses fournisseurs offrent une garantie du produit conforme aux standards de qualit\u00e9 fix\u00e9s. En outre, chaque produit D&amp;D est contr\u00f4l\u00e9 ult\u00e9rieurement par des experts maroquiniers afin d\u2019emp\u00eacher que des produits d\u00e9fectueux ou non-conformes \u00e0 nos exigences entrent sur le march\u00e9.<\/span><\/p>\n\t\t<\/div>\n\t<\/div>\n\t\n\t\n\t\t<\/div>\n\t\t\t\t\t<\/div>\n\n\t\n<\/div>\n\t\t<\/div>\n\t\t\t\t\n<style>\n#col-1579073787 > .col-inner {\n  padding: 0px 30px 50px 30px;\n}\n<\/style>\n\t<\/div>\n\n\t\n\n\t<div id=\"col-2001571954\" class=\"col medium-6 small-12 large-6\"  >\n\t\t\t\t<div class=\"col-inner\"  >\n\t\t\t\n\t\t\t\n\n  <div class=\"banner has-hover\" id=\"banner-150185266\">\n          <div class=\"banner-inner fill\">\n        <div class=\"banner-bg fill\" >\n            <img fetchpriority=\"high\" decoding=\"async\" width=\"960\" height=\"500\" src=\"https:\/\/pelletterieded.com\/wp-content\/uploads\/2019\/07\/cuoio-fiorentino-made-in-italy.webp\" class=\"bg attachment-large size-large wvs-archive-product-image\" alt=\"cuoio fiorentino made in italy\" \/>                                    \n                    <\/div>\n\t\t\n        <div class=\"banner-layers container\">\n            <div class=\"fill banner-link\"><\/div>            \n   <div id=\"text-box-1814652020\" class=\"text-box banner-layer x50 md-x50 lg-x50 y50 md-y50 lg-y50 res-text\">\n                                <div class=\"text-box-content text dark\">\n              \n              <div class=\"text-inner text-center\">\n                  \n<div class=\"video-button-wrapper\" style=\"font-size:220%\"><a href=\"https:\/\/www.youtube.com\/watch?v=eaxhj5MmGVU\" class=\"button open-video icon circle is-outline is-xlarge\" role=\"button\" aria-label=\"Open video in lightbox\" data-flatsome-role-button><i class=\"icon-play\" aria-hidden=\"true\" style=\"font-size:1.5em;\"><\/i><\/a><\/div>\n              <\/div>\n           <\/div>\n                            \n<style>\n#text-box-1814652020 {\n  width: 60%;\n}\n#text-box-1814652020 .text-box-content {\n  font-size: 100%;\n}\n@media (min-width:550px) {\n  #text-box-1814652020 {\n    width: 60%;\n  }\n}\n<\/style>\n    <\/div>\n \n        <\/div>\n      <\/div>\n\n            \n<style>\n#banner-150185266 {\n  padding-top: 450px;\n}\n#banner-150185266 .banner-bg img {\n  object-position: 49% 68%;\n}\n@media (min-width:550px) {\n  #banner-150185266 {\n    padding-top: 667px;\n  }\n}\n<\/style>\n  <\/div>\n\n\n\t\t<\/div>\n\t\t\t\t\n<style>\n#col-2001571954 > .col-inner {\n  margin: 50px 0px 0px 0px;\n}\n<\/style>\n\t<\/div>\n\n\t\n<\/div>\n<div class=\"row row-collapse row-full-width\"  id=\"row-2020020116\">\n\n\t<div id=\"col-1662128801\" class=\"col medium-6 small-12 large-6\"  >\n\t\t\t\t<div class=\"col-inner\"  >\n\t\t\t\n\t\t\t\n\n  <div class=\"banner has-hover\" id=\"banner-314209296\">\n          <div class=\"banner-inner fill\">\n        <div class=\"banner-bg fill\" >\n            <img decoding=\"async\" width=\"800\" height=\"1200\" src=\"https:\/\/pelletterieded.com\/wp-content\/uploads\/2018\/07\/cartella-messenger-dettaglio-800x1200.jpg\" class=\"bg attachment-large size-large wvs-archive-product-image\" alt=\"\" \/>                                    \n                    <\/div>\n\t\t\n        <div class=\"banner-layers container\">\n            <div class=\"fill banner-link\"><\/div>            \n   <div id=\"text-box-1153342376\" class=\"text-box banner-layer x50 md-x50 lg-x50 y50 md-y50 lg-y50 res-text\">\n                                <div class=\"text-box-content text dark\">\n              \n              <div class=\"text-inner text-center\">\n                  \n              <\/div>\n           <\/div>\n                            \n<style>\n#text-box-1153342376 {\n  width: 60%;\n}\n#text-box-1153342376 .text-box-content {\n  font-size: 100%;\n}\n@media (min-width:550px) {\n  #text-box-1153342376 {\n    width: 60%;\n  }\n}\n<\/style>\n    <\/div>\n \n        <\/div>\n      <\/div>\n\n            \n<style>\n#banner-314209296 {\n  padding-top: 450px;\n}\n#banner-314209296 .banner-bg img {\n  object-position: 49% 68%;\n}\n@media (min-width:550px) {\n  #banner-314209296 {\n    padding-top: 880px;\n  }\n}\n<\/style>\n  <\/div>\n\n\n\t\t<\/div>\n\t\t\t\t\n<style>\n#col-1662128801 > .col-inner {\n  margin: 50px 0px 0px 0px;\n}\n<\/style>\n\t<\/div>\n\n\t\n\n\t<div id=\"col-671540716\" class=\"col medium-6 small-12 large-6\"  >\n\t\t\t\t<div class=\"col-inner text-left\"  >\n\t\t\t\n\t\t\t\n\t<div id=\"gap-2119385730\" class=\"gap-element clearfix\" style=\"display:block; height:auto;\">\n\t\t\n<style>\n#gap-2119385730 {\n  padding-top: 70px;\n}\n<\/style>\n\t<\/div>\n\t\n<h1><span style=\"font-size: 120%\">Nos produits<\/span><\/h1>\n<div class=\"is-divider divider clearfix\" style=\"max-width:292px;\"><\/div>\n\t<div id=\"gap-960827342\" class=\"gap-element clearfix\" style=\"display:block; height:auto;\">\n\t\t\n<style>\n#gap-960827342 {\n  padding-top: 15px;\n}\n<\/style>\n\t<\/div>\n\t\n<p>Tous nos produits D&amp;D <strong>sont r\u00e9alis\u00e9s exclusivement<\/strong> au p\u00f4le principal toscan de la <strong>maroquinerie florentine<\/strong> o\u00f9 au judicieux assemblage du produit effectu\u00e9 par des mains expertes vient s\u2019ajouter la cr\u00e9ation du design et du modelage technique.<\/p>\n<p>Le choix des cuirs est visionn\u00e9 chaque fois dans les tanneries de Santa Croce sull\u2019Arno par nos experts maroquiniers, en ajustant les couleurs, les nuances et le caract\u00e8re du cuir afin d\u2019obtenir un produit qui distingue la marque D&amp;D.<\/p>\n<p>Les accessoires <strong>m\u00e9talliques<\/strong> sont aussi \u00e9tudi\u00e9s, \u00e9labor\u00e9s et r\u00e9alis\u00e9s par des artisans du secteur pr\u00e9sents au p\u00f4le de production florentin afin de garantir une qualit\u00e9 italienne de rigueur et cette touche d\u2019originalit\u00e9 qui nous distingue.<br \/>D&amp;D d\u00e9die ses produits \u00e0 qui veut <strong>le luxe<\/strong> et la praticit\u00e9 au quotidien, \u00e0 qui veut se pr\u00e9senter \u00e0 un public professionnel et de direction mais aussi aux <strong>amants de la tradition essentiellement toscane<\/strong> des maroquineries d\u2019antan.<\/p>\n\t<div id=\"gap-701444074\" class=\"gap-element clearfix\" style=\"display:block; height:auto;\">\n\t\t\n<style>\n#gap-701444074 {\n  padding-top: 10px;\n}\n<\/style>\n\t<\/div>\n\t\n<div class=\"row\"  id=\"row-2006318461\">\n\n\t<div id=\"col-1028664986\" class=\"col small-12 large-12\"  >\n\t\t\t\t<div class=\"col-inner\"  >\n\t\t\t\n\t\t\t\n\n\t\t<div class=\"icon-box featured-box icon-box-top text-left\"  >\n\t\t\t\t\t<div class=\"icon-box-img\" style=\"width: 80px\">\n\t\t\t\t<div class=\"icon\">\n\t\t\t\t\t<div class=\"icon-inner\" >\n\t\t\t\t\t\t<img decoding=\"async\" width=\"132\" height=\"132\" src=\"https:\/\/pelletterieded.com\/wp-content\/uploads\/2019\/09\/pelle-conciata-vegetale.webp\" class=\"attachment-medium size-medium wvs-archive-product-image\" alt=\"\" srcset=\"https:\/\/pelletterieded.com\/wp-content\/uploads\/2019\/09\/pelle-conciata-vegetale.webp 132w, https:\/\/pelletterieded.com\/wp-content\/uploads\/2019\/09\/pelle-conciata-vegetale-100x100.png 100w\" sizes=\"(max-width: 132px) 100vw, 132px\" \/>\t\t\t\t\t<\/div>\n\t\t\t\t<\/div>\n\t\t\t<\/div>\n\t\t\t\t<div class=\"icon-box-text last-reset\">\n\t\t\t\t\t\t\t\t\t\n<p><span style=\"font-size: 85%\">Tous les produits <strong>D&amp;D<\/strong> sont r\u00e9alis\u00e9s avec des cuirs produits exclusivement par des tanneries toscanes adh\u00e9rentes au Consortium V\u00e9ritable Cuir Italien Tann\u00e9 au V\u00e9g\u00e9tal, de m\u00e9talleries artisanales et zip m\u00e9talliques YKK, entreprise leader mondiale dans le secteur de la Haute Couture. <\/span><\/p>\n\t\t<\/div>\n\t<\/div>\n\t\n\t\n\t\t<\/div>\n\t\t\t\t\t<\/div>\n\n\t\n<\/div>\n\t\t<\/div>\n\t\t\t\t\n<style>\n#col-671540716 > .col-inner {\n  padding: 0px 30px 50px 30px;\n}\n<\/style>\n\t<\/div>\n\n\t\n<\/div>\n","protected":false},"excerpt":{"rendered":"","protected":false},"author":275,"featured_media":0,"parent":0,"menu_order":0,"comment_status":"closed","ping_status":"closed","template":"","meta":{"footnotes":""},"class_list":["post-67470","page","type-page","status-publish","hentry"],"yoast_head":"<!-- This site is optimized with the Yoast SEO plugin v27.4 - https:\/\/yoast.com\/product\/yoast-seo-wordpress\/ -->\n<title>Maroquinerie florentine Made in Italy - Pelletterie D&amp;D<\/title>\n<meta name=\"description\" content=\"Tous nos produits D&amp;D sont r\u00e9alis\u00e9s exclusivement au p\u00f4le principal toscan de la maroquinerie florentine Visitez notre boutique, la livraison en Italie est gratuite.\" \/>\n<meta name=\"robots\" content=\"index, follow, max-snippet:-1, max-image-preview:large, max-video-preview:-1\" \/>\n<link rel=\"canonical\" href=\"https:\/\/pelletterieded.com\/fr\/qui-sommes-nous\/\" \/>\n<meta property=\"og:locale\" content=\"fr_FR\" \/>\n<meta property=\"og:type\" content=\"article\" \/>\n<meta property=\"og:title\" content=\"Maroquinerie florentine Made in Italy - Pelletterie D&amp;D\" \/>\n<meta property=\"og:description\" content=\"Tous nos produits D&amp;D sont r\u00e9alis\u00e9s exclusivement au p\u00f4le principal toscan de la maroquinerie florentine Visitez notre boutique, la livraison en Italie est gratuite.\" \/>\n<meta property=\"og:url\" content=\"https:\/\/pelletterieded.com\/fr\/qui-sommes-nous\/\" \/>\n<meta property=\"og:site_name\" content=\"Pelletterie D&amp;D\" \/>\n<meta property=\"article:publisher\" content=\"https:\/\/www.facebook.com\/dedpelletterie\" \/>\n<meta property=\"article:modified_time\" content=\"2020-07-24T14:10:16+00:00\" \/>\n<meta name=\"twitter:card\" content=\"summary_large_image\" \/>\n<meta name=\"twitter:label1\" content=\"Dur\u00e9e de lecture estim\u00e9e\" \/>\n\t<meta name=\"twitter:data1\" content=\"3 minutes\" \/>\n<script type=\"application\/ld+json\" class=\"yoast-schema-graph\">{\"@context\":\"https:\\\/\\\/schema.org\",\"@graph\":[{\"@type\":\"WebPage\",\"@id\":\"https:\\\/\\\/pelletterieded.com\\\/fr\\\/qui-sommes-nous\\\/\",\"url\":\"https:\\\/\\\/pelletterieded.com\\\/fr\\\/qui-sommes-nous\\\/\",\"name\":\"Maroquinerie florentine Made in Italy - Pelletterie D&D\",\"isPartOf\":{\"@id\":\"https:\\\/\\\/pelletterieded.com\\\/fr\\\/#website\"},\"datePublished\":\"2020-07-24T14:10:13+00:00\",\"dateModified\":\"2020-07-24T14:10:16+00:00\",\"description\":\"Tous nos produits D&D sont r\u00e9alis\u00e9s exclusivement au p\u00f4le principal toscan de la maroquinerie florentine Visitez notre boutique, la livraison en Italie est gratuite.\",\"breadcrumb\":{\"@id\":\"https:\\\/\\\/pelletterieded.com\\\/fr\\\/qui-sommes-nous\\\/#breadcrumb\"},\"inLanguage\":\"fr-FR\",\"potentialAction\":[{\"@type\":\"ReadAction\",\"target\":[\"https:\\\/\\\/pelletterieded.com\\\/fr\\\/qui-sommes-nous\\\/\"]}]},{\"@type\":\"BreadcrumbList\",\"@id\":\"https:\\\/\\\/pelletterieded.com\\\/fr\\\/qui-sommes-nous\\\/#breadcrumb\",\"itemListElement\":[{\"@type\":\"ListItem\",\"position\":1,\"name\":\"Pelletterie D&amp;D\",\"item\":\"https:\\\/\\\/pelletterieded.com\\\/fr\\\/\"},{\"@type\":\"ListItem\",\"position\":2,\"name\":\"QUI SOMMES-NOUS\"}]},{\"@type\":\"WebSite\",\"@id\":\"https:\\\/\\\/pelletterieded.com\\\/fr\\\/#website\",\"url\":\"https:\\\/\\\/pelletterieded.com\\\/fr\\\/\",\"name\":\"Pelletterie D&D\",\"description\":\"Outlet online di moda N\u00ba1 in Italia\",\"publisher\":{\"@id\":\"https:\\\/\\\/pelletterieded.com\\\/fr\\\/#organization\"},\"potentialAction\":[{\"@type\":\"SearchAction\",\"target\":{\"@type\":\"EntryPoint\",\"urlTemplate\":\"https:\\\/\\\/pelletterieded.com\\\/fr\\\/?s={search_term_string}\"},\"query-input\":{\"@type\":\"PropertyValueSpecification\",\"valueRequired\":true,\"valueName\":\"search_term_string\"}}],\"inLanguage\":\"fr-FR\"},{\"@type\":\"Organization\",\"@id\":\"https:\\\/\\\/pelletterieded.com\\\/fr\\\/#organization\",\"name\":\"Pelletterie D&D\",\"url\":\"https:\\\/\\\/pelletterieded.com\\\/fr\\\/\",\"logo\":{\"@type\":\"ImageObject\",\"inLanguage\":\"fr-FR\",\"@id\":\"https:\\\/\\\/pelletterieded.com\\\/fr\\\/#\\\/schema\\\/logo\\\/image\\\/\",\"url\":\"https:\\\/\\\/pelletterieded.com\\\/wp-content\\\/uploads\\\/2019\\\/07\\\/logo-pelletterie-ded-mail.webp\",\"contentUrl\":\"https:\\\/\\\/pelletterieded.com\\\/wp-content\\\/uploads\\\/2019\\\/07\\\/logo-pelletterie-ded-mail.webp\",\"width\":185,\"height\":200,\"caption\":\"Pelletterie D&D\"},\"image\":{\"@id\":\"https:\\\/\\\/pelletterieded.com\\\/fr\\\/#\\\/schema\\\/logo\\\/image\\\/\"},\"sameAs\":[\"https:\\\/\\\/www.facebook.com\\\/dedpelletterie\",\"https:\\\/\\\/www.instagram.com\\\/pelletterieded\\\/\"]}]}<\/script>\n<!-- \/ Yoast SEO plugin. -->","yoast_head_json":{"title":"Maroquinerie florentine Made in Italy - Pelletterie D&D","description":"Tous nos produits D&D sont r\u00e9alis\u00e9s exclusivement au p\u00f4le principal toscan de la maroquinerie florentine Visitez notre boutique, la livraison en Italie est gratuite.","robots":{"index":"index","follow":"follow","max-snippet":"max-snippet:-1","max-image-preview":"max-image-preview:large","max-video-preview":"max-video-preview:-1"},"canonical":"https:\/\/pelletterieded.com\/fr\/qui-sommes-nous\/","og_locale":"fr_FR","og_type":"article","og_title":"Maroquinerie florentine Made in Italy - Pelletterie D&D","og_description":"Tous nos produits D&D sont r\u00e9alis\u00e9s exclusivement au p\u00f4le principal toscan de la maroquinerie florentine Visitez notre boutique, la livraison en Italie est gratuite.","og_url":"https:\/\/pelletterieded.com\/fr\/qui-sommes-nous\/","og_site_name":"Pelletterie D&amp;D","article_publisher":"https:\/\/www.facebook.com\/dedpelletterie","article_modified_time":"2020-07-24T14:10:16+00:00","twitter_card":"summary_large_image","twitter_misc":{"Dur\u00e9e de lecture estim\u00e9e":"3 minutes"},"schema":{"@context":"https:\/\/schema.org","@graph":[{"@type":"WebPage","@id":"https:\/\/pelletterieded.com\/fr\/qui-sommes-nous\/","url":"https:\/\/pelletterieded.com\/fr\/qui-sommes-nous\/","name":"Maroquinerie florentine Made in Italy - Pelletterie D&D","isPartOf":{"@id":"https:\/\/pelletterieded.com\/fr\/#website"},"datePublished":"2020-07-24T14:10:13+00:00","dateModified":"2020-07-24T14:10:16+00:00","description":"Tous nos produits D&D sont r\u00e9alis\u00e9s exclusivement au p\u00f4le principal toscan de la maroquinerie florentine Visitez notre boutique, la livraison en Italie est gratuite.","breadcrumb":{"@id":"https:\/\/pelletterieded.com\/fr\/qui-sommes-nous\/#breadcrumb"},"inLanguage":"fr-FR","potentialAction":[{"@type":"ReadAction","target":["https:\/\/pelletterieded.com\/fr\/qui-sommes-nous\/"]}]},{"@type":"BreadcrumbList","@id":"https:\/\/pelletterieded.com\/fr\/qui-sommes-nous\/#breadcrumb","itemListElement":[{"@type":"ListItem","position":1,"name":"Pelletterie D&amp;D","item":"https:\/\/pelletterieded.com\/fr\/"},{"@type":"ListItem","position":2,"name":"QUI SOMMES-NOUS"}]},{"@type":"WebSite","@id":"https:\/\/pelletterieded.com\/fr\/#website","url":"https:\/\/pelletterieded.com\/fr\/","name":"Pelletterie D&D","description":"Outlet online di moda N\u00ba1 in Italia","publisher":{"@id":"https:\/\/pelletterieded.com\/fr\/#organization"},"potentialAction":[{"@type":"SearchAction","target":{"@type":"EntryPoint","urlTemplate":"https:\/\/pelletterieded.com\/fr\/?s={search_term_string}"},"query-input":{"@type":"PropertyValueSpecification","valueRequired":true,"valueName":"search_term_string"}}],"inLanguage":"fr-FR"},{"@type":"Organization","@id":"https:\/\/pelletterieded.com\/fr\/#organization","name":"Pelletterie D&D","url":"https:\/\/pelletterieded.com\/fr\/","logo":{"@type":"ImageObject","inLanguage":"fr-FR","@id":"https:\/\/pelletterieded.com\/fr\/#\/schema\/logo\/image\/","url":"https:\/\/pelletterieded.com\/wp-content\/uploads\/2019\/07\/logo-pelletterie-ded-mail.webp","contentUrl":"https:\/\/pelletterieded.com\/wp-content\/uploads\/2019\/07\/logo-pelletterie-ded-mail.webp","width":185,"height":200,"caption":"Pelletterie D&D"},"image":{"@id":"https:\/\/pelletterieded.com\/fr\/#\/schema\/logo\/image\/"},"sameAs":["https:\/\/www.facebook.com\/dedpelletterie","https:\/\/www.instagram.com\/pelletterieded\/"]}]}},"_hostinger_reach_plugin_has_subscription_block":false,"_hostinger_reach_plugin_is_elementor":false,"_links":{"self":[{"href":"https:\/\/pelletterieded.com\/fr\/wp-json\/wp\/v2\/pages\/67470","targetHints":{"allow":["GET"]}}],"collection":[{"href":"https:\/\/pelletterieded.com\/fr\/wp-json\/wp\/v2\/pages"}],"about":[{"href":"https:\/\/pelletterieded.com\/fr\/wp-json\/wp\/v2\/types\/page"}],"author":[{"embeddable":true,"href":"https:\/\/pelletterieded.com\/fr\/wp-json\/wp\/v2\/users\/275"}],"replies":[{"embeddable":true,"href":"https:\/\/pelletterieded.com\/fr\/wp-json\/wp\/v2\/comments?post=67470"}],"version-history":[{"count":0,"href":"https:\/\/pelletterieded.com\/fr\/wp-json\/wp\/v2\/pages\/67470\/revisions"}],"wp:attachment":[{"href":"https:\/\/pelletterieded.com\/fr\/wp-json\/wp\/v2\/media?parent=67470"}],"curies":[{"name":"wp","href":"https:\/\/api.w.org\/{rel}","templated":true}]}}