{"id":115443,"date":"2018-07-12T14:11:33","date_gmt":"2020-09-22T13:09:53","guid":{"rendered":"http:\/\/pelletterieded.com\/maletin-profesional-con-cremallera\/"},"modified":"2025-07-27T16:06:18","modified_gmt":"2025-07-27T14:06:18","slug":"cartella-professionale-con-cerniera-2","status":"publish","type":"product","link":"https:\/\/pelletterieded.com\/es\/shop\/hombre\/business-es\/cartella-professionale-con-cerniera-2\/","title":{"rendered":"Maletin Profesional con cremallera"},"content":{"rendered":"<p>Fabricado completamente en Italia por artesanos expertos del cuero mediante el uso de cuero bovino curtido con taninos vegetales y posteriormente pulido a mano.<\/p>\n<p>La peculiaridad de este cuero natural ofrece un sensaci\u00f3n agradable al tacto y un estilo inconfundible de art\u00edculos de cuero italiano.<\/p>\n<p>La venta del producto es realizada directamente por la empresa que lo produce.<\/p>\n<p><strong>EXTERIOR:<\/strong><\/p>\n<p>&#8211; piel de grano completo curtido al vegetal y pulido a mano<\/p>\n<p>&#8211; composici\u00f3n semi suave<\/p>\n<p>&#8211; cierre con tuc (llave suministrada)<\/p>\n<p>&#8211; asa en piel<\/p>\n<p>&#8211; accesorios en metal<\/p>\n<p><strong>INTERIOR:<\/strong><\/p>\n<p>&#8211; cuero agamuzado corte crudo<\/p>\n<p>\u2013 tres compartimentos<\/p>\n<p>&#8211; bolsillo con cierre de cremallera y solapa en piel<\/p>\n<p>&#8211; bolsillo en piel para tarjetas, bol\u00edgrafos y tel\u00e9fono m\u00f3vil<\/p>\n<p>&#8211; accesorios en metal<\/p>\n<p><strong>ACCESORIOS:<\/strong><\/p>\n<p>&#8211; accesorios en lat\u00f3n cepillado (en tonos de color marr\u00f3n)<\/p>\n<p>&#8211; accesorios de paladio (en tonos de color rojo y negro)<\/p>\n<p><strong>DIMENSIONES :<\/strong><\/p>\n<p>Ancho: 42cm | Altura: 31cm | Profundidad: 16cm | Peso: 2,1kg<\/p>\n<p><strong>FUNDA PROTECTORA<\/strong>: bolsa a prueba de polvo incluida<\/p>\n<p><strong>GARANT\u00cdA<\/strong>: 24 meses.<\/p>\n<p><strong>C\u00d2DIGO INTERNO<\/strong>: 0409.<\/p>\n","protected":false},"excerpt":{"rendered":"<p><strong>Maletin profesional<\/strong> con cierre de cremallera y composici\u00f3n r\u00edgida La peculiaridad de este cuero natural ofrece un sensaci\u00f3n agradable al tacto y un estilo inconfundible de art\u00edculos de cuero italiano. Todas las cremalleras son producidas y certificadas por <em>YKK<\/em>, una empresa l\u00edder en el sector de la alta costura.<\/p>\n<div class=\"product-short-description\">\n<p><strong>Ancho:<\/strong> 42cm | <strong>Altura:<\/strong> 31cm | <strong>Profundidad:<\/strong> 16cm | <strong>Peso:<\/strong> 2,1 kg<\/p>\n<\/div>\n","protected":false},"featured_media":108288,"comment_status":"closed","ping_status":"closed","template":"","meta":[],"product_brand":[],"product_cat":[510],"product_tag":[],"class_list":{"0":"post-115443","1":"product","2":"type-product","3":"status-publish","4":"has-post-thumbnail","6":"product_cat-business-es","8":"first","9":"instock","10":"shipping-taxable","11":"purchasable","12":"product-type-variable","13":"has-default-attributes","14":"wvs-archive-product-wrapper"},"yoast_head":"<!-- This site is optimized with the Yoast SEO plugin v27.4 - https:\/\/yoast.com\/product\/yoast-seo-wordpress\/ -->\n<title>Maletin Profesional con cremallera - Pelletterie D&amp;D<\/title>\n<meta name=\"robots\" content=\"index, follow, max-snippet:-1, max-image-preview:large, max-video-preview:-1\" \/>\n<link rel=\"canonical\" href=\"https:\/\/pelletterieded.com\/es\/shop\/hombre\/business-es\/cartella-professionale-con-cerniera-2\/\" \/>\n<meta property=\"og:locale\" content=\"es_ES\" \/>\n<meta property=\"og:type\" content=\"article\" \/>\n<meta property=\"og:title\" content=\"Maletin Profesional con cremallera - Pelletterie D&amp;D\" \/>\n<meta property=\"og:description\" content=\"Maletin profesional con cierre de cremallera y composici\u00f3n r\u00edgida La peculiaridad de este cuero natural ofrece un sensaci\u00f3n agradable al tacto y un estilo inconfundible de art\u00edculos de cuero italiano. Todas las cremalleras son producidas y certificadas por YKK, una empresa l\u00edder en el sector de la alta costura.  Ancho: 42cm | Altura: 31cm | Profundidad: 16cm | Peso: 2,1 kg\" \/>\n<meta property=\"og:url\" content=\"https:\/\/pelletterieded.com\/es\/shop\/hombre\/business-es\/cartella-professionale-con-cerniera-2\/\" \/>\n<meta property=\"og:site_name\" content=\"Pelletterie D&amp;D\" \/>\n<meta property=\"article:publisher\" content=\"https:\/\/www.facebook.com\/dedpelletterie\" \/>\n<meta property=\"article:modified_time\" content=\"2025-07-27T14:06:18+00:00\" \/>\n<meta property=\"og:image\" content=\"https:\/\/pelletterieded.com\/wp-content\/uploads\/2018\/07\/MG_0348DD-scaled-jpg.avif\" \/>\n\t<meta property=\"og:image:width\" content=\"2560\" \/>\n\t<meta property=\"og:image:height\" content=\"2560\" \/>\n\t<meta property=\"og:image:type\" content=\"image\/jpeg\" \/>\n<meta name=\"twitter:card\" content=\"summary_large_image\" \/>\n<meta name=\"twitter:label1\" content=\"Tiempo de lectura\" \/>\n\t<meta name=\"twitter:data1\" content=\"1 minuto\" \/>\n<script type=\"application\/ld+json\" class=\"yoast-schema-graph\">{\"@context\":\"https:\\\/\\\/schema.org\",\"@graph\":[{\"@type\":\"WebPage\",\"@id\":\"https:\\\/\\\/pelletterieded.com\\\/es\\\/shop\\\/hombre\\\/business-es\\\/cartella-professionale-con-cerniera-2\\\/\",\"url\":\"https:\\\/\\\/pelletterieded.com\\\/es\\\/shop\\\/hombre\\\/business-es\\\/cartella-professionale-con-cerniera-2\\\/\",\"name\":\"Maletin Profesional con cremallera - Pelletterie D&amp;D\",\"isPartOf\":{\"@id\":\"https:\\\/\\\/pelletterieded.com\\\/es\\\/#website\"},\"primaryImageOfPage\":{\"@id\":\"https:\\\/\\\/pelletterieded.com\\\/es\\\/shop\\\/hombre\\\/business-es\\\/cartella-professionale-con-cerniera-2\\\/#primaryimage\"},\"image\":{\"@id\":\"https:\\\/\\\/pelletterieded.com\\\/es\\\/shop\\\/hombre\\\/business-es\\\/cartella-professionale-con-cerniera-2\\\/#primaryimage\"},\"thumbnailUrl\":\"https:\\\/\\\/pelletterieded.com\\\/wp-content\\\/uploads\\\/2018\\\/07\\\/MG_0348DD-scaled-jpg.avif\",\"datePublished\":\"2020-09-22T13:09:53+00:00\",\"dateModified\":\"2025-07-27T14:06:18+00:00\",\"breadcrumb\":{\"@id\":\"https:\\\/\\\/pelletterieded.com\\\/es\\\/shop\\\/hombre\\\/business-es\\\/cartella-professionale-con-cerniera-2\\\/#breadcrumb\"},\"inLanguage\":\"es\",\"potentialAction\":[{\"@type\":\"ReadAction\",\"target\":[\"https:\\\/\\\/pelletterieded.com\\\/es\\\/shop\\\/hombre\\\/business-es\\\/cartella-professionale-con-cerniera-2\\\/\"]}]},{\"@type\":\"ImageObject\",\"inLanguage\":\"es\",\"@id\":\"https:\\\/\\\/pelletterieded.com\\\/es\\\/shop\\\/hombre\\\/business-es\\\/cartella-professionale-con-cerniera-2\\\/#primaryimage\",\"url\":\"https:\\\/\\\/pelletterieded.com\\\/wp-content\\\/uploads\\\/2018\\\/07\\\/MG_0348DD-scaled-jpg.avif\",\"contentUrl\":\"https:\\\/\\\/pelletterieded.com\\\/wp-content\\\/uploads\\\/2018\\\/07\\\/MG_0348DD-scaled-jpg.avif\",\"width\":2560,\"height\":2560},{\"@type\":\"BreadcrumbList\",\"@id\":\"https:\\\/\\\/pelletterieded.com\\\/es\\\/shop\\\/hombre\\\/business-es\\\/cartella-professionale-con-cerniera-2\\\/#breadcrumb\",\"itemListElement\":[{\"@type\":\"ListItem\",\"position\":1,\"name\":\"Pelletterie D&amp;D\",\"item\":\"https:\\\/\\\/pelletterieded.com\\\/es\\\/\"},{\"@type\":\"ListItem\",\"position\":2,\"name\":\"shop\",\"item\":\"https:\\\/\\\/pelletterieded.com\\\/es\\\/shop\\\/\"},{\"@type\":\"ListItem\",\"position\":3,\"name\":\"Hombre\",\"item\":\"https:\\\/\\\/pelletterieded.com\\\/es\\\/categoria-prodotto\\\/hombre\\\/\"},{\"@type\":\"ListItem\",\"position\":4,\"name\":\"Business\",\"item\":\"https:\\\/\\\/pelletterieded.com\\\/es\\\/categoria-prodotto\\\/hombre\\\/business-es\\\/\"},{\"@type\":\"ListItem\",\"position\":5,\"name\":\"Maletin Profesional con cremallera\"}]},{\"@type\":\"WebSite\",\"@id\":\"https:\\\/\\\/pelletterieded.com\\\/es\\\/#website\",\"url\":\"https:\\\/\\\/pelletterieded.com\\\/es\\\/\",\"name\":\"Pelletterie D&D\",\"description\":\"Outlet online di moda N\u00ba1 in Italia\",\"publisher\":{\"@id\":\"https:\\\/\\\/pelletterieded.com\\\/es\\\/#organization\"},\"potentialAction\":[{\"@type\":\"SearchAction\",\"target\":{\"@type\":\"EntryPoint\",\"urlTemplate\":\"https:\\\/\\\/pelletterieded.com\\\/es\\\/?s={search_term_string}\"},\"query-input\":{\"@type\":\"PropertyValueSpecification\",\"valueRequired\":true,\"valueName\":\"search_term_string\"}}],\"inLanguage\":\"es\"},{\"@type\":\"Organization\",\"@id\":\"https:\\\/\\\/pelletterieded.com\\\/es\\\/#organization\",\"name\":\"Pelletterie D&D\",\"url\":\"https:\\\/\\\/pelletterieded.com\\\/es\\\/\",\"logo\":{\"@type\":\"ImageObject\",\"inLanguage\":\"es\",\"@id\":\"https:\\\/\\\/pelletterieded.com\\\/es\\\/#\\\/schema\\\/logo\\\/image\\\/\",\"url\":\"https:\\\/\\\/pelletterieded.com\\\/wp-content\\\/uploads\\\/2019\\\/07\\\/logo-pelletterie-ded-mail.webp\",\"contentUrl\":\"https:\\\/\\\/pelletterieded.com\\\/wp-content\\\/uploads\\\/2019\\\/07\\\/logo-pelletterie-ded-mail.webp\",\"width\":185,\"height\":200,\"caption\":\"Pelletterie D&D\"},\"image\":{\"@id\":\"https:\\\/\\\/pelletterieded.com\\\/es\\\/#\\\/schema\\\/logo\\\/image\\\/\"},\"sameAs\":[\"https:\\\/\\\/www.facebook.com\\\/dedpelletterie\",\"https:\\\/\\\/www.instagram.com\\\/pelletterieded\\\/\"]}]}<\/script>\n<!-- \/ Yoast SEO plugin. -->","yoast_head_json":{"title":"Maletin Profesional con cremallera - Pelletterie D&amp;D","robots":{"index":"index","follow":"follow","max-snippet":"max-snippet:-1","max-image-preview":"max-image-preview:large","max-video-preview":"max-video-preview:-1"},"canonical":"https:\/\/pelletterieded.com\/es\/shop\/hombre\/business-es\/cartella-professionale-con-cerniera-2\/","og_locale":"es_ES","og_type":"article","og_title":"Maletin Profesional con cremallera - Pelletterie D&amp;D","og_description":"Maletin profesional con cierre de cremallera y composici\u00f3n r\u00edgida La peculiaridad de este cuero natural ofrece un sensaci\u00f3n agradable al tacto y un estilo inconfundible de art\u00edculos de cuero italiano. Todas las cremalleras son producidas y certificadas por YKK, una empresa l\u00edder en el sector de la alta costura.  Ancho: 42cm | Altura: 31cm | Profundidad: 16cm | Peso: 2,1 kg","og_url":"https:\/\/pelletterieded.com\/es\/shop\/hombre\/business-es\/cartella-professionale-con-cerniera-2\/","og_site_name":"Pelletterie D&amp;D","article_publisher":"https:\/\/www.facebook.com\/dedpelletterie","article_modified_time":"2025-07-27T14:06:18+00:00","og_image":[{"width":2560,"height":2560,"url":"https:\/\/pelletterieded.com\/wp-content\/uploads\/2018\/07\/MG_0348DD-scaled-jpg.avif","type":"image\/jpeg"}],"twitter_card":"summary_large_image","twitter_misc":{"Tiempo de lectura":"1 minuto"},"schema":{"@context":"https:\/\/schema.org","@graph":[{"@type":"WebPage","@id":"https:\/\/pelletterieded.com\/es\/shop\/hombre\/business-es\/cartella-professionale-con-cerniera-2\/","url":"https:\/\/pelletterieded.com\/es\/shop\/hombre\/business-es\/cartella-professionale-con-cerniera-2\/","name":"Maletin Profesional con cremallera - Pelletterie D&amp;D","isPartOf":{"@id":"https:\/\/pelletterieded.com\/es\/#website"},"primaryImageOfPage":{"@id":"https:\/\/pelletterieded.com\/es\/shop\/hombre\/business-es\/cartella-professionale-con-cerniera-2\/#primaryimage"},"image":{"@id":"https:\/\/pelletterieded.com\/es\/shop\/hombre\/business-es\/cartella-professionale-con-cerniera-2\/#primaryimage"},"thumbnailUrl":"https:\/\/pelletterieded.com\/wp-content\/uploads\/2018\/07\/MG_0348DD-scaled-jpg.avif","datePublished":"2020-09-22T13:09:53+00:00","dateModified":"2025-07-27T14:06:18+00:00","breadcrumb":{"@id":"https:\/\/pelletterieded.com\/es\/shop\/hombre\/business-es\/cartella-professionale-con-cerniera-2\/#breadcrumb"},"inLanguage":"es","potentialAction":[{"@type":"ReadAction","target":["https:\/\/pelletterieded.com\/es\/shop\/hombre\/business-es\/cartella-professionale-con-cerniera-2\/"]}]},{"@type":"ImageObject","inLanguage":"es","@id":"https:\/\/pelletterieded.com\/es\/shop\/hombre\/business-es\/cartella-professionale-con-cerniera-2\/#primaryimage","url":"https:\/\/pelletterieded.com\/wp-content\/uploads\/2018\/07\/MG_0348DD-scaled-jpg.avif","contentUrl":"https:\/\/pelletterieded.com\/wp-content\/uploads\/2018\/07\/MG_0348DD-scaled-jpg.avif","width":2560,"height":2560},{"@type":"BreadcrumbList","@id":"https:\/\/pelletterieded.com\/es\/shop\/hombre\/business-es\/cartella-professionale-con-cerniera-2\/#breadcrumb","itemListElement":[{"@type":"ListItem","position":1,"name":"Pelletterie D&amp;D","item":"https:\/\/pelletterieded.com\/es\/"},{"@type":"ListItem","position":2,"name":"shop","item":"https:\/\/pelletterieded.com\/es\/shop\/"},{"@type":"ListItem","position":3,"name":"Hombre","item":"https:\/\/pelletterieded.com\/es\/categoria-prodotto\/hombre\/"},{"@type":"ListItem","position":4,"name":"Business","item":"https:\/\/pelletterieded.com\/es\/categoria-prodotto\/hombre\/business-es\/"},{"@type":"ListItem","position":5,"name":"Maletin Profesional con cremallera"}]},{"@type":"WebSite","@id":"https:\/\/pelletterieded.com\/es\/#website","url":"https:\/\/pelletterieded.com\/es\/","name":"Pelletterie D&D","description":"Outlet online di moda N\u00ba1 in Italia","publisher":{"@id":"https:\/\/pelletterieded.com\/es\/#organization"},"potentialAction":[{"@type":"SearchAction","target":{"@type":"EntryPoint","urlTemplate":"https:\/\/pelletterieded.com\/es\/?s={search_term_string}"},"query-input":{"@type":"PropertyValueSpecification","valueRequired":true,"valueName":"search_term_string"}}],"inLanguage":"es"},{"@type":"Organization","@id":"https:\/\/pelletterieded.com\/es\/#organization","name":"Pelletterie D&D","url":"https:\/\/pelletterieded.com\/es\/","logo":{"@type":"ImageObject","inLanguage":"es","@id":"https:\/\/pelletterieded.com\/es\/#\/schema\/logo\/image\/","url":"https:\/\/pelletterieded.com\/wp-content\/uploads\/2019\/07\/logo-pelletterie-ded-mail.webp","contentUrl":"https:\/\/pelletterieded.com\/wp-content\/uploads\/2019\/07\/logo-pelletterie-ded-mail.webp","width":185,"height":200,"caption":"Pelletterie D&D"},"image":{"@id":"https:\/\/pelletterieded.com\/es\/#\/schema\/logo\/image\/"},"sameAs":["https:\/\/www.facebook.com\/dedpelletterie","https:\/\/www.instagram.com\/pelletterieded\/"]}]}},"_links":{"self":[{"href":"https:\/\/pelletterieded.com\/es\/wp-json\/wp\/v2\/product\/115443","targetHints":{"allow":["GET"]}}],"collection":[{"href":"https:\/\/pelletterieded.com\/es\/wp-json\/wp\/v2\/product"}],"about":[{"href":"https:\/\/pelletterieded.com\/es\/wp-json\/wp\/v2\/types\/product"}],"replies":[{"embeddable":true,"href":"https:\/\/pelletterieded.com\/es\/wp-json\/wp\/v2\/comments?post=115443"}],"wp:featuredmedia":[{"embeddable":true,"href":"https:\/\/pelletterieded.com\/es\/wp-json\/wp\/v2\/media\/108288"}],"wp:attachment":[{"href":"https:\/\/pelletterieded.com\/es\/wp-json\/wp\/v2\/media?parent=115443"}],"wp:term":[{"taxonomy":"product_brand","embeddable":true,"href":"https:\/\/pelletterieded.com\/es\/wp-json\/wp\/v2\/product_brand?post=115443"},{"taxonomy":"product_cat","embeddable":true,"href":"https:\/\/pelletterieded.com\/es\/wp-json\/wp\/v2\/product_cat?post=115443"},{"taxonomy":"product_tag","embeddable":true,"href":"https:\/\/pelletterieded.com\/es\/wp-json\/wp\/v2\/product_tag?post=115443"}],"curies":[{"name":"wp","href":"https:\/\/api.w.org\/{rel}","templated":true}]}}