{"id":114109,"date":"2018-07-25T13:39:23","date_gmt":"2020-09-21T10:46:06","guid":{"rendered":"http:\/\/pelletterieded.com\/bolso-de-hombre-para-hombres\/"},"modified":"2025-07-27T15:51:53","modified_gmt":"2025-07-27T13:51:53","slug":"tracolla-uomo","status":"publish","type":"product","link":"https:\/\/pelletterieded.com\/es\/shop\/hombre\/bandoleras\/tracolla-uomo\/","title":{"rendered":"Bolso de hombre para hombres"},"content":{"rendered":"<p>Fabricado completamente en Italia por artesanos expertos del cuero mediante el uso de cuero bovino curtido con taninos vegetales y posteriormente pulido a mano.<\/p>\n<p>La peculiaridad de este cuero natural ofrece un sensaci\u00f3n agradable al tacto y un estilo inconfundible de art\u00edculos de cuero italiano.<\/p>\n<p>La venta del producto es realizada directamente por la empresa que lo produce.<\/p>\n<p><strong>EXTERIOR:<\/strong><\/p>\n<p>&#8211; piel de grano completo curtido al vegetal y pulido a mano<\/p>\n<p>&#8211; composici\u00f3n semi suave<\/p>\n<p>&#8211; cierre de solapa con bot\u00f3n magn\u00e9tico<\/p>\n<p>&#8211; bolsillo trasero con cierre con cremallera<\/p>\n<p>&#8211; un fuelle<\/p>\n<p>&#8211; bandolera en piel ajustable<\/p>\n<p>&#8211; accesorios en metal<\/p>\n<p><strong>INTERIOR:<\/strong><\/p>\n<p>&#8211; forro interno de tela<\/p>\n<p>&#8211; dos compartimentos<\/p>\n<p>&#8211; dos bolsillos abiertos a los lados para usos m\u00faltiples<\/p>\n<p>&#8211; bolsillo con cierre de cremallera y solapa en piel<\/p>\n<p>&#8211; bolsillos en piel para bol\u00edgrafos y tel\u00e9fono m\u00f3vil<\/p>\n<p><strong>ACCESORIOS:<\/strong><\/p>\n<p>&#8211; accesorios en lat\u00f3n cepillado (en tonos de color marr\u00f3n)<\/p>\n<p>&#8211; accesorios de paladio (en tonos de color rojo y negro)<\/p>\n<p><strong>DIMENSIONES :<\/strong><\/p>\n<p>Ancho: 25cm | Altura: 28cm | Profundidad: 7cm |<\/p>\n<p><strong>FUNDA PROTECTORA<\/strong>: bolsa a prueba de polvo incluida<\/p>\n<p><strong>GARANT\u00cdA<\/strong>: 24 meses.<\/p>\n<p><strong>C\u00d2DIGO INTERNO<\/strong>: 0707.<\/p>\n","protected":false},"excerpt":{"rendered":"<p><strong>Ancho:<\/strong> 25cm | <strong>Altura:<\/strong> 28cm | <strong>Profundidad:<\/strong> 7cm |<\/p>\n","protected":false},"featured_media":124477,"comment_status":"closed","ping_status":"closed","template":"","meta":[],"product_brand":[],"product_cat":[598,591],"product_tag":[],"class_list":{"0":"post-114109","1":"product","2":"type-product","3":"status-publish","4":"has-post-thumbnail","6":"product_cat-bandoleras","7":"product_cat-hombre","9":"first","10":"outofstock","11":"shipping-taxable","12":"purchasable","13":"product-type-variable","14":"has-default-attributes","15":"wvs-archive-product-wrapper"},"yoast_head":"<!-- This site is optimized with the Yoast SEO plugin v27.4 - https:\/\/yoast.com\/product\/yoast-seo-wordpress\/ -->\n<title>Bolso de hombre para hombres - Pelletterie D&amp;D<\/title>\n<meta name=\"robots\" content=\"index, follow, max-snippet:-1, max-image-preview:large, max-video-preview:-1\" \/>\n<link rel=\"canonical\" href=\"https:\/\/pelletterieded.com\/es\/shop\/hombre\/bandoleras\/tracolla-uomo\/\" \/>\n<meta property=\"og:locale\" content=\"es_ES\" \/>\n<meta property=\"og:type\" content=\"article\" \/>\n<meta property=\"og:title\" content=\"Bolso de hombre para hombres - Pelletterie D&amp;D\" \/>\n<meta property=\"og:description\" content=\"Ancho: 25cm | Altura: 28cm | Profundidad: 7cm |\" \/>\n<meta property=\"og:url\" content=\"https:\/\/pelletterieded.com\/es\/shop\/hombre\/bandoleras\/tracolla-uomo\/\" \/>\n<meta property=\"og:site_name\" content=\"Pelletterie D&amp;D\" \/>\n<meta property=\"article:publisher\" content=\"https:\/\/www.facebook.com\/dedpelletterie\" \/>\n<meta property=\"article:modified_time\" content=\"2025-07-27T13:51:53+00:00\" \/>\n<meta property=\"og:image\" content=\"https:\/\/pelletterieded.com\/wp-content\/uploads\/2018\/07\/0707-rosso-scaled-jpg.webp\" \/>\n\t<meta property=\"og:image:width\" content=\"1707\" \/>\n\t<meta property=\"og:image:height\" content=\"2560\" \/>\n\t<meta property=\"og:image:type\" content=\"image\/jpeg\" \/>\n<meta name=\"twitter:card\" content=\"summary_large_image\" \/>\n<meta name=\"twitter:label1\" content=\"Tiempo de lectura\" \/>\n\t<meta name=\"twitter:data1\" content=\"1 minuto\" \/>\n<script type=\"application\/ld+json\" class=\"yoast-schema-graph\">{\"@context\":\"https:\\\/\\\/schema.org\",\"@graph\":[{\"@type\":\"WebPage\",\"@id\":\"https:\\\/\\\/pelletterieded.com\\\/es\\\/shop\\\/hombre\\\/bandoleras\\\/tracolla-uomo\\\/\",\"url\":\"https:\\\/\\\/pelletterieded.com\\\/es\\\/shop\\\/hombre\\\/bandoleras\\\/tracolla-uomo\\\/\",\"name\":\"Bolso de hombre para hombres - Pelletterie D&amp;D\",\"isPartOf\":{\"@id\":\"https:\\\/\\\/pelletterieded.com\\\/es\\\/#website\"},\"primaryImageOfPage\":{\"@id\":\"https:\\\/\\\/pelletterieded.com\\\/es\\\/shop\\\/hombre\\\/bandoleras\\\/tracolla-uomo\\\/#primaryimage\"},\"image\":{\"@id\":\"https:\\\/\\\/pelletterieded.com\\\/es\\\/shop\\\/hombre\\\/bandoleras\\\/tracolla-uomo\\\/#primaryimage\"},\"thumbnailUrl\":\"https:\\\/\\\/pelletterieded.com\\\/wp-content\\\/uploads\\\/2018\\\/07\\\/0707-rosso-scaled-jpg.webp\",\"datePublished\":\"2020-09-21T10:46:06+00:00\",\"dateModified\":\"2025-07-27T13:51:53+00:00\",\"breadcrumb\":{\"@id\":\"https:\\\/\\\/pelletterieded.com\\\/es\\\/shop\\\/hombre\\\/bandoleras\\\/tracolla-uomo\\\/#breadcrumb\"},\"inLanguage\":\"es\",\"potentialAction\":[{\"@type\":\"ReadAction\",\"target\":[\"https:\\\/\\\/pelletterieded.com\\\/es\\\/shop\\\/hombre\\\/bandoleras\\\/tracolla-uomo\\\/\"]}]},{\"@type\":\"ImageObject\",\"inLanguage\":\"es\",\"@id\":\"https:\\\/\\\/pelletterieded.com\\\/es\\\/shop\\\/hombre\\\/bandoleras\\\/tracolla-uomo\\\/#primaryimage\",\"url\":\"https:\\\/\\\/pelletterieded.com\\\/wp-content\\\/uploads\\\/2018\\\/07\\\/0707-rosso-scaled-jpg.webp\",\"contentUrl\":\"https:\\\/\\\/pelletterieded.com\\\/wp-content\\\/uploads\\\/2018\\\/07\\\/0707-rosso-scaled-jpg.webp\",\"width\":1707,\"height\":2560},{\"@type\":\"BreadcrumbList\",\"@id\":\"https:\\\/\\\/pelletterieded.com\\\/es\\\/shop\\\/hombre\\\/bandoleras\\\/tracolla-uomo\\\/#breadcrumb\",\"itemListElement\":[{\"@type\":\"ListItem\",\"position\":1,\"name\":\"Pelletterie D&amp;D\",\"item\":\"https:\\\/\\\/pelletterieded.com\\\/es\\\/\"},{\"@type\":\"ListItem\",\"position\":2,\"name\":\"shop\",\"item\":\"https:\\\/\\\/pelletterieded.com\\\/es\\\/shop\\\/\"},{\"@type\":\"ListItem\",\"position\":3,\"name\":\"Hombre\",\"item\":\"https:\\\/\\\/pelletterieded.com\\\/es\\\/categoria-prodotto\\\/hombre\\\/\"},{\"@type\":\"ListItem\",\"position\":4,\"name\":\"Bolso de hombre para hombres\"}]},{\"@type\":\"WebSite\",\"@id\":\"https:\\\/\\\/pelletterieded.com\\\/es\\\/#website\",\"url\":\"https:\\\/\\\/pelletterieded.com\\\/es\\\/\",\"name\":\"Pelletterie D&D\",\"description\":\"Outlet online di moda N\u00ba1 in Italia\",\"publisher\":{\"@id\":\"https:\\\/\\\/pelletterieded.com\\\/es\\\/#organization\"},\"potentialAction\":[{\"@type\":\"SearchAction\",\"target\":{\"@type\":\"EntryPoint\",\"urlTemplate\":\"https:\\\/\\\/pelletterieded.com\\\/es\\\/?s={search_term_string}\"},\"query-input\":{\"@type\":\"PropertyValueSpecification\",\"valueRequired\":true,\"valueName\":\"search_term_string\"}}],\"inLanguage\":\"es\"},{\"@type\":\"Organization\",\"@id\":\"https:\\\/\\\/pelletterieded.com\\\/es\\\/#organization\",\"name\":\"Pelletterie D&D\",\"url\":\"https:\\\/\\\/pelletterieded.com\\\/es\\\/\",\"logo\":{\"@type\":\"ImageObject\",\"inLanguage\":\"es\",\"@id\":\"https:\\\/\\\/pelletterieded.com\\\/es\\\/#\\\/schema\\\/logo\\\/image\\\/\",\"url\":\"https:\\\/\\\/pelletterieded.com\\\/wp-content\\\/uploads\\\/2019\\\/07\\\/logo-pelletterie-ded-mail.webp\",\"contentUrl\":\"https:\\\/\\\/pelletterieded.com\\\/wp-content\\\/uploads\\\/2019\\\/07\\\/logo-pelletterie-ded-mail.webp\",\"width\":185,\"height\":200,\"caption\":\"Pelletterie D&D\"},\"image\":{\"@id\":\"https:\\\/\\\/pelletterieded.com\\\/es\\\/#\\\/schema\\\/logo\\\/image\\\/\"},\"sameAs\":[\"https:\\\/\\\/www.facebook.com\\\/dedpelletterie\",\"https:\\\/\\\/www.instagram.com\\\/pelletterieded\\\/\"]}]}<\/script>\n<!-- \/ Yoast SEO plugin. -->","yoast_head_json":{"title":"Bolso de hombre para hombres - Pelletterie D&amp;D","robots":{"index":"index","follow":"follow","max-snippet":"max-snippet:-1","max-image-preview":"max-image-preview:large","max-video-preview":"max-video-preview:-1"},"canonical":"https:\/\/pelletterieded.com\/es\/shop\/hombre\/bandoleras\/tracolla-uomo\/","og_locale":"es_ES","og_type":"article","og_title":"Bolso de hombre para hombres - Pelletterie D&amp;D","og_description":"Ancho: 25cm | Altura: 28cm | Profundidad: 7cm |","og_url":"https:\/\/pelletterieded.com\/es\/shop\/hombre\/bandoleras\/tracolla-uomo\/","og_site_name":"Pelletterie D&amp;D","article_publisher":"https:\/\/www.facebook.com\/dedpelletterie","article_modified_time":"2025-07-27T13:51:53+00:00","og_image":[{"width":1707,"height":2560,"url":"https:\/\/pelletterieded.com\/wp-content\/uploads\/2018\/07\/0707-rosso-scaled-jpg.webp","type":"image\/jpeg"}],"twitter_card":"summary_large_image","twitter_misc":{"Tiempo de lectura":"1 minuto"},"schema":{"@context":"https:\/\/schema.org","@graph":[{"@type":"WebPage","@id":"https:\/\/pelletterieded.com\/es\/shop\/hombre\/bandoleras\/tracolla-uomo\/","url":"https:\/\/pelletterieded.com\/es\/shop\/hombre\/bandoleras\/tracolla-uomo\/","name":"Bolso de hombre para hombres - Pelletterie D&amp;D","isPartOf":{"@id":"https:\/\/pelletterieded.com\/es\/#website"},"primaryImageOfPage":{"@id":"https:\/\/pelletterieded.com\/es\/shop\/hombre\/bandoleras\/tracolla-uomo\/#primaryimage"},"image":{"@id":"https:\/\/pelletterieded.com\/es\/shop\/hombre\/bandoleras\/tracolla-uomo\/#primaryimage"},"thumbnailUrl":"https:\/\/pelletterieded.com\/wp-content\/uploads\/2018\/07\/0707-rosso-scaled-jpg.webp","datePublished":"2020-09-21T10:46:06+00:00","dateModified":"2025-07-27T13:51:53+00:00","breadcrumb":{"@id":"https:\/\/pelletterieded.com\/es\/shop\/hombre\/bandoleras\/tracolla-uomo\/#breadcrumb"},"inLanguage":"es","potentialAction":[{"@type":"ReadAction","target":["https:\/\/pelletterieded.com\/es\/shop\/hombre\/bandoleras\/tracolla-uomo\/"]}]},{"@type":"ImageObject","inLanguage":"es","@id":"https:\/\/pelletterieded.com\/es\/shop\/hombre\/bandoleras\/tracolla-uomo\/#primaryimage","url":"https:\/\/pelletterieded.com\/wp-content\/uploads\/2018\/07\/0707-rosso-scaled-jpg.webp","contentUrl":"https:\/\/pelletterieded.com\/wp-content\/uploads\/2018\/07\/0707-rosso-scaled-jpg.webp","width":1707,"height":2560},{"@type":"BreadcrumbList","@id":"https:\/\/pelletterieded.com\/es\/shop\/hombre\/bandoleras\/tracolla-uomo\/#breadcrumb","itemListElement":[{"@type":"ListItem","position":1,"name":"Pelletterie D&amp;D","item":"https:\/\/pelletterieded.com\/es\/"},{"@type":"ListItem","position":2,"name":"shop","item":"https:\/\/pelletterieded.com\/es\/shop\/"},{"@type":"ListItem","position":3,"name":"Hombre","item":"https:\/\/pelletterieded.com\/es\/categoria-prodotto\/hombre\/"},{"@type":"ListItem","position":4,"name":"Bolso de hombre para hombres"}]},{"@type":"WebSite","@id":"https:\/\/pelletterieded.com\/es\/#website","url":"https:\/\/pelletterieded.com\/es\/","name":"Pelletterie D&D","description":"Outlet online di moda N\u00ba1 in Italia","publisher":{"@id":"https:\/\/pelletterieded.com\/es\/#organization"},"potentialAction":[{"@type":"SearchAction","target":{"@type":"EntryPoint","urlTemplate":"https:\/\/pelletterieded.com\/es\/?s={search_term_string}"},"query-input":{"@type":"PropertyValueSpecification","valueRequired":true,"valueName":"search_term_string"}}],"inLanguage":"es"},{"@type":"Organization","@id":"https:\/\/pelletterieded.com\/es\/#organization","name":"Pelletterie D&D","url":"https:\/\/pelletterieded.com\/es\/","logo":{"@type":"ImageObject","inLanguage":"es","@id":"https:\/\/pelletterieded.com\/es\/#\/schema\/logo\/image\/","url":"https:\/\/pelletterieded.com\/wp-content\/uploads\/2019\/07\/logo-pelletterie-ded-mail.webp","contentUrl":"https:\/\/pelletterieded.com\/wp-content\/uploads\/2019\/07\/logo-pelletterie-ded-mail.webp","width":185,"height":200,"caption":"Pelletterie D&D"},"image":{"@id":"https:\/\/pelletterieded.com\/es\/#\/schema\/logo\/image\/"},"sameAs":["https:\/\/www.facebook.com\/dedpelletterie","https:\/\/www.instagram.com\/pelletterieded\/"]}]}},"_links":{"self":[{"href":"https:\/\/pelletterieded.com\/es\/wp-json\/wp\/v2\/product\/114109","targetHints":{"allow":["GET"]}}],"collection":[{"href":"https:\/\/pelletterieded.com\/es\/wp-json\/wp\/v2\/product"}],"about":[{"href":"https:\/\/pelletterieded.com\/es\/wp-json\/wp\/v2\/types\/product"}],"replies":[{"embeddable":true,"href":"https:\/\/pelletterieded.com\/es\/wp-json\/wp\/v2\/comments?post=114109"}],"wp:featuredmedia":[{"embeddable":true,"href":"https:\/\/pelletterieded.com\/es\/wp-json\/wp\/v2\/media\/124477"}],"wp:attachment":[{"href":"https:\/\/pelletterieded.com\/es\/wp-json\/wp\/v2\/media?parent=114109"}],"wp:term":[{"taxonomy":"product_brand","embeddable":true,"href":"https:\/\/pelletterieded.com\/es\/wp-json\/wp\/v2\/product_brand?post=114109"},{"taxonomy":"product_cat","embeddable":true,"href":"https:\/\/pelletterieded.com\/es\/wp-json\/wp\/v2\/product_cat?post=114109"},{"taxonomy":"product_tag","embeddable":true,"href":"https:\/\/pelletterieded.com\/es\/wp-json\/wp\/v2\/product_tag?post=114109"}],"curies":[{"name":"wp","href":"https:\/\/api.w.org\/{rel}","templated":true}]}}