{"id":112847,"date":"2019-11-20T15:51:28","date_gmt":"2020-09-17T14:27:27","guid":{"rendered":"http:\/\/pelletterieded.com\/maletin-matera\/"},"modified":"2025-07-27T16:06:09","modified_gmt":"2025-07-27T14:06:09","slug":"cartella-matera","status":"publish","type":"product","link":"https:\/\/pelletterieded.com\/es\/shop\/hombre\/business-es\/cartella-matera\/","title":{"rendered":"Maletin Matera"},"content":{"rendered":"<p style=\"background: white;margin: 0cm 0cm 15.6pt 0cm\"><span style=\"font-family: 'Arial',sans-serif;color: #4f4f4f\">Fabricado completamente en Italia por artesanos expertos del cuero mediante el uso de cuero bovino curtido con taninos vegetales y posteriormente pulido a mano.<\/span><\/p>\n<p style=\"background: white;margin: 0cm 0cm 15.6pt 0cm\"><span style=\"font-family: 'Arial',sans-serif;color: #4f4f4f\">La peculiaridad de este cuero natural ofrece un sensaci\u00f3n agradable al tacto y un estilo inconfundible de art\u00edculos de cuero italiano.<\/span><\/p>\n<p style=\"background: white;margin: 0cm 0cm 15.6pt 0cm\"><span style=\"font-family: 'Arial',sans-serif;color: #4f4f4f\">La venta del producto es realizada directamente por la empresa que lo produce.<\/span><\/p>\n<p style=\"background: white;margin: 0cm 0cm 15.6pt 0cm\"><strong><span style=\"font-family: 'Arial',sans-serif;color: #4f4f4f\">EXTERIOR:<\/span><\/strong><\/p>\n<p style=\"background: white;margin: 0cm 0cm 15.6pt 0cm\"><span style=\"font-family: 'Arial',sans-serif;color: #4f4f4f\">&#8211; piel de grano completo curtido al vegetal y pulido a mano<\/span><\/p>\n<p style=\"background: white;margin: 0cm 0cm 15.6pt 0cm\"><span style=\"font-family: 'Arial',sans-serif;color: #4f4f4f\">&#8211; composici\u00f3n suave<\/span><\/p>\n<p style=\"background: white;margin: 0cm 0cm 15.6pt 0cm\"><span style=\"font-family: 'Arial',sans-serif;color: #4f4f4f\">&#8211; tres compartimentos<\/span><\/p>\n<p style=\"background: white;margin: 0cm 0cm 15.6pt 0cm\"><span style=\"font-family: 'Arial',sans-serif;color: #4f4f4f\">&#8211; cierre de cremallera con doble tirador<\/span><\/p>\n<p style=\"background: white;margin: 0cm 0cm 15.6pt 0cm\"><span style=\"font-family: 'Arial',sans-serif;color: #4f4f4f\">&#8211; asas en piel<\/span><\/p>\n<p style=\"background: white;margin: 0cm 0cm 15.6pt 0cm\"><span style=\"font-family: 'Arial',sans-serif;color: #4f4f4f\">&#8211; bandolera en piel ajustable y desenganchable<\/span><\/p>\n<p style=\"background: white;margin: 0cm 0cm 15.6pt 0cm\"><span style=\"font-family: 'Arial',sans-serif;color: #4f4f4f\">&#8211; bolsillo vertical en la parte delantera con cierre de cremallera<\/span><\/p>\n<p style=\"background: white;margin: 0cm 0cm 15.6pt 0cm\"><span style=\"font-family: 'Arial',sans-serif;color: #4f4f4f;background: white\">&#8211; bolsillo en la parte trasera para llevarlo en el tirador de la maleta<\/span><\/p>\n<p style=\"background: white;margin: 0cm 0cm 15.6pt 0cm\"><span style=\"font-family: 'Arial',sans-serif;color: #4f4f4f\">&#8211; accesorios en metal<\/span><\/p>\n<p style=\"background: white;margin: 0cm 0cm 15.6pt 0cm\"><strong><span style=\"font-family: 'Arial',sans-serif;color: #4f4f4f\">INTERIOR:<\/span><\/strong><\/p>\n<p style=\"background: white;margin: 0cm 0cm 15.6pt 0cm\"><span style=\"font-family: 'Arial',sans-serif;color: #4f4f4f\">&#8211; forro interno de tela <\/span><\/p>\n<p style=\"background: white;margin: 0cm 0cm 15.6pt 0cm\"><span style=\"font-family: 'Arial',sans-serif;color: #4f4f4f\">&#8211; dos compartimentos<\/span><\/p>\n<p style=\"background: white;margin: 0cm 0cm 15.6pt 0cm\"><span style=\"font-family: 'Arial',sans-serif;color: #4f4f4f\">&#8211; bolsillos en piel para bol\u00edgrafos y tel\u00e9fono m\u00f3vil<\/span><\/p>\n<p style=\"background: white;margin: 0cm 0cm 15.6pt 0cm\"><span style=\"font-family: 'Arial',sans-serif;color: #4f4f4f\">&#8211; dos bolsillos para objetos<\/span><\/p>\n<p style=\"background: white;margin: 0cm 0cm 15.6pt 0cm\"><span style=\"font-family: 'Arial',sans-serif;color: #4f4f4f\">&#8211; dos bolsillos con cierre de cremallera y doblez en piel<\/span><\/p>\n<p style=\"background: white;margin: 0cm 0cm 15.6pt 0cm\"><span style=\"font-family: 'Arial',sans-serif;color: #4f4f4f\"><span style=\"background: white\">&#8211; bolsillo para iPad\/tableta o computadora<\/span> <\/span><\/p>\n<p style=\"background: white;margin: 0cm 0cm 15.6pt 0cm\"><span style=\"font-family: 'Arial',sans-serif;color: #4f4f4f\">&#8211; accesorios en metal<\/span><\/p>\n<p style=\"background: white;margin: 0cm 0cm 15.6pt 0cm\"><strong><span style=\"font-family: 'Arial',sans-serif;color: #4f4f4f\">ACCESORIOS:<\/span><\/strong><\/p>\n<p style=\"background: white;margin: 0cm 0cm 15.6pt 0cm\"><span style=\"font-family: 'Arial',sans-serif;color: #4f4f4f\">&#8211; accesorios en lat\u00f3n cepillado (en tonos de color marr\u00f3n)<\/span><\/p>\n<p style=\"background: white;margin: 0cm 0cm 15.6pt 0cm\"><span style=\"font-family: 'Arial',sans-serif;color: #4f4f4f\">&#8211; accesorios de paladio (en tonos de color rojo y negro)<\/span><\/p>\n<p style=\"background: white;margin: 0cm 0cm 15.6pt 0cm\"><strong><span style=\"font-family: 'Arial',sans-serif;color: #4f4f4f\">DIMENSIONES :<\/span><\/strong><\/p>\n<p style=\"background: white;margin: 0cm 0cm 15.6pt 0cm\"><span style=\"font-family: 'Arial',sans-serif;color: #4f4f4f\">Ancho: 40cm | Altura: 28cm | Profundidad: 13cm | Peso: 1,8kg<\/span><\/p>\n<p style=\"background: white;margin: 0cm 0cm 15.6pt 0cm\"><strong><span style=\"font-family: 'Arial',sans-serif;color: #4f4f4f\">FUNDA PROTECTORA<\/span><\/strong><span style=\"font-family: 'Arial',sans-serif;color: #4f4f4f\">: bolsa a prueba de polvo incluida<\/span><\/p>\n<p style=\"background: white;margin: 0cm 0cm 15.6pt 0cm\"><strong><span style=\"font-family: 'Arial',sans-serif;color: #4f4f4f\">GARANT\u00cdA<\/span><\/strong><span style=\"font-family: 'Arial',sans-serif;color: #4f4f4f\">: 24 meses.<\/span><\/p>\n<p><b>C<\/b><b style=\"font-size: 14.4px\">\u00d2DIGO INTERNO<\/b><b style=\"font-size: 14.4px\">: <\/b>0506.<\/p>\n","protected":false},"excerpt":{"rendered":"<p><span style=\"font-family: 'Arial',sans-serif;color: #4f4f4f\"><strong>Ancho:<\/strong> 40cm |<strong> Altura:<\/strong> 28cm | <strong>Profundidad:<\/strong> 13cm | <strong>Peso<\/strong>: 1,8kg<\/span><\/p>\n","protected":false},"featured_media":175381,"comment_status":"closed","ping_status":"closed","template":"","meta":[],"product_brand":[],"product_cat":[510,546,555,551],"product_tag":[],"class_list":{"0":"post-112847","1":"product","2":"type-product","3":"status-publish","4":"has-post-thumbnail","6":"product_cat-business-es","7":"product_cat-cartelle-es-2","8":"product_cat-porta-pc-es","9":"product_cat-porta-documenti-es","11":"first","12":"instock","13":"shipping-taxable","14":"purchasable","15":"product-type-variable","16":"has-default-attributes","17":"wvs-archive-product-wrapper"},"yoast_head":"<!-- This site is optimized with the Yoast SEO plugin v27.4 - https:\/\/yoast.com\/product\/yoast-seo-wordpress\/ -->\n<title>Maletin Matera - Pelletterie D&amp;D<\/title>\n<meta name=\"robots\" content=\"index, follow, max-snippet:-1, max-image-preview:large, max-video-preview:-1\" \/>\n<link rel=\"canonical\" href=\"https:\/\/pelletterieded.com\/es\/shop\/hombre\/business-es\/cartella-matera\/\" \/>\n<meta property=\"og:locale\" content=\"es_ES\" \/>\n<meta property=\"og:type\" content=\"article\" \/>\n<meta property=\"og:title\" content=\"Maletin Matera - Pelletterie D&amp;D\" \/>\n<meta property=\"og:description\" content=\"Ancho: 40cm | Altura: 28cm | Profundidad: 13cm | Peso: 1,8kg\" \/>\n<meta property=\"og:url\" content=\"https:\/\/pelletterieded.com\/es\/shop\/hombre\/business-es\/cartella-matera\/\" \/>\n<meta property=\"og:site_name\" content=\"Pelletterie D&amp;D\" \/>\n<meta property=\"article:publisher\" content=\"https:\/\/www.facebook.com\/dedpelletterie\" \/>\n<meta property=\"article:modified_time\" content=\"2025-07-27T14:06:09+00:00\" \/>\n<meta property=\"og:image\" content=\"https:\/\/pelletterieded.com\/wp-content\/uploads\/2019\/11\/Cartella-Matera-miele-1-jpg.webp\" \/>\n\t<meta property=\"og:image:width\" content=\"1200\" \/>\n\t<meta property=\"og:image:height\" content=\"1000\" \/>\n\t<meta property=\"og:image:type\" content=\"image\/jpeg\" \/>\n<meta name=\"twitter:card\" content=\"summary_large_image\" \/>\n<meta name=\"twitter:label1\" content=\"Tiempo de lectura\" \/>\n\t<meta name=\"twitter:data1\" content=\"1 minuto\" \/>\n<script type=\"application\/ld+json\" class=\"yoast-schema-graph\">{\"@context\":\"https:\\\/\\\/schema.org\",\"@graph\":[{\"@type\":\"WebPage\",\"@id\":\"https:\\\/\\\/pelletterieded.com\\\/es\\\/shop\\\/hombre\\\/business-es\\\/cartella-matera\\\/\",\"url\":\"https:\\\/\\\/pelletterieded.com\\\/es\\\/shop\\\/hombre\\\/business-es\\\/cartella-matera\\\/\",\"name\":\"Maletin Matera - Pelletterie D&amp;D\",\"isPartOf\":{\"@id\":\"https:\\\/\\\/pelletterieded.com\\\/es\\\/#website\"},\"primaryImageOfPage\":{\"@id\":\"https:\\\/\\\/pelletterieded.com\\\/es\\\/shop\\\/hombre\\\/business-es\\\/cartella-matera\\\/#primaryimage\"},\"image\":{\"@id\":\"https:\\\/\\\/pelletterieded.com\\\/es\\\/shop\\\/hombre\\\/business-es\\\/cartella-matera\\\/#primaryimage\"},\"thumbnailUrl\":\"https:\\\/\\\/pelletterieded.com\\\/wp-content\\\/uploads\\\/2019\\\/11\\\/Cartella-Matera-miele-1-jpg.webp\",\"datePublished\":\"2020-09-17T14:27:27+00:00\",\"dateModified\":\"2025-07-27T14:06:09+00:00\",\"breadcrumb\":{\"@id\":\"https:\\\/\\\/pelletterieded.com\\\/es\\\/shop\\\/hombre\\\/business-es\\\/cartella-matera\\\/#breadcrumb\"},\"inLanguage\":\"es\",\"potentialAction\":[{\"@type\":\"ReadAction\",\"target\":[\"https:\\\/\\\/pelletterieded.com\\\/es\\\/shop\\\/hombre\\\/business-es\\\/cartella-matera\\\/\"]}]},{\"@type\":\"ImageObject\",\"inLanguage\":\"es\",\"@id\":\"https:\\\/\\\/pelletterieded.com\\\/es\\\/shop\\\/hombre\\\/business-es\\\/cartella-matera\\\/#primaryimage\",\"url\":\"https:\\\/\\\/pelletterieded.com\\\/wp-content\\\/uploads\\\/2019\\\/11\\\/Cartella-Matera-miele-1-jpg.webp\",\"contentUrl\":\"https:\\\/\\\/pelletterieded.com\\\/wp-content\\\/uploads\\\/2019\\\/11\\\/Cartella-Matera-miele-1-jpg.webp\",\"width\":1200,\"height\":1000},{\"@type\":\"BreadcrumbList\",\"@id\":\"https:\\\/\\\/pelletterieded.com\\\/es\\\/shop\\\/hombre\\\/business-es\\\/cartella-matera\\\/#breadcrumb\",\"itemListElement\":[{\"@type\":\"ListItem\",\"position\":1,\"name\":\"Pelletterie D&amp;D\",\"item\":\"https:\\\/\\\/pelletterieded.com\\\/es\\\/\"},{\"@type\":\"ListItem\",\"position\":2,\"name\":\"shop\",\"item\":\"https:\\\/\\\/pelletterieded.com\\\/es\\\/shop\\\/\"},{\"@type\":\"ListItem\",\"position\":3,\"name\":\"Hombre\",\"item\":\"https:\\\/\\\/pelletterieded.com\\\/es\\\/categoria-prodotto\\\/hombre\\\/\"},{\"@type\":\"ListItem\",\"position\":4,\"name\":\"Business\",\"item\":\"https:\\\/\\\/pelletterieded.com\\\/es\\\/categoria-prodotto\\\/hombre\\\/business-es\\\/\"},{\"@type\":\"ListItem\",\"position\":5,\"name\":\"Maletin Matera\"}]},{\"@type\":\"WebSite\",\"@id\":\"https:\\\/\\\/pelletterieded.com\\\/es\\\/#website\",\"url\":\"https:\\\/\\\/pelletterieded.com\\\/es\\\/\",\"name\":\"Pelletterie D&D\",\"description\":\"Outlet online di moda N\u00ba1 in Italia\",\"publisher\":{\"@id\":\"https:\\\/\\\/pelletterieded.com\\\/es\\\/#organization\"},\"potentialAction\":[{\"@type\":\"SearchAction\",\"target\":{\"@type\":\"EntryPoint\",\"urlTemplate\":\"https:\\\/\\\/pelletterieded.com\\\/es\\\/?s={search_term_string}\"},\"query-input\":{\"@type\":\"PropertyValueSpecification\",\"valueRequired\":true,\"valueName\":\"search_term_string\"}}],\"inLanguage\":\"es\"},{\"@type\":\"Organization\",\"@id\":\"https:\\\/\\\/pelletterieded.com\\\/es\\\/#organization\",\"name\":\"Pelletterie D&D\",\"url\":\"https:\\\/\\\/pelletterieded.com\\\/es\\\/\",\"logo\":{\"@type\":\"ImageObject\",\"inLanguage\":\"es\",\"@id\":\"https:\\\/\\\/pelletterieded.com\\\/es\\\/#\\\/schema\\\/logo\\\/image\\\/\",\"url\":\"https:\\\/\\\/pelletterieded.com\\\/wp-content\\\/uploads\\\/2019\\\/07\\\/logo-pelletterie-ded-mail.webp\",\"contentUrl\":\"https:\\\/\\\/pelletterieded.com\\\/wp-content\\\/uploads\\\/2019\\\/07\\\/logo-pelletterie-ded-mail.webp\",\"width\":185,\"height\":200,\"caption\":\"Pelletterie D&D\"},\"image\":{\"@id\":\"https:\\\/\\\/pelletterieded.com\\\/es\\\/#\\\/schema\\\/logo\\\/image\\\/\"},\"sameAs\":[\"https:\\\/\\\/www.facebook.com\\\/dedpelletterie\",\"https:\\\/\\\/www.instagram.com\\\/pelletterieded\\\/\"]}]}<\/script>\n<!-- \/ Yoast SEO plugin. -->","yoast_head_json":{"title":"Maletin Matera - Pelletterie D&amp;D","robots":{"index":"index","follow":"follow","max-snippet":"max-snippet:-1","max-image-preview":"max-image-preview:large","max-video-preview":"max-video-preview:-1"},"canonical":"https:\/\/pelletterieded.com\/es\/shop\/hombre\/business-es\/cartella-matera\/","og_locale":"es_ES","og_type":"article","og_title":"Maletin Matera - Pelletterie D&amp;D","og_description":"Ancho: 40cm | Altura: 28cm | Profundidad: 13cm | Peso: 1,8kg","og_url":"https:\/\/pelletterieded.com\/es\/shop\/hombre\/business-es\/cartella-matera\/","og_site_name":"Pelletterie D&amp;D","article_publisher":"https:\/\/www.facebook.com\/dedpelletterie","article_modified_time":"2025-07-27T14:06:09+00:00","og_image":[{"width":1200,"height":1000,"url":"https:\/\/pelletterieded.com\/wp-content\/uploads\/2019\/11\/Cartella-Matera-miele-1-jpg.webp","type":"image\/jpeg"}],"twitter_card":"summary_large_image","twitter_misc":{"Tiempo de lectura":"1 minuto"},"schema":{"@context":"https:\/\/schema.org","@graph":[{"@type":"WebPage","@id":"https:\/\/pelletterieded.com\/es\/shop\/hombre\/business-es\/cartella-matera\/","url":"https:\/\/pelletterieded.com\/es\/shop\/hombre\/business-es\/cartella-matera\/","name":"Maletin Matera - Pelletterie D&amp;D","isPartOf":{"@id":"https:\/\/pelletterieded.com\/es\/#website"},"primaryImageOfPage":{"@id":"https:\/\/pelletterieded.com\/es\/shop\/hombre\/business-es\/cartella-matera\/#primaryimage"},"image":{"@id":"https:\/\/pelletterieded.com\/es\/shop\/hombre\/business-es\/cartella-matera\/#primaryimage"},"thumbnailUrl":"https:\/\/pelletterieded.com\/wp-content\/uploads\/2019\/11\/Cartella-Matera-miele-1-jpg.webp","datePublished":"2020-09-17T14:27:27+00:00","dateModified":"2025-07-27T14:06:09+00:00","breadcrumb":{"@id":"https:\/\/pelletterieded.com\/es\/shop\/hombre\/business-es\/cartella-matera\/#breadcrumb"},"inLanguage":"es","potentialAction":[{"@type":"ReadAction","target":["https:\/\/pelletterieded.com\/es\/shop\/hombre\/business-es\/cartella-matera\/"]}]},{"@type":"ImageObject","inLanguage":"es","@id":"https:\/\/pelletterieded.com\/es\/shop\/hombre\/business-es\/cartella-matera\/#primaryimage","url":"https:\/\/pelletterieded.com\/wp-content\/uploads\/2019\/11\/Cartella-Matera-miele-1-jpg.webp","contentUrl":"https:\/\/pelletterieded.com\/wp-content\/uploads\/2019\/11\/Cartella-Matera-miele-1-jpg.webp","width":1200,"height":1000},{"@type":"BreadcrumbList","@id":"https:\/\/pelletterieded.com\/es\/shop\/hombre\/business-es\/cartella-matera\/#breadcrumb","itemListElement":[{"@type":"ListItem","position":1,"name":"Pelletterie D&amp;D","item":"https:\/\/pelletterieded.com\/es\/"},{"@type":"ListItem","position":2,"name":"shop","item":"https:\/\/pelletterieded.com\/es\/shop\/"},{"@type":"ListItem","position":3,"name":"Hombre","item":"https:\/\/pelletterieded.com\/es\/categoria-prodotto\/hombre\/"},{"@type":"ListItem","position":4,"name":"Business","item":"https:\/\/pelletterieded.com\/es\/categoria-prodotto\/hombre\/business-es\/"},{"@type":"ListItem","position":5,"name":"Maletin Matera"}]},{"@type":"WebSite","@id":"https:\/\/pelletterieded.com\/es\/#website","url":"https:\/\/pelletterieded.com\/es\/","name":"Pelletterie D&D","description":"Outlet online di moda N\u00ba1 in Italia","publisher":{"@id":"https:\/\/pelletterieded.com\/es\/#organization"},"potentialAction":[{"@type":"SearchAction","target":{"@type":"EntryPoint","urlTemplate":"https:\/\/pelletterieded.com\/es\/?s={search_term_string}"},"query-input":{"@type":"PropertyValueSpecification","valueRequired":true,"valueName":"search_term_string"}}],"inLanguage":"es"},{"@type":"Organization","@id":"https:\/\/pelletterieded.com\/es\/#organization","name":"Pelletterie D&D","url":"https:\/\/pelletterieded.com\/es\/","logo":{"@type":"ImageObject","inLanguage":"es","@id":"https:\/\/pelletterieded.com\/es\/#\/schema\/logo\/image\/","url":"https:\/\/pelletterieded.com\/wp-content\/uploads\/2019\/07\/logo-pelletterie-ded-mail.webp","contentUrl":"https:\/\/pelletterieded.com\/wp-content\/uploads\/2019\/07\/logo-pelletterie-ded-mail.webp","width":185,"height":200,"caption":"Pelletterie D&D"},"image":{"@id":"https:\/\/pelletterieded.com\/es\/#\/schema\/logo\/image\/"},"sameAs":["https:\/\/www.facebook.com\/dedpelletterie","https:\/\/www.instagram.com\/pelletterieded\/"]}]}},"_links":{"self":[{"href":"https:\/\/pelletterieded.com\/es\/wp-json\/wp\/v2\/product\/112847","targetHints":{"allow":["GET"]}}],"collection":[{"href":"https:\/\/pelletterieded.com\/es\/wp-json\/wp\/v2\/product"}],"about":[{"href":"https:\/\/pelletterieded.com\/es\/wp-json\/wp\/v2\/types\/product"}],"replies":[{"embeddable":true,"href":"https:\/\/pelletterieded.com\/es\/wp-json\/wp\/v2\/comments?post=112847"}],"wp:featuredmedia":[{"embeddable":true,"href":"https:\/\/pelletterieded.com\/es\/wp-json\/wp\/v2\/media\/175381"}],"wp:attachment":[{"href":"https:\/\/pelletterieded.com\/es\/wp-json\/wp\/v2\/media?parent=112847"}],"wp:term":[{"taxonomy":"product_brand","embeddable":true,"href":"https:\/\/pelletterieded.com\/es\/wp-json\/wp\/v2\/product_brand?post=112847"},{"taxonomy":"product_cat","embeddable":true,"href":"https:\/\/pelletterieded.com\/es\/wp-json\/wp\/v2\/product_cat?post=112847"},{"taxonomy":"product_tag","embeddable":true,"href":"https:\/\/pelletterieded.com\/es\/wp-json\/wp\/v2\/product_tag?post=112847"}],"curies":[{"name":"wp","href":"https:\/\/api.w.org\/{rel}","templated":true}]}}