{"id":67750,"date":"2020-07-27T16:11:18","date_gmt":"2020-07-27T14:11:18","guid":{"rendered":"http:\/\/pelletterieded.com\/plazos-de-envio\/"},"modified":"2025-01-02T17:01:54","modified_gmt":"2025-01-02T16:01:54","slug":"plazos-de-envio","status":"publish","type":"page","link":"https:\/\/pelletterieded.com\/es\/plazos-de-envio\/","title":{"rendered":"Plazos de env\u00edo"},"content":{"rendered":"<div class=\"row\"  id=\"row-211661666\">\n\n\t<div id=\"col-680023789\" class=\"col small-12 large-12\"  >\n\t\t\t\t<div class=\"col-inner\"  >\n\t\t\t\n\t\t\t\n<div class=\"message-box relative dark\" style=\"padding-top:15px;padding-bottom:15px;\"><div class=\"message-box-bg-image bg-fill fill\" ><\/div><div class=\"message-box-bg-overlay bg-fill fill\" ><\/div><div class=\"container relative\"><div class=\"inner last-reset\">\n<div class=\"row align-middle align-center\"  id=\"row-1610743742\">\n\n\t<div id=\"col-795171626\" class=\"col small-12 large-12\"  >\n\t\t\t\t<div class=\"col-inner text-center\"  >\n\t\t\t\n\t\t\t\n\t<div id=\"text-3863122406\" class=\"text\">\n\t\t\n<div><\/div>\n<div>\n<div><strong>Env\u00edo GRATUITO en Italia para pedidos a partir de 80 \u20ac. <\/strong><\/div>\n<div>Durante las vacaciones de Navidad no podemos garantizar la entrega en 24\/48 horas. \u00a1Le agradecemos su comprensi\u00f3n, estamos trabajando para entregarle sus compras lo m\u00e1s r\u00e1pido posible!<\/div>\n<div><\/div>\n<\/div>\n\t\t\n<style>\n#text-3863122406 {\n  text-align: center;\n}\n<\/style>\n\t<\/div>\n\t\n\t\t<\/div>\n\t\t\t\t\t<\/div>\n\n\t\n<\/div>\n<\/div><\/div><\/div>\n\t\t<\/div>\n\t\t\t\t\n<style>\n#col-680023789 > .col-inner {\n  margin: 20px 0px 0px 0px;\n}\n<\/style>\n\t<\/div>\n\n\t\n\n\t<div id=\"col-325158349\" class=\"col small-12 large-12\"  >\n\t\t\t\t<div class=\"col-inner\"  >\n\t\t\t\n\t\t\t\n<div>Pelletterie D&amp;D procesar\u00e1 el pedido dentro de las 24-48 horas laborables siguientes a su recepci\u00f3n.<\/div>\n<div>Sujeto a disponibilidad de los art\u00edculos, si los pedidos son recibidos por la empresa antes de las 12:00 horas se procesar\u00e1n en la tarde del mismo d\u00eda, en caso contrario el pedido se procesar\u00e1 el siguiente d\u00eda h\u00e1bil.<\/div>\n<div><\/div>\n<div>En caso de pago mediante transferencia bancaria, el pedido se procesar\u00e1 tan pronto como se acrediten los fondos (tarda aproximadamente 3 d\u00edas h\u00e1biles); en el caso de que el cliente desee acelerar el env\u00edo es necesario enviar copia del justificante de la transferencia bancaria a nuestra direcci\u00f3n de correo electr\u00f3nico (info@pelletterieded.com), especificando el nombre del comprador y n\u00famero de pedido.<\/div>\n<div><\/div>\n<div>Env\u00edos a Italia:<\/div>\n<div><\/div>\n<div>Pelletterie D&amp;D se compromete a garantizar que el pedido se entregue en un plazo de 2 a 3 d\u00edas laborables desde la confirmaci\u00f3n del pedido.<\/div>\n<div>El env\u00edo es gratuito para pedidos superiores a 80\u20ac. El mensajero tardar\u00e1 aproximadamente 24h\/48 horas laborables en entregar el paquete, en el maletero, un d\u00eda m\u00e1s en las islas.<\/div>\n<div><\/div>\n<div>Env\u00edos a Europa:<\/div>\n<div><\/div>\n<div>Los env\u00edos a Europa tendr\u00e1n un coste entre 12,00\u20ac y 35,00\u20ac dependiendo del pa\u00eds de destino y del tipo de env\u00edo (est\u00e1ndar o expr\u00e9s)<\/div>\n<div>En este caso el mensajero tardar\u00e1 aproximadamente 3\/5 d\u00edas h\u00e1biles en entregar su paquete con env\u00edo est\u00e1ndar, aproximadamente 2 d\u00edas h\u00e1biles con env\u00edo expr\u00e9s.<\/div>\n<div><\/div>\n<div>Env\u00edos Fuera de Europa:<\/div>\n<div><\/div>\n<div>Los env\u00edos fuera de Europa tendr\u00e1n un coste de 40,00\u20ac para Estados Unidos y pa\u00edses no europeos.<\/div>\n<div>En este caso el mensajero tardar\u00e1 aproximadamente 5\/10 d\u00edas laborables en entregar su paquete.<\/div>\n<div><\/div>\n<div>NOTA IMPRESCINDIBLE: cualquier coste de derechos o impuestos aduaneros es responsabilidad total del cliente incluso en caso de devoluci\u00f3n.<\/div>\n<div><\/div>\n<div>En caso de que el cliente se niegue a recoger el pedido, los posibles gastos de devoluci\u00f3n<\/div>\n<div>se descontar\u00e1 del reembolso.<\/div>\n<div>Tambi\u00e9n te recordamos que seg\u00fan nuestra pol\u00edtica de Devoluciones y Reembolsos, el<\/div>\n<div>No se realizar\u00e1n reembolsos por bolsas personalizadas.<\/div>\n<div><\/div>\n<div>Pelletterie D&amp;D recuerda a nuestros clientes que los plazos de entrega pueden sufrir retrasos en los d\u00edas cercanos a los d\u00edas festivos y que los mensajeros no realizar\u00e1n entregas los d\u00edas festivos ni los fines de semana.<\/div>\n\t\t<\/div>\n\t\t\t\t\t<\/div>\n\n\t\n<\/div>\n","protected":false},"excerpt":{"rendered":"","protected":false},"author":275,"featured_media":0,"parent":0,"menu_order":0,"comment_status":"closed","ping_status":"closed","template":"page-blank-title-center.php","meta":{"footnotes":""},"class_list":["post-67750","page","type-page","status-publish","hentry"],"yoast_head":"<!-- This site is optimized with the Yoast SEO plugin v27.4 - https:\/\/yoast.com\/product\/yoast-seo-wordpress\/ -->\n<title>Plazos de env\u00edo - Pelletterie D&amp;D<\/title>\n<meta name=\"robots\" content=\"noindex, nofollow\" \/>\n<meta property=\"og:locale\" content=\"es_ES\" \/>\n<meta property=\"og:type\" content=\"article\" \/>\n<meta property=\"og:title\" content=\"Plazos de env\u00edo - Pelletterie D&amp;D\" \/>\n<meta property=\"og:url\" content=\"https:\/\/pelletterieded.com\/es\/plazos-de-envio\/\" \/>\n<meta property=\"og:site_name\" content=\"Pelletterie D&amp;D\" \/>\n<meta property=\"article:publisher\" content=\"https:\/\/www.facebook.com\/dedpelletterie\" \/>\n<meta property=\"article:modified_time\" content=\"2025-01-02T16:01:54+00:00\" \/>\n<meta name=\"twitter:card\" content=\"summary_large_image\" \/>\n<meta name=\"twitter:label1\" content=\"Tiempo de lectura\" \/>\n\t<meta name=\"twitter:data1\" content=\"2 minutos\" \/>\n<script type=\"application\/ld+json\" class=\"yoast-schema-graph\">{\"@context\":\"https:\\\/\\\/schema.org\",\"@graph\":[{\"@type\":\"WebPage\",\"@id\":\"https:\\\/\\\/pelletterieded.com\\\/es\\\/plazos-de-envio\\\/\",\"url\":\"https:\\\/\\\/pelletterieded.com\\\/es\\\/plazos-de-envio\\\/\",\"name\":\"Plazos de env\u00edo - Pelletterie D&amp;D\",\"isPartOf\":{\"@id\":\"https:\\\/\\\/pelletterieded.com\\\/es\\\/#website\"},\"datePublished\":\"2020-07-27T14:11:18+00:00\",\"dateModified\":\"2025-01-02T16:01:54+00:00\",\"breadcrumb\":{\"@id\":\"https:\\\/\\\/pelletterieded.com\\\/es\\\/plazos-de-envio\\\/#breadcrumb\"},\"inLanguage\":\"es\",\"potentialAction\":[{\"@type\":\"ReadAction\",\"target\":[\"https:\\\/\\\/pelletterieded.com\\\/es\\\/plazos-de-envio\\\/\"]}]},{\"@type\":\"BreadcrumbList\",\"@id\":\"https:\\\/\\\/pelletterieded.com\\\/es\\\/plazos-de-envio\\\/#breadcrumb\",\"itemListElement\":[{\"@type\":\"ListItem\",\"position\":1,\"name\":\"Pelletterie D&amp;D\",\"item\":\"https:\\\/\\\/pelletterieded.com\\\/es\\\/\"},{\"@type\":\"ListItem\",\"position\":2,\"name\":\"Plazos de env\u00edo\"}]},{\"@type\":\"WebSite\",\"@id\":\"https:\\\/\\\/pelletterieded.com\\\/es\\\/#website\",\"url\":\"https:\\\/\\\/pelletterieded.com\\\/es\\\/\",\"name\":\"Pelletterie D&D\",\"description\":\"Outlet online di moda N\u00ba1 in Italia\",\"publisher\":{\"@id\":\"https:\\\/\\\/pelletterieded.com\\\/es\\\/#organization\"},\"potentialAction\":[{\"@type\":\"SearchAction\",\"target\":{\"@type\":\"EntryPoint\",\"urlTemplate\":\"https:\\\/\\\/pelletterieded.com\\\/es\\\/?s={search_term_string}\"},\"query-input\":{\"@type\":\"PropertyValueSpecification\",\"valueRequired\":true,\"valueName\":\"search_term_string\"}}],\"inLanguage\":\"es\"},{\"@type\":\"Organization\",\"@id\":\"https:\\\/\\\/pelletterieded.com\\\/es\\\/#organization\",\"name\":\"Pelletterie D&D\",\"url\":\"https:\\\/\\\/pelletterieded.com\\\/es\\\/\",\"logo\":{\"@type\":\"ImageObject\",\"inLanguage\":\"es\",\"@id\":\"https:\\\/\\\/pelletterieded.com\\\/es\\\/#\\\/schema\\\/logo\\\/image\\\/\",\"url\":\"https:\\\/\\\/pelletterieded.com\\\/wp-content\\\/uploads\\\/2019\\\/07\\\/logo-pelletterie-ded-mail.webp\",\"contentUrl\":\"https:\\\/\\\/pelletterieded.com\\\/wp-content\\\/uploads\\\/2019\\\/07\\\/logo-pelletterie-ded-mail.webp\",\"width\":185,\"height\":200,\"caption\":\"Pelletterie D&D\"},\"image\":{\"@id\":\"https:\\\/\\\/pelletterieded.com\\\/es\\\/#\\\/schema\\\/logo\\\/image\\\/\"},\"sameAs\":[\"https:\\\/\\\/www.facebook.com\\\/dedpelletterie\",\"https:\\\/\\\/www.instagram.com\\\/pelletterieded\\\/\"]}]}<\/script>\n<!-- \/ Yoast SEO plugin. -->","yoast_head_json":{"title":"Plazos de env\u00edo - Pelletterie D&amp;D","robots":{"index":"noindex","follow":"nofollow"},"og_locale":"es_ES","og_type":"article","og_title":"Plazos de env\u00edo - Pelletterie D&amp;D","og_url":"https:\/\/pelletterieded.com\/es\/plazos-de-envio\/","og_site_name":"Pelletterie D&amp;D","article_publisher":"https:\/\/www.facebook.com\/dedpelletterie","article_modified_time":"2025-01-02T16:01:54+00:00","twitter_card":"summary_large_image","twitter_misc":{"Tiempo de lectura":"2 minutos"},"schema":{"@context":"https:\/\/schema.org","@graph":[{"@type":"WebPage","@id":"https:\/\/pelletterieded.com\/es\/plazos-de-envio\/","url":"https:\/\/pelletterieded.com\/es\/plazos-de-envio\/","name":"Plazos de env\u00edo - Pelletterie D&amp;D","isPartOf":{"@id":"https:\/\/pelletterieded.com\/es\/#website"},"datePublished":"2020-07-27T14:11:18+00:00","dateModified":"2025-01-02T16:01:54+00:00","breadcrumb":{"@id":"https:\/\/pelletterieded.com\/es\/plazos-de-envio\/#breadcrumb"},"inLanguage":"es","potentialAction":[{"@type":"ReadAction","target":["https:\/\/pelletterieded.com\/es\/plazos-de-envio\/"]}]},{"@type":"BreadcrumbList","@id":"https:\/\/pelletterieded.com\/es\/plazos-de-envio\/#breadcrumb","itemListElement":[{"@type":"ListItem","position":1,"name":"Pelletterie D&amp;D","item":"https:\/\/pelletterieded.com\/es\/"},{"@type":"ListItem","position":2,"name":"Plazos de env\u00edo"}]},{"@type":"WebSite","@id":"https:\/\/pelletterieded.com\/es\/#website","url":"https:\/\/pelletterieded.com\/es\/","name":"Pelletterie D&D","description":"Outlet online di moda N\u00ba1 in Italia","publisher":{"@id":"https:\/\/pelletterieded.com\/es\/#organization"},"potentialAction":[{"@type":"SearchAction","target":{"@type":"EntryPoint","urlTemplate":"https:\/\/pelletterieded.com\/es\/?s={search_term_string}"},"query-input":{"@type":"PropertyValueSpecification","valueRequired":true,"valueName":"search_term_string"}}],"inLanguage":"es"},{"@type":"Organization","@id":"https:\/\/pelletterieded.com\/es\/#organization","name":"Pelletterie D&D","url":"https:\/\/pelletterieded.com\/es\/","logo":{"@type":"ImageObject","inLanguage":"es","@id":"https:\/\/pelletterieded.com\/es\/#\/schema\/logo\/image\/","url":"https:\/\/pelletterieded.com\/wp-content\/uploads\/2019\/07\/logo-pelletterie-ded-mail.webp","contentUrl":"https:\/\/pelletterieded.com\/wp-content\/uploads\/2019\/07\/logo-pelletterie-ded-mail.webp","width":185,"height":200,"caption":"Pelletterie D&D"},"image":{"@id":"https:\/\/pelletterieded.com\/es\/#\/schema\/logo\/image\/"},"sameAs":["https:\/\/www.facebook.com\/dedpelletterie","https:\/\/www.instagram.com\/pelletterieded\/"]}]}},"_hostinger_reach_plugin_has_subscription_block":false,"_hostinger_reach_plugin_is_elementor":false,"_links":{"self":[{"href":"https:\/\/pelletterieded.com\/es\/wp-json\/wp\/v2\/pages\/67750","targetHints":{"allow":["GET"]}}],"collection":[{"href":"https:\/\/pelletterieded.com\/es\/wp-json\/wp\/v2\/pages"}],"about":[{"href":"https:\/\/pelletterieded.com\/es\/wp-json\/wp\/v2\/types\/page"}],"author":[{"embeddable":true,"href":"https:\/\/pelletterieded.com\/es\/wp-json\/wp\/v2\/users\/275"}],"replies":[{"embeddable":true,"href":"https:\/\/pelletterieded.com\/es\/wp-json\/wp\/v2\/comments?post=67750"}],"version-history":[{"count":0,"href":"https:\/\/pelletterieded.com\/es\/wp-json\/wp\/v2\/pages\/67750\/revisions"}],"wp:attachment":[{"href":"https:\/\/pelletterieded.com\/es\/wp-json\/wp\/v2\/media?parent=67750"}],"curies":[{"name":"wp","href":"https:\/\/api.w.org\/{rel}","templated":true}]}}