{"id":67735,"date":"2020-07-27T15:58:45","date_gmt":"2020-07-27T13:58:45","guid":{"rendered":"http:\/\/pelletterieded.com\/metodos-de-pago\/"},"modified":"2020-07-27T15:58:46","modified_gmt":"2020-07-27T13:58:46","slug":"metodos-de-pago","status":"publish","type":"page","link":"https:\/\/pelletterieded.com\/es\/metodos-de-pago\/","title":{"rendered":"M\u00e9todos de pago"},"content":{"rendered":"<p>Las compras realizadas en el sitio web de Pelletterie D&amp;D pueden pagarse con tarjeta de cr\u00e9dito, PayPal, contra reembolso, y transferencia bancaria. Cada compra se realiza con la m\u00e1xima seguridad gracias al uso de los sistemas tecnol\u00f3gicos m\u00e1s avanzados en el campo del comercio electr\u00f3nico y con sistemas de codificaci\u00f3n (SSL) para proteger sus datos personales e informaci\u00f3n en su tarjeta de cr\u00e9dito del acceso no autorizado. De hecho, los datos de la tarjeta de cr\u00e9dito se env\u00edan a PayPal durante la ejecuci\u00f3n de la orden, y est\u00e1n protegidos contra el acceso no autorizado mediante la transferencia cifrada de datos SSL (&#8216;Capa de conexi\u00f3n segura&#8217;). Estos datos no son accesibles a terceros. Una vez que se complete el pedido, recibir\u00e1 un correo electr\u00f3nico de confirmaci\u00f3n con su N\u00famero de Pedido y un resumen de los detalles de su compra. Recuerde que puede rastrear su paquete en cualquier momento en la secci\u00f3n correspondiente desde su perfil.<\/p>\n","protected":false},"excerpt":{"rendered":"<p>Las compras realizadas en el sitio web de Pelletterie D&amp;D pueden pagarse con tarjeta de cr\u00e9dito, PayPal, contra reembolso, y transferencia bancaria. Cada compra se realiza con la m\u00e1xima seguridad gracias al uso de los sistemas tecnol\u00f3gicos m\u00e1s avanzados en el campo del comercio electr\u00f3nico y con sistemas de codificaci\u00f3n (SSL) para proteger sus datos [&#8230;]\n","protected":false},"author":275,"featured_media":0,"parent":0,"menu_order":0,"comment_status":"closed","ping_status":"closed","template":"page-blank-title-center.php","meta":{"footnotes":""},"class_list":["post-67735","page","type-page","status-publish","hentry"],"yoast_head":"<!-- This site is optimized with the Yoast SEO plugin v27.4 - https:\/\/yoast.com\/product\/yoast-seo-wordpress\/ -->\n<title>M\u00e9todos de pago - Pelletterie D&amp;D<\/title>\n<meta name=\"robots\" content=\"noindex, nofollow\" \/>\n<meta property=\"og:locale\" content=\"es_ES\" \/>\n<meta property=\"og:type\" content=\"article\" \/>\n<meta property=\"og:title\" content=\"M\u00e9todos de pago - Pelletterie D&amp;D\" \/>\n<meta property=\"og:description\" content=\"Las compras realizadas en el sitio web de Pelletterie D&amp;D pueden pagarse con tarjeta de cr\u00e9dito, PayPal, contra reembolso, y transferencia bancaria. Cada compra se realiza con la m\u00e1xima seguridad gracias al uso de los sistemas tecnol\u00f3gicos m\u00e1s avanzados en el campo del comercio electr\u00f3nico y con sistemas de codificaci\u00f3n (SSL) para proteger sus datos [...]\" \/>\n<meta property=\"og:url\" content=\"https:\/\/pelletterieded.com\/es\/metodos-de-pago\/\" \/>\n<meta property=\"og:site_name\" content=\"Pelletterie D&amp;D\" \/>\n<meta property=\"article:publisher\" content=\"https:\/\/www.facebook.com\/dedpelletterie\" \/>\n<meta property=\"article:modified_time\" content=\"2020-07-27T13:58:46+00:00\" \/>\n<meta name=\"twitter:card\" content=\"summary_large_image\" \/>\n<meta name=\"twitter:label1\" content=\"Tiempo de lectura\" \/>\n\t<meta name=\"twitter:data1\" content=\"1 minuto\" \/>\n<script type=\"application\/ld+json\" class=\"yoast-schema-graph\">{\"@context\":\"https:\\\/\\\/schema.org\",\"@graph\":[{\"@type\":\"WebPage\",\"@id\":\"https:\\\/\\\/pelletterieded.com\\\/es\\\/metodos-de-pago\\\/\",\"url\":\"https:\\\/\\\/pelletterieded.com\\\/es\\\/metodos-de-pago\\\/\",\"name\":\"M\u00e9todos de pago - Pelletterie D&amp;D\",\"isPartOf\":{\"@id\":\"https:\\\/\\\/pelletterieded.com\\\/es\\\/#website\"},\"datePublished\":\"2020-07-27T13:58:45+00:00\",\"dateModified\":\"2020-07-27T13:58:46+00:00\",\"breadcrumb\":{\"@id\":\"https:\\\/\\\/pelletterieded.com\\\/es\\\/metodos-de-pago\\\/#breadcrumb\"},\"inLanguage\":\"es\",\"potentialAction\":[{\"@type\":\"ReadAction\",\"target\":[\"https:\\\/\\\/pelletterieded.com\\\/es\\\/metodos-de-pago\\\/\"]}]},{\"@type\":\"BreadcrumbList\",\"@id\":\"https:\\\/\\\/pelletterieded.com\\\/es\\\/metodos-de-pago\\\/#breadcrumb\",\"itemListElement\":[{\"@type\":\"ListItem\",\"position\":1,\"name\":\"Pelletterie D&amp;D\",\"item\":\"https:\\\/\\\/pelletterieded.com\\\/es\\\/\"},{\"@type\":\"ListItem\",\"position\":2,\"name\":\"M\u00e9todos de pago\"}]},{\"@type\":\"WebSite\",\"@id\":\"https:\\\/\\\/pelletterieded.com\\\/es\\\/#website\",\"url\":\"https:\\\/\\\/pelletterieded.com\\\/es\\\/\",\"name\":\"Pelletterie D&D\",\"description\":\"Outlet online di moda N\u00ba1 in Italia\",\"publisher\":{\"@id\":\"https:\\\/\\\/pelletterieded.com\\\/es\\\/#organization\"},\"potentialAction\":[{\"@type\":\"SearchAction\",\"target\":{\"@type\":\"EntryPoint\",\"urlTemplate\":\"https:\\\/\\\/pelletterieded.com\\\/es\\\/?s={search_term_string}\"},\"query-input\":{\"@type\":\"PropertyValueSpecification\",\"valueRequired\":true,\"valueName\":\"search_term_string\"}}],\"inLanguage\":\"es\"},{\"@type\":\"Organization\",\"@id\":\"https:\\\/\\\/pelletterieded.com\\\/es\\\/#organization\",\"name\":\"Pelletterie D&D\",\"url\":\"https:\\\/\\\/pelletterieded.com\\\/es\\\/\",\"logo\":{\"@type\":\"ImageObject\",\"inLanguage\":\"es\",\"@id\":\"https:\\\/\\\/pelletterieded.com\\\/es\\\/#\\\/schema\\\/logo\\\/image\\\/\",\"url\":\"https:\\\/\\\/pelletterieded.com\\\/wp-content\\\/uploads\\\/2019\\\/07\\\/logo-pelletterie-ded-mail.webp\",\"contentUrl\":\"https:\\\/\\\/pelletterieded.com\\\/wp-content\\\/uploads\\\/2019\\\/07\\\/logo-pelletterie-ded-mail.webp\",\"width\":185,\"height\":200,\"caption\":\"Pelletterie D&D\"},\"image\":{\"@id\":\"https:\\\/\\\/pelletterieded.com\\\/es\\\/#\\\/schema\\\/logo\\\/image\\\/\"},\"sameAs\":[\"https:\\\/\\\/www.facebook.com\\\/dedpelletterie\",\"https:\\\/\\\/www.instagram.com\\\/pelletterieded\\\/\"]}]}<\/script>\n<!-- \/ Yoast SEO plugin. -->","yoast_head_json":{"title":"M\u00e9todos de pago - Pelletterie D&amp;D","robots":{"index":"noindex","follow":"nofollow"},"og_locale":"es_ES","og_type":"article","og_title":"M\u00e9todos de pago - Pelletterie D&amp;D","og_description":"Las compras realizadas en el sitio web de Pelletterie D&amp;D pueden pagarse con tarjeta de cr\u00e9dito, PayPal, contra reembolso, y transferencia bancaria. Cada compra se realiza con la m\u00e1xima seguridad gracias al uso de los sistemas tecnol\u00f3gicos m\u00e1s avanzados en el campo del comercio electr\u00f3nico y con sistemas de codificaci\u00f3n (SSL) para proteger sus datos [...]","og_url":"https:\/\/pelletterieded.com\/es\/metodos-de-pago\/","og_site_name":"Pelletterie D&amp;D","article_publisher":"https:\/\/www.facebook.com\/dedpelletterie","article_modified_time":"2020-07-27T13:58:46+00:00","twitter_card":"summary_large_image","twitter_misc":{"Tiempo de lectura":"1 minuto"},"schema":{"@context":"https:\/\/schema.org","@graph":[{"@type":"WebPage","@id":"https:\/\/pelletterieded.com\/es\/metodos-de-pago\/","url":"https:\/\/pelletterieded.com\/es\/metodos-de-pago\/","name":"M\u00e9todos de pago - Pelletterie D&amp;D","isPartOf":{"@id":"https:\/\/pelletterieded.com\/es\/#website"},"datePublished":"2020-07-27T13:58:45+00:00","dateModified":"2020-07-27T13:58:46+00:00","breadcrumb":{"@id":"https:\/\/pelletterieded.com\/es\/metodos-de-pago\/#breadcrumb"},"inLanguage":"es","potentialAction":[{"@type":"ReadAction","target":["https:\/\/pelletterieded.com\/es\/metodos-de-pago\/"]}]},{"@type":"BreadcrumbList","@id":"https:\/\/pelletterieded.com\/es\/metodos-de-pago\/#breadcrumb","itemListElement":[{"@type":"ListItem","position":1,"name":"Pelletterie D&amp;D","item":"https:\/\/pelletterieded.com\/es\/"},{"@type":"ListItem","position":2,"name":"M\u00e9todos de pago"}]},{"@type":"WebSite","@id":"https:\/\/pelletterieded.com\/es\/#website","url":"https:\/\/pelletterieded.com\/es\/","name":"Pelletterie D&D","description":"Outlet online di moda N\u00ba1 in Italia","publisher":{"@id":"https:\/\/pelletterieded.com\/es\/#organization"},"potentialAction":[{"@type":"SearchAction","target":{"@type":"EntryPoint","urlTemplate":"https:\/\/pelletterieded.com\/es\/?s={search_term_string}"},"query-input":{"@type":"PropertyValueSpecification","valueRequired":true,"valueName":"search_term_string"}}],"inLanguage":"es"},{"@type":"Organization","@id":"https:\/\/pelletterieded.com\/es\/#organization","name":"Pelletterie D&D","url":"https:\/\/pelletterieded.com\/es\/","logo":{"@type":"ImageObject","inLanguage":"es","@id":"https:\/\/pelletterieded.com\/es\/#\/schema\/logo\/image\/","url":"https:\/\/pelletterieded.com\/wp-content\/uploads\/2019\/07\/logo-pelletterie-ded-mail.webp","contentUrl":"https:\/\/pelletterieded.com\/wp-content\/uploads\/2019\/07\/logo-pelletterie-ded-mail.webp","width":185,"height":200,"caption":"Pelletterie D&D"},"image":{"@id":"https:\/\/pelletterieded.com\/es\/#\/schema\/logo\/image\/"},"sameAs":["https:\/\/www.facebook.com\/dedpelletterie","https:\/\/www.instagram.com\/pelletterieded\/"]}]}},"_hostinger_reach_plugin_has_subscription_block":false,"_hostinger_reach_plugin_is_elementor":false,"_links":{"self":[{"href":"https:\/\/pelletterieded.com\/es\/wp-json\/wp\/v2\/pages\/67735","targetHints":{"allow":["GET"]}}],"collection":[{"href":"https:\/\/pelletterieded.com\/es\/wp-json\/wp\/v2\/pages"}],"about":[{"href":"https:\/\/pelletterieded.com\/es\/wp-json\/wp\/v2\/types\/page"}],"author":[{"embeddable":true,"href":"https:\/\/pelletterieded.com\/es\/wp-json\/wp\/v2\/users\/275"}],"replies":[{"embeddable":true,"href":"https:\/\/pelletterieded.com\/es\/wp-json\/wp\/v2\/comments?post=67735"}],"version-history":[{"count":0,"href":"https:\/\/pelletterieded.com\/es\/wp-json\/wp\/v2\/pages\/67735\/revisions"}],"wp:attachment":[{"href":"https:\/\/pelletterieded.com\/es\/wp-json\/wp\/v2\/media?parent=67735"}],"curies":[{"name":"wp","href":"https:\/\/api.w.org\/{rel}","templated":true}]}}