{"id":67681,"date":"2020-07-27T15:53:13","date_gmt":"2020-07-27T13:53:13","guid":{"rendered":"http:\/\/pelletterieded.com\/devolucion-facil\/"},"modified":"2020-07-27T15:53:13","modified_gmt":"2020-07-27T13:53:13","slug":"devolucion-facil","status":"publish","type":"page","link":"https:\/\/pelletterieded.com\/es\/devolucion-facil\/","title":{"rendered":"DEVOLUCI\u00d3N F\u00c1CIL"},"content":{"rendered":"<p class=\"p1\"><span class=\"s1\"><strong>Pelletterie D&amp;D<\/strong> garantiza el derecho de retracto en una compra <strong>a m\u00e1s tardar dentro de 14 d\u00edas<\/strong> de la fecha de entrega. Seg\u00fan el art. 52 Derecho de retracto &#8211; referencia legislativa <g id=\"gid_2\">(Decreto Legislativo 206\/2005)<\/g>.  <\/span><\/p>\n<p class=\"p2\"><span class=\"s1\">No est\u00e1n inlu\u00eddos en el derecho de retracto: productos personalizados o productos comprados para la venta B2B<br \/>No se reembolsar\u00e1n todos los productos sin etiqueta o con una etiqueta arrancada, usada o incompleta.<\/span><\/p>\n<p class=\"p2\"><span class=\"s1\">El embalaje de los productos debe realizarse con la caja original para evitar que la mercanc\u00eda llegue a su destino deteriorada.<\/span><\/p>\n<p class=\"p2\"><span class=\"s1\">En el caso de que el embalaje original no se pueda usar, el cliente puede usar una caja equivalente en tama\u00f1o y resistencia.<\/span><\/p>\n<p class=\"p2\"><span class=\"s1\">El cliente debe hacer la solicitud de devoluci\u00f3n desde la secci\u00f3n correspondiente dentro de su <strong><a href=\"http:\/\/pelletterieded.com\/effettua-un-reso\/\">\u00e1rea personal<\/a><\/strong> en el sitio web Pelletterieded.com. Indicando si desea un reembolso o un cambio. <\/span><\/p>\n<p class=\"p2\"><span class=\"s1\"><strong>Pelletterie D&amp;D<\/strong> proporcionar\u00e1 la etiqueta exclusivamente para env\u00edos a Italia. Solo se proporciona una etiqueta para cada pedido. <\/span><\/p>\n<p class=\"p2\"><span class=\"s1\">En el caso de que se usara una etiqueta diferente, no se reembolsar\u00e1 el costo del env\u00edo de la devoluci\u00f3n. <br \/>En todos los dem\u00e1s casos, la devoluci\u00f3n corre a cargo del cliente que es totalmente responsable. Por lo tanto, se recomienda utilizar un sistema de env\u00edos con seguimiento. <\/span><\/p>\n<p class=\"p2\"><span class=\"s1\">La devoluci\u00f3n debe enviarse a la siguiente direcci\u00f3n: <\/span><\/p>\n<p class=\"p2\"><strong><span class=\"s1\">Via Renato Bruschi n 138, <\/span><\/strong><strong><span class=\"s1\">50019 Sesto Fiorentino (FI) Italia<\/span><\/strong><\/p>\n<p class=\"p1\"><span class=\"s1\">No se aceptar\u00e1n env\u00edos de devoluciones realizados de formas distintas a las indicadas anteriormente, que son las \u00fanicas autorizadas.<\/span><\/p>\n<p class=\"p1\"><span class=\"s1\">Una vez que la devoluci\u00f3n haya llegado a su destino, Pelletterie D&amp;D verificar\u00e1 la legitimidad de la devoluci\u00f3n, una vez revisada la exactitud de las operaciones.<\/span><\/p>\n<p class=\"p1\"><span class=\"s1\">Posteriormente, solo se reembolsar\u00e1 el importe de la compra, no los costos de env\u00edo (o cualquier impuesto adicional).<\/span><\/p>\n<p class=\"p1\"><span class=\"s1\">Esta cantidad se acreditar\u00e1, a trav\u00e9s del mismo sistema con el que se realiz\u00f3 el pago, dentro de diez d\u00edas a partir de la recepci\u00f3n de la mercanc\u00eda devuelta. <\/span><\/p>\n<p class=\"p1\"><span class=\"s1\">Todos los productos de Pelletterie D&amp;D tienen una garant\u00eda de 48 meses a partir de la fecha de entrega.<\/span><\/p>\n<p class=\"p1\"><span class=\"s1\">En caso de problemas, el cliente puede contactar a Pelletterie D&amp;D enviando un correo electr\u00f3nico con una descripci\u00f3n fotogr\u00e1fica del problema al siguiente correo electr\u00f3nico: <strong>info@pelletterieded.com<\/strong><\/span><\/p>\n<p class=\"p1\"><span class=\"s1\">Esta garant\u00eda no cubre da\u00f1os debidos al desgaste normal o accidentes causados directa o indirectamente por el cliente.<br \/><\/span><\/p>\n","protected":false},"excerpt":{"rendered":"<p>Pelletterie D&amp;D garantiza el derecho de retracto en una compra a m\u00e1s tardar dentro de 14 d\u00edas de la fecha de entrega. Seg\u00fan el art. 52 Derecho de retracto &#8211; referencia legislativa (Decreto Legislativo 206\/2005). No est\u00e1n inlu\u00eddos en el derecho de retracto: productos personalizados o productos comprados para la venta B2BNo se reembolsar\u00e1n todos [&#8230;]\n","protected":false},"author":275,"featured_media":0,"parent":0,"menu_order":0,"comment_status":"closed","ping_status":"closed","template":"page-blank-title-center.php","meta":{"footnotes":""},"class_list":["post-67681","page","type-page","status-publish","hentry"],"yoast_head":"<!-- This site is optimized with the Yoast SEO plugin v27.4 - https:\/\/yoast.com\/product\/yoast-seo-wordpress\/ -->\n<title>DEVOLUCI\u00d3N F\u00c1CIL - Pelletterie D&amp;D<\/title>\n<meta name=\"robots\" content=\"noindex, nofollow\" \/>\n<meta property=\"og:locale\" content=\"es_ES\" \/>\n<meta property=\"og:type\" content=\"article\" \/>\n<meta property=\"og:title\" content=\"DEVOLUCI\u00d3N F\u00c1CIL - Pelletterie D&amp;D\" \/>\n<meta property=\"og:description\" content=\"Pelletterie D&amp;D garantiza el derecho de retracto en una compra a m\u00e1s tardar dentro de 14 d\u00edas de la fecha de entrega. Seg\u00fan el art. 52 Derecho de retracto &#8211; referencia legislativa (Decreto Legislativo 206\/2005). No est\u00e1n inlu\u00eddos en el derecho de retracto: productos personalizados o productos comprados para la venta B2BNo se reembolsar\u00e1n todos [...]\" \/>\n<meta property=\"og:url\" content=\"https:\/\/pelletterieded.com\/es\/devolucion-facil\/\" \/>\n<meta property=\"og:site_name\" content=\"Pelletterie D&amp;D\" \/>\n<meta property=\"article:publisher\" content=\"https:\/\/www.facebook.com\/dedpelletterie\" \/>\n<meta name=\"twitter:card\" content=\"summary_large_image\" \/>\n<meta name=\"twitter:label1\" content=\"Tiempo de lectura\" \/>\n\t<meta name=\"twitter:data1\" content=\"2 minutos\" \/>\n<script type=\"application\/ld+json\" class=\"yoast-schema-graph\">{\"@context\":\"https:\\\/\\\/schema.org\",\"@graph\":[{\"@type\":\"WebPage\",\"@id\":\"https:\\\/\\\/pelletterieded.com\\\/es\\\/devolucion-facil\\\/\",\"url\":\"https:\\\/\\\/pelletterieded.com\\\/es\\\/devolucion-facil\\\/\",\"name\":\"DEVOLUCI\u00d3N F\u00c1CIL - Pelletterie D&amp;D\",\"isPartOf\":{\"@id\":\"https:\\\/\\\/pelletterieded.com\\\/es\\\/#website\"},\"datePublished\":\"2020-07-27T13:53:13+00:00\",\"breadcrumb\":{\"@id\":\"https:\\\/\\\/pelletterieded.com\\\/es\\\/devolucion-facil\\\/#breadcrumb\"},\"inLanguage\":\"es\",\"potentialAction\":[{\"@type\":\"ReadAction\",\"target\":[\"https:\\\/\\\/pelletterieded.com\\\/es\\\/devolucion-facil\\\/\"]}]},{\"@type\":\"BreadcrumbList\",\"@id\":\"https:\\\/\\\/pelletterieded.com\\\/es\\\/devolucion-facil\\\/#breadcrumb\",\"itemListElement\":[{\"@type\":\"ListItem\",\"position\":1,\"name\":\"Pelletterie D&amp;D\",\"item\":\"https:\\\/\\\/pelletterieded.com\\\/es\\\/\"},{\"@type\":\"ListItem\",\"position\":2,\"name\":\"DEVOLUCI\u00d3N F\u00c1CIL\"}]},{\"@type\":\"WebSite\",\"@id\":\"https:\\\/\\\/pelletterieded.com\\\/es\\\/#website\",\"url\":\"https:\\\/\\\/pelletterieded.com\\\/es\\\/\",\"name\":\"Pelletterie D&D\",\"description\":\"Outlet online di moda N\u00ba1 in Italia\",\"publisher\":{\"@id\":\"https:\\\/\\\/pelletterieded.com\\\/es\\\/#organization\"},\"potentialAction\":[{\"@type\":\"SearchAction\",\"target\":{\"@type\":\"EntryPoint\",\"urlTemplate\":\"https:\\\/\\\/pelletterieded.com\\\/es\\\/?s={search_term_string}\"},\"query-input\":{\"@type\":\"PropertyValueSpecification\",\"valueRequired\":true,\"valueName\":\"search_term_string\"}}],\"inLanguage\":\"es\"},{\"@type\":\"Organization\",\"@id\":\"https:\\\/\\\/pelletterieded.com\\\/es\\\/#organization\",\"name\":\"Pelletterie D&D\",\"url\":\"https:\\\/\\\/pelletterieded.com\\\/es\\\/\",\"logo\":{\"@type\":\"ImageObject\",\"inLanguage\":\"es\",\"@id\":\"https:\\\/\\\/pelletterieded.com\\\/es\\\/#\\\/schema\\\/logo\\\/image\\\/\",\"url\":\"https:\\\/\\\/pelletterieded.com\\\/wp-content\\\/uploads\\\/2019\\\/07\\\/logo-pelletterie-ded-mail.webp\",\"contentUrl\":\"https:\\\/\\\/pelletterieded.com\\\/wp-content\\\/uploads\\\/2019\\\/07\\\/logo-pelletterie-ded-mail.webp\",\"width\":185,\"height\":200,\"caption\":\"Pelletterie D&D\"},\"image\":{\"@id\":\"https:\\\/\\\/pelletterieded.com\\\/es\\\/#\\\/schema\\\/logo\\\/image\\\/\"},\"sameAs\":[\"https:\\\/\\\/www.facebook.com\\\/dedpelletterie\",\"https:\\\/\\\/www.instagram.com\\\/pelletterieded\\\/\"]}]}<\/script>\n<!-- \/ Yoast SEO plugin. -->","yoast_head_json":{"title":"DEVOLUCI\u00d3N F\u00c1CIL - Pelletterie D&amp;D","robots":{"index":"noindex","follow":"nofollow"},"og_locale":"es_ES","og_type":"article","og_title":"DEVOLUCI\u00d3N F\u00c1CIL - Pelletterie D&amp;D","og_description":"Pelletterie D&amp;D garantiza el derecho de retracto en una compra a m\u00e1s tardar dentro de 14 d\u00edas de la fecha de entrega. Seg\u00fan el art. 52 Derecho de retracto &#8211; referencia legislativa (Decreto Legislativo 206\/2005). No est\u00e1n inlu\u00eddos en el derecho de retracto: productos personalizados o productos comprados para la venta B2BNo se reembolsar\u00e1n todos [...]","og_url":"https:\/\/pelletterieded.com\/es\/devolucion-facil\/","og_site_name":"Pelletterie D&amp;D","article_publisher":"https:\/\/www.facebook.com\/dedpelletterie","twitter_card":"summary_large_image","twitter_misc":{"Tiempo de lectura":"2 minutos"},"schema":{"@context":"https:\/\/schema.org","@graph":[{"@type":"WebPage","@id":"https:\/\/pelletterieded.com\/es\/devolucion-facil\/","url":"https:\/\/pelletterieded.com\/es\/devolucion-facil\/","name":"DEVOLUCI\u00d3N F\u00c1CIL - Pelletterie D&amp;D","isPartOf":{"@id":"https:\/\/pelletterieded.com\/es\/#website"},"datePublished":"2020-07-27T13:53:13+00:00","breadcrumb":{"@id":"https:\/\/pelletterieded.com\/es\/devolucion-facil\/#breadcrumb"},"inLanguage":"es","potentialAction":[{"@type":"ReadAction","target":["https:\/\/pelletterieded.com\/es\/devolucion-facil\/"]}]},{"@type":"BreadcrumbList","@id":"https:\/\/pelletterieded.com\/es\/devolucion-facil\/#breadcrumb","itemListElement":[{"@type":"ListItem","position":1,"name":"Pelletterie D&amp;D","item":"https:\/\/pelletterieded.com\/es\/"},{"@type":"ListItem","position":2,"name":"DEVOLUCI\u00d3N F\u00c1CIL"}]},{"@type":"WebSite","@id":"https:\/\/pelletterieded.com\/es\/#website","url":"https:\/\/pelletterieded.com\/es\/","name":"Pelletterie D&D","description":"Outlet online di moda N\u00ba1 in Italia","publisher":{"@id":"https:\/\/pelletterieded.com\/es\/#organization"},"potentialAction":[{"@type":"SearchAction","target":{"@type":"EntryPoint","urlTemplate":"https:\/\/pelletterieded.com\/es\/?s={search_term_string}"},"query-input":{"@type":"PropertyValueSpecification","valueRequired":true,"valueName":"search_term_string"}}],"inLanguage":"es"},{"@type":"Organization","@id":"https:\/\/pelletterieded.com\/es\/#organization","name":"Pelletterie D&D","url":"https:\/\/pelletterieded.com\/es\/","logo":{"@type":"ImageObject","inLanguage":"es","@id":"https:\/\/pelletterieded.com\/es\/#\/schema\/logo\/image\/","url":"https:\/\/pelletterieded.com\/wp-content\/uploads\/2019\/07\/logo-pelletterie-ded-mail.webp","contentUrl":"https:\/\/pelletterieded.com\/wp-content\/uploads\/2019\/07\/logo-pelletterie-ded-mail.webp","width":185,"height":200,"caption":"Pelletterie D&D"},"image":{"@id":"https:\/\/pelletterieded.com\/es\/#\/schema\/logo\/image\/"},"sameAs":["https:\/\/www.facebook.com\/dedpelletterie","https:\/\/www.instagram.com\/pelletterieded\/"]}]}},"_hostinger_reach_plugin_has_subscription_block":false,"_hostinger_reach_plugin_is_elementor":false,"_links":{"self":[{"href":"https:\/\/pelletterieded.com\/es\/wp-json\/wp\/v2\/pages\/67681","targetHints":{"allow":["GET"]}}],"collection":[{"href":"https:\/\/pelletterieded.com\/es\/wp-json\/wp\/v2\/pages"}],"about":[{"href":"https:\/\/pelletterieded.com\/es\/wp-json\/wp\/v2\/types\/page"}],"author":[{"embeddable":true,"href":"https:\/\/pelletterieded.com\/es\/wp-json\/wp\/v2\/users\/275"}],"replies":[{"embeddable":true,"href":"https:\/\/pelletterieded.com\/es\/wp-json\/wp\/v2\/comments?post=67681"}],"version-history":[{"count":0,"href":"https:\/\/pelletterieded.com\/es\/wp-json\/wp\/v2\/pages\/67681\/revisions"}],"wp:attachment":[{"href":"https:\/\/pelletterieded.com\/es\/wp-json\/wp\/v2\/media?parent=67681"}],"curies":[{"name":"wp","href":"https:\/\/api.w.org\/{rel}","templated":true}]}}