{"id":67587,"date":"2020-07-27T15:29:00","date_gmt":"2020-07-27T13:29:00","guid":{"rendered":"http:\/\/pelletterieded.com\/quienes-somos\/"},"modified":"2020-07-27T15:29:02","modified_gmt":"2020-07-27T13:29:02","slug":"quienes-somos","status":"publish","type":"page","link":"https:\/\/pelletterieded.com\/es\/quienes-somos\/","title":{"rendered":"Quienes somos"},"content":{"rendered":"<div class=\"row row-collapse row-full-width\"  id=\"row-431056177\">\n\n\t<div id=\"col-1640553951\" class=\"col medium-6 small-12 large-6\"  >\n\t\t\t\t<div class=\"col-inner text-left\"  >\n\t\t\t\n\t\t\t\n\t<div id=\"gap-29968855\" class=\"gap-element clearfix\" style=\"display:block; height:auto;\">\n\t\t\n<style>\n#gap-29968855 {\n  padding-top: 70px;\n}\n<\/style>\n\t<\/div>\n\t\n<h1><span style=\"font-size: 120%;\">Nuestra historia<\/span><\/h1>\n<div class=\"is-divider divider clearfix\" style=\"max-width:292px;\"><\/div>\n\t<div id=\"gap-1941416816\" class=\"gap-element clearfix\" style=\"display:block; height:auto;\">\n\t\t\n<style>\n#gap-1941416816 {\n  padding-top: 15px;\n}\n<\/style>\n\t<\/div>\n\t\n<p><strong>Pelletterie D&amp;D<\/strong> naci\u00f3 en los a\u00f1os 90 como una peque\u00f1a negocio artesanal para transformarse con el tiempo en una empresa donde la <em>tradici\u00f3n<\/em>, los <em>acontecimientos actuales<\/em>, las <em>habilidades manuales<\/em> y la <em>tecnolog\u00eda<\/em> coexisten en un <strong>equilibrio feliz y perfecto<\/strong>. El rescate inteligente de <g id=\"gid_6\">m\u00e9todos antiguos de curtici\u00f3n del cuero<\/g>, como el curtido al vegetal y el pulido manual de pieles, se ha convertido en nuestro punto fuerte as\u00ed como en la peculiaridad mas representativa de los productos D&amp;D. <\/p>\n<p>La creaci\u00f3n de un estilo cl\u00e1sico pero siempre verde, y la modernizaci\u00f3n de art\u00edculos de antiguos artesanos del cuero toscanos han contribuido a la consolidaci\u00f3n de los productos D&amp;D y de la personalidad de la empresa <strong>en Italia y en el mundo<\/strong>.<\/p>\n\t<div id=\"gap-1568568902\" class=\"gap-element clearfix\" style=\"display:block; height:auto;\">\n\t\t\n<style>\n#gap-1568568902 {\n  padding-top: 20px;\n}\n<\/style>\n\t<\/div>\n\t\n<div class=\"row\"  id=\"row-800624018\">\n\n\t<div id=\"col-1763596268\" class=\"col small-12 large-12\"  >\n\t\t\t\t<div class=\"col-inner\"  >\n\t\t\t\n\t\t\t\n\n\t\t<div class=\"icon-box featured-box icon-box-top text-left\"  >\n\t\t\t\t<div class=\"icon-box-text last-reset\">\n\t\t\t\t\t\t\t\t\t\n<h5>Nuestra misi\u00f3n<\/h5>\n<p><span style=\"font-size: 85%;\">La empresa <g id=\"gid_0\">D&amp;D<\/g> tiene como <g id=\"gid_1\">inter\u00e9s principal<\/g> la completa satisfacci\u00f3n del cliente con respecto a la calidad del producto; la b\u00fasqueda continua de materiales <g id=\"gid_2\">Hecho en Italia<\/g> y las rigurosas pruebas en las materias primas que D&amp;D realiza a sus proveedores ofrecen una garant\u00eda del producto que cumple con los est\u00e1ndares de calidad establecidos. Adem\u00e1s, cada producto de D&amp;D es revisado mas a fondo por expertos fabricantes de cuero, con el fin de evitar la comercializaci\u00f3n de productos defectuosos o que no reunen nuestros requisitos.     <\/span><\/p>\n\t\t<\/div>\n\t<\/div>\n\t\n\t\n\t\t<\/div>\n\t\t\t\t\t<\/div>\n\n\t\n<\/div>\n\t\t<\/div>\n\t\t\t\t\n<style>\n#col-1640553951 > .col-inner {\n  padding: 0px 30px 50px 30px;\n}\n<\/style>\n\t<\/div>\n\n\t\n\n\t<div id=\"col-2013140594\" class=\"col medium-6 small-12 large-6\"  >\n\t\t\t\t<div class=\"col-inner\"  >\n\t\t\t\n\t\t\t\n\n  <div class=\"banner has-hover\" id=\"banner-1793661754\">\n          <div class=\"banner-inner fill\">\n        <div class=\"banner-bg fill\" >\n            <img fetchpriority=\"high\" decoding=\"async\" width=\"960\" height=\"500\" src=\"https:\/\/pelletterieded.com\/wp-content\/uploads\/2019\/07\/cuoio-fiorentino-made-in-italy.webp\" class=\"bg attachment-large size-large wvs-archive-product-image\" alt=\"cuoio fiorentino made in italy\" \/>                                    \n                    <\/div>\n\t\t\n        <div class=\"banner-layers container\">\n            <div class=\"fill banner-link\"><\/div>            \n   <div id=\"text-box-1984590824\" class=\"text-box banner-layer x50 md-x50 lg-x50 y50 md-y50 lg-y50 res-text\">\n                                <div class=\"text-box-content text dark\">\n              \n              <div class=\"text-inner text-center\">\n                  \n<div class=\"video-button-wrapper\" style=\"font-size:220%\"><a href=\"https:\/\/www.youtube.com\/watch?v=eaxhj5MmGVU\" class=\"button open-video icon circle is-outline is-xlarge\" role=\"button\" aria-label=\"Open video in lightbox\" data-flatsome-role-button><i class=\"icon-play\" aria-hidden=\"true\" style=\"font-size:1.5em;\"><\/i><\/a><\/div>\n              <\/div>\n           <\/div>\n                            \n<style>\n#text-box-1984590824 {\n  width: 60%;\n}\n#text-box-1984590824 .text-box-content {\n  font-size: 100%;\n}\n@media (min-width:550px) {\n  #text-box-1984590824 {\n    width: 60%;\n  }\n}\n<\/style>\n    <\/div>\n \n        <\/div>\n      <\/div>\n\n            \n<style>\n#banner-1793661754 {\n  padding-top: 450px;\n}\n#banner-1793661754 .banner-bg img {\n  object-position: 49% 68%;\n}\n@media (min-width:550px) {\n  #banner-1793661754 {\n    padding-top: 667px;\n  }\n}\n<\/style>\n  <\/div>\n\n\n\t\t<\/div>\n\t\t\t\t\n<style>\n#col-2013140594 > .col-inner {\n  margin: 50px 0px 0px 0px;\n}\n<\/style>\n\t<\/div>\n\n\t\n<\/div>\n<div class=\"row row-collapse row-full-width\"  id=\"row-1230063206\">\n\n\t<div id=\"col-2014484233\" class=\"col medium-6 small-12 large-6\"  >\n\t\t\t\t<div class=\"col-inner\"  >\n\t\t\t\n\t\t\t\n\n  <div class=\"banner has-hover\" id=\"banner-1030663894\">\n          <div class=\"banner-inner fill\">\n        <div class=\"banner-bg fill\" >\n            <img decoding=\"async\" width=\"800\" height=\"1200\" src=\"https:\/\/pelletterieded.com\/wp-content\/uploads\/2018\/07\/cartella-messenger-dettaglio-800x1200.jpg\" class=\"bg attachment-large size-large wvs-archive-product-image\" alt=\"\" \/>                                    \n                    <\/div>\n\t\t\n        <div class=\"banner-layers container\">\n            <div class=\"fill banner-link\"><\/div>            \n   <div id=\"text-box-1090672741\" class=\"text-box banner-layer x50 md-x50 lg-x50 y50 md-y50 lg-y50 res-text\">\n                                <div class=\"text-box-content text dark\">\n              \n              <div class=\"text-inner text-center\">\n                  \n              <\/div>\n           <\/div>\n                            \n<style>\n#text-box-1090672741 {\n  width: 60%;\n}\n#text-box-1090672741 .text-box-content {\n  font-size: 100%;\n}\n@media (min-width:550px) {\n  #text-box-1090672741 {\n    width: 60%;\n  }\n}\n<\/style>\n    <\/div>\n \n        <\/div>\n      <\/div>\n\n            \n<style>\n#banner-1030663894 {\n  padding-top: 450px;\n}\n#banner-1030663894 .banner-bg img {\n  object-position: 49% 68%;\n}\n@media (min-width:550px) {\n  #banner-1030663894 {\n    padding-top: 880px;\n  }\n}\n<\/style>\n  <\/div>\n\n\n\t\t<\/div>\n\t\t\t\t\n<style>\n#col-2014484233 > .col-inner {\n  margin: 50px 0px 0px 0px;\n}\n<\/style>\n\t<\/div>\n\n\t\n\n\t<div id=\"col-1958665114\" class=\"col medium-6 small-12 large-6\"  >\n\t\t\t\t<div class=\"col-inner text-left\"  >\n\t\t\t\n\t\t\t\n\t<div id=\"gap-472538616\" class=\"gap-element clearfix\" style=\"display:block; height:auto;\">\n\t\t\n<style>\n#gap-472538616 {\n  padding-top: 70px;\n}\n<\/style>\n\t<\/div>\n\t\n<h1><span style=\"font-size: 120%;\">Nuestros productos<\/span><\/h1>\n<div class=\"is-divider divider clearfix\" style=\"max-width:292px;\"><\/div>\n\t<div id=\"gap-58492410\" class=\"gap-element clearfix\" style=\"display:block; height:auto;\">\n\t\t\n<style>\n#gap-58492410 {\n  padding-top: 15px;\n}\n<\/style>\n\t<\/div>\n\t\n<p>Todos los productos de D&amp;D <strong>se fabrican exclusivamente<\/strong> en el principal centro toscano de art\u00edculos de <strong>cuero florentinos<\/strong>. Adem\u00e1s del montaje inteligente del producto realizado por manos expertas, en este centro tambi\u00e9n se lleva a cabo la creaci\u00f3n tanto del dise\u00f1o como del modelado t\u00e9cnico. <\/p>\n<p>La selecci\u00f3n del cuero est\u00e1 sujeta a una revis\u00f3n continua en las curtidur\u00edas de Santa Croce sull&#8217;Arno, donde nuestros expertos artesanos en piel ajustan los colores, tonos y car\u00e1cter del cuero hasta obtener un producto que distinga a la marca D&amp;D. <\/p>\n<p>Incluso las <strong>piezas de metal<\/strong> son estudiadas, elaboradas y realizadas por maestros artesanos en el centro de producci\u00f3n florentina para garantizar la rigurosa calidad italiana y ese toque de originalidad que nos distingue. <br \/>D&amp;D dedica sus productos a aquellos que desean <g id=\"gid_1\">combinar el lujo con la practicidad cotidiana<\/g>, present\u00e1ndose tanto a un p\u00fablico de profesionales y directivos, como tambi\u00e9n a los <strong>amantes de una tradici\u00f3n predominantemente toscana<\/strong> de la peleter\u00eda de anta\u00f1o. <\/p>\n\t<div id=\"gap-525340262\" class=\"gap-element clearfix\" style=\"display:block; height:auto;\">\n\t\t\n<style>\n#gap-525340262 {\n  padding-top: 10px;\n}\n<\/style>\n\t<\/div>\n\t\n<div class=\"row\"  id=\"row-1491259122\">\n\n\t<div id=\"col-591749768\" class=\"col small-12 large-12\"  >\n\t\t\t\t<div class=\"col-inner\"  >\n\t\t\t\n\t\t\t\n\n\t\t<div class=\"icon-box featured-box icon-box-top text-left\"  >\n\t\t\t\t\t<div class=\"icon-box-img\" style=\"width: 80px\">\n\t\t\t\t<div class=\"icon\">\n\t\t\t\t\t<div class=\"icon-inner\" >\n\t\t\t\t\t\t<img decoding=\"async\" width=\"132\" height=\"132\" src=\"https:\/\/pelletterieded.com\/wp-content\/uploads\/2019\/09\/pelle-conciata-vegetale.webp\" class=\"attachment-medium size-medium wvs-archive-product-image\" alt=\"\" srcset=\"https:\/\/pelletterieded.com\/wp-content\/uploads\/2019\/09\/pelle-conciata-vegetale.webp 132w, https:\/\/pelletterieded.com\/wp-content\/uploads\/2019\/09\/pelle-conciata-vegetale-100x100.png 100w\" sizes=\"(max-width: 132px) 100vw, 132px\" \/>\t\t\t\t\t<\/div>\n\t\t\t\t<\/div>\n\t\t\t<\/div>\n\t\t\t\t<div class=\"icon-box-text last-reset\">\n\t\t\t\t\t\t\t\t\t\n<p><span style=\"font-size: 85%;\">Todos los productos <strong>D&amp;D<\/strong> est\u00e1n fabricados con cueros producidos solo por curtidur\u00edas toscanas pertenecientes al Consorcio Italiano de Cuero Curtido al Vegetal para garantizar en todo momento la m\u00e1s alta calidad del producto final. Todos los productos D&amp;D <g id=\"gid_1\">usan cremalleras met\u00e1licas YKK<\/g>, una empresa l\u00edder mundial en el sector de la alta costura. <\/span><\/p>\n\t\t<\/div>\n\t<\/div>\n\t\n\t\n\t\t<\/div>\n\t\t\t\t\t<\/div>\n\n\t\n<\/div>\n\t\t<\/div>\n\t\t\t\t\n<style>\n#col-1958665114 > .col-inner {\n  padding: 0px 30px 50px 30px;\n}\n<\/style>\n\t<\/div>\n\n\t\n<\/div>\n","protected":false},"excerpt":{"rendered":"","protected":false},"author":275,"featured_media":0,"parent":0,"menu_order":0,"comment_status":"closed","ping_status":"closed","template":"","meta":{"footnotes":""},"class_list":["post-67587","page","type-page","status-publish","hentry"],"yoast_head":"<!-- This site is optimized with the Yoast SEO plugin v27.4 - https:\/\/yoast.com\/product\/yoast-seo-wordpress\/ -->\n<title>Art\u00edculos de cuero florentino Hecho en italia - Pelletteria D&amp;D<\/title>\n<meta name=\"description\" content=\"Todos los productos de D&amp;D se fabrican exclusivamente en el principal centro toscano de art\u00edculos de cuero florentinos. Visita nuestra tienda, env\u00edo gratis.\" \/>\n<meta name=\"robots\" content=\"index, follow, max-snippet:-1, max-image-preview:large, max-video-preview:-1\" \/>\n<link rel=\"canonical\" href=\"https:\/\/pelletterieded.com\/es\/quienes-somos\/\" \/>\n<meta property=\"og:locale\" content=\"es_ES\" \/>\n<meta property=\"og:type\" content=\"article\" \/>\n<meta property=\"og:title\" content=\"Art\u00edculos de cuero florentino Hecho en italia - Pelletteria D&amp;D\" \/>\n<meta property=\"og:description\" content=\"Todos los productos de D&amp;D se fabrican exclusivamente en el principal centro toscano de art\u00edculos de cuero florentinos. Visita nuestra tienda, env\u00edo gratis.\" \/>\n<meta property=\"og:url\" content=\"https:\/\/pelletterieded.com\/es\/quienes-somos\/\" \/>\n<meta property=\"og:site_name\" content=\"Pelletterie D&amp;D\" \/>\n<meta property=\"article:publisher\" content=\"https:\/\/www.facebook.com\/dedpelletterie\" \/>\n<meta property=\"article:modified_time\" content=\"2020-07-27T13:29:02+00:00\" \/>\n<meta name=\"twitter:card\" content=\"summary_large_image\" \/>\n<meta name=\"twitter:label1\" content=\"Tiempo de lectura\" \/>\n\t<meta name=\"twitter:data1\" content=\"3 minutos\" \/>\n<script type=\"application\/ld+json\" class=\"yoast-schema-graph\">{\"@context\":\"https:\\\/\\\/schema.org\",\"@graph\":[{\"@type\":\"WebPage\",\"@id\":\"https:\\\/\\\/pelletterieded.com\\\/es\\\/quienes-somos\\\/\",\"url\":\"https:\\\/\\\/pelletterieded.com\\\/es\\\/quienes-somos\\\/\",\"name\":\"Art\u00edculos de cuero florentino Hecho en italia - Pelletteria D&D\",\"isPartOf\":{\"@id\":\"https:\\\/\\\/pelletterieded.com\\\/es\\\/#website\"},\"datePublished\":\"2020-07-27T13:29:00+00:00\",\"dateModified\":\"2020-07-27T13:29:02+00:00\",\"description\":\"Todos los productos de D&D se fabrican exclusivamente en el principal centro toscano de art\u00edculos de cuero florentinos. Visita nuestra tienda, env\u00edo gratis.\",\"breadcrumb\":{\"@id\":\"https:\\\/\\\/pelletterieded.com\\\/es\\\/quienes-somos\\\/#breadcrumb\"},\"inLanguage\":\"es\",\"potentialAction\":[{\"@type\":\"ReadAction\",\"target\":[\"https:\\\/\\\/pelletterieded.com\\\/es\\\/quienes-somos\\\/\"]}]},{\"@type\":\"BreadcrumbList\",\"@id\":\"https:\\\/\\\/pelletterieded.com\\\/es\\\/quienes-somos\\\/#breadcrumb\",\"itemListElement\":[{\"@type\":\"ListItem\",\"position\":1,\"name\":\"Pelletterie D&amp;D\",\"item\":\"https:\\\/\\\/pelletterieded.com\\\/es\\\/\"},{\"@type\":\"ListItem\",\"position\":2,\"name\":\"Quienes somos\"}]},{\"@type\":\"WebSite\",\"@id\":\"https:\\\/\\\/pelletterieded.com\\\/es\\\/#website\",\"url\":\"https:\\\/\\\/pelletterieded.com\\\/es\\\/\",\"name\":\"Pelletterie D&D\",\"description\":\"Outlet online di moda N\u00ba1 in Italia\",\"publisher\":{\"@id\":\"https:\\\/\\\/pelletterieded.com\\\/es\\\/#organization\"},\"potentialAction\":[{\"@type\":\"SearchAction\",\"target\":{\"@type\":\"EntryPoint\",\"urlTemplate\":\"https:\\\/\\\/pelletterieded.com\\\/es\\\/?s={search_term_string}\"},\"query-input\":{\"@type\":\"PropertyValueSpecification\",\"valueRequired\":true,\"valueName\":\"search_term_string\"}}],\"inLanguage\":\"es\"},{\"@type\":\"Organization\",\"@id\":\"https:\\\/\\\/pelletterieded.com\\\/es\\\/#organization\",\"name\":\"Pelletterie D&D\",\"url\":\"https:\\\/\\\/pelletterieded.com\\\/es\\\/\",\"logo\":{\"@type\":\"ImageObject\",\"inLanguage\":\"es\",\"@id\":\"https:\\\/\\\/pelletterieded.com\\\/es\\\/#\\\/schema\\\/logo\\\/image\\\/\",\"url\":\"https:\\\/\\\/pelletterieded.com\\\/wp-content\\\/uploads\\\/2019\\\/07\\\/logo-pelletterie-ded-mail.webp\",\"contentUrl\":\"https:\\\/\\\/pelletterieded.com\\\/wp-content\\\/uploads\\\/2019\\\/07\\\/logo-pelletterie-ded-mail.webp\",\"width\":185,\"height\":200,\"caption\":\"Pelletterie D&D\"},\"image\":{\"@id\":\"https:\\\/\\\/pelletterieded.com\\\/es\\\/#\\\/schema\\\/logo\\\/image\\\/\"},\"sameAs\":[\"https:\\\/\\\/www.facebook.com\\\/dedpelletterie\",\"https:\\\/\\\/www.instagram.com\\\/pelletterieded\\\/\"]}]}<\/script>\n<!-- \/ Yoast SEO plugin. -->","yoast_head_json":{"title":"Art\u00edculos de cuero florentino Hecho en italia - Pelletteria D&D","description":"Todos los productos de D&D se fabrican exclusivamente en el principal centro toscano de art\u00edculos de cuero florentinos. Visita nuestra tienda, env\u00edo gratis.","robots":{"index":"index","follow":"follow","max-snippet":"max-snippet:-1","max-image-preview":"max-image-preview:large","max-video-preview":"max-video-preview:-1"},"canonical":"https:\/\/pelletterieded.com\/es\/quienes-somos\/","og_locale":"es_ES","og_type":"article","og_title":"Art\u00edculos de cuero florentino Hecho en italia - Pelletteria D&D","og_description":"Todos los productos de D&D se fabrican exclusivamente en el principal centro toscano de art\u00edculos de cuero florentinos. Visita nuestra tienda, env\u00edo gratis.","og_url":"https:\/\/pelletterieded.com\/es\/quienes-somos\/","og_site_name":"Pelletterie D&amp;D","article_publisher":"https:\/\/www.facebook.com\/dedpelletterie","article_modified_time":"2020-07-27T13:29:02+00:00","twitter_card":"summary_large_image","twitter_misc":{"Tiempo de lectura":"3 minutos"},"schema":{"@context":"https:\/\/schema.org","@graph":[{"@type":"WebPage","@id":"https:\/\/pelletterieded.com\/es\/quienes-somos\/","url":"https:\/\/pelletterieded.com\/es\/quienes-somos\/","name":"Art\u00edculos de cuero florentino Hecho en italia - Pelletteria D&D","isPartOf":{"@id":"https:\/\/pelletterieded.com\/es\/#website"},"datePublished":"2020-07-27T13:29:00+00:00","dateModified":"2020-07-27T13:29:02+00:00","description":"Todos los productos de D&D se fabrican exclusivamente en el principal centro toscano de art\u00edculos de cuero florentinos. Visita nuestra tienda, env\u00edo gratis.","breadcrumb":{"@id":"https:\/\/pelletterieded.com\/es\/quienes-somos\/#breadcrumb"},"inLanguage":"es","potentialAction":[{"@type":"ReadAction","target":["https:\/\/pelletterieded.com\/es\/quienes-somos\/"]}]},{"@type":"BreadcrumbList","@id":"https:\/\/pelletterieded.com\/es\/quienes-somos\/#breadcrumb","itemListElement":[{"@type":"ListItem","position":1,"name":"Pelletterie D&amp;D","item":"https:\/\/pelletterieded.com\/es\/"},{"@type":"ListItem","position":2,"name":"Quienes somos"}]},{"@type":"WebSite","@id":"https:\/\/pelletterieded.com\/es\/#website","url":"https:\/\/pelletterieded.com\/es\/","name":"Pelletterie D&D","description":"Outlet online di moda N\u00ba1 in Italia","publisher":{"@id":"https:\/\/pelletterieded.com\/es\/#organization"},"potentialAction":[{"@type":"SearchAction","target":{"@type":"EntryPoint","urlTemplate":"https:\/\/pelletterieded.com\/es\/?s={search_term_string}"},"query-input":{"@type":"PropertyValueSpecification","valueRequired":true,"valueName":"search_term_string"}}],"inLanguage":"es"},{"@type":"Organization","@id":"https:\/\/pelletterieded.com\/es\/#organization","name":"Pelletterie D&D","url":"https:\/\/pelletterieded.com\/es\/","logo":{"@type":"ImageObject","inLanguage":"es","@id":"https:\/\/pelletterieded.com\/es\/#\/schema\/logo\/image\/","url":"https:\/\/pelletterieded.com\/wp-content\/uploads\/2019\/07\/logo-pelletterie-ded-mail.webp","contentUrl":"https:\/\/pelletterieded.com\/wp-content\/uploads\/2019\/07\/logo-pelletterie-ded-mail.webp","width":185,"height":200,"caption":"Pelletterie D&D"},"image":{"@id":"https:\/\/pelletterieded.com\/es\/#\/schema\/logo\/image\/"},"sameAs":["https:\/\/www.facebook.com\/dedpelletterie","https:\/\/www.instagram.com\/pelletterieded\/"]}]}},"_hostinger_reach_plugin_has_subscription_block":false,"_hostinger_reach_plugin_is_elementor":false,"_links":{"self":[{"href":"https:\/\/pelletterieded.com\/es\/wp-json\/wp\/v2\/pages\/67587","targetHints":{"allow":["GET"]}}],"collection":[{"href":"https:\/\/pelletterieded.com\/es\/wp-json\/wp\/v2\/pages"}],"about":[{"href":"https:\/\/pelletterieded.com\/es\/wp-json\/wp\/v2\/types\/page"}],"author":[{"embeddable":true,"href":"https:\/\/pelletterieded.com\/es\/wp-json\/wp\/v2\/users\/275"}],"replies":[{"embeddable":true,"href":"https:\/\/pelletterieded.com\/es\/wp-json\/wp\/v2\/comments?post=67587"}],"version-history":[{"count":0,"href":"https:\/\/pelletterieded.com\/es\/wp-json\/wp\/v2\/pages\/67587\/revisions"}],"wp:attachment":[{"href":"https:\/\/pelletterieded.com\/es\/wp-json\/wp\/v2\/media?parent=67587"}],"curies":[{"name":"wp","href":"https:\/\/api.w.org\/{rel}","templated":true}]}}