{"id":140697,"date":"2021-04-28T19:57:13","date_gmt":"2021-04-28T17:57:13","guid":{"rendered":"http:\/\/pelletterieded.com\/sammlung-und-lieferdienst-fur-die-erneuerung-der-tasche\/"},"modified":"2021-04-29T16:05:10","modified_gmt":"2021-04-29T14:05:10","slug":"sammlung-und-lieferdienst-fur-die-erneuerung-der-tasche","status":"publish","type":"product","link":"https:\/\/pelletterieded.com\/de\/shop\/borse-da-medico\/sammlung-und-lieferdienst-fur-die-erneuerung-der-tasche\/","title":{"rendered":"SAMMLUNG UND LIEFERDIENST F\u00dcR DIE ERNEUERUNG DER TASCHE"},"content":{"rendered":"<p>Nur bis zum 31. Mai 2021 k\u00f6nnen Sie den Abhol- und Lieferservice Ihrer alten Pelletterie D&amp;D Tasche f\u00fcr nur 12 \u20ac erwerben. Wir schicken Ihnen einen Kurier, um die Tasche abzuholen, wir arrangieren den Erneuerungsservice und bringen ihn zu Ihnen nach Hause zur\u00fcck !!<\/p>\n<h3>Stellen Sie Ihre Tasche in nur 4 Schritten wieder her:<\/h3>\n<p>1. KAUFEN SIE DEN SAMMLUNGSSERVICE F\u00dcR NUR 12 \u20ac.<\/p>\n<p>2. VERPACKEN SIE IHRE ALTE PELLETTRIE D&amp;D TASCHE.<\/p>\n<p>3. WIR SENDEN IHNEN EINEN KURIER, UM ES ZU SAMMELN.<\/p>\n<p>4. UND WIR SENDEN ES OHNE ZUS\u00c4TZLICHE KOSTEN WIE NEU AN SIE ZUR\u00dcCK.<\/p>\n","protected":false},"excerpt":{"rendered":"<p>Nur bis zum 31. Mai 2021 k\u00f6nnen Sie den Abhol- und Lieferservice Ihrer alten Pelletterie D&amp;D Tasche f\u00fcr nur 12 \u20ac erwerben. Wir schicken Ihnen einen Kurier, um die Tasche abzuholen, wir arrangieren den Erneuerungsservice und bringen ihn zu Ihnen nach Hause zur\u00fcck !! Stellen Sie Ihre Tasche in nur 4 Schritten wieder her: 1. [&#8230;]\n","protected":false},"featured_media":140621,"comment_status":"closed","ping_status":"closed","template":"","meta":[],"product_brand":[],"product_cat":[333],"product_tag":[],"class_list":{"0":"post-140697","1":"product","2":"type-product","3":"status-publish","4":"has-post-thumbnail","6":"product_cat-borse-da-medico","8":"first","9":"outofstock","10":"shipping-taxable","11":"purchasable","12":"product-type-simple"},"yoast_head":"<!-- This site is optimized with the Yoast SEO plugin v27.5 - https:\/\/yoast.com\/product\/yoast-seo-wordpress\/ -->\n<title>SAMMLUNG UND LIEFERDIENST F\u00dcR DIE ERNEUERUNG DER TASCHE - Pelletterie D&amp;D<\/title>\n<meta name=\"robots\" content=\"index, follow, max-snippet:-1, max-image-preview:large, max-video-preview:-1\" \/>\n<link rel=\"canonical\" href=\"https:\/\/pelletterieded.com\/de\/shop\/borse-da-medico\/sammlung-und-lieferdienst-fur-die-erneuerung-der-tasche\/\" \/>\n<meta property=\"og:locale\" content=\"de_DE\" \/>\n<meta property=\"og:type\" content=\"article\" \/>\n<meta property=\"og:title\" content=\"SAMMLUNG UND LIEFERDIENST F\u00dcR DIE ERNEUERUNG DER TASCHE - Pelletterie D&amp;D\" \/>\n<meta property=\"og:description\" content=\"Nur bis zum 31. Mai 2021 k\u00f6nnen Sie den Abhol- und Lieferservice Ihrer alten Pelletterie D&amp;D Tasche f\u00fcr nur 12 \u20ac erwerben. Wir schicken Ihnen einen Kurier, um die Tasche abzuholen, wir arrangieren den Erneuerungsservice und bringen ihn zu Ihnen nach Hause zur\u00fcck !! Stellen Sie Ihre Tasche in nur 4 Schritten wieder her: 1. [...]\" \/>\n<meta property=\"og:url\" content=\"https:\/\/pelletterieded.com\/de\/shop\/borse-da-medico\/sammlung-und-lieferdienst-fur-die-erneuerung-der-tasche\/\" \/>\n<meta property=\"og:site_name\" content=\"Pelletterie D&amp;D\" \/>\n<meta property=\"article:publisher\" content=\"https:\/\/www.facebook.com\/dedpelletterie\" \/>\n<meta property=\"article:modified_time\" content=\"2021-04-29T14:05:10+00:00\" \/>\n<meta property=\"og:image\" content=\"https:\/\/pelletterieded.com\/wp-content\/uploads\/2021\/04\/riparazione-borse-pelle-jpg.webp\" \/>\n\t<meta property=\"og:image:width\" content=\"1200\" \/>\n\t<meta property=\"og:image:height\" content=\"800\" \/>\n\t<meta property=\"og:image:type\" content=\"image\/jpeg\" \/>\n<meta name=\"twitter:card\" content=\"summary_large_image\" \/>\n<script type=\"application\/ld+json\" class=\"yoast-schema-graph\">{\"@context\":\"https:\\\/\\\/schema.org\",\"@graph\":[{\"@type\":\"WebPage\",\"@id\":\"https:\\\/\\\/pelletterieded.com\\\/de\\\/shop\\\/borse-da-medico\\\/sammlung-und-lieferdienst-fur-die-erneuerung-der-tasche\\\/\",\"url\":\"https:\\\/\\\/pelletterieded.com\\\/de\\\/shop\\\/borse-da-medico\\\/sammlung-und-lieferdienst-fur-die-erneuerung-der-tasche\\\/\",\"name\":\"SAMMLUNG UND LIEFERDIENST F\u00dcR DIE ERNEUERUNG DER TASCHE - Pelletterie D&amp;D\",\"isPartOf\":{\"@id\":\"https:\\\/\\\/pelletterieded.com\\\/de\\\/#website\"},\"primaryImageOfPage\":{\"@id\":\"https:\\\/\\\/pelletterieded.com\\\/de\\\/shop\\\/borse-da-medico\\\/sammlung-und-lieferdienst-fur-die-erneuerung-der-tasche\\\/#primaryimage\"},\"image\":{\"@id\":\"https:\\\/\\\/pelletterieded.com\\\/de\\\/shop\\\/borse-da-medico\\\/sammlung-und-lieferdienst-fur-die-erneuerung-der-tasche\\\/#primaryimage\"},\"thumbnailUrl\":\"https:\\\/\\\/pelletterieded.com\\\/wp-content\\\/uploads\\\/2021\\\/04\\\/riparazione-borse-pelle-jpg.webp\",\"datePublished\":\"2021-04-28T17:57:13+00:00\",\"dateModified\":\"2021-04-29T14:05:10+00:00\",\"breadcrumb\":{\"@id\":\"https:\\\/\\\/pelletterieded.com\\\/de\\\/shop\\\/borse-da-medico\\\/sammlung-und-lieferdienst-fur-die-erneuerung-der-tasche\\\/#breadcrumb\"},\"inLanguage\":\"de\",\"potentialAction\":[{\"@type\":\"ReadAction\",\"target\":[\"https:\\\/\\\/pelletterieded.com\\\/de\\\/shop\\\/borse-da-medico\\\/sammlung-und-lieferdienst-fur-die-erneuerung-der-tasche\\\/\"]}]},{\"@type\":\"ImageObject\",\"inLanguage\":\"de\",\"@id\":\"https:\\\/\\\/pelletterieded.com\\\/de\\\/shop\\\/borse-da-medico\\\/sammlung-und-lieferdienst-fur-die-erneuerung-der-tasche\\\/#primaryimage\",\"url\":\"https:\\\/\\\/pelletterieded.com\\\/wp-content\\\/uploads\\\/2021\\\/04\\\/riparazione-borse-pelle-jpg.webp\",\"contentUrl\":\"https:\\\/\\\/pelletterieded.com\\\/wp-content\\\/uploads\\\/2021\\\/04\\\/riparazione-borse-pelle-jpg.webp\",\"width\":1200,\"height\":800},{\"@type\":\"BreadcrumbList\",\"@id\":\"https:\\\/\\\/pelletterieded.com\\\/de\\\/shop\\\/borse-da-medico\\\/sammlung-und-lieferdienst-fur-die-erneuerung-der-tasche\\\/#breadcrumb\",\"itemListElement\":[{\"@type\":\"ListItem\",\"position\":1,\"name\":\"Pelletterie D&amp;D\",\"item\":\"https:\\\/\\\/pelletterieded.com\\\/de\\\/\"},{\"@type\":\"ListItem\",\"position\":2,\"name\":\"Einkaufen\",\"item\":\"https:\\\/\\\/pelletterieded.com\\\/de\\\/shop\\\/\"},{\"@type\":\"ListItem\",\"position\":3,\"name\":\"Arzttaschen\",\"item\":\"https:\\\/\\\/pelletterieded.com\\\/de\\\/categoria-prodotto\\\/arzttaschen\\\/\"},{\"@type\":\"ListItem\",\"position\":4,\"name\":\"SAMMLUNG UND LIEFERDIENST F\u00dcR DIE ERNEUERUNG DER TASCHE\"}]},{\"@type\":\"WebSite\",\"@id\":\"https:\\\/\\\/pelletterieded.com\\\/de\\\/#website\",\"url\":\"https:\\\/\\\/pelletterieded.com\\\/de\\\/\",\"name\":\"Pelletterie D&D\",\"description\":\"Pelletteria artigianale toscana specializzata in borse in pelle Made in Italy, borse da medico, donna, uomo e viaggio in pelle conciata al vegetale.\",\"publisher\":{\"@id\":\"https:\\\/\\\/pelletterieded.com\\\/de\\\/#organization\"},\"potentialAction\":[{\"@type\":\"SearchAction\",\"target\":{\"@type\":\"EntryPoint\",\"urlTemplate\":\"https:\\\/\\\/pelletterieded.com\\\/de\\\/?s={search_term_string}\"},\"query-input\":{\"@type\":\"PropertyValueSpecification\",\"valueRequired\":true,\"valueName\":\"search_term_string\"}}],\"inLanguage\":\"de\"},{\"@type\":\"Organization\",\"@id\":\"https:\\\/\\\/pelletterieded.com\\\/de\\\/#organization\",\"name\":\"Pelletterie D&D\",\"alternateName\":\"D&D Pelletterie\",\"url\":\"https:\\\/\\\/pelletterieded.com\\\/de\\\/\",\"logo\":{\"@type\":\"ImageObject\",\"inLanguage\":\"de\",\"@id\":\"https:\\\/\\\/pelletterieded.com\\\/de\\\/#\\\/schema\\\/logo\\\/image\\\/\",\"url\":\"https:\\\/\\\/pelletterieded.com\\\/wp-content\\\/uploads\\\/2019\\\/07\\\/logo-pelletterie-ded-mail.webp\",\"contentUrl\":\"https:\\\/\\\/pelletterieded.com\\\/wp-content\\\/uploads\\\/2019\\\/07\\\/logo-pelletterie-ded-mail.webp\",\"width\":185,\"height\":200,\"caption\":\"Pelletterie D&D\"},\"image\":{\"@id\":\"https:\\\/\\\/pelletterieded.com\\\/de\\\/#\\\/schema\\\/logo\\\/image\\\/\"},\"sameAs\":[\"https:\\\/\\\/www.facebook.com\\\/dedpelletterie\",\"https:\\\/\\\/www.instagram.com\\\/pelletterieded\\\/\"]}]}<\/script>\n<!-- \/ Yoast SEO plugin. -->","yoast_head_json":{"title":"SAMMLUNG UND LIEFERDIENST F\u00dcR DIE ERNEUERUNG DER TASCHE - Pelletterie D&amp;D","robots":{"index":"index","follow":"follow","max-snippet":"max-snippet:-1","max-image-preview":"max-image-preview:large","max-video-preview":"max-video-preview:-1"},"canonical":"https:\/\/pelletterieded.com\/de\/shop\/borse-da-medico\/sammlung-und-lieferdienst-fur-die-erneuerung-der-tasche\/","og_locale":"de_DE","og_type":"article","og_title":"SAMMLUNG UND LIEFERDIENST F\u00dcR DIE ERNEUERUNG DER TASCHE - Pelletterie D&amp;D","og_description":"Nur bis zum 31. Mai 2021 k\u00f6nnen Sie den Abhol- und Lieferservice Ihrer alten Pelletterie D&amp;D Tasche f\u00fcr nur 12 \u20ac erwerben. Wir schicken Ihnen einen Kurier, um die Tasche abzuholen, wir arrangieren den Erneuerungsservice und bringen ihn zu Ihnen nach Hause zur\u00fcck !! Stellen Sie Ihre Tasche in nur 4 Schritten wieder her: 1. [...]","og_url":"https:\/\/pelletterieded.com\/de\/shop\/borse-da-medico\/sammlung-und-lieferdienst-fur-die-erneuerung-der-tasche\/","og_site_name":"Pelletterie D&amp;D","article_publisher":"https:\/\/www.facebook.com\/dedpelletterie","article_modified_time":"2021-04-29T14:05:10+00:00","og_image":[{"width":1200,"height":800,"url":"https:\/\/pelletterieded.com\/wp-content\/uploads\/2021\/04\/riparazione-borse-pelle-jpg.webp","type":"image\/jpeg"}],"twitter_card":"summary_large_image","schema":{"@context":"https:\/\/schema.org","@graph":[{"@type":"WebPage","@id":"https:\/\/pelletterieded.com\/de\/shop\/borse-da-medico\/sammlung-und-lieferdienst-fur-die-erneuerung-der-tasche\/","url":"https:\/\/pelletterieded.com\/de\/shop\/borse-da-medico\/sammlung-und-lieferdienst-fur-die-erneuerung-der-tasche\/","name":"SAMMLUNG UND LIEFERDIENST F\u00dcR DIE ERNEUERUNG DER TASCHE - Pelletterie D&amp;D","isPartOf":{"@id":"https:\/\/pelletterieded.com\/de\/#website"},"primaryImageOfPage":{"@id":"https:\/\/pelletterieded.com\/de\/shop\/borse-da-medico\/sammlung-und-lieferdienst-fur-die-erneuerung-der-tasche\/#primaryimage"},"image":{"@id":"https:\/\/pelletterieded.com\/de\/shop\/borse-da-medico\/sammlung-und-lieferdienst-fur-die-erneuerung-der-tasche\/#primaryimage"},"thumbnailUrl":"https:\/\/pelletterieded.com\/wp-content\/uploads\/2021\/04\/riparazione-borse-pelle-jpg.webp","datePublished":"2021-04-28T17:57:13+00:00","dateModified":"2021-04-29T14:05:10+00:00","breadcrumb":{"@id":"https:\/\/pelletterieded.com\/de\/shop\/borse-da-medico\/sammlung-und-lieferdienst-fur-die-erneuerung-der-tasche\/#breadcrumb"},"inLanguage":"de","potentialAction":[{"@type":"ReadAction","target":["https:\/\/pelletterieded.com\/de\/shop\/borse-da-medico\/sammlung-und-lieferdienst-fur-die-erneuerung-der-tasche\/"]}]},{"@type":"ImageObject","inLanguage":"de","@id":"https:\/\/pelletterieded.com\/de\/shop\/borse-da-medico\/sammlung-und-lieferdienst-fur-die-erneuerung-der-tasche\/#primaryimage","url":"https:\/\/pelletterieded.com\/wp-content\/uploads\/2021\/04\/riparazione-borse-pelle-jpg.webp","contentUrl":"https:\/\/pelletterieded.com\/wp-content\/uploads\/2021\/04\/riparazione-borse-pelle-jpg.webp","width":1200,"height":800},{"@type":"BreadcrumbList","@id":"https:\/\/pelletterieded.com\/de\/shop\/borse-da-medico\/sammlung-und-lieferdienst-fur-die-erneuerung-der-tasche\/#breadcrumb","itemListElement":[{"@type":"ListItem","position":1,"name":"Pelletterie D&amp;D","item":"https:\/\/pelletterieded.com\/de\/"},{"@type":"ListItem","position":2,"name":"Einkaufen","item":"https:\/\/pelletterieded.com\/de\/shop\/"},{"@type":"ListItem","position":3,"name":"Arzttaschen","item":"https:\/\/pelletterieded.com\/de\/categoria-prodotto\/arzttaschen\/"},{"@type":"ListItem","position":4,"name":"SAMMLUNG UND LIEFERDIENST F\u00dcR DIE ERNEUERUNG DER TASCHE"}]},{"@type":"WebSite","@id":"https:\/\/pelletterieded.com\/de\/#website","url":"https:\/\/pelletterieded.com\/de\/","name":"Pelletterie D&D","description":"Pelletteria artigianale toscana specializzata in borse in pelle Made in Italy, borse da medico, donna, uomo e viaggio in pelle conciata al vegetale.","publisher":{"@id":"https:\/\/pelletterieded.com\/de\/#organization"},"potentialAction":[{"@type":"SearchAction","target":{"@type":"EntryPoint","urlTemplate":"https:\/\/pelletterieded.com\/de\/?s={search_term_string}"},"query-input":{"@type":"PropertyValueSpecification","valueRequired":true,"valueName":"search_term_string"}}],"inLanguage":"de"},{"@type":"Organization","@id":"https:\/\/pelletterieded.com\/de\/#organization","name":"Pelletterie D&D","alternateName":"D&D Pelletterie","url":"https:\/\/pelletterieded.com\/de\/","logo":{"@type":"ImageObject","inLanguage":"de","@id":"https:\/\/pelletterieded.com\/de\/#\/schema\/logo\/image\/","url":"https:\/\/pelletterieded.com\/wp-content\/uploads\/2019\/07\/logo-pelletterie-ded-mail.webp","contentUrl":"https:\/\/pelletterieded.com\/wp-content\/uploads\/2019\/07\/logo-pelletterie-ded-mail.webp","width":185,"height":200,"caption":"Pelletterie D&D"},"image":{"@id":"https:\/\/pelletterieded.com\/de\/#\/schema\/logo\/image\/"},"sameAs":["https:\/\/www.facebook.com\/dedpelletterie","https:\/\/www.instagram.com\/pelletterieded\/"]}]}},"_links":{"self":[{"href":"https:\/\/pelletterieded.com\/de\/wp-json\/wp\/v2\/product\/140697","targetHints":{"allow":["GET"]}}],"collection":[{"href":"https:\/\/pelletterieded.com\/de\/wp-json\/wp\/v2\/product"}],"about":[{"href":"https:\/\/pelletterieded.com\/de\/wp-json\/wp\/v2\/types\/product"}],"replies":[{"embeddable":true,"href":"https:\/\/pelletterieded.com\/de\/wp-json\/wp\/v2\/comments?post=140697"}],"wp:featuredmedia":[{"embeddable":true,"href":"https:\/\/pelletterieded.com\/de\/wp-json\/wp\/v2\/media\/140621"}],"wp:attachment":[{"href":"https:\/\/pelletterieded.com\/de\/wp-json\/wp\/v2\/media?parent=140697"}],"wp:term":[{"taxonomy":"product_brand","embeddable":true,"href":"https:\/\/pelletterieded.com\/de\/wp-json\/wp\/v2\/product_brand?post=140697"},{"taxonomy":"product_cat","embeddable":true,"href":"https:\/\/pelletterieded.com\/de\/wp-json\/wp\/v2\/product_cat?post=140697"},{"taxonomy":"product_tag","embeddable":true,"href":"https:\/\/pelletterieded.com\/de\/wp-json\/wp\/v2\/product_tag?post=140697"}],"curies":[{"name":"wp","href":"https:\/\/api.w.org\/{rel}","templated":true}]}}