{"id":109859,"date":"2018-07-25T13:39:23","date_gmt":"2018-07-25T11:39:23","guid":{"rendered":"http:\/\/pelletterieded.com\/tracolla-uomo\/"},"modified":"2025-07-27T15:47:16","modified_gmt":"2025-07-27T13:47:16","slug":"umhangetasche-fur-herren","status":"publish","type":"product","link":"https:\/\/pelletterieded.com\/de\/shop\/herrentaschen\/schultertaschen-herrentaschen\/umhangetasche-fur-herren\/","title":{"rendered":"Umh\u00e4ngetasche f\u00fcr Herren"},"content":{"rendered":"<p>Vollst\u00e4ndig in Italien von Lederfacharbeitern hergestellt, unter Verwendung eines mit pflanzlichen Gerbstoffen gegerbten und anschlie\u00dfend von Hand gepufferten Rindsleders.<\/p>\n<p>Die Charakteristik dieses Naturleders bietet einen angenehmen Griff und einen unverwechselbaren Stil italienischer Lederwaren.<\/p>\n<p>Der Verkauf des Objekts wird direkt von dem Unternehmen verwaltet, das es herstellt.<\/p>\n<p><strong>\u00c4u\u00dferes:<\/strong><\/p>\n<p>\u2013 pflanzlich gegerbtes vollnarbiges und von Hand gepuffertes Leder<\/p>\n<p>\u2013 halbweiche Konstruktion<\/p>\n<p>\u2013 verschluss mit Klappe und Magnetknopf<br \/>\n\u2013 r\u00fcckseitige Tasche mit Rei\u00dfverschluss<br \/>\n\u2013 eine Seitenfalte<br \/>\n\u2013verstellbarer Schulterriemen aus Leder<br \/>\n\u2013 metallzubeh\u00f6r<\/p>\n<p><strong>Inneres:<\/strong><\/p>\n<p style=\"font-size: 14.4px\">\u2013\u00a0stofffutter<\/p>\n<p>\u2013 zwei Abteile<br \/>\n\u2013 zwei nebeneinander liegende offene Mehrzwecktaschen<br \/>\n\u2013 eine Rei\u00dfverschlusstasche mit Revers aus Leder<br \/>\n\u2013 ledertasche f\u00fcr Handy und Stifte<br \/>\n\u2013 zubeh\u00f6r aus Metall<\/p>\n<p><strong>Zubeh\u00f6r:<\/strong><\/p>\n<p>\u2013 Zubeh\u00f6r aus geschliffenem Messing (bei den braunen Farbvarianten)<\/p>\n<p>\u2013 Zubeh\u00f6r aus Palladium (bei roten und schwarzen Farbvarianten)<\/p>\n<p><strong>Abmessungen:<\/strong><\/p>\n<p>Breite: 25cm | H\u00f6he: 28cm | Tiefe: 7cm |<\/p>\n<p><strong>Schutzh\u00fclle<\/strong>: einschlie\u00dflich Staubschutzbeutel.<\/p>\n<p><strong>Garantie<\/strong>: 24 Monate<\/p>\n<p><strong>Interner Kodex<\/strong>: 0707.<\/p>\n<p>&nbsp;<\/p>\n<p>&nbsp;<\/p>\n<p>&nbsp;<\/p>\n","protected":false},"excerpt":{"rendered":"<p><strong>Breite<\/strong>: 25cm | <strong>H\u00f6he<\/strong>: 28cm | <strong>Tiefe<\/strong>: 7cm |<\/p>\n","protected":false},"featured_media":124476,"comment_status":"closed","ping_status":"closed","template":"","meta":[],"product_brand":[],"product_cat":[590,599],"product_tag":[],"class_list":{"0":"post-109859","1":"product","2":"type-product","3":"status-publish","4":"has-post-thumbnail","6":"product_cat-herrentaschen","7":"product_cat-schultertaschen-herrentaschen","9":"first","10":"outofstock","11":"shipping-taxable","12":"purchasable","13":"product-type-variable","14":"has-default-attributes","15":"wvs-archive-product-wrapper"},"yoast_head":"<!-- This site is optimized with the Yoast SEO plugin v27.4 - https:\/\/yoast.com\/product\/yoast-seo-wordpress\/ -->\n<title>Umh\u00e4ngetasche f\u00fcr Herren - Pelletterie D&amp;D<\/title>\n<meta name=\"robots\" content=\"index, follow, max-snippet:-1, max-image-preview:large, max-video-preview:-1\" \/>\n<link rel=\"canonical\" href=\"https:\/\/pelletterieded.com\/de\/shop\/herrentaschen\/schultertaschen-herrentaschen\/umhangetasche-fur-herren\/\" \/>\n<meta property=\"og:locale\" content=\"de_DE\" \/>\n<meta property=\"og:type\" content=\"article\" \/>\n<meta property=\"og:title\" content=\"Umh\u00e4ngetasche f\u00fcr Herren - Pelletterie D&amp;D\" \/>\n<meta property=\"og:description\" content=\"Breite: 25cm | H\u00f6he: 28cm | Tiefe: 7cm |\" \/>\n<meta property=\"og:url\" content=\"https:\/\/pelletterieded.com\/de\/shop\/herrentaschen\/schultertaschen-herrentaschen\/umhangetasche-fur-herren\/\" \/>\n<meta property=\"og:site_name\" content=\"Pelletterie D&amp;D\" \/>\n<meta property=\"article:publisher\" content=\"https:\/\/www.facebook.com\/dedpelletterie\" \/>\n<meta property=\"article:modified_time\" content=\"2025-07-27T13:47:16+00:00\" \/>\n<meta property=\"og:image\" content=\"https:\/\/pelletterieded.com\/wp-content\/uploads\/2018\/07\/0707-rosso-scaled-jpg.webp\" \/>\n\t<meta property=\"og:image:width\" content=\"1707\" \/>\n\t<meta property=\"og:image:height\" content=\"2560\" \/>\n\t<meta property=\"og:image:type\" content=\"image\/jpeg\" \/>\n<meta name=\"twitter:card\" content=\"summary_large_image\" \/>\n<meta name=\"twitter:label1\" content=\"Gesch\u00e4tzte Lesezeit\" \/>\n\t<meta name=\"twitter:data1\" content=\"1\u00a0Minute\" \/>\n<script type=\"application\/ld+json\" class=\"yoast-schema-graph\">{\"@context\":\"https:\\\/\\\/schema.org\",\"@graph\":[{\"@type\":\"WebPage\",\"@id\":\"https:\\\/\\\/pelletterieded.com\\\/de\\\/shop\\\/herrentaschen\\\/schultertaschen-herrentaschen\\\/umhangetasche-fur-herren\\\/\",\"url\":\"https:\\\/\\\/pelletterieded.com\\\/de\\\/shop\\\/herrentaschen\\\/schultertaschen-herrentaschen\\\/umhangetasche-fur-herren\\\/\",\"name\":\"Umh\u00e4ngetasche f\u00fcr Herren - Pelletterie D&amp;D\",\"isPartOf\":{\"@id\":\"https:\\\/\\\/pelletterieded.com\\\/de\\\/#website\"},\"primaryImageOfPage\":{\"@id\":\"https:\\\/\\\/pelletterieded.com\\\/de\\\/shop\\\/herrentaschen\\\/schultertaschen-herrentaschen\\\/umhangetasche-fur-herren\\\/#primaryimage\"},\"image\":{\"@id\":\"https:\\\/\\\/pelletterieded.com\\\/de\\\/shop\\\/herrentaschen\\\/schultertaschen-herrentaschen\\\/umhangetasche-fur-herren\\\/#primaryimage\"},\"thumbnailUrl\":\"https:\\\/\\\/pelletterieded.com\\\/wp-content\\\/uploads\\\/2018\\\/07\\\/0707-rosso-scaled-jpg.webp\",\"datePublished\":\"2018-07-25T11:39:23+00:00\",\"dateModified\":\"2025-07-27T13:47:16+00:00\",\"breadcrumb\":{\"@id\":\"https:\\\/\\\/pelletterieded.com\\\/de\\\/shop\\\/herrentaschen\\\/schultertaschen-herrentaschen\\\/umhangetasche-fur-herren\\\/#breadcrumb\"},\"inLanguage\":\"de\",\"potentialAction\":[{\"@type\":\"ReadAction\",\"target\":[\"https:\\\/\\\/pelletterieded.com\\\/de\\\/shop\\\/herrentaschen\\\/schultertaschen-herrentaschen\\\/umhangetasche-fur-herren\\\/\"]}]},{\"@type\":\"ImageObject\",\"inLanguage\":\"de\",\"@id\":\"https:\\\/\\\/pelletterieded.com\\\/de\\\/shop\\\/herrentaschen\\\/schultertaschen-herrentaschen\\\/umhangetasche-fur-herren\\\/#primaryimage\",\"url\":\"https:\\\/\\\/pelletterieded.com\\\/wp-content\\\/uploads\\\/2018\\\/07\\\/0707-rosso-scaled-jpg.webp\",\"contentUrl\":\"https:\\\/\\\/pelletterieded.com\\\/wp-content\\\/uploads\\\/2018\\\/07\\\/0707-rosso-scaled-jpg.webp\",\"width\":1707,\"height\":2560},{\"@type\":\"BreadcrumbList\",\"@id\":\"https:\\\/\\\/pelletterieded.com\\\/de\\\/shop\\\/herrentaschen\\\/schultertaschen-herrentaschen\\\/umhangetasche-fur-herren\\\/#breadcrumb\",\"itemListElement\":[{\"@type\":\"ListItem\",\"position\":1,\"name\":\"Pelletterie D&amp;D\",\"item\":\"https:\\\/\\\/pelletterieded.com\\\/de\\\/\"},{\"@type\":\"ListItem\",\"position\":2,\"name\":\"Einkaufen\",\"item\":\"https:\\\/\\\/pelletterieded.com\\\/de\\\/shop\\\/\"},{\"@type\":\"ListItem\",\"position\":3,\"name\":\"MANN\",\"item\":\"https:\\\/\\\/pelletterieded.com\\\/de\\\/categoria-prodotto\\\/herrentaschen\\\/\"},{\"@type\":\"ListItem\",\"position\":4,\"name\":\"Umh\u00e4ngetasche f\u00fcr Herren\"}]},{\"@type\":\"WebSite\",\"@id\":\"https:\\\/\\\/pelletterieded.com\\\/de\\\/#website\",\"url\":\"https:\\\/\\\/pelletterieded.com\\\/de\\\/\",\"name\":\"Pelletterie D&D\",\"description\":\"Outlet online di moda N\u00ba1 in Italia\",\"publisher\":{\"@id\":\"https:\\\/\\\/pelletterieded.com\\\/de\\\/#organization\"},\"potentialAction\":[{\"@type\":\"SearchAction\",\"target\":{\"@type\":\"EntryPoint\",\"urlTemplate\":\"https:\\\/\\\/pelletterieded.com\\\/de\\\/?s={search_term_string}\"},\"query-input\":{\"@type\":\"PropertyValueSpecification\",\"valueRequired\":true,\"valueName\":\"search_term_string\"}}],\"inLanguage\":\"de\"},{\"@type\":\"Organization\",\"@id\":\"https:\\\/\\\/pelletterieded.com\\\/de\\\/#organization\",\"name\":\"Pelletterie D&D\",\"url\":\"https:\\\/\\\/pelletterieded.com\\\/de\\\/\",\"logo\":{\"@type\":\"ImageObject\",\"inLanguage\":\"de\",\"@id\":\"https:\\\/\\\/pelletterieded.com\\\/de\\\/#\\\/schema\\\/logo\\\/image\\\/\",\"url\":\"https:\\\/\\\/pelletterieded.com\\\/wp-content\\\/uploads\\\/2019\\\/07\\\/logo-pelletterie-ded-mail.webp\",\"contentUrl\":\"https:\\\/\\\/pelletterieded.com\\\/wp-content\\\/uploads\\\/2019\\\/07\\\/logo-pelletterie-ded-mail.webp\",\"width\":185,\"height\":200,\"caption\":\"Pelletterie D&D\"},\"image\":{\"@id\":\"https:\\\/\\\/pelletterieded.com\\\/de\\\/#\\\/schema\\\/logo\\\/image\\\/\"},\"sameAs\":[\"https:\\\/\\\/www.facebook.com\\\/dedpelletterie\",\"https:\\\/\\\/www.instagram.com\\\/pelletterieded\\\/\"]}]}<\/script>\n<!-- \/ Yoast SEO plugin. -->","yoast_head_json":{"title":"Umh\u00e4ngetasche f\u00fcr Herren - Pelletterie D&amp;D","robots":{"index":"index","follow":"follow","max-snippet":"max-snippet:-1","max-image-preview":"max-image-preview:large","max-video-preview":"max-video-preview:-1"},"canonical":"https:\/\/pelletterieded.com\/de\/shop\/herrentaschen\/schultertaschen-herrentaschen\/umhangetasche-fur-herren\/","og_locale":"de_DE","og_type":"article","og_title":"Umh\u00e4ngetasche f\u00fcr Herren - Pelletterie D&amp;D","og_description":"Breite: 25cm | H\u00f6he: 28cm | Tiefe: 7cm |","og_url":"https:\/\/pelletterieded.com\/de\/shop\/herrentaschen\/schultertaschen-herrentaschen\/umhangetasche-fur-herren\/","og_site_name":"Pelletterie D&amp;D","article_publisher":"https:\/\/www.facebook.com\/dedpelletterie","article_modified_time":"2025-07-27T13:47:16+00:00","og_image":[{"width":1707,"height":2560,"url":"https:\/\/pelletterieded.com\/wp-content\/uploads\/2018\/07\/0707-rosso-scaled-jpg.webp","type":"image\/jpeg"}],"twitter_card":"summary_large_image","twitter_misc":{"Gesch\u00e4tzte Lesezeit":"1\u00a0Minute"},"schema":{"@context":"https:\/\/schema.org","@graph":[{"@type":"WebPage","@id":"https:\/\/pelletterieded.com\/de\/shop\/herrentaschen\/schultertaschen-herrentaschen\/umhangetasche-fur-herren\/","url":"https:\/\/pelletterieded.com\/de\/shop\/herrentaschen\/schultertaschen-herrentaschen\/umhangetasche-fur-herren\/","name":"Umh\u00e4ngetasche f\u00fcr Herren - Pelletterie D&amp;D","isPartOf":{"@id":"https:\/\/pelletterieded.com\/de\/#website"},"primaryImageOfPage":{"@id":"https:\/\/pelletterieded.com\/de\/shop\/herrentaschen\/schultertaschen-herrentaschen\/umhangetasche-fur-herren\/#primaryimage"},"image":{"@id":"https:\/\/pelletterieded.com\/de\/shop\/herrentaschen\/schultertaschen-herrentaschen\/umhangetasche-fur-herren\/#primaryimage"},"thumbnailUrl":"https:\/\/pelletterieded.com\/wp-content\/uploads\/2018\/07\/0707-rosso-scaled-jpg.webp","datePublished":"2018-07-25T11:39:23+00:00","dateModified":"2025-07-27T13:47:16+00:00","breadcrumb":{"@id":"https:\/\/pelletterieded.com\/de\/shop\/herrentaschen\/schultertaschen-herrentaschen\/umhangetasche-fur-herren\/#breadcrumb"},"inLanguage":"de","potentialAction":[{"@type":"ReadAction","target":["https:\/\/pelletterieded.com\/de\/shop\/herrentaschen\/schultertaschen-herrentaschen\/umhangetasche-fur-herren\/"]}]},{"@type":"ImageObject","inLanguage":"de","@id":"https:\/\/pelletterieded.com\/de\/shop\/herrentaschen\/schultertaschen-herrentaschen\/umhangetasche-fur-herren\/#primaryimage","url":"https:\/\/pelletterieded.com\/wp-content\/uploads\/2018\/07\/0707-rosso-scaled-jpg.webp","contentUrl":"https:\/\/pelletterieded.com\/wp-content\/uploads\/2018\/07\/0707-rosso-scaled-jpg.webp","width":1707,"height":2560},{"@type":"BreadcrumbList","@id":"https:\/\/pelletterieded.com\/de\/shop\/herrentaschen\/schultertaschen-herrentaschen\/umhangetasche-fur-herren\/#breadcrumb","itemListElement":[{"@type":"ListItem","position":1,"name":"Pelletterie D&amp;D","item":"https:\/\/pelletterieded.com\/de\/"},{"@type":"ListItem","position":2,"name":"Einkaufen","item":"https:\/\/pelletterieded.com\/de\/shop\/"},{"@type":"ListItem","position":3,"name":"MANN","item":"https:\/\/pelletterieded.com\/de\/categoria-prodotto\/herrentaschen\/"},{"@type":"ListItem","position":4,"name":"Umh\u00e4ngetasche f\u00fcr Herren"}]},{"@type":"WebSite","@id":"https:\/\/pelletterieded.com\/de\/#website","url":"https:\/\/pelletterieded.com\/de\/","name":"Pelletterie D&D","description":"Outlet online di moda N\u00ba1 in Italia","publisher":{"@id":"https:\/\/pelletterieded.com\/de\/#organization"},"potentialAction":[{"@type":"SearchAction","target":{"@type":"EntryPoint","urlTemplate":"https:\/\/pelletterieded.com\/de\/?s={search_term_string}"},"query-input":{"@type":"PropertyValueSpecification","valueRequired":true,"valueName":"search_term_string"}}],"inLanguage":"de"},{"@type":"Organization","@id":"https:\/\/pelletterieded.com\/de\/#organization","name":"Pelletterie D&D","url":"https:\/\/pelletterieded.com\/de\/","logo":{"@type":"ImageObject","inLanguage":"de","@id":"https:\/\/pelletterieded.com\/de\/#\/schema\/logo\/image\/","url":"https:\/\/pelletterieded.com\/wp-content\/uploads\/2019\/07\/logo-pelletterie-ded-mail.webp","contentUrl":"https:\/\/pelletterieded.com\/wp-content\/uploads\/2019\/07\/logo-pelletterie-ded-mail.webp","width":185,"height":200,"caption":"Pelletterie D&D"},"image":{"@id":"https:\/\/pelletterieded.com\/de\/#\/schema\/logo\/image\/"},"sameAs":["https:\/\/www.facebook.com\/dedpelletterie","https:\/\/www.instagram.com\/pelletterieded\/"]}]}},"_links":{"self":[{"href":"https:\/\/pelletterieded.com\/de\/wp-json\/wp\/v2\/product\/109859","targetHints":{"allow":["GET"]}}],"collection":[{"href":"https:\/\/pelletterieded.com\/de\/wp-json\/wp\/v2\/product"}],"about":[{"href":"https:\/\/pelletterieded.com\/de\/wp-json\/wp\/v2\/types\/product"}],"replies":[{"embeddable":true,"href":"https:\/\/pelletterieded.com\/de\/wp-json\/wp\/v2\/comments?post=109859"}],"wp:featuredmedia":[{"embeddable":true,"href":"https:\/\/pelletterieded.com\/de\/wp-json\/wp\/v2\/media\/124476"}],"wp:attachment":[{"href":"https:\/\/pelletterieded.com\/de\/wp-json\/wp\/v2\/media?parent=109859"}],"wp:term":[{"taxonomy":"product_brand","embeddable":true,"href":"https:\/\/pelletterieded.com\/de\/wp-json\/wp\/v2\/product_brand?post=109859"},{"taxonomy":"product_cat","embeddable":true,"href":"https:\/\/pelletterieded.com\/de\/wp-json\/wp\/v2\/product_cat?post=109859"},{"taxonomy":"product_tag","embeddable":true,"href":"https:\/\/pelletterieded.com\/de\/wp-json\/wp\/v2\/product_tag?post=109859"}],"curies":[{"name":"wp","href":"https:\/\/api.w.org\/{rel}","templated":true}]}}