{"id":67394,"date":"2020-07-23T18:29:30","date_gmt":"2020-07-23T16:29:30","guid":{"rendered":"http:\/\/pelletterieded.com\/verkaufsbedingungen\/"},"modified":"2025-01-02T18:11:13","modified_gmt":"2025-01-02T17:11:13","slug":"verkaufsbedingungen","status":"publish","type":"page","link":"https:\/\/pelletterieded.com\/de\/verkaufsbedingungen\/","title":{"rendered":"Verkaufsbedingungen"},"content":{"rendered":"<div class=\"row\"  id=\"row-790369984\">\n\n\t<div id=\"col-1274073943\" class=\"col small-12 large-12\"  >\n\t\t\t\t<div class=\"col-inner\"  >\n\t\t\t\n\t\t\t\n<h2>EINF\u00dcHRUNG<\/h2>\n<p>Diese Verkaufsbedingungen betreffen den Verkauf von Produkten auf dieser Website https:\/\/pelletterieded.com\/.<\/p>\n<p>Die auf der Website vertriebenen Produkte werden von Pelletterie D&amp;D srl (Umsatzsteuernummer 06541790488), einem im Handelsregister von Florenz (REA-Nummer FI-636653) eingetragenen Unternehmen mit Sitz in Sesto Fiorentino (FI), \u00fcber Renato, angeboten und verkauft Br\u00fcschi 138.<\/p>\n<p>Es ist m\u00f6glich, Informationen anzufordern, Mitteilungen zu senden, Unterst\u00fctzung anzufordern oder Beschwerden einzureichen, indem Sie sich auf folgende Weise an Pelletterie D&amp;D wenden:<\/p>\n<ul>\n<li>telefonisch unter 055-4491006, von Montag bis Freitag zu folgenden Zeiten: 9:00 &#8211; 17:00<\/li>\n<li>WhatsApp unter (+39 )320-6629449<\/li>\n<li>Per E-Mail an info@pelletterieded.com<\/li>\n<\/ul>\n<p>Der Verkauf und\/oder Vertrieb von Produkten, die auf&nbsp;<strong>https:\/\/pelletterieded.com<\/strong> gekauft wurden, ist verboten.<br \/>Alle Waren werden aus Leder hergestellt, das von Gerbereien gekauft wird, die Mitglieder des Konsortiums f\u00fcr pflanzlich gegerbtes Leder (Toskana-Italien) sind; F\u00fcr jeden Artikel gibt es eine Garantie, die seine Qualit\u00e4t bescheinigt.<\/p>\n<h2>BESTELLUNGEN<\/h2>\n<p>Bestellungen k\u00f6nnen elektronisch \u00fcbermittelt werden, vorbehaltlich einer kostenlosen Registrierung auf der Website.<br \/>Bitte \u00fcberpr\u00fcfen Sie bei der Bestellung die Richtigkeit der Daten und der Lieferadresse. Bei Fehlern teilen Sie uns dies bitte umgehend unter <strong>info@pelletterieded.com<\/strong> oder <strong>pelletterie.ded@gmail.com<\/strong> mit.<\/p>\n<h2>ANPASSUNG<\/h2>\n<p>Es ist m\u00f6glich, das ausgew\u00e4hlte Produkt durch eine &#8222;hei\u00dfe&#8220; Gravur direkt auf dem Leder zu personalisieren. Der Service ist kostenlos, muss aber zum Zeitpunkt der Bestellung durch Ausf\u00fcllen des entsprechenden Feldes angefordert werden. Es ist m\u00f6glich, Initialen, einen Namen, einen Spitznamen, ein Datum usw. zu gravieren. da wir sowohl mit Gro\u00df- als auch Kleinbuchstaben und Zahlen ausgestattet sind. Es ist ratsam, immer eine Telefonnummer zu hinterlassen, damit Sie bei Bedarf von den Mitarbeitern kontaktiert werden k\u00f6nnen, um eine \u00c4nderung basierend auf dem ausgew\u00e4hlten Objekt zu bewerten und zu vereinbaren. Die Personalisierung wird an verschiedenen Stellen des Objekts entsprechend den Eigenschaften des Modells durchgef\u00fchrt.<br \/>Hinweis: Sofern nicht nachtr\u00e4glich telefonisch oder per E-Mail vereinbart, f\u00fchrt das Personal die Anpassung getreu den Angaben des Kunden im entsprechenden Feld durch.<br \/>WIR BEACHTEN AUCH DASS: Eine personalisierte Tasche kann nicht umgetauscht oder zur\u00fcckgegeben werden.<br \/>Weitere Informationen finden Sie auf der Seite der Website, die speziell der Personalisierung gewidmet ist.<\/p>\n<h2>PREISE<\/h2>\n<p>Die angegebenen Preise sind in EURO ausgedr\u00fcckt und beinhalten die Mehrwertsteuer f\u00fcr die Mitgliedstaaten der Europ\u00e4ischen Union. Der Versand in ganz Italien ist f\u00fcr Bestellungen \u00fcber 80 \u20ac KOSTENLOS. F\u00fcr andere L\u00e4nder wird ein Versandkostenbeitrag erhoben.<br \/>Bei Direktbestellungen in Nicht-EU-L\u00e4ndern k\u00f6nnen zum Zeitpunkt der Lieferung lokale Z\u00f6lle und Steuern anfallen.<\/p>\n<h2>ZAHLUNG<\/h2>\n<p>Die Zahlung kann durch Auswahl einer der folgenden Methoden erfolgen:<\/p>\n<ul>\n<li>Kreditkarte (Streifen)<\/li>\n<li>PayPal<\/li>\n<li>Nachnahme (mit einem Aufpreis von 5 \u20ac)<\/li>\n<li>Bank\u00fcberweisung (Koordinaten iban <strong>IT05P0103038104000001151571<\/strong>)<\/li>\n<\/ul>\n<h2>ABRECHNUNG<\/h2>\n<p>Nach Abschluss der Bestellung kann der Kunde die Ausstellung einer elektronischen Rechnung anfordern, indem er das entsprechende Formular im pers\u00f6nlichen Bereich der Website ausf\u00fcllt. Alle erforderlichen Daten m\u00fcssen korrekt eingegeben werden. Der Kunde erh\u00e4lt die Rechnung auf seinem Portal oder in seiner zertifizierten E-Mail, nachdem er sie an die Agentur f\u00fcr Einnahmen gesendet hat. Die Rechnung kann nur zum Zeitpunkt der Bestellung angefordert werden. Anfragen, die nach dem Tag der Bestellung gestellt werden, werden nicht akzeptiert.<\/p>\n<h2>VERSAND UND LIEFERUNG<\/h2>\n<p>Der Versand in ganz Italien ist f\u00fcr Bestellungen \u00fcber \u20ac80 KOSTENLOS.<br \/>Wenn die Bestellungen bis 12:00 Uhr bei der Firma eingehen, werden sie unter Vorbehalt der Verf\u00fcgbarkeit der Artikel am Nachmittag desselben Tages bearbeitet. Bei Zahlung per Bank\u00fcberweisung wird die Bestellung bearbeitet, sobald das Geld gutgeschrieben wurde (es dauert etwa 3 Werktage); F\u00fcr den Fall, dass der Kunde den Versand beschleunigen m\u00f6chte, ist es notwendig, eine Kopie des Bank\u00fcberweisungsbelegs an unsere E-Mail-Adresse (info@pelletterieded.com) zu senden, unter Angabe des Namens und der Bestellnummer des K\u00e4ufers.<br \/>Die Lieferzeiten h\u00e4ngen ausschlie\u00dflich von den vom Spediteur angegebenen Zeiten ab. In Italien erfolgt die Lieferung f\u00fcr zentral-n\u00f6rdliche und zentral-s\u00fcdliche Standorte im Allgemeinen innerhalb von 24 Stunden nach Zahlung, f\u00fcr weiter entfernte Standorte oder Inseln verl\u00e4ngern sich die Lieferzeiten von 48 Stunden bis maximal 3 Werktage. Bei anderen L\u00e4ndern verl\u00e4ngern sich die Fristen auf \u00fcber 3 Werktage.<\/p>\n<h2>R\u00dcCKSENDUNGEN UND ERSTATTUNGEN<\/h2>\n<p class=\"p1\"><span class=\"s1\"><strong>Pelleterie D&amp;D<\/strong> sichert das Widerrufsrecht vom Kauf&nbsp;<strong>innerhalb von und sp\u00e4testens 14&nbsp;Tagen<\/strong> zu das Lieferdatum. Nach der Kunst. 52 Widerrufsrecht \u2013 Referenz zur Gesetzgebung <em>(Gesetzesdekret 206\/2005)<\/em>.<\/span><\/p>\n<p class=\"p2\"><span class=\"s1\">Nicht vom Widerrufsrecht betroffen sind: <\/span><\/p>\n<ul>\n<li class=\"p2\"><span class=\"s1\">Kundenspezifische Produkte oder Produkte, die f\u00fcr den B2B-Verkauf erworben wurden.<\/span><\/li>\n<li class=\"p2\"><span class=\"s1\">Alle Produkte ohne Etikett oder mit entferntem Etikett, gebraucht oder unvollst\u00e4ndig usw&#8230;.<\/span><\/li>\n<li>Fehlen wesentlicher Elemente des Produkts (Zubeh\u00f6r, Schultergurt, Griffe, Anh\u00e4nger, entsprechende Garantie usw.)<\/li>\n<li>Sch\u00e4den am Produkt aus anderen Gr\u00fcnden als dem Transport.<\/li>\n<li>Der Gegenstand muss sp\u00e4testens innerhalb von 15 Werktagen in der Zentrale eintreffen, bei l\u00e4ngerer Zeit verf\u00e4llt die R\u00fccksendung<\/li>\n<li class=\"p2\"><span class=\"s1\">Die Verpackung der Ware muss mit dem Originalkarton erfolgen, um zu verhindern, dass die Ware besch\u00e4digt ihren Bestimmungsort erreicht.<br \/><\/span><span class=\"s1\">Sollte die Originalverpackung unbrauchbar sein, kann der Kunde einen in Gr\u00f6\u00dfe und St\u00e4rke gleichwertigen Karton verwenden.<\/span><\/li>\n<\/ul>\n<p class=\"p2\"><span class=\"s1\">Der Kunde muss den R\u00fcckgabeantrag im entsprechenden Abschnitt seiner <strong><a href=\"http:\/\/pelletterieded.com\/effettua -a-return\" data-mce-href=\"http:\/\/pelletterieded.com\/effettua -a-return\">pers\u00f6nlicher Bereich<\/a><\/strong> auf der Website Pelletterieded.com. Geben Sie an, ob Sie eine R\u00fcckerstattung oder einen Artikelumtausch w\u00fcnschen. Beif\u00fcgen von Fotos der erhaltenen Ware zur R\u00fccksendung und der Bestellnummer<\/span><\/p>\n<p class=\"p2\"><span class=\"s1\"><strong>Pelletterie D&amp;D<\/strong> liefert das Etikett ausschlie\u00dflich f\u00fcr Lieferungen nach Italien. F\u00fcr jede Bestellung wird nur ein Etikett bereitgestellt.<br \/><\/span><span class=\"s1\">Wenn ein anderes Etikett verwendet wird, werden die R\u00fccksendekosten nicht erstattet.<\/span><\/p>\n<p>Bei R\u00fccksendungen au\u00dferhalb Italiens gehen alle Versandkosten, Steuern oder sonstigen Kosten zu Lasten des Kunden. Es ist die Pflicht des K\u00e4ufers, Pelletterie D&amp;D \u00fcber das Datum, die Sendungsverfolgungsnummer und den gew\u00e4hlten Kurierdienst zu informieren. Der Kunde ist in diesem Fall f\u00fcr den Versand selbst verantwortlich<\/p>\n<p class=\"p2\"><span class=\"s1\">In allen anderen F\u00e4llen liegt die R\u00fccksendung in der Verantwortung des Kunden, der die volle Verantwortung daf\u00fcr tr\u00e4gt. Daher wird empfohlen, ein r\u00fcckverfolgbares Versandsystem zu verwenden.<\/span><\/p>\n<p class=\"p2\"><span class=\"s1\">Die R\u00fccksendung muss an folgende Adresse gesendet werden: <\/span><\/p>\n<p class=\"p2\"><strong>D&amp;D-Lederwaren \u2013 <\/strong><strong>Via Petrosa n 8 \u2013 <\/strong><strong>50019 Sesto Fiorentino (FI).<\/strong>&lt;\/p &gt;<\/p>\n<p class=\"p1\"><span class=\"s1\">R\u00fccksendungen, die auf andere Weise als oben angegeben erfolgen, werden nicht akzeptiert.<br \/><\/span><\/p>\n<p class=\"p1\"><span class=\"s1\">Sobald die R\u00fccksendung ihren Bestimmungsort erreicht hat, \u00fcberpr\u00fcft Pelletterie D&amp;D die Rechtm\u00e4\u00dfigkeit der R\u00fccksendung und die Korrektheit der Vorg\u00e4nge und die Unversehrtheit des Produkts&lt;\/ span&gt;<\/span><\/p>\n<p class=\"p1\"><span class=\"s1\">Danach wird nur&nbsp;der Kaufbetrag erstattet, nicht die Versandkosten (oder zus\u00e4tzliche Geb\u00fchren).<\/span><\/p>\n<p class=\"p1\"><span class=\"s1\">Diese Betr\u00e4ge werden \u00fcber das System, mit dem die Zahlung get\u00e4tigt wurde, innerhalb von zehn Tagen nach Erhalt der Retoure gutgeschrieben. <\/span><\/p>\n<p class=\"p1\"><span class=\"s1\">Alle Produkte von Pelletterie D&amp;D haben eine Garantie von 48 Monaten ab Lieferdatum.<\/span><\/p>\n<p class=\"p1\"><span class=\"s1\">Bei Problemen kann sich der Kunde an Pelletterie D&amp;D wenden, indem er eine E-Mail mit einer fotografischen Beschreibung des Problems an die folgende Adresse sendet: <strong>info@ pelletterieded.com<\/strong><\/span><\/p>\n<p class=\"p1\"><span class=\"s1\">Diese Garantie deckt keine Sch\u00e4den durch normalen Verschlei\u00df oder Unf\u00e4lle ab, die direkt oder indirekt vom Kunden verursacht wurden<br \/><\/span><\/p>\n<h2>GARANTIE UND KONFORMIT\u00c4T<\/h2>\n<p>Jedes Produkt kann aufgrund der Besonderheit des Gerbverfahrens und der verwendeten Naturprodukte in Farbe oder Textur leicht variieren. D&amp;D betrachtet dies nicht als Makel, sondern als Zeichen der Einzigartigkeit. Um die Echtheit der Produkte zu garantieren, stellt D&amp;D ein Garantiezertifikat aus.<br \/>Diese garantiert, dass unser Leder ausschlie\u00dflich mit nat\u00fcrlichen Gerbstoffen pflanzlichen Ursprungs gegerbt wurde und keine gesetzlich verbotenen Stoffe enth\u00e4lt. Die Tanninextrakte sind die grundlegenden Inhaltsstoffe des langsamen Br\u00e4unungsprozesses und ergeben die beste Qualit\u00e4t.<\/p>\n<p><strong>Jeder Artikel wird mit Sorgfalt hergestellt und genauen Qualit\u00e4tskontrollen unterzogen<\/strong>. Kleine \u00c4derchen, Falten und unmerkliche Kratzer, die auf dem Leder vorhanden sein k\u00f6nnen, zeugen von seiner Nat\u00fcrlichkeit und machen jedes Leder einzigartig in seiner Art.<br \/>Obwohl D&amp;D-Produkte dank bester Verarbeitungs- und Materialqualit\u00e4t unter Einhaltung von Qualit\u00e4tsstandards hergestellt werden, sind sie nicht unverw\u00fcstlich.<\/p>\n<p>Die Garantie gilt nur f\u00fcr K\u00e4ufe, die direkt auf der Website Pelletterieded.com get\u00e4tigt wurden<\/p>\n<p>Wenden Sie sich f\u00fcr anderweitig gekaufte Produkte mit der Quittung an die Verkaufsstelle, an der der Kauf get\u00e4tigt wurde, um Unterst\u00fctzung zu erhalten.<\/p>\n<p>D&amp;D-Taschen sind durch eine vierj\u00e4hrige beschr\u00e4nkte Garantie ab dem urspr\u00fcnglichen Kaufdatum gesch\u00fctzt (Kaufbeleg erforderlich).<\/p>\n<p>Die Garantie deckt keine Sch\u00e4den ab, die durch Unf\u00e4lle, Missbrauch der Tasche oder durch \u00c4nderungen, Service oder Reparaturen entstehen, die von anderen Personen als D&amp;D durchgef\u00fchrt wurden<\/p>\n<p>Die Garantie erstreckt sich auch nicht auf Sch\u00e4den, die durch falsche Handhabung, direkt oder indirekt vom Kunden verursachte Unf\u00e4lle, Abrieb, Wasser, L\u00f6sungsmittel, Verschlei\u00df und Sch\u00e4den durch Transportunternehmen verursacht wurden. Sie deckt auch keine zuf\u00e4lligen Sch\u00e4den wie Bruch oder Verlust des Inhalts einer Tasche, Nutzungs- oder Zeitverlust oder andere \u00e4hnliche Kosten ab.<\/p>\n<p>Die Versandkosten des zu reparierenden D&amp;D Produktes tr\u00e4gt der Kunde, die Reparatur und der anschlie\u00dfende Versand gehen zu Lasten von D&amp;D.<\/p>\n<p>Die Reparaturzeiten k\u00f6nnen je nach Art des Eingriffs variieren.<\/p>\n<p>F\u00fcr weitere Informationen senden Sie eine E-Mail an&nbsp;<a href=\"mailto:info@pelletterieded.com\" data-mce-href=\"mailto:info@pelletterieded.com\">info@pelletterieded.com<\/a><\/p>\n\t\t<\/div>\n\t\t\t\t\t<\/div>\n\n\t\n\n<style>\n#row-790369984 > .col > .col-inner {\n  padding: 20px 0px 0px 0px;\n}\n<\/style>\n<\/div>\n","protected":false},"excerpt":{"rendered":"","protected":false},"author":275,"featured_media":0,"parent":0,"menu_order":0,"comment_status":"closed","ping_status":"closed","template":"","meta":{"footnotes":""},"class_list":["post-67394","page","type-page","status-publish","hentry"],"yoast_head":"<!-- This site is optimized with the Yoast SEO plugin v27.4 - https:\/\/yoast.com\/product\/yoast-seo-wordpress\/ -->\n<title>Verkaufsbedingungen - Pelletterie D&amp;D<\/title>\n<meta name=\"robots\" content=\"noindex, nofollow\" \/>\n<meta property=\"og:locale\" content=\"de_DE\" \/>\n<meta property=\"og:type\" content=\"article\" \/>\n<meta property=\"og:title\" content=\"Verkaufsbedingungen - Pelletterie D&amp;D\" \/>\n<meta property=\"og:url\" content=\"https:\/\/pelletterieded.com\/de\/verkaufsbedingungen\/\" \/>\n<meta property=\"og:site_name\" content=\"Pelletterie D&amp;D\" \/>\n<meta property=\"article:publisher\" content=\"https:\/\/www.facebook.com\/dedpelletterie\" \/>\n<meta property=\"article:modified_time\" content=\"2025-01-02T17:11:13+00:00\" \/>\n<meta name=\"twitter:card\" content=\"summary_large_image\" \/>\n<meta name=\"twitter:label1\" content=\"Gesch\u00e4tzte Lesezeit\" \/>\n\t<meta name=\"twitter:data1\" content=\"8\u00a0Minuten\" \/>\n<script type=\"application\/ld+json\" class=\"yoast-schema-graph\">{\"@context\":\"https:\\\/\\\/schema.org\",\"@graph\":[{\"@type\":\"WebPage\",\"@id\":\"https:\\\/\\\/pelletterieded.com\\\/de\\\/verkaufsbedingungen\\\/\",\"url\":\"https:\\\/\\\/pelletterieded.com\\\/de\\\/verkaufsbedingungen\\\/\",\"name\":\"Verkaufsbedingungen - Pelletterie D&amp;D\",\"isPartOf\":{\"@id\":\"https:\\\/\\\/pelletterieded.com\\\/de\\\/#website\"},\"datePublished\":\"2020-07-23T16:29:30+00:00\",\"dateModified\":\"2025-01-02T17:11:13+00:00\",\"breadcrumb\":{\"@id\":\"https:\\\/\\\/pelletterieded.com\\\/de\\\/verkaufsbedingungen\\\/#breadcrumb\"},\"inLanguage\":\"de\",\"potentialAction\":[{\"@type\":\"ReadAction\",\"target\":[\"https:\\\/\\\/pelletterieded.com\\\/de\\\/verkaufsbedingungen\\\/\"]}]},{\"@type\":\"BreadcrumbList\",\"@id\":\"https:\\\/\\\/pelletterieded.com\\\/de\\\/verkaufsbedingungen\\\/#breadcrumb\",\"itemListElement\":[{\"@type\":\"ListItem\",\"position\":1,\"name\":\"Pelletterie D&amp;D\",\"item\":\"https:\\\/\\\/pelletterieded.com\\\/de\\\/\"},{\"@type\":\"ListItem\",\"position\":2,\"name\":\"Verkaufsbedingungen\"}]},{\"@type\":\"WebSite\",\"@id\":\"https:\\\/\\\/pelletterieded.com\\\/de\\\/#website\",\"url\":\"https:\\\/\\\/pelletterieded.com\\\/de\\\/\",\"name\":\"Pelletterie D&D\",\"description\":\"Outlet online di moda N\u00ba1 in Italia\",\"publisher\":{\"@id\":\"https:\\\/\\\/pelletterieded.com\\\/de\\\/#organization\"},\"potentialAction\":[{\"@type\":\"SearchAction\",\"target\":{\"@type\":\"EntryPoint\",\"urlTemplate\":\"https:\\\/\\\/pelletterieded.com\\\/de\\\/?s={search_term_string}\"},\"query-input\":{\"@type\":\"PropertyValueSpecification\",\"valueRequired\":true,\"valueName\":\"search_term_string\"}}],\"inLanguage\":\"de\"},{\"@type\":\"Organization\",\"@id\":\"https:\\\/\\\/pelletterieded.com\\\/de\\\/#organization\",\"name\":\"Pelletterie D&D\",\"url\":\"https:\\\/\\\/pelletterieded.com\\\/de\\\/\",\"logo\":{\"@type\":\"ImageObject\",\"inLanguage\":\"de\",\"@id\":\"https:\\\/\\\/pelletterieded.com\\\/de\\\/#\\\/schema\\\/logo\\\/image\\\/\",\"url\":\"https:\\\/\\\/pelletterieded.com\\\/wp-content\\\/uploads\\\/2019\\\/07\\\/logo-pelletterie-ded-mail.webp\",\"contentUrl\":\"https:\\\/\\\/pelletterieded.com\\\/wp-content\\\/uploads\\\/2019\\\/07\\\/logo-pelletterie-ded-mail.webp\",\"width\":185,\"height\":200,\"caption\":\"Pelletterie D&D\"},\"image\":{\"@id\":\"https:\\\/\\\/pelletterieded.com\\\/de\\\/#\\\/schema\\\/logo\\\/image\\\/\"},\"sameAs\":[\"https:\\\/\\\/www.facebook.com\\\/dedpelletterie\",\"https:\\\/\\\/www.instagram.com\\\/pelletterieded\\\/\"]}]}<\/script>\n<!-- \/ Yoast SEO plugin. -->","yoast_head_json":{"title":"Verkaufsbedingungen - Pelletterie D&amp;D","robots":{"index":"noindex","follow":"nofollow"},"og_locale":"de_DE","og_type":"article","og_title":"Verkaufsbedingungen - Pelletterie D&amp;D","og_url":"https:\/\/pelletterieded.com\/de\/verkaufsbedingungen\/","og_site_name":"Pelletterie D&amp;D","article_publisher":"https:\/\/www.facebook.com\/dedpelletterie","article_modified_time":"2025-01-02T17:11:13+00:00","twitter_card":"summary_large_image","twitter_misc":{"Gesch\u00e4tzte Lesezeit":"8\u00a0Minuten"},"schema":{"@context":"https:\/\/schema.org","@graph":[{"@type":"WebPage","@id":"https:\/\/pelletterieded.com\/de\/verkaufsbedingungen\/","url":"https:\/\/pelletterieded.com\/de\/verkaufsbedingungen\/","name":"Verkaufsbedingungen - Pelletterie D&amp;D","isPartOf":{"@id":"https:\/\/pelletterieded.com\/de\/#website"},"datePublished":"2020-07-23T16:29:30+00:00","dateModified":"2025-01-02T17:11:13+00:00","breadcrumb":{"@id":"https:\/\/pelletterieded.com\/de\/verkaufsbedingungen\/#breadcrumb"},"inLanguage":"de","potentialAction":[{"@type":"ReadAction","target":["https:\/\/pelletterieded.com\/de\/verkaufsbedingungen\/"]}]},{"@type":"BreadcrumbList","@id":"https:\/\/pelletterieded.com\/de\/verkaufsbedingungen\/#breadcrumb","itemListElement":[{"@type":"ListItem","position":1,"name":"Pelletterie D&amp;D","item":"https:\/\/pelletterieded.com\/de\/"},{"@type":"ListItem","position":2,"name":"Verkaufsbedingungen"}]},{"@type":"WebSite","@id":"https:\/\/pelletterieded.com\/de\/#website","url":"https:\/\/pelletterieded.com\/de\/","name":"Pelletterie D&D","description":"Outlet online di moda N\u00ba1 in Italia","publisher":{"@id":"https:\/\/pelletterieded.com\/de\/#organization"},"potentialAction":[{"@type":"SearchAction","target":{"@type":"EntryPoint","urlTemplate":"https:\/\/pelletterieded.com\/de\/?s={search_term_string}"},"query-input":{"@type":"PropertyValueSpecification","valueRequired":true,"valueName":"search_term_string"}}],"inLanguage":"de"},{"@type":"Organization","@id":"https:\/\/pelletterieded.com\/de\/#organization","name":"Pelletterie D&D","url":"https:\/\/pelletterieded.com\/de\/","logo":{"@type":"ImageObject","inLanguage":"de","@id":"https:\/\/pelletterieded.com\/de\/#\/schema\/logo\/image\/","url":"https:\/\/pelletterieded.com\/wp-content\/uploads\/2019\/07\/logo-pelletterie-ded-mail.webp","contentUrl":"https:\/\/pelletterieded.com\/wp-content\/uploads\/2019\/07\/logo-pelletterie-ded-mail.webp","width":185,"height":200,"caption":"Pelletterie D&D"},"image":{"@id":"https:\/\/pelletterieded.com\/de\/#\/schema\/logo\/image\/"},"sameAs":["https:\/\/www.facebook.com\/dedpelletterie","https:\/\/www.instagram.com\/pelletterieded\/"]}]}},"_hostinger_reach_plugin_has_subscription_block":false,"_hostinger_reach_plugin_is_elementor":false,"_links":{"self":[{"href":"https:\/\/pelletterieded.com\/de\/wp-json\/wp\/v2\/pages\/67394","targetHints":{"allow":["GET"]}}],"collection":[{"href":"https:\/\/pelletterieded.com\/de\/wp-json\/wp\/v2\/pages"}],"about":[{"href":"https:\/\/pelletterieded.com\/de\/wp-json\/wp\/v2\/types\/page"}],"author":[{"embeddable":true,"href":"https:\/\/pelletterieded.com\/de\/wp-json\/wp\/v2\/users\/275"}],"replies":[{"embeddable":true,"href":"https:\/\/pelletterieded.com\/de\/wp-json\/wp\/v2\/comments?post=67394"}],"version-history":[{"count":0,"href":"https:\/\/pelletterieded.com\/de\/wp-json\/wp\/v2\/pages\/67394\/revisions"}],"wp:attachment":[{"href":"https:\/\/pelletterieded.com\/de\/wp-json\/wp\/v2\/media?parent=67394"}],"curies":[{"name":"wp","href":"https:\/\/api.w.org\/{rel}","templated":true}]}}