{"id":67364,"date":"2020-07-23T17:32:11","date_gmt":"2020-07-23T15:32:11","guid":{"rendered":"http:\/\/pelletterieded.com\/ruecktrittsrecht\/"},"modified":"2023-03-24T16:03:28","modified_gmt":"2023-03-24T15:03:28","slug":"ruecktrittsrecht","status":"publish","type":"page","link":"https:\/\/pelletterieded.com\/de\/ruecktrittsrecht\/","title":{"rendered":"R\u00fccktrittsrecht"},"content":{"rendered":"<p class=\"p1\"><span class=\"s1\"><strong>Pelleterie D&amp;D<\/strong> sichert das Widerrufsrecht vom Kauf\u00a0<strong>innerhalb von und sp\u00e4testens 14\u00a0Tagen<\/strong> zu das Lieferdatum. Nach der Kunst. 52 Widerrufsrecht \u2013 Referenz zur Gesetzgebung <em>(Gesetzesdekret 206\/2005)<\/em>.<\/span><\/p>\n<p class=\"p2\"><span class=\"s1\">Nicht vom Widerrufsrecht betroffen sind: <\/span><\/p>\n<ul>\n<li class=\"p2\"><span class=\"s1\">Kundenspezifische Produkte oder Produkte, die f\u00fcr den B2B-Verkauf erworben wurden.<\/span><\/li>\n<li class=\"p2\"><span class=\"s1\">Alle Produkte ohne Etikett oder mit entferntem Etikett, gebraucht oder unvollst\u00e4ndig usw&#8230;.<\/span><\/li>\n<li>Fehlen wesentlicher Elemente des Produkts (Zubeh\u00f6r, Schultergurt, Griffe, Anh\u00e4nger, entsprechende Garantie usw.)<\/li>\n<li>Sch\u00e4den am Produkt aus anderen Gr\u00fcnden als dem Transport.<\/li>\n<li>Der Gegenstand muss sp\u00e4testens innerhalb von 15 Werktagen in der Zentrale eintreffen, bei l\u00e4ngerer Zeit verf\u00e4llt die R\u00fccksendung<\/li>\n<li class=\"p2\"><span class=\"s1\">Die Verpackung der Ware muss mit dem Originalkarton erfolgen, um zu verhindern, dass die Ware besch\u00e4digt ihren Bestimmungsort erreicht.<\/span><\/li>\n<li class=\"p2\">Sollte die Originalverpackung unbrauchbar sein, kann der Kunde eine in Gr\u00f6\u00dfe und St\u00e4rke gleichwertige Verpackung verwenden.<\/li>\n<\/ul>\n<p class=\"p2\"><span class=\"s1\">Der Kunde muss den R\u00fcckgabeantrag im entsprechenden Abschnitt seiner <strong><a href=\"https:\/\/pelletterieded.com\/de\/machen-sie-eine-ruecksendung\/\">pers\u00f6nlicher Bereich<\/a><\/strong> auf der Website Pelletterieded.com. Geben Sie an, ob Sie eine R\u00fcckerstattung oder einen Artikelumtausch w\u00fcnschen. Beif\u00fcgen von Fotos der erhaltenen Ware zur R\u00fccksendung und der Bestellnummer<\/span><\/p>\n<p class=\"p2\"><span class=\"s1\"><strong>Pelletterie D&amp;D<\/strong> liefert das Etikett ausschlie\u00dflich f\u00fcr Lieferungen nach Italien. F\u00fcr jede Bestellung wird nur ein Etikett bereitgestellt.<br \/>\n<\/span><span class=\"s1\">Wenn ein anderes Etikett verwendet wird, werden die R\u00fccksendekosten nicht erstattet.<\/span><\/p>\n<p>Bei R\u00fccksendungen au\u00dferhalb Italiens gehen alle Versandkosten, Steuern oder sonstigen Kosten zu Lasten des Kunden. Es ist die Pflicht des K\u00e4ufers, Pelletterie D&amp;D \u00fcber das Datum, die Sendungsverfolgungsnummer und den gew\u00e4hlten Kurierdienst zu informieren. In diesem Fall ist der Kunde f\u00fcr den Versand selbst verantwortlich<\/p>\n<p class=\"p2\"><span class=\"s1\">In allen anderen F\u00e4llen liegt die R\u00fccksendung in der Verantwortung des Kunden, der die volle Verantwortung daf\u00fcr tr\u00e4gt. Daher wird empfohlen, ein r\u00fcckverfolgbares Versandsystem zu verwenden.<\/span><\/p>\n<p class=\"p2\"><span class=\"s1\">Die R\u00fccksendung muss an folgende Adresse gesendet werden: <\/span><\/p>\n<p class=\"p2\"><strong>D&amp;D-Lederwaren \u2013 <\/strong><strong>Via Petrosa n 8 \u2013 <\/strong><strong>50019 Sesto Fiorentino (FI).<\/strong><\/p>\n<p class=\"p1\"><span class=\"s1\">R\u00fccksendungen, die auf andere Weise als oben angegeben erfolgen, werden nicht akzeptiert.<br \/>\n<\/span><\/p>\n<p class=\"p1\"><span class=\"s1\">Sobald die R\u00fccksendung ihren Bestimmungsort erreicht hat, \u00fcberpr\u00fcft Pelletterie D&amp;D die Rechtm\u00e4\u00dfigkeit der R\u00fccksendung und die Korrektheit der Vorg\u00e4nge und die Unversehrtheit des Produkts&lt;\/ span&gt;<\/span><\/p>\n<p class=\"p1\"><span class=\"s1\">Danach wird nur\u00a0der Kaufbetrag erstattet, nicht die Versandkosten (oder zus\u00e4tzliche Geb\u00fchren).<\/span><\/p>\n<p class=\"p1\"><span class=\"s1\">Diese Betr\u00e4ge werden \u00fcber das System, mit dem die Zahlung get\u00e4tigt wurde, innerhalb von zehn Tagen nach Erhalt der Retoure gutgeschrieben. <\/span><\/p>\n<p class=\"p1\"><span class=\"s1\">Alle Produkte von Pelletterie D&amp;D haben eine Garantie von 48 Monaten ab Lieferdatum.<\/span><\/p>\n<p class=\"p1\"><span class=\"s1\">Bei Problemen kann sich der Kunde an Pelletterie D&amp;D wenden, indem er eine E-Mail mit einer fotografischen Beschreibung des Problems an die folgende Adresse sendet: <strong>info@ pelletterieded.com<\/strong><\/span><\/p>\n<p class=\"p1\"><span class=\"s1\">Diese Garantie deckt keine Sch\u00e4den durch normalen Verschlei\u00df oder Unf\u00e4lle ab, die direkt oder indirekt vom Kunden verursacht wurden<br \/>\n<\/span><\/p>\n","protected":false},"excerpt":{"rendered":"<p>Pelleterie D&amp;D sichert das Widerrufsrecht vom Kauf\u00a0innerhalb von und sp\u00e4testens 14\u00a0Tagen zu das Lieferdatum. Nach der Kunst. 52 Widerrufsrecht \u2013 Referenz zur Gesetzgebung (Gesetzesdekret 206\/2005). Nicht vom Widerrufsrecht betroffen sind: Kundenspezifische Produkte oder Produkte, die f\u00fcr den B2B-Verkauf erworben wurden. Alle Produkte ohne Etikett oder mit entferntem Etikett, gebraucht oder unvollst\u00e4ndig usw&#8230;. Fehlen wesentlicher Elemente [&#8230;]\n","protected":false},"author":275,"featured_media":0,"parent":0,"menu_order":0,"comment_status":"closed","ping_status":"closed","template":"page-blank-title-center.php","meta":{"footnotes":""},"class_list":["post-67364","page","type-page","status-publish","hentry"],"yoast_head":"<!-- This site is optimized with the Yoast SEO plugin v27.4 - https:\/\/yoast.com\/product\/yoast-seo-wordpress\/ -->\n<title>R\u00fccktrittsrecht - Pelletterie D&amp;D<\/title>\n<meta name=\"robots\" content=\"noindex, nofollow\" \/>\n<meta property=\"og:locale\" content=\"de_DE\" \/>\n<meta property=\"og:type\" content=\"article\" \/>\n<meta property=\"og:title\" content=\"R\u00fccktrittsrecht - Pelletterie D&amp;D\" \/>\n<meta property=\"og:description\" content=\"Pelleterie D&amp;D sichert das Widerrufsrecht vom Kauf\u00a0innerhalb von und sp\u00e4testens 14\u00a0Tagen zu das Lieferdatum. Nach der Kunst. 52 Widerrufsrecht \u2013 Referenz zur Gesetzgebung (Gesetzesdekret 206\/2005). Nicht vom Widerrufsrecht betroffen sind: Kundenspezifische Produkte oder Produkte, die f\u00fcr den B2B-Verkauf erworben wurden. Alle Produkte ohne Etikett oder mit entferntem Etikett, gebraucht oder unvollst\u00e4ndig usw&#8230;. Fehlen wesentlicher Elemente [...]\" \/>\n<meta property=\"og:url\" content=\"https:\/\/pelletterieded.com\/de\/ruecktrittsrecht\/\" \/>\n<meta property=\"og:site_name\" content=\"Pelletterie D&amp;D\" \/>\n<meta property=\"article:publisher\" content=\"https:\/\/www.facebook.com\/dedpelletterie\" \/>\n<meta property=\"article:modified_time\" content=\"2023-03-24T15:03:28+00:00\" \/>\n<meta name=\"twitter:card\" content=\"summary_large_image\" \/>\n<meta name=\"twitter:label1\" content=\"Gesch\u00e4tzte Lesezeit\" \/>\n\t<meta name=\"twitter:data1\" content=\"2\u00a0Minuten\" \/>\n<script type=\"application\/ld+json\" class=\"yoast-schema-graph\">{\"@context\":\"https:\\\/\\\/schema.org\",\"@graph\":[{\"@type\":\"WebPage\",\"@id\":\"https:\\\/\\\/pelletterieded.com\\\/de\\\/ruecktrittsrecht\\\/\",\"url\":\"https:\\\/\\\/pelletterieded.com\\\/de\\\/ruecktrittsrecht\\\/\",\"name\":\"R\u00fccktrittsrecht - Pelletterie D&amp;D\",\"isPartOf\":{\"@id\":\"https:\\\/\\\/pelletterieded.com\\\/de\\\/#website\"},\"datePublished\":\"2020-07-23T15:32:11+00:00\",\"dateModified\":\"2023-03-24T15:03:28+00:00\",\"breadcrumb\":{\"@id\":\"https:\\\/\\\/pelletterieded.com\\\/de\\\/ruecktrittsrecht\\\/#breadcrumb\"},\"inLanguage\":\"de\",\"potentialAction\":[{\"@type\":\"ReadAction\",\"target\":[\"https:\\\/\\\/pelletterieded.com\\\/de\\\/ruecktrittsrecht\\\/\"]}]},{\"@type\":\"BreadcrumbList\",\"@id\":\"https:\\\/\\\/pelletterieded.com\\\/de\\\/ruecktrittsrecht\\\/#breadcrumb\",\"itemListElement\":[{\"@type\":\"ListItem\",\"position\":1,\"name\":\"Pelletterie D&amp;D\",\"item\":\"https:\\\/\\\/pelletterieded.com\\\/de\\\/\"},{\"@type\":\"ListItem\",\"position\":2,\"name\":\"R\u00fccktrittsrecht\"}]},{\"@type\":\"WebSite\",\"@id\":\"https:\\\/\\\/pelletterieded.com\\\/de\\\/#website\",\"url\":\"https:\\\/\\\/pelletterieded.com\\\/de\\\/\",\"name\":\"Pelletterie D&D\",\"description\":\"Outlet online di moda N\u00ba1 in Italia\",\"publisher\":{\"@id\":\"https:\\\/\\\/pelletterieded.com\\\/de\\\/#organization\"},\"potentialAction\":[{\"@type\":\"SearchAction\",\"target\":{\"@type\":\"EntryPoint\",\"urlTemplate\":\"https:\\\/\\\/pelletterieded.com\\\/de\\\/?s={search_term_string}\"},\"query-input\":{\"@type\":\"PropertyValueSpecification\",\"valueRequired\":true,\"valueName\":\"search_term_string\"}}],\"inLanguage\":\"de\"},{\"@type\":\"Organization\",\"@id\":\"https:\\\/\\\/pelletterieded.com\\\/de\\\/#organization\",\"name\":\"Pelletterie D&D\",\"url\":\"https:\\\/\\\/pelletterieded.com\\\/de\\\/\",\"logo\":{\"@type\":\"ImageObject\",\"inLanguage\":\"de\",\"@id\":\"https:\\\/\\\/pelletterieded.com\\\/de\\\/#\\\/schema\\\/logo\\\/image\\\/\",\"url\":\"https:\\\/\\\/pelletterieded.com\\\/wp-content\\\/uploads\\\/2019\\\/07\\\/logo-pelletterie-ded-mail.webp\",\"contentUrl\":\"https:\\\/\\\/pelletterieded.com\\\/wp-content\\\/uploads\\\/2019\\\/07\\\/logo-pelletterie-ded-mail.webp\",\"width\":185,\"height\":200,\"caption\":\"Pelletterie D&D\"},\"image\":{\"@id\":\"https:\\\/\\\/pelletterieded.com\\\/de\\\/#\\\/schema\\\/logo\\\/image\\\/\"},\"sameAs\":[\"https:\\\/\\\/www.facebook.com\\\/dedpelletterie\",\"https:\\\/\\\/www.instagram.com\\\/pelletterieded\\\/\"]}]}<\/script>\n<!-- \/ Yoast SEO plugin. -->","yoast_head_json":{"title":"R\u00fccktrittsrecht - Pelletterie D&amp;D","robots":{"index":"noindex","follow":"nofollow"},"og_locale":"de_DE","og_type":"article","og_title":"R\u00fccktrittsrecht - Pelletterie D&amp;D","og_description":"Pelleterie D&amp;D sichert das Widerrufsrecht vom Kauf\u00a0innerhalb von und sp\u00e4testens 14\u00a0Tagen zu das Lieferdatum. Nach der Kunst. 52 Widerrufsrecht \u2013 Referenz zur Gesetzgebung (Gesetzesdekret 206\/2005). Nicht vom Widerrufsrecht betroffen sind: Kundenspezifische Produkte oder Produkte, die f\u00fcr den B2B-Verkauf erworben wurden. Alle Produkte ohne Etikett oder mit entferntem Etikett, gebraucht oder unvollst\u00e4ndig usw&#8230;. Fehlen wesentlicher Elemente [...]","og_url":"https:\/\/pelletterieded.com\/de\/ruecktrittsrecht\/","og_site_name":"Pelletterie D&amp;D","article_publisher":"https:\/\/www.facebook.com\/dedpelletterie","article_modified_time":"2023-03-24T15:03:28+00:00","twitter_card":"summary_large_image","twitter_misc":{"Gesch\u00e4tzte Lesezeit":"2\u00a0Minuten"},"schema":{"@context":"https:\/\/schema.org","@graph":[{"@type":"WebPage","@id":"https:\/\/pelletterieded.com\/de\/ruecktrittsrecht\/","url":"https:\/\/pelletterieded.com\/de\/ruecktrittsrecht\/","name":"R\u00fccktrittsrecht - Pelletterie D&amp;D","isPartOf":{"@id":"https:\/\/pelletterieded.com\/de\/#website"},"datePublished":"2020-07-23T15:32:11+00:00","dateModified":"2023-03-24T15:03:28+00:00","breadcrumb":{"@id":"https:\/\/pelletterieded.com\/de\/ruecktrittsrecht\/#breadcrumb"},"inLanguage":"de","potentialAction":[{"@type":"ReadAction","target":["https:\/\/pelletterieded.com\/de\/ruecktrittsrecht\/"]}]},{"@type":"BreadcrumbList","@id":"https:\/\/pelletterieded.com\/de\/ruecktrittsrecht\/#breadcrumb","itemListElement":[{"@type":"ListItem","position":1,"name":"Pelletterie D&amp;D","item":"https:\/\/pelletterieded.com\/de\/"},{"@type":"ListItem","position":2,"name":"R\u00fccktrittsrecht"}]},{"@type":"WebSite","@id":"https:\/\/pelletterieded.com\/de\/#website","url":"https:\/\/pelletterieded.com\/de\/","name":"Pelletterie D&D","description":"Outlet online di moda N\u00ba1 in Italia","publisher":{"@id":"https:\/\/pelletterieded.com\/de\/#organization"},"potentialAction":[{"@type":"SearchAction","target":{"@type":"EntryPoint","urlTemplate":"https:\/\/pelletterieded.com\/de\/?s={search_term_string}"},"query-input":{"@type":"PropertyValueSpecification","valueRequired":true,"valueName":"search_term_string"}}],"inLanguage":"de"},{"@type":"Organization","@id":"https:\/\/pelletterieded.com\/de\/#organization","name":"Pelletterie D&D","url":"https:\/\/pelletterieded.com\/de\/","logo":{"@type":"ImageObject","inLanguage":"de","@id":"https:\/\/pelletterieded.com\/de\/#\/schema\/logo\/image\/","url":"https:\/\/pelletterieded.com\/wp-content\/uploads\/2019\/07\/logo-pelletterie-ded-mail.webp","contentUrl":"https:\/\/pelletterieded.com\/wp-content\/uploads\/2019\/07\/logo-pelletterie-ded-mail.webp","width":185,"height":200,"caption":"Pelletterie D&D"},"image":{"@id":"https:\/\/pelletterieded.com\/de\/#\/schema\/logo\/image\/"},"sameAs":["https:\/\/www.facebook.com\/dedpelletterie","https:\/\/www.instagram.com\/pelletterieded\/"]}]}},"_hostinger_reach_plugin_has_subscription_block":false,"_hostinger_reach_plugin_is_elementor":false,"_links":{"self":[{"href":"https:\/\/pelletterieded.com\/de\/wp-json\/wp\/v2\/pages\/67364","targetHints":{"allow":["GET"]}}],"collection":[{"href":"https:\/\/pelletterieded.com\/de\/wp-json\/wp\/v2\/pages"}],"about":[{"href":"https:\/\/pelletterieded.com\/de\/wp-json\/wp\/v2\/types\/page"}],"author":[{"embeddable":true,"href":"https:\/\/pelletterieded.com\/de\/wp-json\/wp\/v2\/users\/275"}],"replies":[{"embeddable":true,"href":"https:\/\/pelletterieded.com\/de\/wp-json\/wp\/v2\/comments?post=67364"}],"version-history":[{"count":0,"href":"https:\/\/pelletterieded.com\/de\/wp-json\/wp\/v2\/pages\/67364\/revisions"}],"wp:attachment":[{"href":"https:\/\/pelletterieded.com\/de\/wp-json\/wp\/v2\/media?parent=67364"}],"curies":[{"name":"wp","href":"https:\/\/api.w.org\/{rel}","templated":true}]}}