{"id":67268,"date":"2020-07-22T18:47:13","date_gmt":"2020-07-22T16:47:13","guid":{"rendered":"http:\/\/pelletterieded.com\/wer-wir-sind\/"},"modified":"2020-07-22T18:47:15","modified_gmt":"2020-07-22T16:47:15","slug":"wer-wir-sind","status":"publish","type":"page","link":"https:\/\/pelletterieded.com\/de\/wer-wir-sind\/","title":{"rendered":"Wer wir sind"},"content":{"rendered":"<div class=\"row row-collapse row-full-width\"  id=\"row-9541633\">\n\n\t<div id=\"col-1291160810\" class=\"col medium-6 small-12 large-6\"  >\n\t\t\t\t<div class=\"col-inner text-left\"  >\n\t\t\t\n\t\t\t\n\t<div id=\"gap-1035300193\" class=\"gap-element clearfix\" style=\"display:block; height:auto;\">\n\t\t\n<style>\n#gap-1035300193 {\n  padding-top: 70px;\n}\n<\/style>\n\t<\/div>\n\t\n<h1><span style=\"font-size: 120%\">Unsere Geschichte<\/span><\/h1>\n<div class=\"is-divider divider clearfix\" style=\"max-width:292px;\"><\/div>\n\t<div id=\"gap-1027052098\" class=\"gap-element clearfix\" style=\"display:block; height:auto;\">\n\t\t\n<style>\n#gap-1027052098 {\n  padding-top: 15px;\n}\n<\/style>\n\t<\/div>\n\t\n<p><strong>Pelletterie D&amp;D<\/strong> entstand in den 90er Jahren als kleine handwerkliche Realit\u00e4t, um sich im Laufe der Zeit in ein Unternehmen zu verwandeln, in dem Tradition, Modernit\u00e4t, handwerkliches K\u00f6nnen und Technologie in einem <em>gl\u00fccklichen<\/em> <em>und perfekten<\/em><em>Gleichgewicht<\/em> <em>nebeneinander<\/em>bestehen. Die intelligente R\u00fcckgewinnung der <strong>altenLederverarbeitung, wie z.B. die vegetale Gerbung und die Handstopfung von H\u00e4uten, ist zu unserer St\u00e4rke und zum besonderen Merkmal der D&amp;D-Produkte geworden.<\/strong> <\/p>\n<p>Die Schaffung eines klassischen, aber immer zeitgem\u00e4\u00dfen Stils und die Modernisierung der alten toskanischen Lederwaren haben zum Statement der D&amp;D-Produkte und der Pers\u00f6nlichkeit des Unternehmens in<strong>Italien und in der Welt beigetragen.<\/strong><\/p>\n\t<div id=\"gap-1672768322\" class=\"gap-element clearfix\" style=\"display:block; height:auto;\">\n\t\t\n<style>\n#gap-1672768322 {\n  padding-top: 20px;\n}\n<\/style>\n\t<\/div>\n\t\n<div class=\"row\"  id=\"row-1574527269\">\n\n\t<div id=\"col-4840808\" class=\"col small-12 large-12\"  >\n\t\t\t\t<div class=\"col-inner\"  >\n\t\t\t\n\t\t\t\n\n\t\t<div class=\"icon-box featured-box icon-box-top text-left\"  >\n\t\t\t\t<div class=\"icon-box-text last-reset\">\n\t\t\t\t\t\t\t\t\t\n<h5>MISSIONEN<\/h5>\n<p><span style=\"font-size: 85%\">Das Kerngesch\u00e4ft der Firma <strong>D&amp;D<\/strong>ist die volle Zufriedenheit des Kunden in Bezug auf die Qualit\u00e4t des Produkts; die kontinuierliche Forschung der Materialien <em>Made in<\/em> <strong>Italy<\/strong>und die strengen Tests der Rohstoffe, die D&amp;D bei seinen Lieferanten durchf\u00fchrt, bieten eine Garantie f\u00fcr ein Produkt, das den festgelegten Qualit\u00e4tsstandards entspricht; au\u00dferdem wird jedes D&amp;D-Produkt von erfahrenen Lederfacharbeitern weiter kontrolliert, um zu verhindern, dass fehlerhafte oder unseren Anspr\u00fcchen nicht entsprechende Produkte auf den Markt kommen. <\/span><\/p>\n\t\t<\/div>\n\t<\/div>\n\t\n\t\n\t\t<\/div>\n\t\t\t\t\t<\/div>\n\n\t\n<\/div>\n\t\t<\/div>\n\t\t\t\t\n<style>\n#col-1291160810 > .col-inner {\n  padding: 0px 30px 50px 30px;\n}\n<\/style>\n\t<\/div>\n\n\t\n\n\t<div id=\"col-302483481\" class=\"col medium-6 small-12 large-6\"  >\n\t\t\t\t<div class=\"col-inner\"  >\n\t\t\t\n\t\t\t\n\n  <div class=\"banner has-hover\" id=\"banner-858116810\">\n          <div class=\"banner-inner fill\">\n        <div class=\"banner-bg fill\" >\n            <img fetchpriority=\"high\" decoding=\"async\" width=\"960\" height=\"500\" src=\"https:\/\/pelletterieded.com\/wp-content\/uploads\/2019\/07\/cuoio-fiorentino-made-in-italy.webp\" class=\"bg attachment-large size-large wvs-archive-product-image\" alt=\"cuoio fiorentino made in italy\" \/>                                    \n                    <\/div>\n\t\t\n        <div class=\"banner-layers container\">\n            <div class=\"fill banner-link\"><\/div>            \n   <div id=\"text-box-1274966070\" class=\"text-box banner-layer x50 md-x50 lg-x50 y50 md-y50 lg-y50 res-text\">\n                                <div class=\"text-box-content text dark\">\n              \n              <div class=\"text-inner text-center\">\n                  \n<div class=\"video-button-wrapper\" style=\"font-size:220%\"><a href=\"https:\/\/www.youtube.com\/watch?v=eaxhj5MmGVU\" class=\"button open-video icon circle is-outline is-xlarge\" role=\"button\" aria-label=\"Open video in lightbox\" data-flatsome-role-button><i class=\"icon-play\" aria-hidden=\"true\" style=\"font-size:1.5em;\"><\/i><\/a><\/div>\n              <\/div>\n           <\/div>\n                            \n<style>\n#text-box-1274966070 {\n  width: 60%;\n}\n#text-box-1274966070 .text-box-content {\n  font-size: 100%;\n}\n@media (min-width:550px) {\n  #text-box-1274966070 {\n    width: 60%;\n  }\n}\n<\/style>\n    <\/div>\n \n        <\/div>\n      <\/div>\n\n            \n<style>\n#banner-858116810 {\n  padding-top: 450px;\n}\n#banner-858116810 .banner-bg img {\n  object-position: 49% 68%;\n}\n@media (min-width:550px) {\n  #banner-858116810 {\n    padding-top: 667px;\n  }\n}\n<\/style>\n  <\/div>\n\n\n\t\t<\/div>\n\t\t\t\t\n<style>\n#col-302483481 > .col-inner {\n  margin: 50px 0px 0px 0px;\n}\n<\/style>\n\t<\/div>\n\n\t\n<\/div>\n<div class=\"row row-collapse row-full-width\"  id=\"row-418521028\">\n\n\t<div id=\"col-1689018751\" class=\"col medium-6 small-12 large-6\"  >\n\t\t\t\t<div class=\"col-inner\"  >\n\t\t\t\n\t\t\t\n\n  <div class=\"banner has-hover\" id=\"banner-1202252787\">\n          <div class=\"banner-inner fill\">\n        <div class=\"banner-bg fill\" >\n            <img decoding=\"async\" width=\"800\" height=\"1200\" src=\"https:\/\/pelletterieded.com\/wp-content\/uploads\/2018\/07\/cartella-messenger-dettaglio-800x1200.jpg\" class=\"bg attachment-large size-large wvs-archive-product-image\" alt=\"\" \/>                                    \n                    <\/div>\n\t\t\n        <div class=\"banner-layers container\">\n            <div class=\"fill banner-link\"><\/div>            \n   <div id=\"text-box-1920123041\" class=\"text-box banner-layer x50 md-x50 lg-x50 y50 md-y50 lg-y50 res-text\">\n                                <div class=\"text-box-content text dark\">\n              \n              <div class=\"text-inner text-center\">\n                  \n              <\/div>\n           <\/div>\n                            \n<style>\n#text-box-1920123041 {\n  width: 60%;\n}\n#text-box-1920123041 .text-box-content {\n  font-size: 100%;\n}\n@media (min-width:550px) {\n  #text-box-1920123041 {\n    width: 60%;\n  }\n}\n<\/style>\n    <\/div>\n \n        <\/div>\n      <\/div>\n\n            \n<style>\n#banner-1202252787 {\n  padding-top: 450px;\n}\n#banner-1202252787 .banner-bg img {\n  object-position: 49% 68%;\n}\n@media (min-width:550px) {\n  #banner-1202252787 {\n    padding-top: 880px;\n  }\n}\n<\/style>\n  <\/div>\n\n\n\t\t<\/div>\n\t\t\t\t\n<style>\n#col-1689018751 > .col-inner {\n  margin: 50px 0px 0px 0px;\n}\n<\/style>\n\t<\/div>\n\n\t\n\n\t<div id=\"col-478188586\" class=\"col medium-6 small-12 large-6\"  >\n\t\t\t\t<div class=\"col-inner text-left\"  >\n\t\t\t\n\t\t\t\n\t<div id=\"gap-1571792660\" class=\"gap-element clearfix\" style=\"display:block; height:auto;\">\n\t\t\n<style>\n#gap-1571792660 {\n  padding-top: 70px;\n}\n<\/style>\n\t<\/div>\n\t\n<h1><span style=\"font-size: 120%\">Unsere Produkte<\/span><\/h1>\n<div class=\"is-divider divider clearfix\" style=\"max-width:292px;\"><\/div>\n\t<div id=\"gap-1212415284\" class=\"gap-element clearfix\" style=\"display:block; height:auto;\">\n\t\t\n<style>\n#gap-1212415284 {\n  padding-top: 15px;\n}\n<\/style>\n\t<\/div>\n\t\n<p>Alle D&amp;D-Produkte<strong>werden ausschlie\u00dflich<\/strong> im wichtigsten toskanischen Lederwarenzentrum in <strong>Florenz hergestellt<\/strong>, wo neben der klugen Montage des Produkts, die von fachkundigen H\u00e4nden ausgef\u00fchrt wird, sowohl das Design als auch die technische Modellierung kreiert werden.<\/p>\n<p>Die Auswahl des Leders wird von Zeit zu Zeit in den Gerbereien von Santa Croce sull&#8217;Arno von unseren erfahrenen Lederarbeitern begutachtet, wobei Farben, Schattierungen und Charakter des Leders angepasst werden, um ein Produkt zu erhalten, das die Marke D&amp;D auszeichnet.<\/p>\n<p>Auch die <strong>Metallarbeiten<\/strong> werden von Handwerkern des Sektors, die im florentinischen Produktionszentrum pr\u00e4sent sind, studiert, ausgearbeitet und realisiert, um eine rigorose italienische Qualit\u00e4t und jenen Touch von Originalit\u00e4t zu garantieren, der uns auszeichnet.<br \/>D&amp;D widmet seine Produkte denjenigen, <strong>die Luxus<\/strong> mit Alltagstauglichkeit verbinden wollen, und pr\u00e4sentiert sich sowohl einem Publikum von Fachkr\u00e4ften und Managern, als auch <strong>Liebhabern einer \u00fcberwiegend toskanischen Tradition<\/strong> von Lederwaren der Vergangenheit.<\/p>\n\t<div id=\"gap-275899065\" class=\"gap-element clearfix\" style=\"display:block; height:auto;\">\n\t\t\n<style>\n#gap-275899065 {\n  padding-top: 10px;\n}\n<\/style>\n\t<\/div>\n\t\n<div class=\"row\"  id=\"row-1684946716\">\n\n\t<div id=\"col-1394946850\" class=\"col small-12 large-12\"  >\n\t\t\t\t<div class=\"col-inner\"  >\n\t\t\t\n\t\t\t\n\n\t\t<div class=\"icon-box featured-box icon-box-top text-left\"  >\n\t\t\t\t\t<div class=\"icon-box-img\" style=\"width: 80px\">\n\t\t\t\t<div class=\"icon\">\n\t\t\t\t\t<div class=\"icon-inner\" >\n\t\t\t\t\t\t<img decoding=\"async\" width=\"132\" height=\"132\" src=\"https:\/\/pelletterieded.com\/wp-content\/uploads\/2019\/09\/pelle-conciata-vegetale.webp\" class=\"attachment-medium size-medium wvs-archive-product-image\" alt=\"\" srcset=\"https:\/\/pelletterieded.com\/wp-content\/uploads\/2019\/09\/pelle-conciata-vegetale.webp 132w, https:\/\/pelletterieded.com\/wp-content\/uploads\/2019\/09\/pelle-conciata-vegetale-100x100.png 100w\" sizes=\"(max-width: 132px) 100vw, 132px\" \/>\t\t\t\t\t<\/div>\n\t\t\t\t<\/div>\n\t\t\t<\/div>\n\t\t\t\t<div class=\"icon-box-text last-reset\">\n\t\t\t\t\t\t\t\t\t\n<p><span style=\"font-size: 85%\">Alle <strong>D&amp;D-Produkte<\/strong> werden aus Leder hergestellt, das nur von toskanischen Gerbereien produziert wird, die dem Konsortium f\u00fcr echtes italienisches pflanzlich gegerbtes Leder angeh\u00f6ren, um die h\u00f6chste Qualit\u00e4t des Endprodukts zu gew\u00e4hrleisten. Alle D&amp;D-Produkte verwenden <strong>Metallrei\u00dfverschl\u00fcsse von YKK<\/strong>, einem weltweit f\u00fchrenden Unternehmen im High-Fashion-Sektor.<\/span><\/p>\n\t\t<\/div>\n\t<\/div>\n\t\n\t\n\t\t<\/div>\n\t\t\t\t\t<\/div>\n\n\t\n<\/div>\n\t\t<\/div>\n\t\t\t\t\n<style>\n#col-478188586 > .col-inner {\n  padding: 0px 30px 50px 30px;\n}\n<\/style>\n\t<\/div>\n\n\t\n<\/div>\n","protected":false},"excerpt":{"rendered":"","protected":false},"author":275,"featured_media":0,"parent":0,"menu_order":0,"comment_status":"closed","ping_status":"closed","template":"","meta":{"footnotes":""},"class_list":["post-67268","page","type-page","status-publish","hentry"],"yoast_head":"<!-- This site is optimized with the Yoast SEO plugin v27.4 - https:\/\/yoast.com\/product\/yoast-seo-wordpress\/ -->\n<title>Florentiner Lederwaren Made in Italy - D &amp; D Lederwaren<\/title>\n<meta name=\"description\" content=\"Alle D&amp;D-Produkte werden ausschlie\u00dflich im toskanischen Hauptzentrum f\u00fcr florentinische Lederwaren hergestellt. Besuchen Sie unseren Shop, versandkostenfrei.\" \/>\n<meta name=\"robots\" content=\"index, follow, max-snippet:-1, max-image-preview:large, max-video-preview:-1\" \/>\n<link rel=\"canonical\" href=\"https:\/\/pelletterieded.com\/de\/wer-wir-sind\/\" \/>\n<meta property=\"og:locale\" content=\"de_DE\" \/>\n<meta property=\"og:type\" content=\"article\" \/>\n<meta property=\"og:title\" content=\"Florentiner Lederwaren Made in Italy - D &amp; D Lederwaren\" \/>\n<meta property=\"og:description\" content=\"Alle D&amp;D-Produkte werden ausschlie\u00dflich im toskanischen Hauptzentrum f\u00fcr florentinische Lederwaren hergestellt. Besuchen Sie unseren Shop, versandkostenfrei.\" \/>\n<meta property=\"og:url\" content=\"https:\/\/pelletterieded.com\/de\/wer-wir-sind\/\" \/>\n<meta property=\"og:site_name\" content=\"Pelletterie D&amp;D\" \/>\n<meta property=\"article:publisher\" content=\"https:\/\/www.facebook.com\/dedpelletterie\" \/>\n<meta property=\"article:modified_time\" content=\"2020-07-22T16:47:15+00:00\" \/>\n<meta name=\"twitter:card\" content=\"summary_large_image\" \/>\n<meta name=\"twitter:label1\" content=\"Gesch\u00e4tzte Lesezeit\" \/>\n\t<meta name=\"twitter:data1\" content=\"3\u00a0Minuten\" \/>\n<script type=\"application\/ld+json\" class=\"yoast-schema-graph\">{\"@context\":\"https:\\\/\\\/schema.org\",\"@graph\":[{\"@type\":\"WebPage\",\"@id\":\"https:\\\/\\\/pelletterieded.com\\\/de\\\/wer-wir-sind\\\/\",\"url\":\"https:\\\/\\\/pelletterieded.com\\\/de\\\/wer-wir-sind\\\/\",\"name\":\"Florentiner Lederwaren Made in Italy - D & D Lederwaren\",\"isPartOf\":{\"@id\":\"https:\\\/\\\/pelletterieded.com\\\/de\\\/#website\"},\"datePublished\":\"2020-07-22T16:47:13+00:00\",\"dateModified\":\"2020-07-22T16:47:15+00:00\",\"description\":\"Alle D&D-Produkte werden ausschlie\u00dflich im toskanischen Hauptzentrum f\u00fcr florentinische Lederwaren hergestellt. Besuchen Sie unseren Shop, versandkostenfrei.\",\"breadcrumb\":{\"@id\":\"https:\\\/\\\/pelletterieded.com\\\/de\\\/wer-wir-sind\\\/#breadcrumb\"},\"inLanguage\":\"de\",\"potentialAction\":[{\"@type\":\"ReadAction\",\"target\":[\"https:\\\/\\\/pelletterieded.com\\\/de\\\/wer-wir-sind\\\/\"]}]},{\"@type\":\"BreadcrumbList\",\"@id\":\"https:\\\/\\\/pelletterieded.com\\\/de\\\/wer-wir-sind\\\/#breadcrumb\",\"itemListElement\":[{\"@type\":\"ListItem\",\"position\":1,\"name\":\"Pelletterie D&amp;D\",\"item\":\"https:\\\/\\\/pelletterieded.com\\\/de\\\/\"},{\"@type\":\"ListItem\",\"position\":2,\"name\":\"Wer wir sind\"}]},{\"@type\":\"WebSite\",\"@id\":\"https:\\\/\\\/pelletterieded.com\\\/de\\\/#website\",\"url\":\"https:\\\/\\\/pelletterieded.com\\\/de\\\/\",\"name\":\"Pelletterie D&D\",\"description\":\"Outlet online di moda N\u00ba1 in Italia\",\"publisher\":{\"@id\":\"https:\\\/\\\/pelletterieded.com\\\/de\\\/#organization\"},\"potentialAction\":[{\"@type\":\"SearchAction\",\"target\":{\"@type\":\"EntryPoint\",\"urlTemplate\":\"https:\\\/\\\/pelletterieded.com\\\/de\\\/?s={search_term_string}\"},\"query-input\":{\"@type\":\"PropertyValueSpecification\",\"valueRequired\":true,\"valueName\":\"search_term_string\"}}],\"inLanguage\":\"de\"},{\"@type\":\"Organization\",\"@id\":\"https:\\\/\\\/pelletterieded.com\\\/de\\\/#organization\",\"name\":\"Pelletterie D&D\",\"url\":\"https:\\\/\\\/pelletterieded.com\\\/de\\\/\",\"logo\":{\"@type\":\"ImageObject\",\"inLanguage\":\"de\",\"@id\":\"https:\\\/\\\/pelletterieded.com\\\/de\\\/#\\\/schema\\\/logo\\\/image\\\/\",\"url\":\"https:\\\/\\\/pelletterieded.com\\\/wp-content\\\/uploads\\\/2019\\\/07\\\/logo-pelletterie-ded-mail.webp\",\"contentUrl\":\"https:\\\/\\\/pelletterieded.com\\\/wp-content\\\/uploads\\\/2019\\\/07\\\/logo-pelletterie-ded-mail.webp\",\"width\":185,\"height\":200,\"caption\":\"Pelletterie D&D\"},\"image\":{\"@id\":\"https:\\\/\\\/pelletterieded.com\\\/de\\\/#\\\/schema\\\/logo\\\/image\\\/\"},\"sameAs\":[\"https:\\\/\\\/www.facebook.com\\\/dedpelletterie\",\"https:\\\/\\\/www.instagram.com\\\/pelletterieded\\\/\"]}]}<\/script>\n<!-- \/ Yoast SEO plugin. -->","yoast_head_json":{"title":"Florentiner Lederwaren Made in Italy - D & D Lederwaren","description":"Alle D&D-Produkte werden ausschlie\u00dflich im toskanischen Hauptzentrum f\u00fcr florentinische Lederwaren hergestellt. Besuchen Sie unseren Shop, versandkostenfrei.","robots":{"index":"index","follow":"follow","max-snippet":"max-snippet:-1","max-image-preview":"max-image-preview:large","max-video-preview":"max-video-preview:-1"},"canonical":"https:\/\/pelletterieded.com\/de\/wer-wir-sind\/","og_locale":"de_DE","og_type":"article","og_title":"Florentiner Lederwaren Made in Italy - D & D Lederwaren","og_description":"Alle D&D-Produkte werden ausschlie\u00dflich im toskanischen Hauptzentrum f\u00fcr florentinische Lederwaren hergestellt. Besuchen Sie unseren Shop, versandkostenfrei.","og_url":"https:\/\/pelletterieded.com\/de\/wer-wir-sind\/","og_site_name":"Pelletterie D&amp;D","article_publisher":"https:\/\/www.facebook.com\/dedpelletterie","article_modified_time":"2020-07-22T16:47:15+00:00","twitter_card":"summary_large_image","twitter_misc":{"Gesch\u00e4tzte Lesezeit":"3\u00a0Minuten"},"schema":{"@context":"https:\/\/schema.org","@graph":[{"@type":"WebPage","@id":"https:\/\/pelletterieded.com\/de\/wer-wir-sind\/","url":"https:\/\/pelletterieded.com\/de\/wer-wir-sind\/","name":"Florentiner Lederwaren Made in Italy - D & D Lederwaren","isPartOf":{"@id":"https:\/\/pelletterieded.com\/de\/#website"},"datePublished":"2020-07-22T16:47:13+00:00","dateModified":"2020-07-22T16:47:15+00:00","description":"Alle D&D-Produkte werden ausschlie\u00dflich im toskanischen Hauptzentrum f\u00fcr florentinische Lederwaren hergestellt. Besuchen Sie unseren Shop, versandkostenfrei.","breadcrumb":{"@id":"https:\/\/pelletterieded.com\/de\/wer-wir-sind\/#breadcrumb"},"inLanguage":"de","potentialAction":[{"@type":"ReadAction","target":["https:\/\/pelletterieded.com\/de\/wer-wir-sind\/"]}]},{"@type":"BreadcrumbList","@id":"https:\/\/pelletterieded.com\/de\/wer-wir-sind\/#breadcrumb","itemListElement":[{"@type":"ListItem","position":1,"name":"Pelletterie D&amp;D","item":"https:\/\/pelletterieded.com\/de\/"},{"@type":"ListItem","position":2,"name":"Wer wir sind"}]},{"@type":"WebSite","@id":"https:\/\/pelletterieded.com\/de\/#website","url":"https:\/\/pelletterieded.com\/de\/","name":"Pelletterie D&D","description":"Outlet online di moda N\u00ba1 in Italia","publisher":{"@id":"https:\/\/pelletterieded.com\/de\/#organization"},"potentialAction":[{"@type":"SearchAction","target":{"@type":"EntryPoint","urlTemplate":"https:\/\/pelletterieded.com\/de\/?s={search_term_string}"},"query-input":{"@type":"PropertyValueSpecification","valueRequired":true,"valueName":"search_term_string"}}],"inLanguage":"de"},{"@type":"Organization","@id":"https:\/\/pelletterieded.com\/de\/#organization","name":"Pelletterie D&D","url":"https:\/\/pelletterieded.com\/de\/","logo":{"@type":"ImageObject","inLanguage":"de","@id":"https:\/\/pelletterieded.com\/de\/#\/schema\/logo\/image\/","url":"https:\/\/pelletterieded.com\/wp-content\/uploads\/2019\/07\/logo-pelletterie-ded-mail.webp","contentUrl":"https:\/\/pelletterieded.com\/wp-content\/uploads\/2019\/07\/logo-pelletterie-ded-mail.webp","width":185,"height":200,"caption":"Pelletterie D&D"},"image":{"@id":"https:\/\/pelletterieded.com\/de\/#\/schema\/logo\/image\/"},"sameAs":["https:\/\/www.facebook.com\/dedpelletterie","https:\/\/www.instagram.com\/pelletterieded\/"]}]}},"_hostinger_reach_plugin_has_subscription_block":false,"_hostinger_reach_plugin_is_elementor":false,"_links":{"self":[{"href":"https:\/\/pelletterieded.com\/de\/wp-json\/wp\/v2\/pages\/67268","targetHints":{"allow":["GET"]}}],"collection":[{"href":"https:\/\/pelletterieded.com\/de\/wp-json\/wp\/v2\/pages"}],"about":[{"href":"https:\/\/pelletterieded.com\/de\/wp-json\/wp\/v2\/types\/page"}],"author":[{"embeddable":true,"href":"https:\/\/pelletterieded.com\/de\/wp-json\/wp\/v2\/users\/275"}],"replies":[{"embeddable":true,"href":"https:\/\/pelletterieded.com\/de\/wp-json\/wp\/v2\/comments?post=67268"}],"version-history":[{"count":0,"href":"https:\/\/pelletterieded.com\/de\/wp-json\/wp\/v2\/pages\/67268\/revisions"}],"wp:attachment":[{"href":"https:\/\/pelletterieded.com\/de\/wp-json\/wp\/v2\/media?parent=67268"}],"curies":[{"name":"wp","href":"https:\/\/api.w.org\/{rel}","templated":true}]}}