{"id":180079,"date":"2023-01-31T10:15:35","date_gmt":"2023-01-31T09:15:35","guid":{"rendered":"https:\/\/pelletterieded.com\/machen-sie-eine-ruecksendung\/"},"modified":"2023-03-24T16:00:55","modified_gmt":"2023-03-24T15:00:55","slug":"machen-sie-eine-ruecksendung","status":"publish","type":"page","link":"https:\/\/pelletterieded.com\/de\/machen-sie-eine-ruecksendung\/","title":{"rendered":"Machen Sie eine R\u00fccksendung"},"content":{"rendered":"\n\t<section class=\"section\" id=\"section_1167407249\">\n\t\t<div class=\"section-bg fill\" >\n\t\t\t\t\t\t\t\t\t\n\t\t\t\n\n\t\t<\/div>\n\n\t\t\n\n\t\t<div class=\"section-content relative\">\n\t\t\t\n<div class=\"row\"  id=\"row-312213375\">\n\n\t<div id=\"col-676843906\" class=\"col small-12 large-12\"  >\n\t\t\t\t<div class=\"col-inner\"  >\n\t\t\t\n\t\t\t\n<div class=\"container section-title-container\" ><h1 class=\"section-title section-title-normal\"><b aria-hidden=\"true\"><\/b><span class=\"section-title-main\" >Machen Sie eine R\u00fccksendung<\/span><b aria-hidden=\"true\"><\/b><\/h1><\/div>\n<h3 style=\"text-align: left;\">Bevor Sie das RETURN-Antragsformular ausf\u00fcllen, erinnern wir Sie daran:<\/h3>\n<p><strong>Pelletterie D&amp;D<\/strong>\u00a0gew\u00e4hrt das Widerrufsrecht vom Kauf\u00a0<strong>innerhalb von und nicht sp\u00e4ter als 14\u00a0Tagen<\/strong>\u00a0ab Lieferdatum. Nach der Kunst. 52 Widerrufsrecht \u2013 Referenz zur Gesetzgebung <em>(Gesetzesdekret 206\/2005)<\/em>.<\/p>\n<p class=\"p2\"><strong><span class=\"s1\">Nicht vom Widerrufsrecht betroffen sind:<\/span><\/strong><\/p>\n<ul>\n<li class=\"p2\"><span class=\"s1\">Kundenspezifische Produkte oder Produkte, die f\u00fcr den B2B-Verkauf erworben wurden.<\/span><\/li>\n<li class=\"p2\"><span class=\"s1\">Alle Produkte ohne Etikett oder mit entferntem, gebrauchtem oder unvollst\u00e4ndigem Etikett usw.<\/span><\/li>\n<li>Fehlen wesentlicher Elemente des Produkts (Zubeh\u00f6r, Schultergurt, Griffe, Anh\u00e4nger, entsprechende Garantie usw.)<\/li>\n<li>Sch\u00e4den am Produkt aus anderen Gr\u00fcnden als dem Transport.<\/li>\n<li>Der Gegenstand muss sp\u00e4testens innerhalb von 15 Werktagen in der Zentrale eintreffen, bei l\u00e4ngerer Zeit verf\u00e4llt die R\u00fccksendung<\/li>\n<li class=\"p2\"><span class=\"s1\">Die Verpackung der Ware muss mit dem Originalkarton erfolgen, um zu verhindern, dass die Ware besch\u00e4digt ihren Bestimmungsort erreicht.<br \/>\n<\/span>Sollte die Originalverpackung unbrauchbar sein, kann der Kunde eine in Gr\u00f6\u00dfe und St\u00e4rke gleichwertige Verpackung verwenden.<\/li>\n<\/ul>\n<p><a href=\"https:\/\/pelletterieded.com\/de\/verkaufsbedingungen\/\" target=\"_blank\" rel=\"noopener\">Lesen Sie HIER alle Verkaufsbedingungen<\/a><\/p>\n<h3 style=\"text-align: center;\">Wenn Sie die oben angegebenen Bedingungen erf\u00fcllen, k\u00f6nnen Sie mit dem Ausf\u00fcllen aller Felder des Formulars fortfahren, um den Bestellr\u00fcckgabevorgang zu starten. Wir werden Sie benachrichtigen, sobald die Anfrage bearbeitet wurde.<\/h3>\n\t<div id=\"gap-353495006\" class=\"gap-element clearfix\" style=\"display:block; height:auto;\">\n\t\t\n<style>\n#gap-353495006 {\n  padding-top: 10px;\n}\n<\/style>\n\t<\/div>\n\t\n\n<div class=\"wpcf7 no-js\" id=\"wpcf7-f108851-o1\" lang=\"it-IT\" dir=\"ltr\" data-wpcf7-id=\"108851\">\n<div class=\"screen-reader-response\"><p role=\"status\" aria-live=\"polite\" aria-atomic=\"true\"><\/p> <ul><\/ul><\/div>\n<form action=\"\/de\/wp-json\/wp\/v2\/pages\/180079#wpcf7-f108851-o1\" method=\"post\" class=\"wpcf7-form init\" aria-label=\"Modulo di contatto\" enctype=\"multipart\/form-data\" novalidate=\"novalidate\" data-status=\"init\">\n<fieldset class=\"hidden-fields-container\"><input type=\"hidden\" name=\"_wpcf7\" value=\"108851\" \/><input type=\"hidden\" name=\"_wpcf7_version\" value=\"6.1.5\" \/><input type=\"hidden\" name=\"_wpcf7_locale\" value=\"it_IT\" \/><input type=\"hidden\" name=\"_wpcf7_unit_tag\" value=\"wpcf7-f108851-o1\" \/><input type=\"hidden\" name=\"_wpcf7_container_post\" value=\"0\" \/><input type=\"hidden\" name=\"_wpcf7_posted_data_hash\" value=\"\" \/><input type=\"hidden\" name=\"_wpcf7_recaptcha_response\" value=\"\" \/>\n<\/fieldset>\n<p><label> Bestellnummer<br \/>\n<span class=\"wpcf7-form-control-wrap\" data-name=\"ordine\"><input size=\"40\" maxlength=\"400\" class=\"wpcf7-form-control wpcf7-text wpcf7-validates-as-required\" aria-required=\"true\" aria-invalid=\"false\" value=\"\" type=\"text\" name=\"ordine\" \/><\/span> <\/label>\n<\/p>\n<p><label> Ihre E-Mail-Adresse (erforderlich)<br \/>\n<span class=\"wpcf7-form-control-wrap\" data-name=\"your-email\"><input size=\"40\" maxlength=\"400\" class=\"wpcf7-form-control wpcf7-email wpcf7-validates-as-required wpcf7-text wpcf7-validates-as-email\" aria-required=\"true\" aria-invalid=\"false\" value=\"\" type=\"email\" name=\"your-email\" \/><\/span> <\/label>\n<\/p>\n<p><label> Dein Telefon<br \/>\n<span class=\"wpcf7-form-control-wrap\" data-name=\"tel-111\"><input size=\"40\" maxlength=\"400\" class=\"wpcf7-form-control wpcf7-tel wpcf7-text wpcf7-validates-as-tel\" aria-invalid=\"false\" value=\"\" type=\"tel\" name=\"tel-111\" \/><\/span> <\/label>\n<\/p>\n<p><label>Grund der R\u00fcckkehr<br \/>\n<span class=\"wpcf7-form-control-wrap\" data-name=\"textarea-152\"><textarea cols=\"40\" rows=\"10\" maxlength=\"2000\" class=\"wpcf7-form-control wpcf7-textarea wpcf7-validates-as-required\" aria-required=\"true\" aria-invalid=\"false\" name=\"textarea-152\"><\/textarea><\/span><\/label>\n<\/p>\n<p><span class=\"wpcf7-form-control-wrap\" data-name=\"Allgato\"><input size=\"40\" class=\"wpcf7-form-control wpcf7-file\" accept=\"audio\/*,video\/*,image\/*\" aria-invalid=\"false\" type=\"file\" name=\"Allgato\" \/><\/span>\n<\/p>\n<p><span class=\"wpcf7-form-control-wrap\" data-name=\"Accetto\"><span class=\"wpcf7-form-control wpcf7-acceptance\"><span class=\"wpcf7-list-item\"><label><input type=\"checkbox\" name=\"Accetto\" value=\"1\" aria-invalid=\"false\" \/><span class=\"wpcf7-list-item-label\">Ich habe alle <a href=\"https:\/\/pelletterieded.com\/de\/verkaufsbedingungen\/\" target=\"_blank\">Nutzungsbedingungen<\/a> gelesen und akzeptiere sie<\/span><\/label><\/span><\/span><\/span>\n<\/p>\n<p><input class=\"wpcf7-form-control wpcf7-submit has-spinner\" type=\"submit\" value=\"Invia\" \/>\n<\/p><div class=\"wpcf7-response-output\" aria-hidden=\"true\"><\/div>\n<\/form>\n<\/div>\n\n\t\t<\/div>\n\t\t\t\t\t<\/div>\n\n\t\n<\/div>\n\t\t<\/div>\n\n\t\t\n<style>\n#section_1167407249 {\n  padding-top: 30px;\n  padding-bottom: 30px;\n}\n<\/style>\n\t<\/section>\n\t\n","protected":false},"excerpt":{"rendered":"","protected":false},"author":275,"featured_media":0,"parent":0,"menu_order":0,"comment_status":"closed","ping_status":"closed","template":"","meta":{"footnotes":""},"class_list":["post-180079","page","type-page","status-publish","hentry"],"yoast_head":"<!-- This site is optimized with the Yoast SEO plugin v27.5 - https:\/\/yoast.com\/product\/yoast-seo-wordpress\/ -->\n<title>Machen Sie eine R\u00fccksendung - Pelletterie D&amp;D<\/title>\n<meta name=\"robots\" content=\"noindex, nofollow\" \/>\n<meta property=\"og:locale\" content=\"de_DE\" \/>\n<meta property=\"og:type\" content=\"article\" \/>\n<meta property=\"og:title\" content=\"Machen Sie eine R\u00fccksendung - Pelletterie D&amp;D\" \/>\n<meta property=\"og:url\" content=\"https:\/\/pelletterieded.com\/de\/machen-sie-eine-ruecksendung\/\" \/>\n<meta property=\"og:site_name\" content=\"Pelletterie D&amp;D\" \/>\n<meta property=\"article:publisher\" content=\"https:\/\/www.facebook.com\/dedpelletterie\" \/>\n<meta property=\"article:modified_time\" content=\"2023-03-24T15:00:55+00:00\" \/>\n<meta name=\"twitter:card\" content=\"summary_large_image\" \/>\n<meta name=\"twitter:label1\" content=\"Gesch\u00e4tzte Lesezeit\" \/>\n\t<meta name=\"twitter:data1\" content=\"1\u00a0Minute\" \/>\n<script type=\"application\/ld+json\" class=\"yoast-schema-graph\">{\"@context\":\"https:\\\/\\\/schema.org\",\"@graph\":[{\"@type\":\"WebPage\",\"@id\":\"https:\\\/\\\/pelletterieded.com\\\/de\\\/machen-sie-eine-ruecksendung\\\/\",\"url\":\"https:\\\/\\\/pelletterieded.com\\\/de\\\/machen-sie-eine-ruecksendung\\\/\",\"name\":\"Machen Sie eine R\u00fccksendung - Pelletterie D&amp;D\",\"isPartOf\":{\"@id\":\"https:\\\/\\\/pelletterieded.com\\\/de\\\/#website\"},\"datePublished\":\"2023-01-31T09:15:35+00:00\",\"dateModified\":\"2023-03-24T15:00:55+00:00\",\"breadcrumb\":{\"@id\":\"https:\\\/\\\/pelletterieded.com\\\/de\\\/machen-sie-eine-ruecksendung\\\/#breadcrumb\"},\"inLanguage\":\"de\",\"potentialAction\":[{\"@type\":\"ReadAction\",\"target\":[\"https:\\\/\\\/pelletterieded.com\\\/de\\\/machen-sie-eine-ruecksendung\\\/\"]}]},{\"@type\":\"BreadcrumbList\",\"@id\":\"https:\\\/\\\/pelletterieded.com\\\/de\\\/machen-sie-eine-ruecksendung\\\/#breadcrumb\",\"itemListElement\":[{\"@type\":\"ListItem\",\"position\":1,\"name\":\"Pelletterie D&amp;D\",\"item\":\"https:\\\/\\\/pelletterieded.com\\\/de\\\/\"},{\"@type\":\"ListItem\",\"position\":2,\"name\":\"Machen Sie eine R\u00fccksendung\"}]},{\"@type\":\"WebSite\",\"@id\":\"https:\\\/\\\/pelletterieded.com\\\/de\\\/#website\",\"url\":\"https:\\\/\\\/pelletterieded.com\\\/de\\\/\",\"name\":\"Pelletterie D&D\",\"description\":\"Pelletteria artigianale toscana specializzata in borse in pelle Made in Italy, borse da medico, donna, uomo e viaggio in pelle conciata al vegetale.\",\"publisher\":{\"@id\":\"https:\\\/\\\/pelletterieded.com\\\/de\\\/#organization\"},\"potentialAction\":[{\"@type\":\"SearchAction\",\"target\":{\"@type\":\"EntryPoint\",\"urlTemplate\":\"https:\\\/\\\/pelletterieded.com\\\/de\\\/?s={search_term_string}\"},\"query-input\":{\"@type\":\"PropertyValueSpecification\",\"valueRequired\":true,\"valueName\":\"search_term_string\"}}],\"inLanguage\":\"de\"},{\"@type\":\"Organization\",\"@id\":\"https:\\\/\\\/pelletterieded.com\\\/de\\\/#organization\",\"name\":\"Pelletterie D&D\",\"alternateName\":\"D&D Pelletterie\",\"url\":\"https:\\\/\\\/pelletterieded.com\\\/de\\\/\",\"logo\":{\"@type\":\"ImageObject\",\"inLanguage\":\"de\",\"@id\":\"https:\\\/\\\/pelletterieded.com\\\/de\\\/#\\\/schema\\\/logo\\\/image\\\/\",\"url\":\"https:\\\/\\\/pelletterieded.com\\\/wp-content\\\/uploads\\\/2019\\\/07\\\/logo-pelletterie-ded-mail.webp\",\"contentUrl\":\"https:\\\/\\\/pelletterieded.com\\\/wp-content\\\/uploads\\\/2019\\\/07\\\/logo-pelletterie-ded-mail.webp\",\"width\":185,\"height\":200,\"caption\":\"Pelletterie D&D\"},\"image\":{\"@id\":\"https:\\\/\\\/pelletterieded.com\\\/de\\\/#\\\/schema\\\/logo\\\/image\\\/\"},\"sameAs\":[\"https:\\\/\\\/www.facebook.com\\\/dedpelletterie\",\"https:\\\/\\\/www.instagram.com\\\/pelletterieded\\\/\"]}]}<\/script>\n<!-- \/ Yoast SEO plugin. -->","yoast_head_json":{"title":"Machen Sie eine R\u00fccksendung - Pelletterie D&amp;D","robots":{"index":"noindex","follow":"nofollow"},"og_locale":"de_DE","og_type":"article","og_title":"Machen Sie eine R\u00fccksendung - Pelletterie D&amp;D","og_url":"https:\/\/pelletterieded.com\/de\/machen-sie-eine-ruecksendung\/","og_site_name":"Pelletterie D&amp;D","article_publisher":"https:\/\/www.facebook.com\/dedpelletterie","article_modified_time":"2023-03-24T15:00:55+00:00","twitter_card":"summary_large_image","twitter_misc":{"Gesch\u00e4tzte Lesezeit":"1\u00a0Minute"},"schema":{"@context":"https:\/\/schema.org","@graph":[{"@type":"WebPage","@id":"https:\/\/pelletterieded.com\/de\/machen-sie-eine-ruecksendung\/","url":"https:\/\/pelletterieded.com\/de\/machen-sie-eine-ruecksendung\/","name":"Machen Sie eine R\u00fccksendung - Pelletterie D&amp;D","isPartOf":{"@id":"https:\/\/pelletterieded.com\/de\/#website"},"datePublished":"2023-01-31T09:15:35+00:00","dateModified":"2023-03-24T15:00:55+00:00","breadcrumb":{"@id":"https:\/\/pelletterieded.com\/de\/machen-sie-eine-ruecksendung\/#breadcrumb"},"inLanguage":"de","potentialAction":[{"@type":"ReadAction","target":["https:\/\/pelletterieded.com\/de\/machen-sie-eine-ruecksendung\/"]}]},{"@type":"BreadcrumbList","@id":"https:\/\/pelletterieded.com\/de\/machen-sie-eine-ruecksendung\/#breadcrumb","itemListElement":[{"@type":"ListItem","position":1,"name":"Pelletterie D&amp;D","item":"https:\/\/pelletterieded.com\/de\/"},{"@type":"ListItem","position":2,"name":"Machen Sie eine R\u00fccksendung"}]},{"@type":"WebSite","@id":"https:\/\/pelletterieded.com\/de\/#website","url":"https:\/\/pelletterieded.com\/de\/","name":"Pelletterie D&D","description":"Pelletteria artigianale toscana specializzata in borse in pelle Made in Italy, borse da medico, donna, uomo e viaggio in pelle conciata al vegetale.","publisher":{"@id":"https:\/\/pelletterieded.com\/de\/#organization"},"potentialAction":[{"@type":"SearchAction","target":{"@type":"EntryPoint","urlTemplate":"https:\/\/pelletterieded.com\/de\/?s={search_term_string}"},"query-input":{"@type":"PropertyValueSpecification","valueRequired":true,"valueName":"search_term_string"}}],"inLanguage":"de"},{"@type":"Organization","@id":"https:\/\/pelletterieded.com\/de\/#organization","name":"Pelletterie D&D","alternateName":"D&D Pelletterie","url":"https:\/\/pelletterieded.com\/de\/","logo":{"@type":"ImageObject","inLanguage":"de","@id":"https:\/\/pelletterieded.com\/de\/#\/schema\/logo\/image\/","url":"https:\/\/pelletterieded.com\/wp-content\/uploads\/2019\/07\/logo-pelletterie-ded-mail.webp","contentUrl":"https:\/\/pelletterieded.com\/wp-content\/uploads\/2019\/07\/logo-pelletterie-ded-mail.webp","width":185,"height":200,"caption":"Pelletterie D&D"},"image":{"@id":"https:\/\/pelletterieded.com\/de\/#\/schema\/logo\/image\/"},"sameAs":["https:\/\/www.facebook.com\/dedpelletterie","https:\/\/www.instagram.com\/pelletterieded\/"]}]}},"_hostinger_reach_plugin_has_subscription_block":false,"_hostinger_reach_plugin_is_elementor":false,"_links":{"self":[{"href":"https:\/\/pelletterieded.com\/de\/wp-json\/wp\/v2\/pages\/180079","targetHints":{"allow":["GET"]}}],"collection":[{"href":"https:\/\/pelletterieded.com\/de\/wp-json\/wp\/v2\/pages"}],"about":[{"href":"https:\/\/pelletterieded.com\/de\/wp-json\/wp\/v2\/types\/page"}],"author":[{"embeddable":true,"href":"https:\/\/pelletterieded.com\/de\/wp-json\/wp\/v2\/users\/275"}],"replies":[{"embeddable":true,"href":"https:\/\/pelletterieded.com\/de\/wp-json\/wp\/v2\/comments?post=180079"}],"version-history":[{"count":0,"href":"https:\/\/pelletterieded.com\/de\/wp-json\/wp\/v2\/pages\/180079\/revisions"}],"wp:attachment":[{"href":"https:\/\/pelletterieded.com\/de\/wp-json\/wp\/v2\/media?parent=180079"}],"curies":[{"name":"wp","href":"https:\/\/api.w.org\/{rel}","templated":true}]}}