{"id":134026,"date":"2021-04-06T15:52:33","date_gmt":"2021-04-06T13:52:33","guid":{"rendered":"http:\/\/pelletterieded.com\/welche-zahlungsmethoden-gibt-es\/"},"modified":"2021-04-06T15:54:18","modified_gmt":"2021-04-06T13:54:18","slug":"welche-zahlungsmethoden-gibt-es","status":"publish","type":"page","link":"https:\/\/pelletterieded.com\/de\/welche-zahlungsmethoden-gibt-es\/","title":{"rendered":"Welche Zahlungsmethoden gibt es?"},"content":{"rendered":"<p>K\u00e4ufe, die auf der Website Pelletterie D&amp;D get\u00e4tigt werden, k\u00f6nnen per Kreditkarte, PayPal, Nachnahme und Bank\u00fcberweisung bezahlt werden.<\/p>\n<p>Jeder Kauf erfolgt in maximaler Sicherheit dank der Verwendung der fortschrittlichsten technologischen Systeme im Bereich des E-Commerce und mit Verschl\u00fcsselungssystemen (SSL), um Ihre pers\u00f6nlichen Daten und Kreditkarteninformationen vor unbefugtem Zugriff zu sch\u00fctzen.<\/p>\n<p>Tats\u00e4chlich werden die Kreditkartendaten w\u00e4hrend des Bestellvorgangs an PayPal gesendet und sind durch die verschl\u00fcsselte \u00dcbertragung der SSL-Daten (&#8222;Secure Socket Layer&#8220;) vor unbefugtem Zugriff gesch\u00fctzt. Diese Daten sind f\u00fcr Dritte nicht zug\u00e4nglich. Sobald Sie Ihre Bestellung abgeschlossen haben, erhalten Sie eine Best\u00e4tigungs-E-Mail mit Ihrer Bestellnummer und einer Zusammenfassung der Einzelheiten Ihres Kaufs. Denken Sie daran, dass Sie den Status Ihrer Bestellung jederzeit im entsprechenden Abschnitt Ihres Profils \u00fcberpr\u00fcfen k\u00f6nnen. <\/p>\n","protected":false},"excerpt":{"rendered":"<p>K\u00e4ufe, die auf der Website Pelletterie D&amp;D get\u00e4tigt werden, k\u00f6nnen per Kreditkarte, PayPal, Nachnahme und Bank\u00fcberweisung bezahlt werden. Jeder Kauf erfolgt in maximaler Sicherheit dank der Verwendung der fortschrittlichsten technologischen Systeme im Bereich des E-Commerce und mit Verschl\u00fcsselungssystemen (SSL), um Ihre pers\u00f6nlichen Daten und Kreditkarteninformationen vor unbefugtem Zugriff zu sch\u00fctzen. Tats\u00e4chlich werden die Kreditkartendaten w\u00e4hrend [&#8230;]\n","protected":false},"author":275,"featured_media":0,"parent":0,"menu_order":0,"comment_status":"closed","ping_status":"closed","template":"page-blank-title-center.php","meta":{"footnotes":""},"class_list":["post-134026","page","type-page","status-publish","hentry"],"yoast_head":"<!-- This site is optimized with the Yoast SEO plugin v27.4 - https:\/\/yoast.com\/product\/yoast-seo-wordpress\/ -->\n<title>Welche Zahlungsmethoden gibt es? - Pelletterie D&amp;D<\/title>\n<meta name=\"robots\" content=\"noindex, nofollow\" \/>\n<meta property=\"og:locale\" content=\"de_DE\" \/>\n<meta property=\"og:type\" content=\"article\" \/>\n<meta property=\"og:title\" content=\"Welche Zahlungsmethoden gibt es? - Pelletterie D&amp;D\" \/>\n<meta property=\"og:description\" content=\"K\u00e4ufe, die auf der Website Pelletterie D&amp;D get\u00e4tigt werden, k\u00f6nnen per Kreditkarte, PayPal, Nachnahme und Bank\u00fcberweisung bezahlt werden. Jeder Kauf erfolgt in maximaler Sicherheit dank der Verwendung der fortschrittlichsten technologischen Systeme im Bereich des E-Commerce und mit Verschl\u00fcsselungssystemen (SSL), um Ihre pers\u00f6nlichen Daten und Kreditkarteninformationen vor unbefugtem Zugriff zu sch\u00fctzen. Tats\u00e4chlich werden die Kreditkartendaten w\u00e4hrend [...]\" \/>\n<meta property=\"og:url\" content=\"https:\/\/pelletterieded.com\/de\/welche-zahlungsmethoden-gibt-es\/\" \/>\n<meta property=\"og:site_name\" content=\"Pelletterie D&amp;D\" \/>\n<meta property=\"article:publisher\" content=\"https:\/\/www.facebook.com\/dedpelletterie\" \/>\n<meta property=\"article:modified_time\" content=\"2021-04-06T13:54:18+00:00\" \/>\n<meta name=\"twitter:card\" content=\"summary_large_image\" \/>\n<meta name=\"twitter:label1\" content=\"Gesch\u00e4tzte Lesezeit\" \/>\n\t<meta name=\"twitter:data1\" content=\"1\u00a0Minute\" \/>\n<script type=\"application\/ld+json\" class=\"yoast-schema-graph\">{\"@context\":\"https:\\\/\\\/schema.org\",\"@graph\":[{\"@type\":\"WebPage\",\"@id\":\"https:\\\/\\\/pelletterieded.com\\\/de\\\/welche-zahlungsmethoden-gibt-es\\\/\",\"url\":\"https:\\\/\\\/pelletterieded.com\\\/de\\\/welche-zahlungsmethoden-gibt-es\\\/\",\"name\":\"Welche Zahlungsmethoden gibt es? - Pelletterie D&amp;D\",\"isPartOf\":{\"@id\":\"https:\\\/\\\/pelletterieded.com\\\/de\\\/#website\"},\"datePublished\":\"2021-04-06T13:52:33+00:00\",\"dateModified\":\"2021-04-06T13:54:18+00:00\",\"breadcrumb\":{\"@id\":\"https:\\\/\\\/pelletterieded.com\\\/de\\\/welche-zahlungsmethoden-gibt-es\\\/#breadcrumb\"},\"inLanguage\":\"de\",\"potentialAction\":[{\"@type\":\"ReadAction\",\"target\":[\"https:\\\/\\\/pelletterieded.com\\\/de\\\/welche-zahlungsmethoden-gibt-es\\\/\"]}]},{\"@type\":\"BreadcrumbList\",\"@id\":\"https:\\\/\\\/pelletterieded.com\\\/de\\\/welche-zahlungsmethoden-gibt-es\\\/#breadcrumb\",\"itemListElement\":[{\"@type\":\"ListItem\",\"position\":1,\"name\":\"Pelletterie D&amp;D\",\"item\":\"https:\\\/\\\/pelletterieded.com\\\/de\\\/\"},{\"@type\":\"ListItem\",\"position\":2,\"name\":\"Welche Zahlungsmethoden gibt es?\"}]},{\"@type\":\"WebSite\",\"@id\":\"https:\\\/\\\/pelletterieded.com\\\/de\\\/#website\",\"url\":\"https:\\\/\\\/pelletterieded.com\\\/de\\\/\",\"name\":\"Pelletterie D&D\",\"description\":\"Outlet online di moda N\u00ba1 in Italia\",\"publisher\":{\"@id\":\"https:\\\/\\\/pelletterieded.com\\\/de\\\/#organization\"},\"potentialAction\":[{\"@type\":\"SearchAction\",\"target\":{\"@type\":\"EntryPoint\",\"urlTemplate\":\"https:\\\/\\\/pelletterieded.com\\\/de\\\/?s={search_term_string}\"},\"query-input\":{\"@type\":\"PropertyValueSpecification\",\"valueRequired\":true,\"valueName\":\"search_term_string\"}}],\"inLanguage\":\"de\"},{\"@type\":\"Organization\",\"@id\":\"https:\\\/\\\/pelletterieded.com\\\/de\\\/#organization\",\"name\":\"Pelletterie D&D\",\"url\":\"https:\\\/\\\/pelletterieded.com\\\/de\\\/\",\"logo\":{\"@type\":\"ImageObject\",\"inLanguage\":\"de\",\"@id\":\"https:\\\/\\\/pelletterieded.com\\\/de\\\/#\\\/schema\\\/logo\\\/image\\\/\",\"url\":\"https:\\\/\\\/pelletterieded.com\\\/wp-content\\\/uploads\\\/2019\\\/07\\\/logo-pelletterie-ded-mail.webp\",\"contentUrl\":\"https:\\\/\\\/pelletterieded.com\\\/wp-content\\\/uploads\\\/2019\\\/07\\\/logo-pelletterie-ded-mail.webp\",\"width\":185,\"height\":200,\"caption\":\"Pelletterie D&D\"},\"image\":{\"@id\":\"https:\\\/\\\/pelletterieded.com\\\/de\\\/#\\\/schema\\\/logo\\\/image\\\/\"},\"sameAs\":[\"https:\\\/\\\/www.facebook.com\\\/dedpelletterie\",\"https:\\\/\\\/www.instagram.com\\\/pelletterieded\\\/\"]}]}<\/script>\n<!-- \/ Yoast SEO plugin. -->","yoast_head_json":{"title":"Welche Zahlungsmethoden gibt es? - Pelletterie D&amp;D","robots":{"index":"noindex","follow":"nofollow"},"og_locale":"de_DE","og_type":"article","og_title":"Welche Zahlungsmethoden gibt es? - Pelletterie D&amp;D","og_description":"K\u00e4ufe, die auf der Website Pelletterie D&amp;D get\u00e4tigt werden, k\u00f6nnen per Kreditkarte, PayPal, Nachnahme und Bank\u00fcberweisung bezahlt werden. Jeder Kauf erfolgt in maximaler Sicherheit dank der Verwendung der fortschrittlichsten technologischen Systeme im Bereich des E-Commerce und mit Verschl\u00fcsselungssystemen (SSL), um Ihre pers\u00f6nlichen Daten und Kreditkarteninformationen vor unbefugtem Zugriff zu sch\u00fctzen. Tats\u00e4chlich werden die Kreditkartendaten w\u00e4hrend [...]","og_url":"https:\/\/pelletterieded.com\/de\/welche-zahlungsmethoden-gibt-es\/","og_site_name":"Pelletterie D&amp;D","article_publisher":"https:\/\/www.facebook.com\/dedpelletterie","article_modified_time":"2021-04-06T13:54:18+00:00","twitter_card":"summary_large_image","twitter_misc":{"Gesch\u00e4tzte Lesezeit":"1\u00a0Minute"},"schema":{"@context":"https:\/\/schema.org","@graph":[{"@type":"WebPage","@id":"https:\/\/pelletterieded.com\/de\/welche-zahlungsmethoden-gibt-es\/","url":"https:\/\/pelletterieded.com\/de\/welche-zahlungsmethoden-gibt-es\/","name":"Welche Zahlungsmethoden gibt es? - Pelletterie D&amp;D","isPartOf":{"@id":"https:\/\/pelletterieded.com\/de\/#website"},"datePublished":"2021-04-06T13:52:33+00:00","dateModified":"2021-04-06T13:54:18+00:00","breadcrumb":{"@id":"https:\/\/pelletterieded.com\/de\/welche-zahlungsmethoden-gibt-es\/#breadcrumb"},"inLanguage":"de","potentialAction":[{"@type":"ReadAction","target":["https:\/\/pelletterieded.com\/de\/welche-zahlungsmethoden-gibt-es\/"]}]},{"@type":"BreadcrumbList","@id":"https:\/\/pelletterieded.com\/de\/welche-zahlungsmethoden-gibt-es\/#breadcrumb","itemListElement":[{"@type":"ListItem","position":1,"name":"Pelletterie D&amp;D","item":"https:\/\/pelletterieded.com\/de\/"},{"@type":"ListItem","position":2,"name":"Welche Zahlungsmethoden gibt es?"}]},{"@type":"WebSite","@id":"https:\/\/pelletterieded.com\/de\/#website","url":"https:\/\/pelletterieded.com\/de\/","name":"Pelletterie D&D","description":"Outlet online di moda N\u00ba1 in Italia","publisher":{"@id":"https:\/\/pelletterieded.com\/de\/#organization"},"potentialAction":[{"@type":"SearchAction","target":{"@type":"EntryPoint","urlTemplate":"https:\/\/pelletterieded.com\/de\/?s={search_term_string}"},"query-input":{"@type":"PropertyValueSpecification","valueRequired":true,"valueName":"search_term_string"}}],"inLanguage":"de"},{"@type":"Organization","@id":"https:\/\/pelletterieded.com\/de\/#organization","name":"Pelletterie D&D","url":"https:\/\/pelletterieded.com\/de\/","logo":{"@type":"ImageObject","inLanguage":"de","@id":"https:\/\/pelletterieded.com\/de\/#\/schema\/logo\/image\/","url":"https:\/\/pelletterieded.com\/wp-content\/uploads\/2019\/07\/logo-pelletterie-ded-mail.webp","contentUrl":"https:\/\/pelletterieded.com\/wp-content\/uploads\/2019\/07\/logo-pelletterie-ded-mail.webp","width":185,"height":200,"caption":"Pelletterie D&D"},"image":{"@id":"https:\/\/pelletterieded.com\/de\/#\/schema\/logo\/image\/"},"sameAs":["https:\/\/www.facebook.com\/dedpelletterie","https:\/\/www.instagram.com\/pelletterieded\/"]}]}},"_hostinger_reach_plugin_has_subscription_block":false,"_hostinger_reach_plugin_is_elementor":false,"_links":{"self":[{"href":"https:\/\/pelletterieded.com\/de\/wp-json\/wp\/v2\/pages\/134026","targetHints":{"allow":["GET"]}}],"collection":[{"href":"https:\/\/pelletterieded.com\/de\/wp-json\/wp\/v2\/pages"}],"about":[{"href":"https:\/\/pelletterieded.com\/de\/wp-json\/wp\/v2\/types\/page"}],"author":[{"embeddable":true,"href":"https:\/\/pelletterieded.com\/de\/wp-json\/wp\/v2\/users\/275"}],"replies":[{"embeddable":true,"href":"https:\/\/pelletterieded.com\/de\/wp-json\/wp\/v2\/comments?post=134026"}],"version-history":[{"count":0,"href":"https:\/\/pelletterieded.com\/de\/wp-json\/wp\/v2\/pages\/134026\/revisions"}],"wp:attachment":[{"href":"https:\/\/pelletterieded.com\/de\/wp-json\/wp\/v2\/media?parent=134026"}],"curies":[{"name":"wp","href":"https:\/\/api.w.org\/{rel}","templated":true}]}}