{"id":131927,"date":"2021-03-08T16:37:16","date_gmt":"2021-03-08T15:37:16","guid":{"rendered":"http:\/\/pelletterieded.com\/tempi-di-spedizioni\/"},"modified":"2025-01-02T17:01:28","modified_gmt":"2025-01-02T16:01:28","slug":"tempi-di-spedizioni","status":"publish","type":"page","link":"https:\/\/pelletterieded.com\/de\/tempi-di-spedizioni\/","title":{"rendered":"Tempi di spedizioni"},"content":{"rendered":"<div class=\"row\"  id=\"row-651288096\">\n\n\t<div id=\"col-1828478220\" class=\"col small-12 large-12\"  >\n\t\t\t\t<div class=\"col-inner\"  >\n\t\t\t\n\t\t\t\n<div class=\"message-box relative dark\" style=\"padding-top:15px;padding-bottom:15px;\"><div class=\"message-box-bg-image bg-fill fill\" ><\/div><div class=\"message-box-bg-overlay bg-fill fill\" ><\/div><div class=\"container relative\"><div class=\"inner last-reset\">\n<div class=\"row align-middle align-center\"  id=\"row-2002160205\">\n\n\t<div id=\"col-1310756463\" class=\"col small-12 large-12\"  >\n\t\t\t\t<div class=\"col-inner text-center\"  >\n\t\t\t\n\t\t\t\n\t<div id=\"text-3411217587\" class=\"text\">\n\t\t\n<div><\/div>\n<div>\n<div><strong>Livraison GRATUITE en Italie pour les commandes \u00e0 partir de 80\u00a0\u20ac. <\/strong><\/div>\n<div>Pendant les vacances de No\u00ebl nous ne pouvons garantir une livraison en 24\/48 heures. Nous vous remercions de votre compr\u00e9hension, nous nous effor\u00e7ons de vous livrer vos achats le plus rapidement possible !<\/div>\n<div><\/div>\n<\/div>\n\t\t\n<style>\n#text-3411217587 {\n  text-align: center;\n}\n<\/style>\n\t<\/div>\n\t\n\t\t<\/div>\n\t\t\t\t\t<\/div>\n\n\t\n<\/div>\n<\/div><\/div><\/div>\n\t\t<\/div>\n\t\t\t\t\n<style>\n#col-1828478220 > .col-inner {\n  margin: 20px 0px 0px 0px;\n}\n<\/style>\n\t<\/div>\n\n\t\n\n\t<div id=\"col-1176297246\" class=\"col small-12 large-12\"  >\n\t\t\t\t<div class=\"col-inner\"  >\n\t\t\t\n\t\t\t\n<div>Pelletterie D&amp;D wird die Bestellung innerhalb von 24 bis 48 Arbeitsstunden nach Eingang bearbeiten.<\/div>\n<div>Sofern die Artikel verf\u00fcgbar sind, werden die Bestellungen, wenn sie bis 12:00 Uhr beim Unternehmen eingehen, am Nachmittag desselben Tages bearbeitet, andernfalls wird die Bestellung am folgenden Werktag bearbeitet.<\/div>\n<div><\/div>\n<div>Bei Zahlung per Bank\u00fcberweisung wird die Bestellung bearbeitet, sobald der Betrag gutgeschrieben ist (dies dauert etwa 3 Werktage); Falls der Kunde den Versand beschleunigen m\u00f6chte, muss er eine Kopie des Bank\u00fcberweisungsbelegs an unsere E-Mail-Adresse (info@pelletterieded.com) senden und dabei den Namen und die Bestellnummer des K\u00e4ufers angeben.<\/div>\n<div><\/div>\n<div>Sendungen nach Italien:<\/div>\n<div><\/div>\n<div>Pelletterie D&amp;D verpflichtet sich, sicherzustellen, dass die Bestellung innerhalb von 2-3 Werktagen nach Auftragsbest\u00e4tigung geliefert wird.<\/div>\n<div>Ab einem Bestellwert von 80 \u20ac ist der Versand kostenlos. Der Kurier ben\u00f6tigt etwa 24 Stunden bzw. 48 Arbeitsstunden, um das Paket auf dem Kofferraum auszuliefern, ein zus\u00e4tzlicher Tag auf den Inseln.<\/div>\n<div><\/div>\n<div>Lieferungen nach Europa:<\/div>\n<div><\/div>\n<div>Sendungen nach Europa kosten je nach Bestimmungsland und Versandart (Standard oder Express) zwischen 12,00 und 35,00 \u20ac.<\/div>\n<div>In diesem Fall ben\u00f6tigt der Kurier beim Standardversand etwa 3\/5 Werktage, um Ihr Paket zuzustellen, beim Expressversand etwa 2 Werktage.<\/div>\n<div><\/div>\n<div>Lieferungen au\u00dferhalb Europas:<\/div>\n<div><\/div>\n<div>Sendungen au\u00dferhalb Europas kosten 40,00 \u20ac f\u00fcr die USA und au\u00dfereurop\u00e4ische L\u00e4nder.<\/div>\n<div>In diesem Fall ben\u00f6tigt der Kurier etwa 5\/10 Werktage, um Ihr Paket zuzustellen.<\/div>\n<div><\/div>\n<div>WICHTIGER HINWEIS: S\u00e4mtliche anfallenden Z\u00f6lle oder Zollsteuern gehen zu Lasten des Kunden, auch im Falle einer R\u00fccksendung.<\/div>\n<div><\/div>\n<div>F\u00fcr den Fall, dass der Kunde die Abholung der Bestellung verweigert, fallen etwaige R\u00fccksendekosten an<\/div>\n<div>wird von der R\u00fcckerstattung abgezogen.<\/div>\n<div>Wir erinnern Sie auch daran, dass gem\u00e4\u00df unserer R\u00fcckgabe- und R\u00fcckerstattungsrichtlinie die<\/div>\n<div>Eine R\u00fcckerstattung f\u00fcr personalisierte Taschen erfolgt nicht<\/div>\n<div><\/div>\n<div>Pelletterie D&amp;D m\u00f6chte unsere Kunden daran erinnern, dass sich die Lieferzeiten in den Tagen rund um die Feiertage verz\u00f6gern k\u00f6nnen und dass Kuriere an Feiertagen und Wochenenden keine Lieferungen durchf\u00fchren.<\/div>\n\t\t<\/div>\n\t\t\t\t\t<\/div>\n\n\t\n<\/div>\n","protected":false},"excerpt":{"rendered":"","protected":false},"author":275,"featured_media":0,"parent":0,"menu_order":0,"comment_status":"closed","ping_status":"closed","template":"page-blank-title-center.php","meta":{"footnotes":""},"class_list":["post-131927","page","type-page","status-publish","hentry"],"yoast_head":"<!-- This site is optimized with the Yoast SEO plugin v27.4 - https:\/\/yoast.com\/product\/yoast-seo-wordpress\/ -->\n<title>Tempi di spedizioni - Pelletterie D&amp;D<\/title>\n<meta name=\"robots\" content=\"noindex, nofollow\" \/>\n<meta property=\"og:locale\" content=\"de_DE\" \/>\n<meta property=\"og:type\" content=\"article\" \/>\n<meta property=\"og:title\" content=\"Tempi di spedizioni - Pelletterie D&amp;D\" \/>\n<meta property=\"og:url\" content=\"https:\/\/pelletterieded.com\/de\/tempi-di-spedizioni\/\" \/>\n<meta property=\"og:site_name\" content=\"Pelletterie D&amp;D\" \/>\n<meta property=\"article:publisher\" content=\"https:\/\/www.facebook.com\/dedpelletterie\" \/>\n<meta property=\"article:modified_time\" content=\"2025-01-02T16:01:28+00:00\" \/>\n<meta name=\"twitter:card\" content=\"summary_large_image\" \/>\n<meta name=\"twitter:label1\" content=\"Gesch\u00e4tzte Lesezeit\" \/>\n\t<meta name=\"twitter:data1\" content=\"2\u00a0Minuten\" \/>\n<script type=\"application\/ld+json\" class=\"yoast-schema-graph\">{\"@context\":\"https:\\\/\\\/schema.org\",\"@graph\":[{\"@type\":\"WebPage\",\"@id\":\"https:\\\/\\\/pelletterieded.com\\\/de\\\/tempi-di-spedizioni\\\/\",\"url\":\"https:\\\/\\\/pelletterieded.com\\\/de\\\/tempi-di-spedizioni\\\/\",\"name\":\"Tempi di spedizioni - Pelletterie D&amp;D\",\"isPartOf\":{\"@id\":\"https:\\\/\\\/pelletterieded.com\\\/de\\\/#website\"},\"datePublished\":\"2021-03-08T15:37:16+00:00\",\"dateModified\":\"2025-01-02T16:01:28+00:00\",\"breadcrumb\":{\"@id\":\"https:\\\/\\\/pelletterieded.com\\\/de\\\/tempi-di-spedizioni\\\/#breadcrumb\"},\"inLanguage\":\"de\",\"potentialAction\":[{\"@type\":\"ReadAction\",\"target\":[\"https:\\\/\\\/pelletterieded.com\\\/de\\\/tempi-di-spedizioni\\\/\"]}]},{\"@type\":\"BreadcrumbList\",\"@id\":\"https:\\\/\\\/pelletterieded.com\\\/de\\\/tempi-di-spedizioni\\\/#breadcrumb\",\"itemListElement\":[{\"@type\":\"ListItem\",\"position\":1,\"name\":\"Pelletterie D&amp;D\",\"item\":\"https:\\\/\\\/pelletterieded.com\\\/de\\\/\"},{\"@type\":\"ListItem\",\"position\":2,\"name\":\"Tempi di spedizioni\"}]},{\"@type\":\"WebSite\",\"@id\":\"https:\\\/\\\/pelletterieded.com\\\/de\\\/#website\",\"url\":\"https:\\\/\\\/pelletterieded.com\\\/de\\\/\",\"name\":\"Pelletterie D&D\",\"description\":\"Outlet online di moda N\u00ba1 in Italia\",\"publisher\":{\"@id\":\"https:\\\/\\\/pelletterieded.com\\\/de\\\/#organization\"},\"potentialAction\":[{\"@type\":\"SearchAction\",\"target\":{\"@type\":\"EntryPoint\",\"urlTemplate\":\"https:\\\/\\\/pelletterieded.com\\\/de\\\/?s={search_term_string}\"},\"query-input\":{\"@type\":\"PropertyValueSpecification\",\"valueRequired\":true,\"valueName\":\"search_term_string\"}}],\"inLanguage\":\"de\"},{\"@type\":\"Organization\",\"@id\":\"https:\\\/\\\/pelletterieded.com\\\/de\\\/#organization\",\"name\":\"Pelletterie D&D\",\"url\":\"https:\\\/\\\/pelletterieded.com\\\/de\\\/\",\"logo\":{\"@type\":\"ImageObject\",\"inLanguage\":\"de\",\"@id\":\"https:\\\/\\\/pelletterieded.com\\\/de\\\/#\\\/schema\\\/logo\\\/image\\\/\",\"url\":\"https:\\\/\\\/pelletterieded.com\\\/wp-content\\\/uploads\\\/2019\\\/07\\\/logo-pelletterie-ded-mail.webp\",\"contentUrl\":\"https:\\\/\\\/pelletterieded.com\\\/wp-content\\\/uploads\\\/2019\\\/07\\\/logo-pelletterie-ded-mail.webp\",\"width\":185,\"height\":200,\"caption\":\"Pelletterie D&D\"},\"image\":{\"@id\":\"https:\\\/\\\/pelletterieded.com\\\/de\\\/#\\\/schema\\\/logo\\\/image\\\/\"},\"sameAs\":[\"https:\\\/\\\/www.facebook.com\\\/dedpelletterie\",\"https:\\\/\\\/www.instagram.com\\\/pelletterieded\\\/\"]}]}<\/script>\n<!-- \/ Yoast SEO plugin. -->","yoast_head_json":{"title":"Tempi di spedizioni - Pelletterie D&amp;D","robots":{"index":"noindex","follow":"nofollow"},"og_locale":"de_DE","og_type":"article","og_title":"Tempi di spedizioni - Pelletterie D&amp;D","og_url":"https:\/\/pelletterieded.com\/de\/tempi-di-spedizioni\/","og_site_name":"Pelletterie D&amp;D","article_publisher":"https:\/\/www.facebook.com\/dedpelletterie","article_modified_time":"2025-01-02T16:01:28+00:00","twitter_card":"summary_large_image","twitter_misc":{"Gesch\u00e4tzte Lesezeit":"2\u00a0Minuten"},"schema":{"@context":"https:\/\/schema.org","@graph":[{"@type":"WebPage","@id":"https:\/\/pelletterieded.com\/de\/tempi-di-spedizioni\/","url":"https:\/\/pelletterieded.com\/de\/tempi-di-spedizioni\/","name":"Tempi di spedizioni - Pelletterie D&amp;D","isPartOf":{"@id":"https:\/\/pelletterieded.com\/de\/#website"},"datePublished":"2021-03-08T15:37:16+00:00","dateModified":"2025-01-02T16:01:28+00:00","breadcrumb":{"@id":"https:\/\/pelletterieded.com\/de\/tempi-di-spedizioni\/#breadcrumb"},"inLanguage":"de","potentialAction":[{"@type":"ReadAction","target":["https:\/\/pelletterieded.com\/de\/tempi-di-spedizioni\/"]}]},{"@type":"BreadcrumbList","@id":"https:\/\/pelletterieded.com\/de\/tempi-di-spedizioni\/#breadcrumb","itemListElement":[{"@type":"ListItem","position":1,"name":"Pelletterie D&amp;D","item":"https:\/\/pelletterieded.com\/de\/"},{"@type":"ListItem","position":2,"name":"Tempi di spedizioni"}]},{"@type":"WebSite","@id":"https:\/\/pelletterieded.com\/de\/#website","url":"https:\/\/pelletterieded.com\/de\/","name":"Pelletterie D&D","description":"Outlet online di moda N\u00ba1 in Italia","publisher":{"@id":"https:\/\/pelletterieded.com\/de\/#organization"},"potentialAction":[{"@type":"SearchAction","target":{"@type":"EntryPoint","urlTemplate":"https:\/\/pelletterieded.com\/de\/?s={search_term_string}"},"query-input":{"@type":"PropertyValueSpecification","valueRequired":true,"valueName":"search_term_string"}}],"inLanguage":"de"},{"@type":"Organization","@id":"https:\/\/pelletterieded.com\/de\/#organization","name":"Pelletterie D&D","url":"https:\/\/pelletterieded.com\/de\/","logo":{"@type":"ImageObject","inLanguage":"de","@id":"https:\/\/pelletterieded.com\/de\/#\/schema\/logo\/image\/","url":"https:\/\/pelletterieded.com\/wp-content\/uploads\/2019\/07\/logo-pelletterie-ded-mail.webp","contentUrl":"https:\/\/pelletterieded.com\/wp-content\/uploads\/2019\/07\/logo-pelletterie-ded-mail.webp","width":185,"height":200,"caption":"Pelletterie D&D"},"image":{"@id":"https:\/\/pelletterieded.com\/de\/#\/schema\/logo\/image\/"},"sameAs":["https:\/\/www.facebook.com\/dedpelletterie","https:\/\/www.instagram.com\/pelletterieded\/"]}]}},"_hostinger_reach_plugin_has_subscription_block":false,"_hostinger_reach_plugin_is_elementor":false,"_links":{"self":[{"href":"https:\/\/pelletterieded.com\/de\/wp-json\/wp\/v2\/pages\/131927","targetHints":{"allow":["GET"]}}],"collection":[{"href":"https:\/\/pelletterieded.com\/de\/wp-json\/wp\/v2\/pages"}],"about":[{"href":"https:\/\/pelletterieded.com\/de\/wp-json\/wp\/v2\/types\/page"}],"author":[{"embeddable":true,"href":"https:\/\/pelletterieded.com\/de\/wp-json\/wp\/v2\/users\/275"}],"replies":[{"embeddable":true,"href":"https:\/\/pelletterieded.com\/de\/wp-json\/wp\/v2\/comments?post=131927"}],"version-history":[{"count":0,"href":"https:\/\/pelletterieded.com\/de\/wp-json\/wp\/v2\/pages\/131927\/revisions"}],"wp:attachment":[{"href":"https:\/\/pelletterieded.com\/de\/wp-json\/wp\/v2\/media?parent=131927"}],"curies":[{"name":"wp","href":"https:\/\/api.w.org\/{rel}","templated":true}]}}